{"id":10986,"date":"2023-01-18T11:16:06","date_gmt":"2023-01-18T11:16:06","guid":{"rendered":"https:\/\/www.kocher-beck.com\/?page_id=10986"},"modified":"2023-05-26T09:50:19","modified_gmt":"2023-05-26T08:50:19","slug":"wasserstofftechnologie-solar-und-batterietechnik","status":"publish","type":"page","link":"https:\/\/www.kocher-beck.com\/de\/wasserstofftechnologie-solar-und-batterietechnik\/","title":{"rendered":"Wasserstofftechnologie \/ Solar -und Batterietechnik"},"content":{"rendered":"<p>[vc_row bg_position=&#8221;center center&#8221; enable_overlay=&#8221;yes&#8221; enable_loading_bg=&#8221;yes&#8221; css=&#8221;.vc_custom_1685091016067{padding-top: 160px !important;padding-bottom: 160px !important;background-image: url(https:\/\/www.kocher-beck.com\/wp-content\/uploads\/2023\/02\/fuel-cell-business-header.jpg?id=11147) !important;background-position: 0 0 !important;background-repeat: no-repeat !important;}&#8221; responsive_css=&#8221;padding_right_large:140px|padding_left_large:140px|padding_right_medium:100px|padding_left_medium:100px&#8221; overlay_bg=&#8221;linear-gradient(90deg, rgb(0, 0, 0) 0%, rgba(172, 29, 225, 0) 100%)&#8221;][vc_column enable_content_animation=&#8221;yes&#8221; ca_init_scale_x=&#8221;1&#8243; ca_init_scale_y=&#8221;1&#8243; ca_init_opacity=&#8221;0&#8243; ca_an_scale_x=&#8221;1&#8243; ca_an_scale_y=&#8221;1&#8243; ca_an_opacity=&#8221;1&#8243; offset=&#8221;vc_col-lg-5 vc_col-md-6&#8243; ca_duration=&#8221;1800&#8243; ca_delay=&#8221;180&#8243; ca_init_translate_y=&#8221;45&#8243; ca_init_rotate_z=&#8221;0&#8243;]<style>.ld_fancy_heading_69dde9c5aeec6 h1{color:rgb(255, 255, 255);}.ld_fancy_heading_69dde9c5aeec6 h1 {font-size:36px; } @media (min-width: 768px) { .ld_fancy_heading_69dde9c5aeec6 h1 {font-size:48px; }  } @media (min-width: 992px) { .ld_fancy_heading_69dde9c5aeec6 h1 {font-size:60px; }  } .ld_fancy_heading_69dde9c5aeec6 .lqd-highlight-inner{height:0.275em!important;bottom:0px!important;}.ld_fancy_heading_69dde9c5aeec6 h1 {font-size:36px; } @media (min-width: 768px) { .ld_fancy_heading_69dde9c5aeec6 h1 {font-size:48px; }  } @media (min-width: 992px) { .ld_fancy_heading_69dde9c5aeec6 h1 {font-size:60px; }  } <\/style><div class=\"ld-fancy-heading text-uppercase standard-hero-heading ld_fancy_heading_69dde9c5aeec6\">\n\t<h1 class=\"ld-fh-element lqd-highlight-underline lqd-highlight-grow-left text-decoration-default lqd-split-lines\"   data-split-text=\"true\" data-split-options='{\"type\":\"lines\"}'>  Wasserstofftechnologie Solar- und Batterietechnik<\/h1><\/div>[\/vc_column][\/vc_row][vc_row css=&#8221;.vc_custom_1633438304312{padding-top: 60px !important;padding-bottom: 60px !important;background-color: #f1f3f5 !important;}&#8221;][vc_column column_top_ontablet=&#8221;yes&#8221; column_top_onmobile=&#8221;yes&#8221; offset=&#8221;vc_col-md-offset-0 vc_col-md-8&#8243; responsive_css=&#8221;margin_bottom_medium:0px&#8221; css=&#8221;.vc_custom_1634634346793{margin-bottom: 35px !important;}&#8221;]<style>.ld_fancy_heading_69dde9c5af0e2 h2{color:rgb(33, 30, 22);}.ld_fancy_heading_69dde9c5af0e2 h2 {font-size:24px; } @media (min-width: 768px) { .ld_fancy_heading_69dde9c5af0e2 h2 {font-size:36px; }  } .ld_fancy_heading_69dde9c5af0e2 h2 {margin-bottom:40px !important;  } .ld_fancy_heading_69dde9c5af0e2 .lqd-highlight-inner{height:0.275em!important;bottom:0px!important;}.ld_fancy_heading_69dde9c5af0e2 h2 {font-size:24px; } @media (min-width: 768px) { .ld_fancy_heading_69dde9c5af0e2 h2 {font-size:36px; }  } .ld_fancy_heading_69dde9c5af0e2 h2 {margin-bottom:40px !important;  } <\/style><div class=\"ld-fancy-heading standard-page-heading ld_fancy_heading_69dde9c5af0e2\">\n\t<h2 class=\"ld-fh-element lqd-highlight-underline lqd-highlight-grow-left text-decoration-default\"   >  Kocher+Beck bietet kreative und innovative Sonderl\u00f6sungen. Diese sind im Detail speziell auf das jeweilige Produkt und die Anforderungen abgestimmt. Think out of the box, think rotary!<\/h2><\/div><style>.ld_fancy_heading_69dde9c5af23a p {margin-bottom:1.5em !important;  } .ld_fancy_heading_69dde9c5af23a .lqd-highlight-inner{height:0.275em!important;bottom:0px!important;}.ld_fancy_heading_69dde9c5af23a p {margin-bottom:1.5em !important;  } <\/style><div class=\"ld-fancy-heading ld_fancy_heading_69dde9c5af23a\">\n\t<p class=\"ld-fh-element lqd-highlight-underline lqd-highlight-grow-left text-decoration-default\"   >  Weltweit werden kundenspezifische L\u00f6sungen aus dem Hause Kocher+Beck f\u00fcr anspruchsvolle Materialien eingesetzt.<br \/>\nSteigern Sie ihre Maschinen-Perfomance und erh\u00f6hen Ihren Output mit Aggregaten die exakt zu ihrer Anwendung entwickelt werden.<\/p>\n<p>Mit Cut&amp;Place Aggregaten k\u00f6nnen Sie Ihr Rollenmaterial in einem kontinuierlichen Prozess separieren, in Form bringen und platzieren.<br \/>\nDurch einen kontinuierlichen Prozess, ohne Stop-and-go betrieb, generieren Sie eine maximale Ausbringung.<\/p>\n<p>Im Bereich der PEM-Brennstoffzellentechnologie (Polymer-Elektrolyt-Membran) lassen sich Kern-Komponenten der MEA (Membran-Elektroden-Einheit) sehr pr\u00e4zise vereinzeln und ablegen.<br \/>\nAuch k\u00f6nnen unterschiedlichste Rollenmaterialien wie z.B. Membranen (CCM), Gasdiffusionsschichten (GDL) oder Sub-Gasket-Folien gestanzt werden. Ausstanzungen f\u00fcr Funktionsfl\u00e4chen oder K\u00fchlkan\u00e4le sind kein Problem. Der Formgebung sind nahezu keine Grenzen gesetzt.<br \/>\nSie m\u00f6chten Sub-Gasket-Folien Laminieren? Auch hierzu hat Kocher+Beck bestimmt eine passende L\u00f6sung f\u00fcr Sie!<\/p>\n<p>Selbstverst\u00e4ndlich lassen sich auch Materialien stanzen, die f\u00fcr Industrieprojekte der Batterie&amp;Energiespeicher ben\u00f6tigt werden.<br \/>\nElektrische-Isolatoren, Separator-Folien oder Ausgleichselemente sind wesentliche Funktionskomponenten in diesem Umfeld.<br \/>\nSelbst bei der flexiblen Solarzellentechnologie k\u00f6nnen Komponenten wie Trennfolien oder Isolatoren etc. verarbeitet werden.<\/p>\n<p>F\u00fcr den rotativen Siebdruck von elektronischen Bauelementen, Solarzellen und Membranen in Brennstoffzellen bietet Kocher+Beck eine gro\u00dfe Auswahl an Siebdruckgeweben aus vernickeltem Edelstahlgewebe an.<\/p>\n<p>Mehr Informationen dazu, finden Sie im Bereich TecSreeen.<\/p>\n<p>Binden Sie uns fr\u00fchzeitig in ihr Projekt mit ein, wir unterst\u00fctzen Sie vollumf\u00e4nglich im Bereich Rotative-L\u00f6sung.<\/p><\/div>[vc_row_inner css=&#8221;.vc_custom_1644409289606{margin-top: 80px !important;}&#8221;][vc_column_inner]<style>.ld_custom_menu_69dde9c5af3bb > ul > li > a{font-size:16px;font-weight:500;letter-spacing:0.01em;text-transform:uppercase;color:rgb(255, 255, 255);background:rgb(58, 52, 41);}.ld_custom_menu_69dde9c5af3bb{margin-inline-start:-3px;margin-inline-end:-3px;}.ld_custom_menu_69dde9c5af3bb li{margin-inline-start:3px;margin-inline-end:3px;}.lqd-stickybar > .lqd-head-col > .header-module > .ld_custom_menu_69dde9c5af3bb li{margin-top:3px;margin-bottom:3px;}.ld_custom_menu_69dde9c5af3bb > ul > li > a:hover, .ld_custom_menu_69dde9c5af3bb li.is-active > a{color:rgb(255, 255, 255);background:rgb(58, 52, 41);}.ld_custom_menu_69dde9c5af3bb > ul > li .link-icon{color:rgb(255, 255, 255);}.ld_custom_menu_69dde9c5af3bb > ul > li > a:hover .link-icon .link-icon, .ld_custom_menu_69dde9c5af3bb li.is-active .link-icon{color:rgb(212, 40, 47);}<\/style><div\n\tclass=\"lqd-fancy-menu lqd-custom-menu menu-items-has-fill lqd-menu-td-none hsb-tech-product-menu-buttons ld_custom_menu_69dde9c5af3bb\"\n\t>\n\n<ul id=\"ld_custom_menu_69dde9c5af3bb\" class=\"reset-ul inline-nav  \" ><li id=\"menu-item-11043\" class=\"menu-item menu-item-type-post_type menu-item-object-page menu-item-11043\"><a href=\"https:\/\/www.kocher-beck.com\/de\/stanzstationen\/\"><span class=\"link-icon d-inline-flex hide-if-empty left-icon\"><i class=\"lqd-icn-ess icon-ion-ios-add\"><\/i><\/span>Stanzaggregate<\/a><\/li>\n<li id=\"menu-item-11044\" class=\"menu-item menu-item-type-post_type menu-item-object-page menu-item-11044\"><a href=\"https:\/\/www.kocher-beck.com\/de\/flexible-formen\/\"><span class=\"link-icon d-inline-flex hide-if-empty left-icon\"><i class=\"lqd-icn-ess icon-ion-ios-add\"><\/i><\/span>Stanzbleche<\/a><\/li>\n<li id=\"menu-item-11045\" class=\"menu-item menu-item-type-post_type menu-item-object-page menu-item-11045\"><a href=\"https:\/\/www.kocher-beck.com\/de\/gapmaster\/\"><span class=\"link-icon d-inline-flex hide-if-empty left-icon\"><i class=\"lqd-icn-ess icon-ion-ios-add\"><\/i><\/span>GapMaster + KMS<\/a><\/li>\n<li id=\"menu-item-11046\" class=\"menu-item menu-item-type-post_type menu-item-object-page menu-item-11046\"><a href=\"https:\/\/www.kocher-beck.com\/de\/rotationswerkzeuge-magnetzylinder\/\"><span class=\"link-icon d-inline-flex hide-if-empty left-icon\"><i class=\"lqd-icn-ess icon-ion-ios-add\"><\/i><\/span>Rotationswerkzeuge + Magnetzylinder<\/a><\/li>\n<li id=\"menu-item-11752\" class=\"menu-item menu-item-type-post_type menu-item-object-page menu-item-11752\"><a href=\"https:\/\/www.kocher-beck.com\/de\/tecscreen\/\"><span class=\"link-icon d-inline-flex hide-if-empty left-icon\"><i class=\"lqd-icn-ess icon-ion-ios-add\"><\/i><\/span>TEC SCREEN<\/a><\/li>\n<li id=\"menu-item-11215\" class=\"menu-item menu-item-type-post_type menu-item-object-page menu-item-11215\"><a href=\"https:\/\/www.kocher-beck.com\/de\/cut-place-stanzaggregate\/\"><span class=\"link-icon d-inline-flex hide-if-empty left-icon\"><i class=\"lqd-icn-ess icon-ion-ios-add\"><\/i><\/span>Cut&#038;Place Stanzaggregate<\/a><\/li>\n<\/ul><\/div>[\/vc_column_inner][\/vc_row_inner][\/vc_column][vc_column offset=&#8221;vc_col-md-offset-1 vc_col-md-3&#8243;]<style>.ld_custom_menu_69dde9c5b1687 > ul > li > a{font-size:16px;font-weight:500;letter-spacing:0.01em;text-transform:uppercase;color:rgb(255, 255, 255);background:rgb(58, 52, 41);}.ld_custom_menu_69dde9c5b1687 > ul > li:not(:last-child){margin-bottom:3px;}.lqd-stickybar > .lqd-head-col > .header-module > .ld_custom_menu_69dde9c5b1687 li{margin-inline-start:3px;}.ld_custom_menu_69dde9c5b1687 > ul > li > a:hover, .ld_custom_menu_69dde9c5b1687 li.is-active > a{color:rgb(255, 255, 255);background:rgb(212, 40, 47);}.ld_custom_menu_69dde9c5b1687 > ul > li .link-icon{color:rgb(212, 40, 47);}.ld_custom_menu_69dde9c5b1687 > ul > li > a:hover .link-icon .link-icon, .ld_custom_menu_69dde9c5b1687 li.is-active .link-icon{color:rgb(255, 255, 255);}<\/style><div\n\tclass=\"lqd-fancy-menu lqd-custom-menu menu-items-has-fill lqd-menu-td-none application-product-menu ld_custom_menu_69dde9c5b1687\"\n\t>\n\n<ul id=\"ld_custom_menu_69dde9c5b1687\" class=\"reset-ul   \" ><li id=\"menu-item-11363\" class=\"menu-item menu-item-type-custom menu-item-object-custom menu-item-11363\"><a href=\"\/de\/kontakt-deutschland\/\"><span class=\"link-icon d-inline-flex hide-if-empty left-icon\"><i class=\"lqd-icn-ess icon-ion-ios-add\"><\/i><\/span>Kontakt<\/a><\/li>\n<li id=\"menu-item-11364\" class=\"menu-item menu-item-type-custom menu-item-object-custom menu-item-11364\"><a href=\"\/de\/dienstleistungen\/?=#design-support\"><span class=\"link-icon d-inline-flex hide-if-empty left-icon\"><i class=\"lqd-icn-ess icon-ion-ios-add\"><\/i><\/span>Projektierung \/ Sonderl\u00f6sungen<\/a><\/li>\n<\/ul><\/div>[\/vc_column][\/vc_row][vc_row css=&#8221;.vc_custom_1634286167305{background-color: #f1f3f5 !important;}&#8221;][vc_column offset=&#8221;vc_col-md-12&#8243;]<style>.ld_spacer_69dde9c5b26ee{height:40px;}<\/style>\n<div class=\"ld-empty-space ld_spacer_69dde9c5b26ee\"><\/div>[\/vc_column][\/vc_row]<\/p>\n","protected":false},"excerpt":{"rendered":"<p>[vc_row bg_position=&#8221;center center&#8221; enable_overlay=&#8221;yes&#8221; enable_loading_bg=&#8221;yes&#8221; css=&#8221;.vc_custom_1685091016067{padding-top: 160px !important;padding-bottom: 160px !important;background-image: url(https:\/\/www.kocher-beck.com\/wp-content\/uploads\/2023\/02\/fuel-cell-business-header.jpg?id=11147) !important;background-position: 0 0 !important;background-repeat: no-repeat !important;}&#8221; responsive_css=&#8221;padding_right_large:140px|padding_left_large:140px|padding_right_medium:100px|padding_left_medium:100px&#8221; overlay_bg=&#8221;linear-gradient(90deg, rgb(0, 0, 0) 0%, rgba(172, 29, 225, 0) 100%)&#8221;][vc_column enable_content_animation=&#8221;yes&#8221; ca_init_scale_x=&#8221;1&#8243; ca_init_scale_y=&#8221;1&#8243; ca_init_opacity=&#8221;0&#8243; ca_an_scale_x=&#8221;1&#8243; ca_an_scale_y=&#8221;1&#8243; ca_an_opacity=&#8221;1&#8243; offset=&#8221;vc_col-lg-5 vc_col-md-6&#8243; ca_duration=&#8221;1800&#8243; ca_delay=&#8221;180&#8243; ca_init_translate_y=&#8221;45&#8243; ca_init_rotate_z=&#8221;0&#8243;][\/vc_column][\/vc_row][vc_row css=&#8221;.vc_custom_1633438304312{padding-top: 60px !important;padding-bottom: 60px !important;background-color: #f1f3f5 !important;}&#8221;][vc_column column_top_ontablet=&#8221;yes&#8221; column_top_onmobile=&#8221;yes&#8221; offset=&#8221;vc_col-md-offset-0 vc_col-md-8&#8243; responsive_css=&#8221;margin_bottom_medium:0px&#8221; css=&#8221;.vc_custom_1634634346793{margin-bottom: 35px [&hellip;]<\/p>\n","protected":false},"author":1,"featured_media":0,"parent":0,"menu_order":0,"comment_status":"closed","ping_status":"closed","template":"","meta":{"_acf_changed":false,"footnotes":""},"class_list":["post-10986","page","type-page","status-publish","hentry"],"acf":[],"yoast_head":"<!-- This site is optimized with the Yoast SEO plugin v27.0 - https:\/\/yoast.com\/product\/yoast-seo-wordpress\/ -->\n<title>Wasserstofftechnologie \/ Solar -und Batterietechnik - Kocher+Beck<\/title>\n<meta name=\"robots\" content=\"index, follow, max-snippet:-1, max-image-preview:large, max-video-preview:-1\" \/>\n<link rel=\"canonical\" href=\"https:\/\/www.kocher-beck.com\/de\/wasserstofftechnologie-solar-und-batterietechnik\/\" \/>\n<meta property=\"og:locale\" content=\"de_DE\" \/>\n<meta property=\"og:type\" content=\"article\" \/>\n<meta property=\"og:title\" content=\"Wasserstofftechnologie \/ Solar -und Batterietechnik - Kocher+Beck\" \/>\n<meta property=\"og:description\" content=\"[vc_row bg_position=&#8221;center center&#8221; enable_overlay=&#8221;yes&#8221; enable_loading_bg=&#8221;yes&#8221; css=&#8221;.vc_custom_1685091016067{padding-top: 160px !important;padding-bottom: 160px !important;background-image: url(https:\/\/www.kocher-beck.com\/wp-content\/uploads\/2023\/02\/fuel-cell-business-header.jpg?id=11147) !important;background-position: 0 0 !important;background-repeat: no-repeat !important;}&#8221; responsive_css=&#8221;padding_right_large:140px|padding_left_large:140px|padding_right_medium:100px|padding_left_medium:100px&#8221; overlay_bg=&#8221;linear-gradient(90deg, rgb(0, 0, 0) 0%, rgba(172, 29, 225, 0) 100%)&#8221;][vc_column enable_content_animation=&#8221;yes&#8221; ca_init_scale_x=&#8221;1&#8243; ca_init_scale_y=&#8221;1&#8243; ca_init_opacity=&#8221;0&#8243; ca_an_scale_x=&#8221;1&#8243; ca_an_scale_y=&#8221;1&#8243; ca_an_opacity=&#8221;1&#8243; offset=&#8221;vc_col-lg-5 vc_col-md-6&#8243; ca_duration=&#8221;1800&#8243; ca_delay=&#8221;180&#8243; ca_init_translate_y=&#8221;45&#8243; ca_init_rotate_z=&#8221;0&#8243;][\/vc_column][\/vc_row][vc_row css=&#8221;.vc_custom_1633438304312{padding-top: 60px !important;padding-bottom: 60px !important;background-color: #f1f3f5 !important;}&#8221;][vc_column column_top_ontablet=&#8221;yes&#8221; column_top_onmobile=&#8221;yes&#8221; offset=&#8221;vc_col-md-offset-0 vc_col-md-8&#8243; responsive_css=&#8221;margin_bottom_medium:0px&#8221; css=&#8221;.vc_custom_1634634346793{margin-bottom: 35px [&hellip;]\" \/>\n<meta property=\"og:url\" content=\"https:\/\/www.kocher-beck.com\/de\/wasserstofftechnologie-solar-und-batterietechnik\/\" \/>\n<meta property=\"og:site_name\" content=\"Kocher+Beck\" \/>\n<meta property=\"article:modified_time\" content=\"2023-05-26T08:50:19+00:00\" \/>\n<meta name=\"twitter:card\" content=\"summary_large_image\" \/>\n<meta name=\"twitter:label1\" content=\"Gesch\u00e4tzte Lesezeit\" \/>\n\t<meta name=\"twitter:data1\" content=\"2\u00a0Minuten\" \/>\n<script type=\"application\/ld+json\" class=\"yoast-schema-graph\">{\"@context\":\"https:\/\/schema.org\",\"@graph\":[{\"@type\":\"WebPage\",\"@id\":\"https:\/\/www.kocher-beck.com\/de\/wasserstofftechnologie-solar-und-batterietechnik\/\",\"url\":\"https:\/\/www.kocher-beck.com\/de\/wasserstofftechnologie-solar-und-batterietechnik\/\",\"name\":\"Wasserstofftechnologie \/ Solar -und Batterietechnik - Kocher+Beck\",\"isPartOf\":{\"@id\":\"https:\/\/www.kocher-beck.com\/de\/#website\"},\"datePublished\":\"2023-01-18T11:16:06+00:00\",\"dateModified\":\"2023-05-26T08:50:19+00:00\",\"breadcrumb\":{\"@id\":\"https:\/\/www.kocher-beck.com\/de\/wasserstofftechnologie-solar-und-batterietechnik\/#breadcrumb\"},\"inLanguage\":\"de\",\"potentialAction\":[{\"@type\":\"ReadAction\",\"target\":[\"https:\/\/www.kocher-beck.com\/de\/wasserstofftechnologie-solar-und-batterietechnik\/\"]}]},{\"@type\":\"BreadcrumbList\",\"@id\":\"https:\/\/www.kocher-beck.com\/de\/wasserstofftechnologie-solar-und-batterietechnik\/#breadcrumb\",\"itemListElement\":[{\"@type\":\"ListItem\",\"position\":1,\"name\":\"Home\",\"item\":\"https:\/\/www.kocher-beck.com\/de\/\"},{\"@type\":\"ListItem\",\"position\":2,\"name\":\"Wasserstofftechnologie \/ Solar -und Batterietechnik\"}]},{\"@type\":\"WebSite\",\"@id\":\"https:\/\/www.kocher-beck.com\/de\/#website\",\"url\":\"https:\/\/www.kocher-beck.com\/de\/\",\"name\":\"Kocher+Beck\",\"description\":\"\",\"potentialAction\":[{\"@type\":\"SearchAction\",\"target\":{\"@type\":\"EntryPoint\",\"urlTemplate\":\"https:\/\/www.kocher-beck.com\/de\/?s={search_term_string}\"},\"query-input\":{\"@type\":\"PropertyValueSpecification\",\"valueRequired\":true,\"valueName\":\"search_term_string\"}}],\"inLanguage\":\"de\"}]}<\/script>\n<!-- \/ Yoast SEO plugin. -->","yoast_head_json":{"title":"Wasserstofftechnologie \/ Solar -und Batterietechnik - Kocher+Beck","robots":{"index":"index","follow":"follow","max-snippet":"max-snippet:-1","max-image-preview":"max-image-preview:large","max-video-preview":"max-video-preview:-1"},"canonical":"https:\/\/www.kocher-beck.com\/de\/wasserstofftechnologie-solar-und-batterietechnik\/","og_locale":"de_DE","og_type":"article","og_title":"Wasserstofftechnologie \/ Solar -und Batterietechnik - Kocher+Beck","og_description":"[vc_row bg_position=&#8221;center center&#8221; enable_overlay=&#8221;yes&#8221; enable_loading_bg=&#8221;yes&#8221; css=&#8221;.vc_custom_1685091016067{padding-top: 160px !important;padding-bottom: 160px !important;background-image: url(https:\/\/www.kocher-beck.com\/wp-content\/uploads\/2023\/02\/fuel-cell-business-header.jpg?id=11147) !important;background-position: 0 0 !important;background-repeat: no-repeat !important;}&#8221; responsive_css=&#8221;padding_right_large:140px|padding_left_large:140px|padding_right_medium:100px|padding_left_medium:100px&#8221; overlay_bg=&#8221;linear-gradient(90deg, rgb(0, 0, 0) 0%, rgba(172, 29, 225, 0) 100%)&#8221;][vc_column enable_content_animation=&#8221;yes&#8221; ca_init_scale_x=&#8221;1&#8243; ca_init_scale_y=&#8221;1&#8243; ca_init_opacity=&#8221;0&#8243; ca_an_scale_x=&#8221;1&#8243; ca_an_scale_y=&#8221;1&#8243; ca_an_opacity=&#8221;1&#8243; offset=&#8221;vc_col-lg-5 vc_col-md-6&#8243; ca_duration=&#8221;1800&#8243; ca_delay=&#8221;180&#8243; ca_init_translate_y=&#8221;45&#8243; ca_init_rotate_z=&#8221;0&#8243;][\/vc_column][\/vc_row][vc_row css=&#8221;.vc_custom_1633438304312{padding-top: 60px !important;padding-bottom: 60px !important;background-color: #f1f3f5 !important;}&#8221;][vc_column column_top_ontablet=&#8221;yes&#8221; column_top_onmobile=&#8221;yes&#8221; offset=&#8221;vc_col-md-offset-0 vc_col-md-8&#8243; responsive_css=&#8221;margin_bottom_medium:0px&#8221; css=&#8221;.vc_custom_1634634346793{margin-bottom: 35px [&hellip;]","og_url":"https:\/\/www.kocher-beck.com\/de\/wasserstofftechnologie-solar-und-batterietechnik\/","og_site_name":"Kocher+Beck","article_modified_time":"2023-05-26T08:50:19+00:00","twitter_card":"summary_large_image","twitter_misc":{"Gesch\u00e4tzte Lesezeit":"2\u00a0Minuten"},"schema":{"@context":"https:\/\/schema.org","@graph":[{"@type":"WebPage","@id":"https:\/\/www.kocher-beck.com\/de\/wasserstofftechnologie-solar-und-batterietechnik\/","url":"https:\/\/www.kocher-beck.com\/de\/wasserstofftechnologie-solar-und-batterietechnik\/","name":"Wasserstofftechnologie \/ Solar -und Batterietechnik - Kocher+Beck","isPartOf":{"@id":"https:\/\/www.kocher-beck.com\/de\/#website"},"datePublished":"2023-01-18T11:16:06+00:00","dateModified":"2023-05-26T08:50:19+00:00","breadcrumb":{"@id":"https:\/\/www.kocher-beck.com\/de\/wasserstofftechnologie-solar-und-batterietechnik\/#breadcrumb"},"inLanguage":"de","potentialAction":[{"@type":"ReadAction","target":["https:\/\/www.kocher-beck.com\/de\/wasserstofftechnologie-solar-und-batterietechnik\/"]}]},{"@type":"BreadcrumbList","@id":"https:\/\/www.kocher-beck.com\/de\/wasserstofftechnologie-solar-und-batterietechnik\/#breadcrumb","itemListElement":[{"@type":"ListItem","position":1,"name":"Home","item":"https:\/\/www.kocher-beck.com\/de\/"},{"@type":"ListItem","position":2,"name":"Wasserstofftechnologie \/ Solar -und Batterietechnik"}]},{"@type":"WebSite","@id":"https:\/\/www.kocher-beck.com\/de\/#website","url":"https:\/\/www.kocher-beck.com\/de\/","name":"Kocher+Beck","description":"","potentialAction":[{"@type":"SearchAction","target":{"@type":"EntryPoint","urlTemplate":"https:\/\/www.kocher-beck.com\/de\/?s={search_term_string}"},"query-input":{"@type":"PropertyValueSpecification","valueRequired":true,"valueName":"search_term_string"}}],"inLanguage":"de"}]}},"_links":{"self":[{"href":"https:\/\/www.kocher-beck.com\/de\/wp-json\/wp\/v2\/pages\/10986","targetHints":{"allow":["GET"]}}],"collection":[{"href":"https:\/\/www.kocher-beck.com\/de\/wp-json\/wp\/v2\/pages"}],"about":[{"href":"https:\/\/www.kocher-beck.com\/de\/wp-json\/wp\/v2\/types\/page"}],"author":[{"embeddable":true,"href":"https:\/\/www.kocher-beck.com\/de\/wp-json\/wp\/v2\/users\/1"}],"replies":[{"embeddable":true,"href":"https:\/\/www.kocher-beck.com\/de\/wp-json\/wp\/v2\/comments?post=10986"}],"version-history":[{"count":16,"href":"https:\/\/www.kocher-beck.com\/de\/wp-json\/wp\/v2\/pages\/10986\/revisions"}],"predecessor-version":[{"id":11764,"href":"https:\/\/www.kocher-beck.com\/de\/wp-json\/wp\/v2\/pages\/10986\/revisions\/11764"}],"wp:attachment":[{"href":"https:\/\/www.kocher-beck.com\/de\/wp-json\/wp\/v2\/media?parent=10986"}],"curies":[{"name":"wp","href":"https:\/\/api.w.org\/{rel}","templated":true}]}}