{"id":1652,"date":"2021-10-15T14:54:55","date_gmt":"2021-10-15T13:54:55","guid":{"rendered":"https:\/\/www.kocher-beck.com\/stanzstationen\/"},"modified":"2022-08-11T10:02:54","modified_gmt":"2022-08-11T09:02:54","slug":"stanzstationen","status":"publish","type":"page","link":"https:\/\/www.kocher-beck.com\/de\/stanzstationen\/","title":{"rendered":"Stanzaggregate"},"content":{"rendered":"<p>[vc_row video_bg=&#8221;yes&#8221; video_local_mp4_url=&#8221;\/wp-content\/uploads\/2022\/06\/die-cutting-stations-2.mp4&#8243; bg_position=&#8221;left center&#8221; enable_overlay=&#8221;yes&#8221; enable_loading_bg=&#8221;yes&#8221; css=&#8221;.vc_custom_1656417102371{padding-top: 160px !important;padding-bottom: 160px !important;background-image: url(http:\/\/www.kocher-beck.com\/wp-content\/uploads\/2021\/10\/die-cutting-station-unit-hero.jpg?id=559) !important;background-position: 0 0 !important;background-repeat: no-repeat !important;}&#8221; responsive_css=&#8221;padding_right_large:140px|padding_left_large:140px|padding_right_medium:100px|padding_left_medium:100px&#8221; overlay_bg=&#8221;rgba(58, 52, 41, 0.5)&#8221;][vc_column enable_content_animation=&#8221;yes&#8221; ca_init_scale_x=&#8221;1&#8243; ca_init_scale_y=&#8221;1&#8243; ca_init_opacity=&#8221;0&#8243; ca_an_scale_x=&#8221;1&#8243; ca_an_scale_y=&#8221;1&#8243; ca_an_opacity=&#8221;1&#8243; offset=&#8221;vc_col-lg-5 vc_col-md-6&#8243; ca_duration=&#8221;1800&#8243; ca_delay=&#8221;180&#8243; ca_init_translate_y=&#8221;45&#8243; ca_init_rotate_z=&#8221;0&#8243;]<style>.ld_fancy_heading_6a05841c1fe92 h1{color:rgb(255, 255, 255);}.ld_fancy_heading_6a05841c1fe92 h1 {font-size:36px; } @media (min-width: 768px) { .ld_fancy_heading_6a05841c1fe92 h1 {font-size:48px; }  } @media (min-width: 992px) { .ld_fancy_heading_6a05841c1fe92 h1 {font-size:60px; }  } .ld_fancy_heading_6a05841c1fe92 .lqd-highlight-inner{height:0.275em!important;bottom:0px!important;}.ld_fancy_heading_6a05841c1fe92 h1 {font-size:36px; } @media (min-width: 768px) { .ld_fancy_heading_6a05841c1fe92 h1 {font-size:48px; }  } @media (min-width: 992px) { .ld_fancy_heading_6a05841c1fe92 h1 {font-size:60px; }  } <\/style><div class=\"ld-fancy-heading text-uppercase standard-hero-heading ld_fancy_heading_6a05841c1fe92\">\n\t<h1 class=\"ld-fh-element lqd-highlight-underline lqd-highlight-grow-left text-decoration-default lqd-split-lines\"   data-split-text=\"true\" data-split-options='{\"type\":\"lines\"}'>  Stanzaggregate<\/h1><\/div>[\/vc_column][\/vc_row][vc_row css=&#8221;.vc_custom_1633438304312{padding-top: 60px !important;padding-bottom: 60px !important;background-color: #f1f3f5 !important;}&#8221;][vc_column column_top_ontablet=&#8221;yes&#8221; column_top_onmobile=&#8221;yes&#8221; offset=&#8221;vc_col-md-offset-0 vc_col-md-8&#8243; responsive_css=&#8221;margin_bottom_medium:0px&#8221; css=&#8221;.vc_custom_1644417765074{margin-bottom: 35px !important;}&#8221;]<style>.ld_fancy_heading_6a05841c20085 h2{color:rgb(33, 30, 22);}.ld_fancy_heading_6a05841c20085 h2 {font-size:24px; } @media (min-width: 768px) { .ld_fancy_heading_6a05841c20085 h2 {font-size:36px; }  } .ld_fancy_heading_6a05841c20085 h2 {margin-bottom:40px !important;  } .ld_fancy_heading_6a05841c20085 .lqd-highlight-inner{height:0.275em!important;bottom:0px!important;}.ld_fancy_heading_6a05841c20085 h2 {font-size:24px; } @media (min-width: 768px) { .ld_fancy_heading_6a05841c20085 h2 {font-size:36px; }  } .ld_fancy_heading_6a05841c20085 h2 {margin-bottom:40px !important;  } <\/style><div class=\"ld-fancy-heading standard-page-heading ld_fancy_heading_6a05841c20085\">\n\t<h2 class=\"ld-fh-element lqd-highlight-underline lqd-highlight-grow-left text-decoration-default\"   >  Stanz- und Sonderaggregate bringen zus\u00e4tzliche Fertigungsm\u00f6glichkeiten f\u00fcr bestehende oder neue Anlagen und k\u00f6nnen angepasst oder auf maximale Wertsch\u00f6pfung ausgelegt werden.<\/h2><\/div><style>.ld_fancy_heading_6a05841c201c1 p {margin-bottom:1.5em !important;  } .ld_fancy_heading_6a05841c201c1 .lqd-highlight-inner{height:0.275em!important;bottom:0px!important;}.ld_fancy_heading_6a05841c201c1 p {margin-bottom:1.5em !important;  } <\/style><div class=\"ld-fancy-heading ld_fancy_heading_6a05841c201c1\">\n\t<p class=\"ld-fh-element lqd-highlight-underline lqd-highlight-grow-left text-decoration-default\"   >  Durch die Nutzung unserer umfassenden Branchenkenntnisse im Bereich Stanzbleche und Magnetzylinder ist Kocher+Beck f\u00fchrend in der Konstruktion und Fertigung kompletter Stanz- und Sonderaggregate f\u00fcr Ihre Anwendungen.<\/p>\n<p>F\u00fcr detaillierte Informationen lesen Sie bitte die Brosch\u00fcre unter &#8220;Mehr Informationen&#8221;.<\/p><\/div>[\/vc_column][vc_column enable_pin=&#8221;enable_pin&#8221; offset=&#8221;vc_col-md-offset-1 vc_col-md-3&#8243;]<style>.ld_custom_menu_6a05841c202fe > ul > li > a{font-size:16px;font-weight:500;letter-spacing:0.01em;text-transform:uppercase;color:rgb(255, 255, 255);background:rgb(58, 52, 41);}.ld_custom_menu_6a05841c202fe > ul > li:not(:last-child){margin-bottom:3px;}.lqd-stickybar > .lqd-head-col > .header-module > .ld_custom_menu_6a05841c202fe li{margin-inline-start:3px;}.ld_custom_menu_6a05841c202fe > ul > li > a:hover, .ld_custom_menu_6a05841c202fe li.is-active > a{color:rgb(255, 255, 255);background:rgb(212, 40, 47);}.ld_custom_menu_6a05841c202fe > ul > li .link-icon{color:rgb(255, 255, 255);}.ld_custom_menu_6a05841c202fe > ul > li > a:hover .link-icon .link-icon, .ld_custom_menu_6a05841c202fe li.is-active .link-icon{color:rgb(255, 255, 255);}<\/style><div\n\tclass=\"lqd-fancy-menu lqd-custom-menu menu-items-has-fill lqd-menu-td-none product-info-menu ld_custom_menu_6a05841c202fe\"\n\t>\n\n<ul id=\"ld_custom_menu_6a05841c202fe\" class=\"reset-ul   \" ><li id=\"menu-item-5761\" class=\"menu-item menu-item-type-custom menu-item-object-custom menu-item-5761\"><a href=\"\/de\/kontakt-deutschland\/\"><span class=\"link-icon d-inline-flex hide-if-empty left-icon\"><i class=\"lqd-icn-ess icon-ion-ios-add\"><\/i><\/span>Kontakt<\/a><\/li>\n<li id=\"menu-item-5762\" class=\"menu-item menu-item-type-custom menu-item-object-custom menu-item-5762\"><a target=\"_blank\" href=\"https:\/\/www.kocher-beck.com\/wp-content\/uploads\/2025\/04\/KB_brochure_die-cutting-station_de_07.2024.pdf\"><span class=\"link-icon d-inline-flex hide-if-empty left-icon\"><i class=\"lqd-icn-ess icon-ion-ios-add\"><\/i><\/span>Mehr Informationen<\/a><\/li>\n<li id=\"menu-item-7080\" class=\"menu-item menu-item-type-custom menu-item-object-custom menu-item-7080\"><a href=\"\/de\/dienstleistungen\/?=#design-support\"><span class=\"link-icon d-inline-flex hide-if-empty left-icon\"><i class=\"lqd-icn-ess icon-ion-ios-add\"><\/i><\/span>Projektierung \/ Sonderl\u00f6sungen<\/a><\/li>\n<li id=\"menu-item-13415\" class=\"menu-item menu-item-type-custom menu-item-object-custom menu-item-13415\"><a href=\"\/de\/dienstleistungen\/?=#design-support\">Projektierung \/ Sonderl\u00f6sungen<\/a><\/li>\n<\/ul><\/div>[\/vc_column][\/vc_row][vc_row css=&#8221;.vc_custom_1653648025115{padding-bottom: 80px !important;background-color: #f1f3f5 !important;}&#8221;][vc_column offset=&#8221;vc_col-md-12&#8243; css=&#8221;.vc_custom_1633444921484{background-color: #ffffff !important;}&#8221;][vc_row_inner css=&#8221;.vc_custom_1633700947263{border-bottom-width: 1px !important;border-bottom-color: #f1f3f5 !important;border-bottom-style: solid !important;}&#8221;][vc_column_inner offset=&#8221;vc_col-md-9&#8243;]<style>.ld_spacer_6a05841c223c5{height:32px;}<\/style>\n<div class=\"ld-empty-space ld_spacer_6a05841c223c5\"><\/div><style>.ld_fancy_heading_6a05841c224f6 h3{color:rgb(33, 30, 22);}.ld_fancy_heading_6a05841c224f6 h3 {font-size:32px; } .ld_fancy_heading_6a05841c224f6 h3 {padding-right:40px !important;  } .ld_fancy_heading_6a05841c224f6 h3 {margin-bottom:0px !important;  } .ld_fancy_heading_6a05841c224f6 .lqd-highlight-inner{height:0.275em!important;bottom:0px!important;}.ld_fancy_heading_6a05841c224f6 h3 {font-size:32px; } .ld_fancy_heading_6a05841c224f6 h3 {padding-right:40px !important;  } .ld_fancy_heading_6a05841c224f6 h3 {margin-bottom:0px !important;  } <\/style><div class=\"ld-fancy-heading text-uppercase product-heading ld_fancy_heading_6a05841c224f6\">\n\t<h3 class=\"ld-fh-element lqd-highlight-underline lqd-highlight-grow-left text-decoration-default\"   >  STANZAGGREGATE \/ STANZANLAGEN<\/h3><\/div><style>.ld_fancy_heading_6a05841c2306a p {padding-right:40px !important;  } .ld_fancy_heading_6a05841c2306a .lqd-highlight-inner{height:0.275em!important;bottom:0px!important;}.ld_fancy_heading_6a05841c2306a p {padding-right:40px !important;  } <\/style><div class=\"ld-fancy-heading product-heading-intro-text ld_fancy_heading_6a05841c2306a\">\n\t<p class=\"ld-fh-element lqd-highlight-underline lqd-highlight-grow-left text-decoration-default\"   >  Mehrwert f\u00fcr Ihre Druckmaschine.<\/p><\/div><style>.ld_spacer_6a05841c232ba{height:32px;}<\/style>\n<div class=\"ld-empty-space ld_spacer_6a05841c232ba\"><\/div>[\/vc_column_inner][vc_column_inner offset=&#8221;vc_col-md-3&#8243;][\/vc_column_inner][\/vc_row_inner][vc_row_inner equal_height=&#8221;yes&#8221;][vc_column_inner offset=&#8221;vc_col-md-3&#8243;][vc_single_image image=&#8221;7412&#8243;][\/vc_column_inner][vc_column_inner offset=&#8221;vc_col-md-6&#8243; responsive_css=&#8221;padding_left_medium:0px&#8221; css=&#8221;.vc_custom_1633700620582{border-right-width: 1px !important;padding-right: 20px !important;padding-bottom: 20px !important;padding-left: 20px !important;border-right-color: #f1f3f5 !important;border-right-style: solid !important;}&#8221;]<style>.ld_fancy_heading_6a05841c23400 h4 {font-size:18px; } .ld_fancy_heading_6a05841c23400 h4 {margin-top:20px !important; margin-bottom:20px !important;  } .ld_fancy_heading_6a05841c23400 .lqd-highlight-inner{height:0.275em!important;bottom:0px!important;}.ld_fancy_heading_6a05841c23400 h4 {font-size:18px; } .ld_fancy_heading_6a05841c23400 h4 {margin-top:20px !important; margin-bottom:20px !important;  } <\/style><div class=\"ld-fancy-heading ld_fancy_heading_6a05841c23400\">\n\t<h4 class=\"ld-fh-element lqd-highlight-underline lqd-highlight-grow-left text-decoration-default\"   >  \u00dcberblick:<\/h4><\/div><style>.ld_fancy_heading_6a05841c235f5 p {font-size:15px; } .ld_fancy_heading_6a05841c235f5 .lqd-highlight-inner{height:0.275em!important;bottom:0px!important;}.ld_fancy_heading_6a05841c235f5 p {font-size:15px; } <\/style><div class=\"ld-fancy-heading ld_fancy_heading_6a05841c235f5\">\n\t<p class=\"ld-fh-element lqd-highlight-underline lqd-highlight-grow-left text-decoration-default\"   >  Die Stanzaggregate von Kocher+Beck sind die perfekte Wahl f\u00fcr eine Vielzahl individueller Weiterverarbeitungsprojekte oder spezielle Stanzanwendungen wie Brosch\u00fcren, Karton und schwere Fasermaterialien. Die Einheit kann in eine bestehende Maschine oder eine Sonderkonstruktion integriert werden und kann \u00fcber die St\u00fctzwelle oder den Gegenstanzzylinder angetrieben werden.<\/p>\n<p>Ma\u00dfgeschneiderte Baukastenkonzepte aus unserer Konstruktionsabteilung werden speziell nach Ihren W\u00fcnschen gefertigt. Sei es Endbenutzer oder eine OEM-Anwendung.<\/p><\/div>[\/vc_column_inner][vc_column_inner responsive_css=&#8221;padding_left_medium:0px&#8221; css=&#8221;.vc_custom_1633700699950{padding-right: 20px !important;padding-bottom: 20px !important;padding-left: 20px !important;}&#8221; offset=&#8221;vc_col-md-3&#8243;]<style>.ld_fancy_heading_6a05841c23789 h4 {font-size:18px; } .ld_fancy_heading_6a05841c23789 h4 {margin-top:20px !important; margin-bottom:20px !important;  } .ld_fancy_heading_6a05841c23789 .lqd-highlight-inner{height:0.275em!important;bottom:0px!important;}.ld_fancy_heading_6a05841c23789 h4 {font-size:18px; } .ld_fancy_heading_6a05841c23789 h4 {margin-top:20px !important; margin-bottom:20px !important;  } <\/style><div class=\"ld-fancy-heading ld_fancy_heading_6a05841c23789\">\n\t<h4 class=\"ld-fh-element lqd-highlight-underline lqd-highlight-grow-left text-decoration-default\"   >  Merkmale:<\/h4><\/div><style>.ld_fancy_heading_6a05841c238b8 h5 {font-size:15px; } .ld_fancy_heading_6a05841c238b8 h5 {line-height:1.5em; } .ld_fancy_heading_6a05841c238b8 h5 {--element-line-height:1.5em; } .ld_fancy_heading_6a05841c238b8 h5 {font-weight:400; } .ld_fancy_heading_6a05841c238b8 h5 {margin-bottom:20px !important;  } .ld_fancy_heading_6a05841c238b8 .lqd-highlight-inner{height:0.275em!important;bottom:0px!important;}.ld_fancy_heading_6a05841c238b8 h5 {font-size:15px; } .ld_fancy_heading_6a05841c238b8 h5 {line-height:1.5em; } .ld_fancy_heading_6a05841c238b8 h5 {--element-line-height:1.5em; } .ld_fancy_heading_6a05841c238b8 h5 {font-weight:400; } .ld_fancy_heading_6a05841c238b8 h5 {margin-bottom:20px !important;  } <\/style><div class=\"ld-fancy-heading product-benefits ld_fancy_heading_6a05841c238b8\">\n\t<h5 class=\"ld-fh-element lqd-highlight-underline lqd-highlight-grow-left text-decoration-default\"   >  <\/p>\n<ul>\n<li>Wartungsfreie Lager<\/li>\n<li>Hohe Bahngeschwindigkeiten<\/li>\n<li>Zylinderabhebung pneumatisch oder manuell<\/li>\n<li>KMS Kraft-Mess-System<\/li>\n<li>Eine sehr steife Konstruktion bietet eine solide Grundlage f\u00fcr das Stanzen<\/li>\n<li>Bahnbreite bis 1000 mm (Andere Spezifikationen auf Anfrage)<\/li>\n<\/ul>\n<p><\/h5><\/div>[\/vc_column_inner][\/vc_row_inner][\/vc_column][\/vc_row][vc_row css=&#8221;.vc_custom_1653648035675{padding-bottom: 80px !important;background-color: #f1f3f5 !important;}&#8221;][vc_column offset=&#8221;vc_col-md-12&#8243;]<style>.ld_custom_menu_6a05841c23a1a > ul > li > a{font-size:16px;font-weight:500;letter-spacing:0.01em;text-transform:uppercase;color:rgb(255, 255, 255);background:rgb(58, 52, 41);}.ld_custom_menu_6a05841c23a1a{margin-inline-start:-3px;margin-inline-end:-3px;}.ld_custom_menu_6a05841c23a1a li{margin-inline-start:3px;margin-inline-end:3px;}.lqd-stickybar > .lqd-head-col > .header-module > .ld_custom_menu_6a05841c23a1a li{margin-top:3px;margin-bottom:3px;}.ld_custom_menu_6a05841c23a1a > ul > li > a:hover, .ld_custom_menu_6a05841c23a1a li.is-active > a{color:rgb(255, 255, 255);background:rgb(58, 52, 41);}.ld_custom_menu_6a05841c23a1a > ul > li .link-icon{color:rgb(255, 255, 255);}.ld_custom_menu_6a05841c23a1a > ul > li > a:hover .link-icon .link-icon, .ld_custom_menu_6a05841c23a1a li.is-active .link-icon{color:rgb(212, 40, 47);}<\/style><div\n\tclass=\"lqd-fancy-menu lqd-custom-menu menu-items-has-fill lqd-menu-td-none die-cutting-stations-product-menu-buttons ld_custom_menu_6a05841c23a1a\"\n\t>\n\n<ul id=\"ld_custom_menu_6a05841c23a1a\" class=\"reset-ul inline-nav  \" ><li id=\"menu-item-6761\" class=\"menu-item menu-item-type-post_type menu-item-object-page menu-item-6761\"><a href=\"https:\/\/www.kocher-beck.com\/de\/flexible-formen\/\"><span class=\"link-icon d-inline-flex hide-if-empty left-icon\"><i class=\"lqd-icn-ess icon-ion-ios-add\"><\/i><\/span>Stanzbleche<\/a><\/li>\n<li id=\"menu-item-6762\" class=\"menu-item menu-item-type-post_type menu-item-object-page menu-item-6762\"><a href=\"https:\/\/www.kocher-beck.com\/de\/rotationswerkzeuge-magnetzylinder\/\"><span class=\"link-icon d-inline-flex hide-if-empty left-icon\"><i class=\"lqd-icn-ess icon-ion-ios-add\"><\/i><\/span>Rotationswerkzeuge + Magnetzylinder<\/a><\/li>\n<li id=\"menu-item-6763\" class=\"menu-item menu-item-type-post_type menu-item-object-page menu-item-6763\"><a href=\"https:\/\/www.kocher-beck.com\/de\/gapmaster\/\"><span class=\"link-icon d-inline-flex hide-if-empty left-icon\"><i class=\"lqd-icn-ess icon-ion-ios-add\"><\/i><\/span>GapMaster + KMS<\/a><\/li>\n<li id=\"menu-item-6764\" class=\"menu-item menu-item-type-post_type menu-item-object-page menu-item-6764\"><a href=\"https:\/\/www.kocher-beck.com\/de\/tecscreen\/\"><span class=\"link-icon d-inline-flex hide-if-empty left-icon\"><i class=\"lqd-icn-ess icon-ion-ios-add\"><\/i><\/span>TEC SCREEN<\/a><\/li>\n<li id=\"menu-item-6765\" class=\"menu-item menu-item-type-post_type menu-item-object-page menu-item-6765\"><a href=\"https:\/\/www.kocher-beck.com\/de\/wickeltechnik\/\"><span class=\"link-icon d-inline-flex hide-if-empty left-icon\"><i class=\"lqd-icn-ess icon-ion-ios-add\"><\/i><\/span>Wickeltechnik<\/a><\/li>\n<\/ul><\/div>[\/vc_column][\/vc_row]<\/p>\n","protected":false},"excerpt":{"rendered":"<p>[vc_row video_bg=&#8221;yes&#8221; video_local_mp4_url=&#8221;\/wp-content\/uploads\/2022\/06\/die-cutting-stations-2.mp4&#8243; bg_position=&#8221;left center&#8221; enable_overlay=&#8221;yes&#8221; enable_loading_bg=&#8221;yes&#8221; css=&#8221;.vc_custom_1656417102371{padding-top: 160px !important;padding-bottom: 160px !important;background-image: url(http:\/\/www.kocher-beck.com\/wp-content\/uploads\/2021\/10\/die-cutting-station-unit-hero.jpg?id=559) !important;background-position: 0 0 !important;background-repeat: no-repeat !important;}&#8221; responsive_css=&#8221;padding_right_large:140px|padding_left_large:140px|padding_right_medium:100px|padding_left_medium:100px&#8221; overlay_bg=&#8221;rgba(58, 52, 41, 0.5)&#8221;][vc_column enable_content_animation=&#8221;yes&#8221; ca_init_scale_x=&#8221;1&#8243; ca_init_scale_y=&#8221;1&#8243; ca_init_opacity=&#8221;0&#8243; ca_an_scale_x=&#8221;1&#8243; ca_an_scale_y=&#8221;1&#8243; ca_an_opacity=&#8221;1&#8243; offset=&#8221;vc_col-lg-5 vc_col-md-6&#8243; ca_duration=&#8221;1800&#8243; ca_delay=&#8221;180&#8243; ca_init_translate_y=&#8221;45&#8243; ca_init_rotate_z=&#8221;0&#8243;][\/vc_column][\/vc_row][vc_row css=&#8221;.vc_custom_1633438304312{padding-top: 60px !important;padding-bottom: 60px !important;background-color: #f1f3f5 !important;}&#8221;][vc_column column_top_ontablet=&#8221;yes&#8221; column_top_onmobile=&#8221;yes&#8221; offset=&#8221;vc_col-md-offset-0 vc_col-md-8&#8243; responsive_css=&#8221;margin_bottom_medium:0px&#8221; css=&#8221;.vc_custom_1644417765074{margin-bottom: 35px !important;}&#8221;][\/vc_column][vc_column enable_pin=&#8221;enable_pin&#8221; offset=&#8221;vc_col-md-offset-1 vc_col-md-3&#8243;][\/vc_column][\/vc_row][vc_row [&hellip;]<\/p>\n","protected":false},"author":1,"featured_media":0,"parent":0,"menu_order":0,"comment_status":"closed","ping_status":"closed","template":"","meta":{"_acf_changed":false,"footnotes":""},"class_list":["post-1652","page","type-page","status-publish","hentry"],"acf":[],"yoast_head":"<!-- This site is optimized with the Yoast SEO plugin v27.0 - https:\/\/yoast.com\/product\/yoast-seo-wordpress\/ -->\n<title>Stanzaggregate - Kocher+Beck<\/title>\n<meta name=\"robots\" content=\"index, follow, max-snippet:-1, max-image-preview:large, max-video-preview:-1\" \/>\n<link rel=\"canonical\" href=\"https:\/\/www.kocher-beck.com\/de\/stanzstationen\/\" \/>\n<meta property=\"og:locale\" content=\"de_DE\" \/>\n<meta property=\"og:type\" content=\"article\" \/>\n<meta property=\"og:title\" content=\"Stanzaggregate - Kocher+Beck\" \/>\n<meta property=\"og:description\" content=\"[vc_row video_bg=&#8221;yes&#8221; video_local_mp4_url=&#8221;\/wp-content\/uploads\/2022\/06\/die-cutting-stations-2.mp4&#8243; bg_position=&#8221;left center&#8221; enable_overlay=&#8221;yes&#8221; enable_loading_bg=&#8221;yes&#8221; css=&#8221;.vc_custom_1656417102371{padding-top: 160px !important;padding-bottom: 160px !important;background-image: url(http:\/\/www.kocher-beck.com\/wp-content\/uploads\/2021\/10\/die-cutting-station-unit-hero.jpg?id=559) !important;background-position: 0 0 !important;background-repeat: no-repeat !important;}&#8221; responsive_css=&#8221;padding_right_large:140px|padding_left_large:140px|padding_right_medium:100px|padding_left_medium:100px&#8221; overlay_bg=&#8221;rgba(58, 52, 41, 0.5)&#8221;][vc_column enable_content_animation=&#8221;yes&#8221; ca_init_scale_x=&#8221;1&#8243; ca_init_scale_y=&#8221;1&#8243; ca_init_opacity=&#8221;0&#8243; ca_an_scale_x=&#8221;1&#8243; ca_an_scale_y=&#8221;1&#8243; ca_an_opacity=&#8221;1&#8243; offset=&#8221;vc_col-lg-5 vc_col-md-6&#8243; ca_duration=&#8221;1800&#8243; ca_delay=&#8221;180&#8243; ca_init_translate_y=&#8221;45&#8243; ca_init_rotate_z=&#8221;0&#8243;][\/vc_column][\/vc_row][vc_row css=&#8221;.vc_custom_1633438304312{padding-top: 60px !important;padding-bottom: 60px !important;background-color: #f1f3f5 !important;}&#8221;][vc_column column_top_ontablet=&#8221;yes&#8221; column_top_onmobile=&#8221;yes&#8221; offset=&#8221;vc_col-md-offset-0 vc_col-md-8&#8243; responsive_css=&#8221;margin_bottom_medium:0px&#8221; css=&#8221;.vc_custom_1644417765074{margin-bottom: 35px !important;}&#8221;][\/vc_column][vc_column enable_pin=&#8221;enable_pin&#8221; offset=&#8221;vc_col-md-offset-1 vc_col-md-3&#8243;][\/vc_column][\/vc_row][vc_row [&hellip;]\" \/>\n<meta property=\"og:url\" content=\"https:\/\/www.kocher-beck.com\/de\/stanzstationen\/\" \/>\n<meta property=\"og:site_name\" content=\"Kocher+Beck\" \/>\n<meta property=\"article:modified_time\" content=\"2022-08-11T09:02:54+00:00\" \/>\n<meta name=\"twitter:card\" content=\"summary_large_image\" \/>\n<meta name=\"twitter:label1\" content=\"Gesch\u00e4tzte Lesezeit\" \/>\n\t<meta name=\"twitter:data1\" content=\"2\u00a0Minuten\" \/>\n<script type=\"application\/ld+json\" class=\"yoast-schema-graph\">{\"@context\":\"https:\/\/schema.org\",\"@graph\":[{\"@type\":\"WebPage\",\"@id\":\"https:\/\/www.kocher-beck.com\/de\/stanzstationen\/\",\"url\":\"https:\/\/www.kocher-beck.com\/de\/stanzstationen\/\",\"name\":\"Stanzaggregate - Kocher+Beck\",\"isPartOf\":{\"@id\":\"https:\/\/www.kocher-beck.com\/de\/#website\"},\"datePublished\":\"2021-10-15T13:54:55+00:00\",\"dateModified\":\"2022-08-11T09:02:54+00:00\",\"breadcrumb\":{\"@id\":\"https:\/\/www.kocher-beck.com\/de\/stanzstationen\/#breadcrumb\"},\"inLanguage\":\"de\",\"potentialAction\":[{\"@type\":\"ReadAction\",\"target\":[\"https:\/\/www.kocher-beck.com\/de\/stanzstationen\/\"]}]},{\"@type\":\"BreadcrumbList\",\"@id\":\"https:\/\/www.kocher-beck.com\/de\/stanzstationen\/#breadcrumb\",\"itemListElement\":[{\"@type\":\"ListItem\",\"position\":1,\"name\":\"Home\",\"item\":\"https:\/\/www.kocher-beck.com\/de\/\"},{\"@type\":\"ListItem\",\"position\":2,\"name\":\"Stanzaggregate\"}]},{\"@type\":\"WebSite\",\"@id\":\"https:\/\/www.kocher-beck.com\/de\/#website\",\"url\":\"https:\/\/www.kocher-beck.com\/de\/\",\"name\":\"Kocher+Beck\",\"description\":\"\",\"potentialAction\":[{\"@type\":\"SearchAction\",\"target\":{\"@type\":\"EntryPoint\",\"urlTemplate\":\"https:\/\/www.kocher-beck.com\/de\/?s={search_term_string}\"},\"query-input\":{\"@type\":\"PropertyValueSpecification\",\"valueRequired\":true,\"valueName\":\"search_term_string\"}}],\"inLanguage\":\"de\"}]}<\/script>\n<!-- \/ Yoast SEO plugin. -->","yoast_head_json":{"title":"Stanzaggregate - Kocher+Beck","robots":{"index":"index","follow":"follow","max-snippet":"max-snippet:-1","max-image-preview":"max-image-preview:large","max-video-preview":"max-video-preview:-1"},"canonical":"https:\/\/www.kocher-beck.com\/de\/stanzstationen\/","og_locale":"de_DE","og_type":"article","og_title":"Stanzaggregate - Kocher+Beck","og_description":"[vc_row video_bg=&#8221;yes&#8221; video_local_mp4_url=&#8221;\/wp-content\/uploads\/2022\/06\/die-cutting-stations-2.mp4&#8243; bg_position=&#8221;left center&#8221; enable_overlay=&#8221;yes&#8221; enable_loading_bg=&#8221;yes&#8221; css=&#8221;.vc_custom_1656417102371{padding-top: 160px !important;padding-bottom: 160px !important;background-image: url(http:\/\/www.kocher-beck.com\/wp-content\/uploads\/2021\/10\/die-cutting-station-unit-hero.jpg?id=559) !important;background-position: 0 0 !important;background-repeat: no-repeat !important;}&#8221; responsive_css=&#8221;padding_right_large:140px|padding_left_large:140px|padding_right_medium:100px|padding_left_medium:100px&#8221; overlay_bg=&#8221;rgba(58, 52, 41, 0.5)&#8221;][vc_column enable_content_animation=&#8221;yes&#8221; ca_init_scale_x=&#8221;1&#8243; ca_init_scale_y=&#8221;1&#8243; ca_init_opacity=&#8221;0&#8243; ca_an_scale_x=&#8221;1&#8243; ca_an_scale_y=&#8221;1&#8243; ca_an_opacity=&#8221;1&#8243; offset=&#8221;vc_col-lg-5 vc_col-md-6&#8243; ca_duration=&#8221;1800&#8243; ca_delay=&#8221;180&#8243; ca_init_translate_y=&#8221;45&#8243; ca_init_rotate_z=&#8221;0&#8243;][\/vc_column][\/vc_row][vc_row css=&#8221;.vc_custom_1633438304312{padding-top: 60px !important;padding-bottom: 60px !important;background-color: #f1f3f5 !important;}&#8221;][vc_column column_top_ontablet=&#8221;yes&#8221; column_top_onmobile=&#8221;yes&#8221; offset=&#8221;vc_col-md-offset-0 vc_col-md-8&#8243; responsive_css=&#8221;margin_bottom_medium:0px&#8221; css=&#8221;.vc_custom_1644417765074{margin-bottom: 35px !important;}&#8221;][\/vc_column][vc_column enable_pin=&#8221;enable_pin&#8221; offset=&#8221;vc_col-md-offset-1 vc_col-md-3&#8243;][\/vc_column][\/vc_row][vc_row [&hellip;]","og_url":"https:\/\/www.kocher-beck.com\/de\/stanzstationen\/","og_site_name":"Kocher+Beck","article_modified_time":"2022-08-11T09:02:54+00:00","twitter_card":"summary_large_image","twitter_misc":{"Gesch\u00e4tzte Lesezeit":"2\u00a0Minuten"},"schema":{"@context":"https:\/\/schema.org","@graph":[{"@type":"WebPage","@id":"https:\/\/www.kocher-beck.com\/de\/stanzstationen\/","url":"https:\/\/www.kocher-beck.com\/de\/stanzstationen\/","name":"Stanzaggregate - Kocher+Beck","isPartOf":{"@id":"https:\/\/www.kocher-beck.com\/de\/#website"},"datePublished":"2021-10-15T13:54:55+00:00","dateModified":"2022-08-11T09:02:54+00:00","breadcrumb":{"@id":"https:\/\/www.kocher-beck.com\/de\/stanzstationen\/#breadcrumb"},"inLanguage":"de","potentialAction":[{"@type":"ReadAction","target":["https:\/\/www.kocher-beck.com\/de\/stanzstationen\/"]}]},{"@type":"BreadcrumbList","@id":"https:\/\/www.kocher-beck.com\/de\/stanzstationen\/#breadcrumb","itemListElement":[{"@type":"ListItem","position":1,"name":"Home","item":"https:\/\/www.kocher-beck.com\/de\/"},{"@type":"ListItem","position":2,"name":"Stanzaggregate"}]},{"@type":"WebSite","@id":"https:\/\/www.kocher-beck.com\/de\/#website","url":"https:\/\/www.kocher-beck.com\/de\/","name":"Kocher+Beck","description":"","potentialAction":[{"@type":"SearchAction","target":{"@type":"EntryPoint","urlTemplate":"https:\/\/www.kocher-beck.com\/de\/?s={search_term_string}"},"query-input":{"@type":"PropertyValueSpecification","valueRequired":true,"valueName":"search_term_string"}}],"inLanguage":"de"}]}},"_links":{"self":[{"href":"https:\/\/www.kocher-beck.com\/de\/wp-json\/wp\/v2\/pages\/1652","targetHints":{"allow":["GET"]}}],"collection":[{"href":"https:\/\/www.kocher-beck.com\/de\/wp-json\/wp\/v2\/pages"}],"about":[{"href":"https:\/\/www.kocher-beck.com\/de\/wp-json\/wp\/v2\/types\/page"}],"author":[{"embeddable":true,"href":"https:\/\/www.kocher-beck.com\/de\/wp-json\/wp\/v2\/users\/1"}],"replies":[{"embeddable":true,"href":"https:\/\/www.kocher-beck.com\/de\/wp-json\/wp\/v2\/comments?post=1652"}],"version-history":[{"count":77,"href":"https:\/\/www.kocher-beck.com\/de\/wp-json\/wp\/v2\/pages\/1652\/revisions"}],"predecessor-version":[{"id":8048,"href":"https:\/\/www.kocher-beck.com\/de\/wp-json\/wp\/v2\/pages\/1652\/revisions\/8048"}],"wp:attachment":[{"href":"https:\/\/www.kocher-beck.com\/de\/wp-json\/wp\/v2\/media?parent=1652"}],"curies":[{"name":"wp","href":"https:\/\/api.w.org\/{rel}","templated":true}]}}