{"id":1655,"date":"2021-10-25T14:54:39","date_gmt":"2021-10-25T13:54:39","guid":{"rendered":"https:\/\/www.kocher-beck.com\/rat\/"},"modified":"2022-05-30T12:19:22","modified_gmt":"2022-05-30T11:19:22","slug":"rat","status":"publish","type":"page","link":"https:\/\/www.kocher-beck.com\/de\/rat\/","title":{"rendered":"Rat"},"content":{"rendered":"<p>[vc_row bg_position=&#8221;center center&#8221; enable_loading_bg=&#8221;yes&#8221; css=&#8221;.vc_custom_1644492668265{padding-top: 160px !important;padding-bottom: 160px !important;background-image: url(http:\/\/www.kocher-beck.com\/wp-content\/uploads\/2021\/10\/services-hero.jpg?id=747) !important;background-position: 0 0 !important;background-repeat: no-repeat !important;}&#8221; responsive_css=&#8221;padding_right_large:140px|padding_left_large:140px|padding_right_medium:100px|padding_left_medium:100px&#8221;][vc_column enable_content_animation=&#8221;yes&#8221; ca_init_scale_x=&#8221;1&#8243; ca_init_scale_y=&#8221;1&#8243; ca_init_opacity=&#8221;0&#8243; ca_an_scale_x=&#8221;1&#8243; ca_an_scale_y=&#8221;1&#8243; ca_an_opacity=&#8221;1&#8243; offset=&#8221;vc_col-lg-5 vc_col-md-6&#8243; ca_duration=&#8221;1800&#8243; ca_delay=&#8221;180&#8243; ca_init_translate_y=&#8221;45&#8243; ca_init_rotate_z=&#8221;0&#8243;]<style>.ld_fancy_heading_69de1c585bc2d h1{color:rgb(255, 255, 255);}.ld_fancy_heading_69de1c585bc2d h1 {font-size:36px; } @media (min-width: 768px) { .ld_fancy_heading_69de1c585bc2d h1 {font-size:48px; }  } @media (min-width: 992px) { .ld_fancy_heading_69de1c585bc2d h1 {font-size:60px; }  } .ld_fancy_heading_69de1c585bc2d .lqd-highlight-inner{height:0.275em!important;bottom:0px!important;}.ld_fancy_heading_69de1c585bc2d h1 {font-size:36px; } @media (min-width: 768px) { .ld_fancy_heading_69de1c585bc2d h1 {font-size:48px; }  } @media (min-width: 992px) { .ld_fancy_heading_69de1c585bc2d h1 {font-size:60px; }  } <\/style><div class=\"ld-fancy-heading text-uppercase standard-hero-heading ld_fancy_heading_69de1c585bc2d\">\n\t<h1 class=\"ld-fh-element lqd-highlight-underline lqd-highlight-grow-left text-decoration-default lqd-split-lines\"   data-split-text=\"true\" data-split-options='{\"type\":\"lines\"}'>  Rat<\/h1><\/div>[\/vc_column][\/vc_row][vc_row css=&#8221;.vc_custom_1635172626403{padding-top: 60px !important;padding-bottom: 60px !important;background-color: #f1f3f5 !important;}&#8221;][vc_column column_top_ontablet=&#8221;yes&#8221; column_top_onmobile=&#8221;yes&#8221; offset=&#8221;vc_col-md-offset-0 vc_col-md-8&#8243; responsive_css=&#8221;margin_bottom_medium:0px&#8221; css=&#8221;.vc_custom_1634634346793{margin-bottom: 35px !important;}&#8221;][vc_row_inner content_placement=&#8221;top&#8221; css=&#8221;.vc_custom_1635172794692{margin-bottom: 40px !important;}&#8221;][vc_column_inner width=&#8221;1\/4&#8243;][vc_single_image image=&#8221;1059&#8243;][\/vc_column_inner][vc_column_inner width=&#8221;3\/4&#8243;]<style>.ld_fancy_heading_69de1c585be8b h2{color:rgb(33, 30, 22);}.ld_fancy_heading_69de1c585be8b h2 {font-size:24px; } @media (min-width: 768px) { .ld_fancy_heading_69de1c585be8b h2 {font-size:36px; }  } .ld_fancy_heading_69de1c585be8b h2 {margin-bottom:40px !important;  } .ld_fancy_heading_69de1c585be8b .lqd-highlight-inner{height:0.275em!important;bottom:0px!important;}.ld_fancy_heading_69de1c585be8b h2 {font-size:24px; } @media (min-width: 768px) { .ld_fancy_heading_69de1c585be8b h2 {font-size:36px; }  } .ld_fancy_heading_69de1c585be8b h2 {margin-bottom:40px !important;  } <\/style><div class=\"ld-fancy-heading standard-page-heading ld_fancy_heading_69de1c585be8b\">\n\t<h2 class=\"ld-fh-element lqd-highlight-underline lqd-highlight-grow-left text-decoration-default\"   >  Wir beantworten Ihre Fragen<\/h2><\/div>[vc_single_image image=&#8221;6659&#8243;]<style>.ld_fancy_heading_69de1c585bfd0 p {margin-bottom:1.5em !important;  } .ld_fancy_heading_69de1c585bfd0 .lqd-highlight-inner{height:0.275em!important;bottom:0px!important;}.ld_fancy_heading_69de1c585bfd0 p {margin-bottom:1.5em !important;  } <\/style><div class=\"ld-fancy-heading ld_fancy_heading_69de1c585bfd0\">\n\t<p class=\"ld-fh-element lqd-highlight-underline lqd-highlight-grow-left text-decoration-default\"   >  Kocher+Beck versteht sich nicht nur als Hersteller von Produkten, sondern auch als L\u00f6sungsanbieter und Probleml\u00f6ser. Aus jahrelanger Erfahrung wissen wir, dass ein Stanzblech nur so gut ist wie die Grundlage, auf der es sich befindet. Mit der zunehmenden Verwendung d\u00fcnnerer Liner wird die Notwendigkeit, enge Toleranzen einzuhalten, zu einer immer h\u00f6heren Priorit\u00e4t.<\/p>\n<p>Wenn Sie unten keine Antworten auf Ihre Fragen finden, k\u00f6nnen Sie uns jederzeit kontaktieren.<\/p><\/div><div class=\"header-module module-button\">\n\t<style>.ld_button_69de1c585c86c.btn-icon-solid .btn-icon{background:rgb(33, 30, 22);}.ld_button_69de1c585c86c.btn-icon-circle.btn-icon-ripple .btn-icon:before{border-color:rgb(33, 30, 22);}.ld_button_69de1c585c86c.btn-icon-solid:hover .btn-icon{background:rgb(212, 40, 47);}.ld_button_69de1c585c86c{background-color:rgb(33, 30, 22);border-color:rgb(33, 30, 22);}.ld_button_69de1c585c86c:hover{background-color:rgb(212, 40, 47);border-color:rgb(212, 40, 47);}.ld_button_69de1c585c86c .btn-gradient-bg-hover{background:-webkit-linear-gradient(to right, rgb(212, 40, 47) 0%, rgb(212, 40, 47) 100%);background:linear-gradient(to right, rgb(212, 40, 47) 0%, rgb(212, 40, 47) 100%);}.ld_button_69de1c585c86c .btn-gradient-border defs stop:first-child{stop-color:rgb(33, 30, 22);}.ld_button_69de1c585c86c .btn-gradient-border defs stop:last-child{stop-color:rgb(33, 30, 22);}.ld_button_69de1c585c86c:hover .btn-gradient-border defs stop:first-child{stop-color:rgb(212, 40, 47);}.ld_button_69de1c585c86c:hover .btn-gradient-border defs stop:last-child{stop-color:rgb(212, 40, 47);}.ld_button_69de1c585c86c {font-size:12px; } .ld_button_69de1c585c86c {font-weight:700; } .ld_button_69de1c585c86c {letter-spacing:0.2em; } .ld_button_69de1c585c86c {font-size:12px; } .ld_button_69de1c585c86c {font-weight:700; } .ld_button_69de1c585c86c {letter-spacing:0.2em; } .ld_button_69de1c585c86c {font-size:12px; } .ld_button_69de1c585c86c {font-weight:700; } .ld_button_69de1c585c86c {letter-spacing:0.2em; } <\/style><a href=\"#\" class=\"btn btn-solid text-uppercase border-none btn-has-label home-application-btn ld_header_button_69de1c585c12b ld_button_69de1c585c86c\" >\n\t<span>\n\t\n\t\t\t\t\t<span class=\"btn-txt\" data-text=\"Wenden Sie sich noch heute an eines unserer Support-Teams\" >Wenden Sie sich noch heute an eines unserer Support-Teams<\/span>\n\t\t\n\t<span class=\"btn-icon\"><i class=\"lqd-icn-ess icon-ion-ios-arrow-forward\"><\/i><\/span>\t\t\t\t<\/span>\n<\/a>\n<\/div>[\/vc_column_inner][\/vc_row_inner][\/vc_column][vc_column enable_pin=&#8221;enable_pin&#8221; offset=&#8221;vc_col-md-offset-1 vc_col-md-3&#8243;]<style>.ld_custom_menu_69de1c585d3e2 > ul > li > a{font-size:16px;font-weight:500;letter-spacing:0.01em;text-transform:uppercase;color:rgb(255, 255, 255);background:rgb(212, 40, 47);}.ld_custom_menu_69de1c585d3e2 > ul > li:not(:last-child){margin-bottom:3px;}.lqd-stickybar > .lqd-head-col > .header-module > .ld_custom_menu_69de1c585d3e2 li{margin-inline-start:3px;}.ld_custom_menu_69de1c585d3e2 > ul > li > a:hover, .ld_custom_menu_69de1c585d3e2 li.is-active > a{color:rgb(255, 255, 255);background:rgb(33, 30, 22);}.ld_custom_menu_69de1c585d3e2 > ul > li .link-icon{color:rgb(255, 255, 255);}.ld_custom_menu_69de1c585d3e2 > ul > li > a:hover .link-icon .link-icon, .ld_custom_menu_69de1c585d3e2 li.is-active .link-icon{color:rgb(255, 255, 255);}<\/style><div\n\tclass=\"lqd-fancy-menu lqd-custom-menu menu-items-has-fill lqd-menu-td-none ld_custom_menu_69de1c585d3e2\"\n\t>\n\n\t<ul class=\"reset-ul\" id=\"ld_custom_menu_69de1c585d3e2\" >\n\t<li><a href=\"\/contact\/\" target=\"_self\"><span class=\"link-icon left-icon icon-next-to-label\"><i class=\"fas fa-phone\"><\/i><\/span> Contact us<\/a><\/li><li><a href=\"#\" target=\"_self\"><span class=\"link-icon left-icon icon-next-to-label\"><i class=\"fas fa-file-download\"><\/i><\/span> Downloads<\/a><\/li>\t<\/ul>\n<\/div>[\/vc_column][\/vc_row][vc_row css=&#8221;.vc_custom_1635172995042{padding-bottom: 60px !important;background-color: #f1f3f5 !important;}&#8221;][vc_column column_top_ontablet=&#8221;yes&#8221; column_top_onmobile=&#8221;yes&#8221; offset=&#8221;vc_col-md-offset-2 vc_col-md-6&#8243; responsive_css=&#8221;margin_bottom_medium:0px&#8221; css=&#8221;.vc_custom_1635171580063{margin-bottom: 35px !important;}&#8221;]<style>.vc_accordion_69de1c585d9cb .accordion-title{font-size:20px;line-height:1.5em;letter-spacing:0px;}.vc_accordion_69de1c585d9cb .accordion-title a{color:rgb(20, 20, 20);}.vc_accordion_69de1c585d9cb .accordion-item.active .accordion-title a{color:rgb(0, 0, 0);}.vc_accordion_69de1c585d9cb .accordion-title a, .vc_accordion_69de1c585d9cb .accordion-item{border-color:rgb(0, 0, 0);}.vc_accordion_69de1c585d9cb .accordion-item.active .accordion-title a, .vc_accordion_69de1c585d9cb .accordion-item.active{border-color:rgb(0, 0, 0);}.vc_accordion_69de1c585d9cb .accordion-item:not(:last-child){margin-bottom:0px;}.vc_accordion_69de1c585d9cb .accordion-expander{color:rgb(212, 40, 47);}.vc_accordion_69de1c585d9cb .accordion-item.active .accordion-expander{color:rgb(212, 40, 47);}<\/style><div class=\"accordion accordion-lg accordion-title-underlined accordion-expander-lg vc_accordion_69de1c585d9cb\" id=\"vc_accordion_69de1c585d9cb\"\n     role=\"tablist\" aria-multiselectable=\"true\">\n\n\t            <div class=\"accordion-item panel  \">\n\n                <div class=\"accordion-heading\" role=\"tab\" id=\"heading_lqd-1635172753534-8384a049-ac75\" data-id=\"lqd-1635172753534-8384a049-ac75\">\n                    <h4 class=\"accordion-title\" data-controls=\"lqd-1635172753534-8384a049-ac75\" tabindex=\"-1\">\n                        <a tabindex=\"0\" class=\"collapsed\" data-toggle=\"collapse\"  data-bs-toggle=\"collapse\"\n                           data-parent=\"#vc_accordion_69de1c585d9cb\" data-bs-parent=\"#vc_accordion_69de1c585d9cb\" href=\"#lqd-1635172753534-8384a049-ac75\" data-bs-target=\"#lqd-1635172753534-8384a049-ac75\"\n                           aria-expanded=\"false\" aria-controls=\"lqd-1635172753534-8384a049-ac75\">\n\n\t\t\t\t\t\t\t\n\t\t\t\t\t\t\tHow much does a Flexible Die cost?\n\t\t\t\t\t\t\t                                <span class=\"accordion-expander\">\n\t\t\t\t\t\t\t\t\t\t\t\t\t\t\t\t\t\t\t<i class=\"lqd-icn-ess icon-ion-ios-add\"><\/i>\n\t\t\t\t\t\t\t\t\t\n\t\t\t\t\t\t\t\t\t\t\t\t\t\t\t\t\t\t\t<i class=\"lqd-icn-ess icon-ion-ios-remove\"><\/i>\n\t\t\t\t\t\t\t\t\t\t\t\t\t\t\t\t\t<\/span>\n\t\t\t\t\t\t\t\n                        <\/a>\n\n                    <\/h4>\n                <\/div>\n\n                <div id=\"lqd-1635172753534-8384a049-ac75\" class=\"accordion-collapse collapse\"\n                    data-bs-parent=\"#vc_accordion_69de1c585d9cb\" role=\"tabpanel\" aria-labelledby=\"heading_lqd-1635172753534-8384a049-ac75\">\n                    <div class=\"accordion-content\">\n\t\t\t\t\t\t<style>.ld_fancy_heading_69de1c585d684 .lqd-highlight-inner{height:0.275em!important;bottom:0px!important;}<\/style><div class=\"ld-fancy-heading ld_fancy_heading_69de1c585d684\">\n\t<p class=\"ld-fh-element lqd-highlight-underline lqd-highlight-grow-left text-decoration-default\"   >  Bei der Betrachtung der Kosten einer Stanzform m\u00fcssen mehrere Faktoren ber\u00fccksichtigt werden, und der erste Ausgangspunkt sind die Kosten des Rohmaterials. Kocher+Beck Stanzbleche werden aus hochwertigem Kohlenstoffstahl hergestellt und dieser Werkstoff unterliegt immer Preisschwankungen der Herstellerwerke, auf die wir keinen Einfluss haben.<\/p>\n<p>Das Design des Stanzblechs beeinflusst den Preis. Wenn die Konstruktion komplex ist, muss sie m\u00f6glicherweise unsere CAD-Abteilung zur Zeichnung und Bearbeitung durchlaufen. Dies f\u00fcgt der Produktionszeit eine weitere Stufe hinzu und erh\u00f6ht letztendlich die Gesamtkosten des Stanzblechs.<\/p>\n<p>Bei Konstruktionen mit quadratischen Ecken, F\u00fcgeradien, Doppelh\u00f6hen, Perforationen und schwer zu bearbeitenden Bereichen dauert die Herstellung des Stanzblechs l\u00e4nger, was auch bei der Kalkulation ber\u00fccksichtigt werden muss.<\/p>\n<p>Die Kocher+Beck-Berater k\u00f6nnen Ihnen zahlreiche Anregungen geben, um die Kosten eines Stanzblechs zu senken. Das Hinzuf\u00fcgen eines leichten Radius zu einer quadratischen Ecke und das Aufteilen eines W\u00fcrfels mit doppelter H\u00f6he in 2 W\u00fcrfel kann helfen, den Preis zu senken.<br \/>\nJe einfacher das Design, desto k\u00fcrzer die Linienl\u00e4nge und die F\u00e4higkeit, in kurzer Zeit zu fertigen, hilft, die Gesamtkosten f\u00fcr die Werkzeuge zu senken. Werkzeuge, die mit sehr engen Toleranzen hergestellt werden m\u00fcssen, wie z. B. IML-Werkzeuge, kosten letztendlich mehr in der Herstellung.<\/p>\n<p>Dasselbe gilt f\u00fcr die Anwendung, f\u00fcr die das Stanzblech verwendet wird. Ist eine spezielle Beschichtung, H\u00e4rtung oder Gl\u00fchung erforderlich? Welches Material wird geschnitten und muss das Stanzblech besonders scharf sein oder eine h\u00f6here Schnitth\u00f6he als die Standardschnitth\u00f6he haben? All dies f\u00fcgt dem Stanzblech einen zus\u00e4tzlichen Herstellungsprozess und somit zus\u00e4tzliche Kosten hinzu.<\/p>\n<p>Im Durchschnitt kann ein Stanzblech von Kocher+Beck zwischen weniger als 60 \u00a3 und mehreren tausend Pfund kosten. Wir von Kocher+Beck sind stets bestrebt, unseren Kunden auf Anhieb ein f\u00fcr Ihre Anwendung passendes und richtiges Qualit\u00e4tsprodukt mit einem guten Preis-Leistungs-Verh\u00e4ltnis zu liefern.<\/p><\/div>                    <\/div>\n                <\/div>\n            <\/div>\n\t\t\t<\/div>[\/vc_column][\/vc_row][vc_row css=&#8221;.vc_custom_1634659626657{background-color: #f1f3f5 !important;}&#8221;][vc_column]<style>.ld_spacer_69de1c585da9d{height:40px;}<\/style>\n<div class=\"ld-empty-space ld_spacer_69de1c585da9d\"><\/div>[\/vc_column][\/vc_row]<\/p>\n","protected":false},"excerpt":{"rendered":"<p>[vc_row bg_position=&#8221;center center&#8221; enable_loading_bg=&#8221;yes&#8221; css=&#8221;.vc_custom_1644492668265{padding-top: 160px !important;padding-bottom: 160px !important;background-image: url(http:\/\/www.kocher-beck.com\/wp-content\/uploads\/2021\/10\/services-hero.jpg?id=747) !important;background-position: 0 0 !important;background-repeat: no-repeat !important;}&#8221; responsive_css=&#8221;padding_right_large:140px|padding_left_large:140px|padding_right_medium:100px|padding_left_medium:100px&#8221;][vc_column enable_content_animation=&#8221;yes&#8221; ca_init_scale_x=&#8221;1&#8243; ca_init_scale_y=&#8221;1&#8243; ca_init_opacity=&#8221;0&#8243; ca_an_scale_x=&#8221;1&#8243; ca_an_scale_y=&#8221;1&#8243; ca_an_opacity=&#8221;1&#8243; offset=&#8221;vc_col-lg-5 vc_col-md-6&#8243; ca_duration=&#8221;1800&#8243; ca_delay=&#8221;180&#8243; ca_init_translate_y=&#8221;45&#8243; ca_init_rotate_z=&#8221;0&#8243;][\/vc_column][\/vc_row][vc_row css=&#8221;.vc_custom_1635172626403{padding-top: 60px !important;padding-bottom: 60px !important;background-color: #f1f3f5 !important;}&#8221;][vc_column column_top_ontablet=&#8221;yes&#8221; column_top_onmobile=&#8221;yes&#8221; offset=&#8221;vc_col-md-offset-0 vc_col-md-8&#8243; responsive_css=&#8221;margin_bottom_medium:0px&#8221; css=&#8221;.vc_custom_1634634346793{margin-bottom: 35px !important;}&#8221;][vc_row_inner content_placement=&#8221;top&#8221; css=&#8221;.vc_custom_1635172794692{margin-bottom: 40px !important;}&#8221;][vc_column_inner width=&#8221;1\/4&#8243;][vc_single_image image=&#8221;1059&#8243;][\/vc_column_inner][vc_column_inner width=&#8221;3\/4&#8243;][vc_single_image image=&#8221;6659&#8243;][\/vc_column_inner][\/vc_row_inner][\/vc_column][vc_column enable_pin=&#8221;enable_pin&#8221; offset=&#8221;vc_col-md-offset-1 [&hellip;]<\/p>\n","protected":false},"author":1,"featured_media":0,"parent":0,"menu_order":0,"comment_status":"closed","ping_status":"closed","template":"","meta":{"_acf_changed":false,"footnotes":""},"class_list":["post-1655","page","type-page","status-publish","hentry"],"acf":[],"yoast_head":"<!-- This site is optimized with the Yoast SEO plugin v27.0 - https:\/\/yoast.com\/product\/yoast-seo-wordpress\/ -->\n<title>Rat - Kocher+Beck<\/title>\n<meta name=\"robots\" content=\"index, follow, max-snippet:-1, max-image-preview:large, max-video-preview:-1\" \/>\n<link rel=\"canonical\" href=\"https:\/\/www.kocher-beck.com\/de\/rat\/\" \/>\n<meta property=\"og:locale\" content=\"de_DE\" \/>\n<meta property=\"og:type\" content=\"article\" \/>\n<meta property=\"og:title\" content=\"Rat - Kocher+Beck\" \/>\n<meta property=\"og:description\" content=\"[vc_row bg_position=&#8221;center center&#8221; enable_loading_bg=&#8221;yes&#8221; css=&#8221;.vc_custom_1644492668265{padding-top: 160px !important;padding-bottom: 160px !important;background-image: url(http:\/\/www.kocher-beck.com\/wp-content\/uploads\/2021\/10\/services-hero.jpg?id=747) !important;background-position: 0 0 !important;background-repeat: no-repeat !important;}&#8221; responsive_css=&#8221;padding_right_large:140px|padding_left_large:140px|padding_right_medium:100px|padding_left_medium:100px&#8221;][vc_column enable_content_animation=&#8221;yes&#8221; ca_init_scale_x=&#8221;1&#8243; ca_init_scale_y=&#8221;1&#8243; ca_init_opacity=&#8221;0&#8243; ca_an_scale_x=&#8221;1&#8243; ca_an_scale_y=&#8221;1&#8243; ca_an_opacity=&#8221;1&#8243; offset=&#8221;vc_col-lg-5 vc_col-md-6&#8243; ca_duration=&#8221;1800&#8243; ca_delay=&#8221;180&#8243; ca_init_translate_y=&#8221;45&#8243; ca_init_rotate_z=&#8221;0&#8243;][\/vc_column][\/vc_row][vc_row css=&#8221;.vc_custom_1635172626403{padding-top: 60px !important;padding-bottom: 60px !important;background-color: #f1f3f5 !important;}&#8221;][vc_column column_top_ontablet=&#8221;yes&#8221; column_top_onmobile=&#8221;yes&#8221; offset=&#8221;vc_col-md-offset-0 vc_col-md-8&#8243; responsive_css=&#8221;margin_bottom_medium:0px&#8221; css=&#8221;.vc_custom_1634634346793{margin-bottom: 35px !important;}&#8221;][vc_row_inner content_placement=&#8221;top&#8221; css=&#8221;.vc_custom_1635172794692{margin-bottom: 40px !important;}&#8221;][vc_column_inner width=&#8221;1\/4&#8243;][vc_single_image image=&#8221;1059&#8243;][\/vc_column_inner][vc_column_inner width=&#8221;3\/4&#8243;][vc_single_image image=&#8221;6659&#8243;][\/vc_column_inner][\/vc_row_inner][\/vc_column][vc_column enable_pin=&#8221;enable_pin&#8221; offset=&#8221;vc_col-md-offset-1 [&hellip;]\" \/>\n<meta property=\"og:url\" content=\"https:\/\/www.kocher-beck.com\/de\/rat\/\" \/>\n<meta property=\"og:site_name\" content=\"Kocher+Beck\" \/>\n<meta property=\"article:modified_time\" content=\"2022-05-30T11:19:22+00:00\" \/>\n<meta name=\"twitter:card\" content=\"summary_large_image\" \/>\n<meta name=\"twitter:label1\" content=\"Gesch\u00e4tzte Lesezeit\" \/>\n\t<meta name=\"twitter:data1\" content=\"3\u00a0Minuten\" \/>\n<script type=\"application\/ld+json\" class=\"yoast-schema-graph\">{\"@context\":\"https:\/\/schema.org\",\"@graph\":[{\"@type\":\"WebPage\",\"@id\":\"https:\/\/www.kocher-beck.com\/de\/rat\/\",\"url\":\"https:\/\/www.kocher-beck.com\/de\/rat\/\",\"name\":\"Rat - Kocher+Beck\",\"isPartOf\":{\"@id\":\"https:\/\/www.kocher-beck.com\/de\/#website\"},\"datePublished\":\"2021-10-25T13:54:39+00:00\",\"dateModified\":\"2022-05-30T11:19:22+00:00\",\"breadcrumb\":{\"@id\":\"https:\/\/www.kocher-beck.com\/de\/rat\/#breadcrumb\"},\"inLanguage\":\"de\",\"potentialAction\":[{\"@type\":\"ReadAction\",\"target\":[\"https:\/\/www.kocher-beck.com\/de\/rat\/\"]}]},{\"@type\":\"BreadcrumbList\",\"@id\":\"https:\/\/www.kocher-beck.com\/de\/rat\/#breadcrumb\",\"itemListElement\":[{\"@type\":\"ListItem\",\"position\":1,\"name\":\"Home\",\"item\":\"https:\/\/www.kocher-beck.com\/de\/\"},{\"@type\":\"ListItem\",\"position\":2,\"name\":\"Rat\"}]},{\"@type\":\"WebSite\",\"@id\":\"https:\/\/www.kocher-beck.com\/de\/#website\",\"url\":\"https:\/\/www.kocher-beck.com\/de\/\",\"name\":\"Kocher+Beck\",\"description\":\"\",\"potentialAction\":[{\"@type\":\"SearchAction\",\"target\":{\"@type\":\"EntryPoint\",\"urlTemplate\":\"https:\/\/www.kocher-beck.com\/de\/?s={search_term_string}\"},\"query-input\":{\"@type\":\"PropertyValueSpecification\",\"valueRequired\":true,\"valueName\":\"search_term_string\"}}],\"inLanguage\":\"de\"}]}<\/script>\n<!-- \/ Yoast SEO plugin. -->","yoast_head_json":{"title":"Rat - Kocher+Beck","robots":{"index":"index","follow":"follow","max-snippet":"max-snippet:-1","max-image-preview":"max-image-preview:large","max-video-preview":"max-video-preview:-1"},"canonical":"https:\/\/www.kocher-beck.com\/de\/rat\/","og_locale":"de_DE","og_type":"article","og_title":"Rat - Kocher+Beck","og_description":"[vc_row bg_position=&#8221;center center&#8221; enable_loading_bg=&#8221;yes&#8221; css=&#8221;.vc_custom_1644492668265{padding-top: 160px !important;padding-bottom: 160px !important;background-image: url(http:\/\/www.kocher-beck.com\/wp-content\/uploads\/2021\/10\/services-hero.jpg?id=747) !important;background-position: 0 0 !important;background-repeat: no-repeat !important;}&#8221; responsive_css=&#8221;padding_right_large:140px|padding_left_large:140px|padding_right_medium:100px|padding_left_medium:100px&#8221;][vc_column enable_content_animation=&#8221;yes&#8221; ca_init_scale_x=&#8221;1&#8243; ca_init_scale_y=&#8221;1&#8243; ca_init_opacity=&#8221;0&#8243; ca_an_scale_x=&#8221;1&#8243; ca_an_scale_y=&#8221;1&#8243; ca_an_opacity=&#8221;1&#8243; offset=&#8221;vc_col-lg-5 vc_col-md-6&#8243; ca_duration=&#8221;1800&#8243; ca_delay=&#8221;180&#8243; ca_init_translate_y=&#8221;45&#8243; ca_init_rotate_z=&#8221;0&#8243;][\/vc_column][\/vc_row][vc_row css=&#8221;.vc_custom_1635172626403{padding-top: 60px !important;padding-bottom: 60px !important;background-color: #f1f3f5 !important;}&#8221;][vc_column column_top_ontablet=&#8221;yes&#8221; column_top_onmobile=&#8221;yes&#8221; offset=&#8221;vc_col-md-offset-0 vc_col-md-8&#8243; responsive_css=&#8221;margin_bottom_medium:0px&#8221; css=&#8221;.vc_custom_1634634346793{margin-bottom: 35px !important;}&#8221;][vc_row_inner content_placement=&#8221;top&#8221; css=&#8221;.vc_custom_1635172794692{margin-bottom: 40px !important;}&#8221;][vc_column_inner width=&#8221;1\/4&#8243;][vc_single_image image=&#8221;1059&#8243;][\/vc_column_inner][vc_column_inner width=&#8221;3\/4&#8243;][vc_single_image image=&#8221;6659&#8243;][\/vc_column_inner][\/vc_row_inner][\/vc_column][vc_column enable_pin=&#8221;enable_pin&#8221; offset=&#8221;vc_col-md-offset-1 [&hellip;]","og_url":"https:\/\/www.kocher-beck.com\/de\/rat\/","og_site_name":"Kocher+Beck","article_modified_time":"2022-05-30T11:19:22+00:00","twitter_card":"summary_large_image","twitter_misc":{"Gesch\u00e4tzte Lesezeit":"3\u00a0Minuten"},"schema":{"@context":"https:\/\/schema.org","@graph":[{"@type":"WebPage","@id":"https:\/\/www.kocher-beck.com\/de\/rat\/","url":"https:\/\/www.kocher-beck.com\/de\/rat\/","name":"Rat - Kocher+Beck","isPartOf":{"@id":"https:\/\/www.kocher-beck.com\/de\/#website"},"datePublished":"2021-10-25T13:54:39+00:00","dateModified":"2022-05-30T11:19:22+00:00","breadcrumb":{"@id":"https:\/\/www.kocher-beck.com\/de\/rat\/#breadcrumb"},"inLanguage":"de","potentialAction":[{"@type":"ReadAction","target":["https:\/\/www.kocher-beck.com\/de\/rat\/"]}]},{"@type":"BreadcrumbList","@id":"https:\/\/www.kocher-beck.com\/de\/rat\/#breadcrumb","itemListElement":[{"@type":"ListItem","position":1,"name":"Home","item":"https:\/\/www.kocher-beck.com\/de\/"},{"@type":"ListItem","position":2,"name":"Rat"}]},{"@type":"WebSite","@id":"https:\/\/www.kocher-beck.com\/de\/#website","url":"https:\/\/www.kocher-beck.com\/de\/","name":"Kocher+Beck","description":"","potentialAction":[{"@type":"SearchAction","target":{"@type":"EntryPoint","urlTemplate":"https:\/\/www.kocher-beck.com\/de\/?s={search_term_string}"},"query-input":{"@type":"PropertyValueSpecification","valueRequired":true,"valueName":"search_term_string"}}],"inLanguage":"de"}]}},"_links":{"self":[{"href":"https:\/\/www.kocher-beck.com\/de\/wp-json\/wp\/v2\/pages\/1655","targetHints":{"allow":["GET"]}}],"collection":[{"href":"https:\/\/www.kocher-beck.com\/de\/wp-json\/wp\/v2\/pages"}],"about":[{"href":"https:\/\/www.kocher-beck.com\/de\/wp-json\/wp\/v2\/types\/page"}],"author":[{"embeddable":true,"href":"https:\/\/www.kocher-beck.com\/de\/wp-json\/wp\/v2\/users\/1"}],"replies":[{"embeddable":true,"href":"https:\/\/www.kocher-beck.com\/de\/wp-json\/wp\/v2\/comments?post=1655"}],"version-history":[{"count":32,"href":"https:\/\/www.kocher-beck.com\/de\/wp-json\/wp\/v2\/pages\/1655\/revisions"}],"predecessor-version":[{"id":6947,"href":"https:\/\/www.kocher-beck.com\/de\/wp-json\/wp\/v2\/pages\/1655\/revisions\/6947"}],"wp:attachment":[{"href":"https:\/\/www.kocher-beck.com\/de\/wp-json\/wp\/v2\/media?parent=1655"}],"curies":[{"name":"wp","href":"https:\/\/api.w.org\/{rel}","templated":true}]}}