{"id":1703,"date":"2021-10-19T10:22:02","date_gmt":"2021-10-19T09:22:02","guid":{"rendered":"https:\/\/www.kocher-beck.com\/gesundheitspflege\/"},"modified":"2022-08-18T12:55:45","modified_gmt":"2022-08-18T11:55:45","slug":"gesundheitspflege","status":"publish","type":"page","link":"https:\/\/www.kocher-beck.com\/de\/gesundheitspflege\/","title":{"rendered":"Special Converting \/ Verpackung"},"content":{"rendered":"<p>[vc_row bg_position=&#8221;center center&#8221; enable_loading_bg=&#8221;yes&#8221; css=&#8221;.vc_custom_1644495679921{padding-top: 160px !important;padding-bottom: 160px !important;background-image: url(http:\/\/www.kocher-beck.com\/wp-content\/uploads\/2021\/10\/healthcare-hero.jpg?id=654) !important;background-position: 0 0 !important;background-repeat: no-repeat !important;}&#8221; responsive_css=&#8221;padding_right_large:140px|padding_left_large:140px|padding_right_medium:100px|padding_left_medium:100px&#8221;][vc_column enable_content_animation=&#8221;yes&#8221; ca_init_scale_x=&#8221;1&#8243; ca_init_scale_y=&#8221;1&#8243; ca_init_opacity=&#8221;0&#8243; ca_an_scale_x=&#8221;1&#8243; ca_an_scale_y=&#8221;1&#8243; ca_an_opacity=&#8221;1&#8243; offset=&#8221;vc_col-md-6&#8243; ca_duration=&#8221;1800&#8243; ca_delay=&#8221;180&#8243; ca_init_translate_y=&#8221;45&#8243; ca_init_rotate_z=&#8221;0&#8243;]<style>.ld_fancy_heading_69ddea38c0cac h1{color:rgb(255, 255, 255);}.ld_fancy_heading_69ddea38c0cac h1 {font-size:36px; } @media (min-width: 768px) { .ld_fancy_heading_69ddea38c0cac h1 {font-size:48px; }  } @media (min-width: 992px) { .ld_fancy_heading_69ddea38c0cac h1 {font-size:60px; }  } .ld_fancy_heading_69ddea38c0cac .lqd-highlight-inner{height:0.275em!important;bottom:0px!important;}.ld_fancy_heading_69ddea38c0cac h1 {font-size:36px; } @media (min-width: 768px) { .ld_fancy_heading_69ddea38c0cac h1 {font-size:48px; }  } @media (min-width: 992px) { .ld_fancy_heading_69ddea38c0cac h1 {font-size:60px; }  } <\/style><div class=\"ld-fancy-heading text-uppercase standard-hero-heading ld_fancy_heading_69ddea38c0cac\">\n\t<h1 class=\"ld-fh-element lqd-highlight-underline lqd-highlight-grow-left text-decoration-default lqd-split-lines\"   data-split-text=\"true\" data-split-options='{\"type\":\"lines\"}'>  Special Converting \/ Verpackung<\/h1><\/div>[\/vc_column][\/vc_row][vc_row css=&#8221;.vc_custom_1633438304312{padding-top: 60px !important;padding-bottom: 60px !important;background-color: #f1f3f5 !important;}&#8221;][vc_column column_top_ontablet=&#8221;yes&#8221; column_top_onmobile=&#8221;yes&#8221; offset=&#8221;vc_col-md-offset-0 vc_col-md-8&#8243; responsive_css=&#8221;margin_bottom_medium:0px&#8221; css=&#8221;.vc_custom_1634634346793{margin-bottom: 35px !important;}&#8221;]<style>.ld_fancy_heading_69ddea38c0eec h2{color:rgb(33, 30, 22);}.ld_fancy_heading_69ddea38c0eec h2 {font-size:24px; } @media (min-width: 768px) { .ld_fancy_heading_69ddea38c0eec h2 {font-size:36px; }  } .ld_fancy_heading_69ddea38c0eec h2 {margin-bottom:40px !important;  } .ld_fancy_heading_69ddea38c0eec .lqd-highlight-inner{height:0.275em!important;bottom:0px!important;}.ld_fancy_heading_69ddea38c0eec h2 {font-size:24px; } @media (min-width: 768px) { .ld_fancy_heading_69ddea38c0eec h2 {font-size:36px; }  } .ld_fancy_heading_69ddea38c0eec h2 {margin-bottom:40px !important;  } <\/style><div class=\"ld-fancy-heading standard-page-heading ld_fancy_heading_69ddea38c0eec\">\n\t<h2 class=\"ld-fh-element lqd-highlight-underline lqd-highlight-grow-left text-decoration-default\"   >  Werkzeuge und Ausr\u00fcstung f\u00fcr Spezialanwendungen in Medizin, Hygiene und Industrie.<\/h2><\/div><style>.ld_fancy_heading_69ddea38c1023 p {margin-bottom:1.5em !important;  } .ld_fancy_heading_69ddea38c1023 .lqd-highlight-inner{height:0.275em!important;bottom:0px!important;}.ld_fancy_heading_69ddea38c1023 p {margin-bottom:1.5em !important;  } <\/style><div class=\"ld-fancy-heading ld_fancy_heading_69ddea38c1023\">\n\t<p class=\"ld-fh-element lqd-highlight-underline lqd-highlight-grow-left text-decoration-default\"   >  Mit der Unterst\u00fctzung, der Erfahrung und dem Wissen von Kocher+Beck kann eine Vielzahl von Produkten in diesen Branchen hergestellt werden.<\/p>\n<p>Von Dichtungen und Verschl\u00fcssen, Sch\u00fcrzen und Gesichtsmasken bis hin zu Sandwichverpackungen und medizinischen Produkten. Hinzu kommen Sicherheitsdrucke, Pr\u00e4gungen und Produkte mit Blindenschrift.<\/p>\n<p>Die Werkzeuge von Kocher+Beck k\u00f6nnen individuell auf den f\u00fcr Ihre Anwendung ben\u00f6tigten Werkstoff gefertigt werden, zum Beispiel f\u00fcr metallische Materialien, Textil, Nonwoven und Kunststoff.<\/p>\n<p>Ob hochpr\u00e4zises Rillen, Ritzen, Konturschneiden, Schneiden oder Automatisierung, Kocher+Beck findet gemeinsam mit Ihnen die richtige L\u00f6sung.<\/p><\/div>[vc_row_inner css=&#8221;.vc_custom_1644408368452{margin-top: 80px !important;}&#8221;][vc_column_inner]<style>.ld_custom_menu_69ddea38c1168 > ul > li > a{font-size:16px;font-weight:500;letter-spacing:0.01em;text-transform:uppercase;color:rgb(255, 255, 255);background:rgb(58, 52, 41);}.ld_custom_menu_69ddea38c1168{margin-inline-start:-3px;margin-inline-end:-3px;}.ld_custom_menu_69ddea38c1168 li{margin-inline-start:3px;margin-inline-end:3px;}.lqd-stickybar > .lqd-head-col > .header-module > .ld_custom_menu_69ddea38c1168 li{margin-top:3px;margin-bottom:3px;}.ld_custom_menu_69ddea38c1168 > ul > li > a:hover, .ld_custom_menu_69ddea38c1168 li.is-active > a{color:rgb(255, 255, 255);background:rgb(58, 52, 41);}.ld_custom_menu_69ddea38c1168 > ul > li .link-icon{color:rgb(255, 255, 255);}.ld_custom_menu_69ddea38c1168 > ul > li > a:hover .link-icon .link-icon, .ld_custom_menu_69ddea38c1168 li.is-active .link-icon{color:rgb(212, 40, 47);}<\/style><div\n\tclass=\"lqd-fancy-menu lqd-custom-menu menu-items-has-fill lqd-menu-td-none scp-product-menu-buttons ld_custom_menu_69ddea38c1168\"\n\t>\n\n<ul id=\"ld_custom_menu_69ddea38c1168\" class=\"reset-ul inline-nav  \" ><li id=\"menu-item-7027\" class=\"menu-item menu-item-type-post_type menu-item-object-page menu-item-7027\"><a href=\"https:\/\/www.kocher-beck.com\/de\/stanzstationen\/\"><span class=\"link-icon d-inline-flex hide-if-empty left-icon\"><i class=\"lqd-icn-ess icon-ion-ios-add\"><\/i><\/span>Stanzaggregate<\/a><\/li>\n<li id=\"menu-item-7028\" class=\"menu-item menu-item-type-post_type menu-item-object-page menu-item-7028\"><a href=\"https:\/\/www.kocher-beck.com\/de\/flexible-formen\/\"><span class=\"link-icon d-inline-flex hide-if-empty left-icon\"><i class=\"lqd-icn-ess icon-ion-ios-add\"><\/i><\/span>Stanzbleche<\/a><\/li>\n<li id=\"menu-item-7029\" class=\"menu-item menu-item-type-post_type menu-item-object-page menu-item-7029\"><a href=\"https:\/\/www.kocher-beck.com\/de\/gapmaster\/\"><span class=\"link-icon d-inline-flex hide-if-empty left-icon\"><i class=\"lqd-icn-ess icon-ion-ios-add\"><\/i><\/span>GapMaster + KMS<\/a><\/li>\n<li id=\"menu-item-7030\" class=\"menu-item menu-item-type-post_type menu-item-object-page menu-item-7030\"><a href=\"https:\/\/www.kocher-beck.com\/de\/rotationswerkzeuge-magnetzylinder\/\"><span class=\"link-icon d-inline-flex hide-if-empty left-icon\"><i class=\"lqd-icn-ess icon-ion-ios-add\"><\/i><\/span>Rotationswerkzeuge + Magnetzylinder<\/a><\/li>\n<li id=\"menu-item-7031\" class=\"menu-item menu-item-type-post_type menu-item-object-page menu-item-7031\"><a href=\"https:\/\/www.kocher-beck.com\/de\/wickeltechnik\/\"><span class=\"link-icon d-inline-flex hide-if-empty left-icon\"><i class=\"lqd-icn-ess icon-ion-ios-add\"><\/i><\/span>Wickeltechnik<\/a><\/li>\n<\/ul><\/div>[\/vc_column_inner][\/vc_row_inner][\/vc_column][vc_column offset=&#8221;vc_col-md-offset-1 vc_col-md-3&#8243;]<style>.ld_custom_menu_69ddea38c31ad > ul > li > a{font-size:16px;font-weight:500;letter-spacing:0.01em;text-transform:uppercase;color:rgb(255, 255, 255);background:rgb(58, 52, 41);}.ld_custom_menu_69ddea38c31ad > ul > li:not(:last-child){margin-bottom:3px;}.lqd-stickybar > .lqd-head-col > .header-module > .ld_custom_menu_69ddea38c31ad li{margin-inline-start:3px;}.ld_custom_menu_69ddea38c31ad > ul > li > a:hover, .ld_custom_menu_69ddea38c31ad li.is-active > a{color:rgb(255, 255, 255);background:rgb(212, 40, 47);}.ld_custom_menu_69ddea38c31ad > ul > li .link-icon{color:rgb(212, 40, 47);}.ld_custom_menu_69ddea38c31ad > ul > li > a:hover .link-icon .link-icon, .ld_custom_menu_69ddea38c31ad li.is-active .link-icon{color:rgb(255, 255, 255);}<\/style><div\n\tclass=\"lqd-fancy-menu lqd-custom-menu menu-items-has-fill lqd-menu-td-none application-product-menu ld_custom_menu_69ddea38c31ad\"\n\t>\n\n<ul id=\"ld_custom_menu_69ddea38c31ad\" class=\"reset-ul   \" ><li id=\"menu-item-4524\" class=\"menu-item menu-item-type-custom menu-item-object-custom menu-item-4524\"><a href=\"\/de\/kontakt-deutschland\/\"><span class=\"link-icon d-inline-flex hide-if-empty left-icon\"><i class=\"lqd-icn-ess icon-ion-ios-add\"><\/i><\/span>Kontakt<\/a><\/li>\n<\/ul><\/div>[\/vc_column][\/vc_row][vc_row css=&#8221;.vc_custom_1634286167305{background-color: #f1f3f5 !important;}&#8221;][vc_column offset=&#8221;vc_col-md-12&#8243;]<style>.ld_spacer_69ddea38c3e78{height:40px;}<\/style>\n<div class=\"ld-empty-space ld_spacer_69ddea38c3e78\"><\/div>[\/vc_column][\/vc_row]<\/p>\n","protected":false},"excerpt":{"rendered":"<p>[vc_row bg_position=&#8221;center center&#8221; enable_loading_bg=&#8221;yes&#8221; css=&#8221;.vc_custom_1644495679921{padding-top: 160px !important;padding-bottom: 160px !important;background-image: url(http:\/\/www.kocher-beck.com\/wp-content\/uploads\/2021\/10\/healthcare-hero.jpg?id=654) !important;background-position: 0 0 !important;background-repeat: no-repeat !important;}&#8221; responsive_css=&#8221;padding_right_large:140px|padding_left_large:140px|padding_right_medium:100px|padding_left_medium:100px&#8221;][vc_column enable_content_animation=&#8221;yes&#8221; ca_init_scale_x=&#8221;1&#8243; ca_init_scale_y=&#8221;1&#8243; ca_init_opacity=&#8221;0&#8243; ca_an_scale_x=&#8221;1&#8243; ca_an_scale_y=&#8221;1&#8243; ca_an_opacity=&#8221;1&#8243; offset=&#8221;vc_col-md-6&#8243; ca_duration=&#8221;1800&#8243; ca_delay=&#8221;180&#8243; ca_init_translate_y=&#8221;45&#8243; ca_init_rotate_z=&#8221;0&#8243;][\/vc_column][\/vc_row][vc_row css=&#8221;.vc_custom_1633438304312{padding-top: 60px !important;padding-bottom: 60px !important;background-color: #f1f3f5 !important;}&#8221;][vc_column column_top_ontablet=&#8221;yes&#8221; column_top_onmobile=&#8221;yes&#8221; offset=&#8221;vc_col-md-offset-0 vc_col-md-8&#8243; responsive_css=&#8221;margin_bottom_medium:0px&#8221; css=&#8221;.vc_custom_1634634346793{margin-bottom: 35px !important;}&#8221;][vc_row_inner css=&#8221;.vc_custom_1644408368452{margin-top: 80px !important;}&#8221;][vc_column_inner][\/vc_column_inner][\/vc_row_inner][\/vc_column][vc_column offset=&#8221;vc_col-md-offset-1 vc_col-md-3&#8243;][\/vc_column][\/vc_row][vc_row css=&#8221;.vc_custom_1634286167305{background-color: #f1f3f5 !important;}&#8221;][vc_column offset=&#8221;vc_col-md-12&#8243;][\/vc_column][\/vc_row]<\/p>\n","protected":false},"author":1,"featured_media":0,"parent":0,"menu_order":0,"comment_status":"closed","ping_status":"closed","template":"","meta":{"_acf_changed":false,"footnotes":""},"class_list":["post-1703","page","type-page","status-publish","hentry"],"acf":[],"yoast_head":"<!-- This site is optimized with the Yoast SEO plugin v27.0 - https:\/\/yoast.com\/product\/yoast-seo-wordpress\/ -->\n<title>Special Converting \/ Verpackung - Kocher+Beck<\/title>\n<meta name=\"robots\" content=\"index, follow, max-snippet:-1, max-image-preview:large, max-video-preview:-1\" \/>\n<link rel=\"canonical\" href=\"https:\/\/www.kocher-beck.com\/de\/gesundheitspflege\/\" \/>\n<meta property=\"og:locale\" content=\"de_DE\" \/>\n<meta property=\"og:type\" content=\"article\" \/>\n<meta property=\"og:title\" content=\"Special Converting \/ Verpackung - Kocher+Beck\" \/>\n<meta property=\"og:description\" content=\"[vc_row bg_position=&#8221;center center&#8221; enable_loading_bg=&#8221;yes&#8221; css=&#8221;.vc_custom_1644495679921{padding-top: 160px !important;padding-bottom: 160px !important;background-image: url(http:\/\/www.kocher-beck.com\/wp-content\/uploads\/2021\/10\/healthcare-hero.jpg?id=654) !important;background-position: 0 0 !important;background-repeat: no-repeat !important;}&#8221; responsive_css=&#8221;padding_right_large:140px|padding_left_large:140px|padding_right_medium:100px|padding_left_medium:100px&#8221;][vc_column enable_content_animation=&#8221;yes&#8221; ca_init_scale_x=&#8221;1&#8243; ca_init_scale_y=&#8221;1&#8243; ca_init_opacity=&#8221;0&#8243; ca_an_scale_x=&#8221;1&#8243; ca_an_scale_y=&#8221;1&#8243; ca_an_opacity=&#8221;1&#8243; offset=&#8221;vc_col-md-6&#8243; ca_duration=&#8221;1800&#8243; ca_delay=&#8221;180&#8243; ca_init_translate_y=&#8221;45&#8243; ca_init_rotate_z=&#8221;0&#8243;][\/vc_column][\/vc_row][vc_row css=&#8221;.vc_custom_1633438304312{padding-top: 60px !important;padding-bottom: 60px !important;background-color: #f1f3f5 !important;}&#8221;][vc_column column_top_ontablet=&#8221;yes&#8221; column_top_onmobile=&#8221;yes&#8221; offset=&#8221;vc_col-md-offset-0 vc_col-md-8&#8243; responsive_css=&#8221;margin_bottom_medium:0px&#8221; css=&#8221;.vc_custom_1634634346793{margin-bottom: 35px !important;}&#8221;][vc_row_inner css=&#8221;.vc_custom_1644408368452{margin-top: 80px !important;}&#8221;][vc_column_inner][\/vc_column_inner][\/vc_row_inner][\/vc_column][vc_column offset=&#8221;vc_col-md-offset-1 vc_col-md-3&#8243;][\/vc_column][\/vc_row][vc_row css=&#8221;.vc_custom_1634286167305{background-color: #f1f3f5 !important;}&#8221;][vc_column offset=&#8221;vc_col-md-12&#8243;][\/vc_column][\/vc_row]\" \/>\n<meta property=\"og:url\" content=\"https:\/\/www.kocher-beck.com\/de\/gesundheitspflege\/\" \/>\n<meta property=\"og:site_name\" content=\"Kocher+Beck\" \/>\n<meta property=\"article:modified_time\" content=\"2022-08-18T11:55:45+00:00\" \/>\n<meta name=\"twitter:card\" content=\"summary_large_image\" \/>\n<meta name=\"twitter:label1\" content=\"Gesch\u00e4tzte Lesezeit\" \/>\n\t<meta name=\"twitter:data1\" content=\"2\u00a0Minuten\" \/>\n<script type=\"application\/ld+json\" class=\"yoast-schema-graph\">{\"@context\":\"https:\/\/schema.org\",\"@graph\":[{\"@type\":\"WebPage\",\"@id\":\"https:\/\/www.kocher-beck.com\/de\/gesundheitspflege\/\",\"url\":\"https:\/\/www.kocher-beck.com\/de\/gesundheitspflege\/\",\"name\":\"Special Converting \/ Verpackung - Kocher+Beck\",\"isPartOf\":{\"@id\":\"https:\/\/www.kocher-beck.com\/de\/#website\"},\"datePublished\":\"2021-10-19T09:22:02+00:00\",\"dateModified\":\"2022-08-18T11:55:45+00:00\",\"breadcrumb\":{\"@id\":\"https:\/\/www.kocher-beck.com\/de\/gesundheitspflege\/#breadcrumb\"},\"inLanguage\":\"de\",\"potentialAction\":[{\"@type\":\"ReadAction\",\"target\":[\"https:\/\/www.kocher-beck.com\/de\/gesundheitspflege\/\"]}]},{\"@type\":\"BreadcrumbList\",\"@id\":\"https:\/\/www.kocher-beck.com\/de\/gesundheitspflege\/#breadcrumb\",\"itemListElement\":[{\"@type\":\"ListItem\",\"position\":1,\"name\":\"Home\",\"item\":\"https:\/\/www.kocher-beck.com\/de\/\"},{\"@type\":\"ListItem\",\"position\":2,\"name\":\"Special Converting \/ Verpackung\"}]},{\"@type\":\"WebSite\",\"@id\":\"https:\/\/www.kocher-beck.com\/de\/#website\",\"url\":\"https:\/\/www.kocher-beck.com\/de\/\",\"name\":\"Kocher+Beck\",\"description\":\"\",\"potentialAction\":[{\"@type\":\"SearchAction\",\"target\":{\"@type\":\"EntryPoint\",\"urlTemplate\":\"https:\/\/www.kocher-beck.com\/de\/?s={search_term_string}\"},\"query-input\":{\"@type\":\"PropertyValueSpecification\",\"valueRequired\":true,\"valueName\":\"search_term_string\"}}],\"inLanguage\":\"de\"}]}<\/script>\n<!-- \/ Yoast SEO plugin. -->","yoast_head_json":{"title":"Special Converting \/ Verpackung - Kocher+Beck","robots":{"index":"index","follow":"follow","max-snippet":"max-snippet:-1","max-image-preview":"max-image-preview:large","max-video-preview":"max-video-preview:-1"},"canonical":"https:\/\/www.kocher-beck.com\/de\/gesundheitspflege\/","og_locale":"de_DE","og_type":"article","og_title":"Special Converting \/ Verpackung - Kocher+Beck","og_description":"[vc_row bg_position=&#8221;center center&#8221; enable_loading_bg=&#8221;yes&#8221; css=&#8221;.vc_custom_1644495679921{padding-top: 160px !important;padding-bottom: 160px !important;background-image: url(http:\/\/www.kocher-beck.com\/wp-content\/uploads\/2021\/10\/healthcare-hero.jpg?id=654) !important;background-position: 0 0 !important;background-repeat: no-repeat !important;}&#8221; responsive_css=&#8221;padding_right_large:140px|padding_left_large:140px|padding_right_medium:100px|padding_left_medium:100px&#8221;][vc_column enable_content_animation=&#8221;yes&#8221; ca_init_scale_x=&#8221;1&#8243; ca_init_scale_y=&#8221;1&#8243; ca_init_opacity=&#8221;0&#8243; ca_an_scale_x=&#8221;1&#8243; ca_an_scale_y=&#8221;1&#8243; ca_an_opacity=&#8221;1&#8243; offset=&#8221;vc_col-md-6&#8243; ca_duration=&#8221;1800&#8243; ca_delay=&#8221;180&#8243; ca_init_translate_y=&#8221;45&#8243; ca_init_rotate_z=&#8221;0&#8243;][\/vc_column][\/vc_row][vc_row css=&#8221;.vc_custom_1633438304312{padding-top: 60px !important;padding-bottom: 60px !important;background-color: #f1f3f5 !important;}&#8221;][vc_column column_top_ontablet=&#8221;yes&#8221; column_top_onmobile=&#8221;yes&#8221; offset=&#8221;vc_col-md-offset-0 vc_col-md-8&#8243; responsive_css=&#8221;margin_bottom_medium:0px&#8221; css=&#8221;.vc_custom_1634634346793{margin-bottom: 35px !important;}&#8221;][vc_row_inner css=&#8221;.vc_custom_1644408368452{margin-top: 80px !important;}&#8221;][vc_column_inner][\/vc_column_inner][\/vc_row_inner][\/vc_column][vc_column offset=&#8221;vc_col-md-offset-1 vc_col-md-3&#8243;][\/vc_column][\/vc_row][vc_row css=&#8221;.vc_custom_1634286167305{background-color: #f1f3f5 !important;}&#8221;][vc_column offset=&#8221;vc_col-md-12&#8243;][\/vc_column][\/vc_row]","og_url":"https:\/\/www.kocher-beck.com\/de\/gesundheitspflege\/","og_site_name":"Kocher+Beck","article_modified_time":"2022-08-18T11:55:45+00:00","twitter_card":"summary_large_image","twitter_misc":{"Gesch\u00e4tzte Lesezeit":"2\u00a0Minuten"},"schema":{"@context":"https:\/\/schema.org","@graph":[{"@type":"WebPage","@id":"https:\/\/www.kocher-beck.com\/de\/gesundheitspflege\/","url":"https:\/\/www.kocher-beck.com\/de\/gesundheitspflege\/","name":"Special Converting \/ Verpackung - Kocher+Beck","isPartOf":{"@id":"https:\/\/www.kocher-beck.com\/de\/#website"},"datePublished":"2021-10-19T09:22:02+00:00","dateModified":"2022-08-18T11:55:45+00:00","breadcrumb":{"@id":"https:\/\/www.kocher-beck.com\/de\/gesundheitspflege\/#breadcrumb"},"inLanguage":"de","potentialAction":[{"@type":"ReadAction","target":["https:\/\/www.kocher-beck.com\/de\/gesundheitspflege\/"]}]},{"@type":"BreadcrumbList","@id":"https:\/\/www.kocher-beck.com\/de\/gesundheitspflege\/#breadcrumb","itemListElement":[{"@type":"ListItem","position":1,"name":"Home","item":"https:\/\/www.kocher-beck.com\/de\/"},{"@type":"ListItem","position":2,"name":"Special Converting \/ Verpackung"}]},{"@type":"WebSite","@id":"https:\/\/www.kocher-beck.com\/de\/#website","url":"https:\/\/www.kocher-beck.com\/de\/","name":"Kocher+Beck","description":"","potentialAction":[{"@type":"SearchAction","target":{"@type":"EntryPoint","urlTemplate":"https:\/\/www.kocher-beck.com\/de\/?s={search_term_string}"},"query-input":{"@type":"PropertyValueSpecification","valueRequired":true,"valueName":"search_term_string"}}],"inLanguage":"de"}]}},"_links":{"self":[{"href":"https:\/\/www.kocher-beck.com\/de\/wp-json\/wp\/v2\/pages\/1703","targetHints":{"allow":["GET"]}}],"collection":[{"href":"https:\/\/www.kocher-beck.com\/de\/wp-json\/wp\/v2\/pages"}],"about":[{"href":"https:\/\/www.kocher-beck.com\/de\/wp-json\/wp\/v2\/types\/page"}],"author":[{"embeddable":true,"href":"https:\/\/www.kocher-beck.com\/de\/wp-json\/wp\/v2\/users\/1"}],"replies":[{"embeddable":true,"href":"https:\/\/www.kocher-beck.com\/de\/wp-json\/wp\/v2\/comments?post=1703"}],"version-history":[{"count":62,"href":"https:\/\/www.kocher-beck.com\/de\/wp-json\/wp\/v2\/pages\/1703\/revisions"}],"predecessor-version":[{"id":8118,"href":"https:\/\/www.kocher-beck.com\/de\/wp-json\/wp\/v2\/pages\/1703\/revisions\/8118"}],"wp:attachment":[{"href":"https:\/\/www.kocher-beck.com\/de\/wp-json\/wp\/v2\/media?parent=1703"}],"curies":[{"name":"wp","href":"https:\/\/api.w.org\/{rel}","templated":true}]}}