{"id":10991,"date":"2023-01-18T11:16:06","date_gmt":"2023-01-18T11:16:06","guid":{"rendered":"https:\/\/www.kocher-beck.com\/?page_id=10991"},"modified":"2023-05-26T09:58:57","modified_gmt":"2023-05-26T08:58:57","slug":"tecnologia-del-hidrogeno-solar-y-de-pilas","status":"publish","type":"page","link":"https:\/\/www.kocher-beck.com\/es\/tecnologia-del-hidrogeno-solar-y-de-pilas\/","title":{"rendered":"Tecnolog\u00eda del hidr\u00f3geno \/ solar y de pilas"},"content":{"rendered":"<p>[vc_row bg_position=&#8221;center center&#8221; enable_overlay=&#8221;yes&#8221; enable_loading_bg=&#8221;yes&#8221; css=&#8221;.vc_custom_1685091532866{padding-top: 160px !important;padding-bottom: 160px !important;background-image: url(https:\/\/www.kocher-beck.com\/wp-content\/uploads\/2023\/02\/fuel-cell-business-header.jpg?id=11150) !important;background-position: 0 0 !important;background-repeat: no-repeat !important;}&#8221; responsive_css=&#8221;padding_right_large:140px|padding_left_large:140px|padding_right_medium:100px|padding_left_medium:100px&#8221; overlay_bg=&#8221;linear-gradient(90deg, rgb(0, 0, 0) 0%, rgba(172, 29, 225, 0) 100%)&#8221;][vc_column enable_content_animation=&#8221;yes&#8221; ca_init_scale_x=&#8221;1&#8243; ca_init_scale_y=&#8221;1&#8243; ca_init_opacity=&#8221;0&#8243; ca_an_scale_x=&#8221;1&#8243; ca_an_scale_y=&#8221;1&#8243; ca_an_opacity=&#8221;1&#8243; offset=&#8221;vc_col-lg-5 vc_col-md-6&#8243; ca_duration=&#8221;1800&#8243; ca_delay=&#8221;180&#8243; ca_init_translate_y=&#8221;45&#8243; ca_init_rotate_z=&#8221;0&#8243;]<style>.ld_fancy_heading_69d70a73ed558 h1{color:rgb(255, 255, 255);}.ld_fancy_heading_69d70a73ed558 h1 {font-size:36px; } @media (min-width: 768px) { .ld_fancy_heading_69d70a73ed558 h1 {font-size:48px; }  } @media (min-width: 992px) { .ld_fancy_heading_69d70a73ed558 h1 {font-size:60px; }  } .ld_fancy_heading_69d70a73ed558 .lqd-highlight-inner{height:0.275em!important;bottom:0px!important;}.ld_fancy_heading_69d70a73ed558 h1 {font-size:36px; } @media (min-width: 768px) { .ld_fancy_heading_69d70a73ed558 h1 {font-size:48px; }  } @media (min-width: 992px) { .ld_fancy_heading_69d70a73ed558 h1 {font-size:60px; }  } <\/style><div class=\"ld-fancy-heading text-uppercase standard-hero-heading ld_fancy_heading_69d70a73ed558\">\n\t<h1 class=\"ld-fh-element lqd-highlight-underline lqd-highlight-grow-left text-decoration-default lqd-split-lines\"   data-split-text=\"true\" data-split-options='{\"type\":\"lines\"}'>  Tecnolog\u00eda del hidr\u00f3geno \/ solar y de pilas<\/h1><\/div>[\/vc_column][\/vc_row][vc_row css=&#8221;.vc_custom_1633438304312{padding-top: 60px !important;padding-bottom: 60px !important;background-color: #f1f3f5 !important;}&#8221;][vc_column column_top_ontablet=&#8221;yes&#8221; column_top_onmobile=&#8221;yes&#8221; offset=&#8221;vc_col-md-offset-0 vc_col-md-8&#8243; responsive_css=&#8221;margin_bottom_medium:0px&#8221; css=&#8221;.vc_custom_1634634346793{margin-bottom: 35px !important;}&#8221;]<style>.ld_fancy_heading_69d70a73ed843 h2{color:rgb(33, 30, 22);}.ld_fancy_heading_69d70a73ed843 h2 {font-size:24px; } @media (min-width: 768px) { .ld_fancy_heading_69d70a73ed843 h2 {font-size:36px; }  } .ld_fancy_heading_69d70a73ed843 h2 {margin-bottom:40px !important;  } .ld_fancy_heading_69d70a73ed843 .lqd-highlight-inner{height:0.275em!important;bottom:0px!important;}.ld_fancy_heading_69d70a73ed843 h2 {font-size:24px; } @media (min-width: 768px) { .ld_fancy_heading_69d70a73ed843 h2 {font-size:36px; }  } .ld_fancy_heading_69d70a73ed843 h2 {margin-bottom:40px !important;  } <\/style><div class=\"ld-fancy-heading standard-page-heading ld_fancy_heading_69d70a73ed843\">\n\t<h2 class=\"ld-fh-element lqd-highlight-underline lqd-highlight-grow-left text-decoration-default\"   >  Kocher+Beck ofrece soluciones especiales creativas e innovadoras. Sistemas personalizados, adaptados espec\u00edficamente a tu producto y necesidades. Piense fuera de la caja, \u00a1piense en rotativo!<\/h2><\/div><style>.ld_fancy_heading_69d70a73eda18 p {margin-bottom:1.5em !important;  } .ld_fancy_heading_69d70a73eda18 .lqd-highlight-inner{height:0.275em!important;bottom:0px!important;}.ld_fancy_heading_69d70a73eda18 p {margin-bottom:1.5em !important;  } <\/style><div class=\"ld-fancy-heading ld_fancy_heading_69d70a73eda18\">\n\t<p class=\"ld-fh-element lqd-highlight-underline lqd-highlight-grow-left text-decoration-default\"   >  Las soluciones personalizadas de Kocher+Beck se utilizan en todo el mundo para materiales exigentes.<br \/>\nMejore el rendimiento de tu m\u00e1quina y aumente tu producci\u00f3n con unidades desarrolladas precisamente para tu aplicaci\u00f3n.<\/p>\n<p>Con las unidades Cut&amp;Place puedes separar, dar forma y colocar su material en bobina en un solo proceso continuo.<br \/>\nMediante un proceso continuo, sin paradas, usted genera el m\u00e1ximo rendimiento.<\/p>\n<p>En el campo de la tecnolog\u00eda de las pilas de combustible PEM (membrana de electrolito polim\u00e9rico), los componentes centrales del MEA (conjunto de electrodos de membrana) pueden separarse y depositarse con gran precisi\u00f3n.<br \/>\nTambi\u00e9n se puede troquelar una amplia variedad de materiales en bobina, como membranas (CCM), capas de difusi\u00f3n de gas (GDL) o l\u00e1minas de subcapa. Troquelar superficies funcionales o canales de refrigeraci\u00f3n no supone ning\u00fan problema y sin l\u00edmites en las formas.<br \/>\n\u00bfDeseas laminar foils de subcapa? Seguro que Kocher+Beck tiene una soluci\u00f3n adecuada para ti.<\/p>\n<p>Tambi\u00e9n se pueden troquelar materiales necesarios para proyectos industriales en el sector de las bater\u00edas y el almacenamiento de energ\u00eda.<br \/>\nLos aislantes el\u00e9ctricos, las l\u00e1minas separadoras o los elementos de equilibrado son componentes funcionales esenciales en este sector.<br \/>\nIncluso en la tecnolog\u00eda de c\u00e9lulas solares flexibles, se puede procesar componentes como l\u00e1minas separadoras o aislantes, etc.<\/p>\n<p>Para la serigraf\u00eda rotativa de componentes electr\u00f3nicos, c\u00e9lulas solares y membranas de pilas de combustible, Kocher+Beck ofrece una amplia selecci\u00f3n de mallas de serigraf\u00eda de acero inoxidable niquelado.<\/p>\n<p>Encontrar\u00e1 m\u00e1s informaci\u00f3n en el \u00e1rea TecSreeen.<\/p>\n<p>Invol\u00facrenos en tu proyecto desde el principio, te proporcionaremos un apoyo completo en el \u00e1mbito de las soluciones rotativas.<\/p><\/div>[vc_row_inner css=&#8221;.vc_custom_1644409289606{margin-top: 80px !important;}&#8221;][vc_column_inner]<style>.ld_custom_menu_69d70a73edc45 > ul > li > a{font-size:16px;font-weight:500;letter-spacing:0.01em;text-transform:uppercase;color:rgb(255, 255, 255);background:rgb(58, 52, 41);}.ld_custom_menu_69d70a73edc45{margin-inline-start:-3px;margin-inline-end:-3px;}.ld_custom_menu_69d70a73edc45 li{margin-inline-start:3px;margin-inline-end:3px;}.lqd-stickybar > .lqd-head-col > .header-module > .ld_custom_menu_69d70a73edc45 li{margin-top:3px;margin-bottom:3px;}.ld_custom_menu_69d70a73edc45 > ul > li > a:hover, .ld_custom_menu_69d70a73edc45 li.is-active > a{color:rgb(255, 255, 255);background:rgb(58, 52, 41);}.ld_custom_menu_69d70a73edc45 > ul > li .link-icon{color:rgb(255, 255, 255);}.ld_custom_menu_69d70a73edc45 > ul > li > a:hover .link-icon .link-icon, .ld_custom_menu_69d70a73edc45 li.is-active .link-icon{color:rgb(212, 40, 47);}<\/style><div\n\tclass=\"lqd-fancy-menu lqd-custom-menu menu-items-has-fill lqd-menu-td-none hsb-tech-product-menu-buttons ld_custom_menu_69d70a73edc45\"\n\t>\n\n<ul id=\"ld_custom_menu_69d70a73edc45\" class=\"reset-ul inline-nav  \" ><li id=\"menu-item-11058\" class=\"menu-item menu-item-type-post_type menu-item-object-page menu-item-11058\"><a href=\"https:\/\/www.kocher-beck.com\/es\/grupos-de-troquelado\/\"><span class=\"link-icon d-inline-flex hide-if-empty left-icon\"><i class=\"lqd-icn-ess icon-ion-ios-add\"><\/i><\/span>Grupos de troquelado<\/a><\/li>\n<li id=\"menu-item-11059\" class=\"menu-item menu-item-type-post_type menu-item-object-page menu-item-11059\"><a href=\"https:\/\/www.kocher-beck.com\/es\/planchas-de-troquelado\/\"><span class=\"link-icon d-inline-flex hide-if-empty left-icon\"><i class=\"lqd-icn-ess icon-ion-ios-add\"><\/i><\/span>Planchas de troquelado<\/a><\/li>\n<li id=\"menu-item-11060\" class=\"menu-item menu-item-type-post_type menu-item-object-page menu-item-11060\"><a href=\"https:\/\/www.kocher-beck.com\/es\/gapmaster\/\"><span class=\"link-icon d-inline-flex hide-if-empty left-icon\"><i class=\"lqd-icn-ess icon-ion-ios-add\"><\/i><\/span>GapMaster + KMS<\/a><\/li>\n<li id=\"menu-item-11061\" class=\"menu-item menu-item-type-post_type menu-item-object-page menu-item-11061\"><a href=\"https:\/\/www.kocher-beck.com\/es\/herramientas-giratorias-cilindros-magneticos\/\"><span class=\"link-icon d-inline-flex hide-if-empty left-icon\"><i class=\"lqd-icn-ess icon-ion-ios-add\"><\/i><\/span>Herramientas giratorias + cilindros magn\u00e9ticos<\/a><\/li>\n<li id=\"menu-item-11755\" class=\"menu-item menu-item-type-post_type menu-item-object-page menu-item-11755\"><a href=\"https:\/\/www.kocher-beck.com\/es\/tecscreen\/\"><span class=\"link-icon d-inline-flex hide-if-empty left-icon\"><i class=\"lqd-icn-ess icon-ion-ios-add\"><\/i><\/span>TECSCREEN<\/a><\/li>\n<li id=\"menu-item-11218\" class=\"menu-item menu-item-type-post_type menu-item-object-page menu-item-11218\"><a href=\"https:\/\/www.kocher-beck.com\/es\/unidades-de-troquelado-cutplace\/\"><span class=\"link-icon d-inline-flex hide-if-empty left-icon\"><i class=\"lqd-icn-ess icon-ion-ios-add\"><\/i><\/span>Unidades de troquelado Cut&#038;Place<\/a><\/li>\n<\/ul><\/div>[\/vc_column_inner][\/vc_row_inner][\/vc_column][vc_column offset=&#8221;vc_col-md-offset-1 vc_col-md-3&#8243;]<style>.ld_custom_menu_69d70a73efb14 > ul > li > a{font-size:16px;font-weight:500;letter-spacing:0.01em;text-transform:uppercase;color:rgb(255, 255, 255);background:rgb(58, 52, 41);}.ld_custom_menu_69d70a73efb14 > ul > li:not(:last-child){margin-bottom:3px;}.lqd-stickybar > .lqd-head-col > .header-module > .ld_custom_menu_69d70a73efb14 li{margin-inline-start:3px;}.ld_custom_menu_69d70a73efb14 > ul > li > a:hover, .ld_custom_menu_69d70a73efb14 li.is-active > a{color:rgb(255, 255, 255);background:rgb(212, 40, 47);}.ld_custom_menu_69d70a73efb14 > ul > li .link-icon{color:rgb(212, 40, 47);}.ld_custom_menu_69d70a73efb14 > ul > li > a:hover .link-icon .link-icon, .ld_custom_menu_69d70a73efb14 li.is-active .link-icon{color:rgb(255, 255, 255);}<\/style><div\n\tclass=\"lqd-fancy-menu lqd-custom-menu menu-items-has-fill lqd-menu-td-none application-product-menu ld_custom_menu_69d70a73efb14\"\n\t>\n\n<ul id=\"ld_custom_menu_69d70a73efb14\" class=\"reset-ul   \" ><li id=\"menu-item-11369\" class=\"menu-item menu-item-type-custom menu-item-object-custom menu-item-11369\"><a href=\"\/es\/contacto-de-espana\/\"><span class=\"link-icon d-inline-flex hide-if-empty left-icon\"><i class=\"lqd-icn-ess icon-ion-ios-add\"><\/i><\/span>Contacta con nosotros<\/a><\/li>\n<li id=\"menu-item-11370\" class=\"menu-item menu-item-type-custom menu-item-object-custom menu-item-11370\"><a href=\"\/es\/servicios\/?=#design-support\"><span class=\"link-icon d-inline-flex hide-if-empty left-icon\"><i class=\"lqd-icn-ess icon-ion-ios-add\"><\/i><\/span>Planificaci\u00f3n de proyectos\/soluciones especiales<\/a><\/li>\n<\/ul><\/div>[\/vc_column][\/vc_row][vc_row css=&#8221;.vc_custom_1634286167305{background-color: #f1f3f5 !important;}&#8221;][vc_column offset=&#8221;vc_col-md-12&#8243;]<style>.ld_spacer_69d70a73f050b{height:40px;}<\/style>\n<div class=\"ld-empty-space ld_spacer_69d70a73f050b\"><\/div>[\/vc_column][\/vc_row]<\/p>\n","protected":false},"excerpt":{"rendered":"<p>[vc_row bg_position=&#8221;center center&#8221; enable_overlay=&#8221;yes&#8221; enable_loading_bg=&#8221;yes&#8221; css=&#8221;.vc_custom_1685091532866{padding-top: 160px !important;padding-bottom: 160px !important;background-image: url(https:\/\/www.kocher-beck.com\/wp-content\/uploads\/2023\/02\/fuel-cell-business-header.jpg?id=11150) !important;background-position: 0 0 !important;background-repeat: no-repeat !important;}&#8221; responsive_css=&#8221;padding_right_large:140px|padding_left_large:140px|padding_right_medium:100px|padding_left_medium:100px&#8221; overlay_bg=&#8221;linear-gradient(90deg, rgb(0, 0, 0) 0%, rgba(172, 29, 225, 0) 100%)&#8221;][vc_column enable_content_animation=&#8221;yes&#8221; ca_init_scale_x=&#8221;1&#8243; ca_init_scale_y=&#8221;1&#8243; ca_init_opacity=&#8221;0&#8243; ca_an_scale_x=&#8221;1&#8243; ca_an_scale_y=&#8221;1&#8243; ca_an_opacity=&#8221;1&#8243; offset=&#8221;vc_col-lg-5 vc_col-md-6&#8243; ca_duration=&#8221;1800&#8243; ca_delay=&#8221;180&#8243; ca_init_translate_y=&#8221;45&#8243; ca_init_rotate_z=&#8221;0&#8243;][\/vc_column][\/vc_row][vc_row css=&#8221;.vc_custom_1633438304312{padding-top: 60px !important;padding-bottom: 60px !important;background-color: #f1f3f5 !important;}&#8221;][vc_column column_top_ontablet=&#8221;yes&#8221; column_top_onmobile=&#8221;yes&#8221; offset=&#8221;vc_col-md-offset-0 vc_col-md-8&#8243; responsive_css=&#8221;margin_bottom_medium:0px&#8221; css=&#8221;.vc_custom_1634634346793{margin-bottom: 35px [&hellip;]<\/p>\n","protected":false},"author":1,"featured_media":0,"parent":0,"menu_order":0,"comment_status":"closed","ping_status":"closed","template":"","meta":{"_acf_changed":false,"footnotes":""},"class_list":["post-10991","page","type-page","status-publish","hentry"],"acf":[],"yoast_head":"<!-- This site is optimized with the Yoast SEO plugin v27.0 - https:\/\/yoast.com\/product\/yoast-seo-wordpress\/ -->\n<title>Tecnolog\u00eda del hidr\u00f3geno \/ solar y de pilas - Kocher+Beck<\/title>\n<meta name=\"robots\" content=\"index, follow, max-snippet:-1, max-image-preview:large, max-video-preview:-1\" \/>\n<link rel=\"canonical\" href=\"https:\/\/www.kocher-beck.com\/es\/tecnologia-del-hidrogeno-solar-y-de-pilas\/\" \/>\n<meta property=\"og:locale\" content=\"es_ES\" \/>\n<meta property=\"og:type\" content=\"article\" \/>\n<meta property=\"og:title\" content=\"Tecnolog\u00eda del hidr\u00f3geno \/ solar y de pilas - Kocher+Beck\" \/>\n<meta property=\"og:description\" content=\"[vc_row bg_position=&#8221;center center&#8221; enable_overlay=&#8221;yes&#8221; enable_loading_bg=&#8221;yes&#8221; css=&#8221;.vc_custom_1685091532866{padding-top: 160px !important;padding-bottom: 160px !important;background-image: url(https:\/\/www.kocher-beck.com\/wp-content\/uploads\/2023\/02\/fuel-cell-business-header.jpg?id=11150) !important;background-position: 0 0 !important;background-repeat: no-repeat !important;}&#8221; responsive_css=&#8221;padding_right_large:140px|padding_left_large:140px|padding_right_medium:100px|padding_left_medium:100px&#8221; overlay_bg=&#8221;linear-gradient(90deg, rgb(0, 0, 0) 0%, rgba(172, 29, 225, 0) 100%)&#8221;][vc_column enable_content_animation=&#8221;yes&#8221; ca_init_scale_x=&#8221;1&#8243; ca_init_scale_y=&#8221;1&#8243; ca_init_opacity=&#8221;0&#8243; ca_an_scale_x=&#8221;1&#8243; ca_an_scale_y=&#8221;1&#8243; ca_an_opacity=&#8221;1&#8243; offset=&#8221;vc_col-lg-5 vc_col-md-6&#8243; ca_duration=&#8221;1800&#8243; ca_delay=&#8221;180&#8243; ca_init_translate_y=&#8221;45&#8243; ca_init_rotate_z=&#8221;0&#8243;][\/vc_column][\/vc_row][vc_row css=&#8221;.vc_custom_1633438304312{padding-top: 60px !important;padding-bottom: 60px !important;background-color: #f1f3f5 !important;}&#8221;][vc_column column_top_ontablet=&#8221;yes&#8221; column_top_onmobile=&#8221;yes&#8221; offset=&#8221;vc_col-md-offset-0 vc_col-md-8&#8243; responsive_css=&#8221;margin_bottom_medium:0px&#8221; css=&#8221;.vc_custom_1634634346793{margin-bottom: 35px [&hellip;]\" \/>\n<meta property=\"og:url\" content=\"https:\/\/www.kocher-beck.com\/es\/tecnologia-del-hidrogeno-solar-y-de-pilas\/\" \/>\n<meta property=\"og:site_name\" content=\"Kocher+Beck\" \/>\n<meta property=\"article:modified_time\" content=\"2023-05-26T08:58:57+00:00\" \/>\n<meta name=\"twitter:card\" content=\"summary_large_image\" \/>\n<meta name=\"twitter:label1\" content=\"Tiempo de lectura\" \/>\n\t<meta name=\"twitter:data1\" content=\"2 minutos\" \/>\n<script type=\"application\/ld+json\" class=\"yoast-schema-graph\">{\"@context\":\"https:\/\/schema.org\",\"@graph\":[{\"@type\":\"WebPage\",\"@id\":\"https:\/\/www.kocher-beck.com\/es\/tecnologia-del-hidrogeno-solar-y-de-pilas\/\",\"url\":\"https:\/\/www.kocher-beck.com\/es\/tecnologia-del-hidrogeno-solar-y-de-pilas\/\",\"name\":\"Tecnolog\u00eda del hidr\u00f3geno \/ solar y de pilas - Kocher+Beck\",\"isPartOf\":{\"@id\":\"https:\/\/www.kocher-beck.com\/es\/#website\"},\"datePublished\":\"2023-01-18T11:16:06+00:00\",\"dateModified\":\"2023-05-26T08:58:57+00:00\",\"breadcrumb\":{\"@id\":\"https:\/\/www.kocher-beck.com\/es\/tecnologia-del-hidrogeno-solar-y-de-pilas\/#breadcrumb\"},\"inLanguage\":\"es\",\"potentialAction\":[{\"@type\":\"ReadAction\",\"target\":[\"https:\/\/www.kocher-beck.com\/es\/tecnologia-del-hidrogeno-solar-y-de-pilas\/\"]}]},{\"@type\":\"BreadcrumbList\",\"@id\":\"https:\/\/www.kocher-beck.com\/es\/tecnologia-del-hidrogeno-solar-y-de-pilas\/#breadcrumb\",\"itemListElement\":[{\"@type\":\"ListItem\",\"position\":1,\"name\":\"Home\",\"item\":\"https:\/\/www.kocher-beck.com\/es\/\"},{\"@type\":\"ListItem\",\"position\":2,\"name\":\"Tecnolog\u00eda del hidr\u00f3geno \/ solar y de pilas\"}]},{\"@type\":\"WebSite\",\"@id\":\"https:\/\/www.kocher-beck.com\/es\/#website\",\"url\":\"https:\/\/www.kocher-beck.com\/es\/\",\"name\":\"Kocher+Beck\",\"description\":\"\",\"potentialAction\":[{\"@type\":\"SearchAction\",\"target\":{\"@type\":\"EntryPoint\",\"urlTemplate\":\"https:\/\/www.kocher-beck.com\/es\/?s={search_term_string}\"},\"query-input\":{\"@type\":\"PropertyValueSpecification\",\"valueRequired\":true,\"valueName\":\"search_term_string\"}}],\"inLanguage\":\"es\"}]}<\/script>\n<!-- \/ Yoast SEO plugin. -->","yoast_head_json":{"title":"Tecnolog\u00eda del hidr\u00f3geno \/ solar y de pilas - Kocher+Beck","robots":{"index":"index","follow":"follow","max-snippet":"max-snippet:-1","max-image-preview":"max-image-preview:large","max-video-preview":"max-video-preview:-1"},"canonical":"https:\/\/www.kocher-beck.com\/es\/tecnologia-del-hidrogeno-solar-y-de-pilas\/","og_locale":"es_ES","og_type":"article","og_title":"Tecnolog\u00eda del hidr\u00f3geno \/ solar y de pilas - Kocher+Beck","og_description":"[vc_row bg_position=&#8221;center center&#8221; enable_overlay=&#8221;yes&#8221; enable_loading_bg=&#8221;yes&#8221; css=&#8221;.vc_custom_1685091532866{padding-top: 160px !important;padding-bottom: 160px !important;background-image: url(https:\/\/www.kocher-beck.com\/wp-content\/uploads\/2023\/02\/fuel-cell-business-header.jpg?id=11150) !important;background-position: 0 0 !important;background-repeat: no-repeat !important;}&#8221; responsive_css=&#8221;padding_right_large:140px|padding_left_large:140px|padding_right_medium:100px|padding_left_medium:100px&#8221; overlay_bg=&#8221;linear-gradient(90deg, rgb(0, 0, 0) 0%, rgba(172, 29, 225, 0) 100%)&#8221;][vc_column enable_content_animation=&#8221;yes&#8221; ca_init_scale_x=&#8221;1&#8243; ca_init_scale_y=&#8221;1&#8243; ca_init_opacity=&#8221;0&#8243; ca_an_scale_x=&#8221;1&#8243; ca_an_scale_y=&#8221;1&#8243; ca_an_opacity=&#8221;1&#8243; offset=&#8221;vc_col-lg-5 vc_col-md-6&#8243; ca_duration=&#8221;1800&#8243; ca_delay=&#8221;180&#8243; ca_init_translate_y=&#8221;45&#8243; ca_init_rotate_z=&#8221;0&#8243;][\/vc_column][\/vc_row][vc_row css=&#8221;.vc_custom_1633438304312{padding-top: 60px !important;padding-bottom: 60px !important;background-color: #f1f3f5 !important;}&#8221;][vc_column column_top_ontablet=&#8221;yes&#8221; column_top_onmobile=&#8221;yes&#8221; offset=&#8221;vc_col-md-offset-0 vc_col-md-8&#8243; responsive_css=&#8221;margin_bottom_medium:0px&#8221; css=&#8221;.vc_custom_1634634346793{margin-bottom: 35px [&hellip;]","og_url":"https:\/\/www.kocher-beck.com\/es\/tecnologia-del-hidrogeno-solar-y-de-pilas\/","og_site_name":"Kocher+Beck","article_modified_time":"2023-05-26T08:58:57+00:00","twitter_card":"summary_large_image","twitter_misc":{"Tiempo de lectura":"2 minutos"},"schema":{"@context":"https:\/\/schema.org","@graph":[{"@type":"WebPage","@id":"https:\/\/www.kocher-beck.com\/es\/tecnologia-del-hidrogeno-solar-y-de-pilas\/","url":"https:\/\/www.kocher-beck.com\/es\/tecnologia-del-hidrogeno-solar-y-de-pilas\/","name":"Tecnolog\u00eda del hidr\u00f3geno \/ solar y de pilas - Kocher+Beck","isPartOf":{"@id":"https:\/\/www.kocher-beck.com\/es\/#website"},"datePublished":"2023-01-18T11:16:06+00:00","dateModified":"2023-05-26T08:58:57+00:00","breadcrumb":{"@id":"https:\/\/www.kocher-beck.com\/es\/tecnologia-del-hidrogeno-solar-y-de-pilas\/#breadcrumb"},"inLanguage":"es","potentialAction":[{"@type":"ReadAction","target":["https:\/\/www.kocher-beck.com\/es\/tecnologia-del-hidrogeno-solar-y-de-pilas\/"]}]},{"@type":"BreadcrumbList","@id":"https:\/\/www.kocher-beck.com\/es\/tecnologia-del-hidrogeno-solar-y-de-pilas\/#breadcrumb","itemListElement":[{"@type":"ListItem","position":1,"name":"Home","item":"https:\/\/www.kocher-beck.com\/es\/"},{"@type":"ListItem","position":2,"name":"Tecnolog\u00eda del hidr\u00f3geno \/ solar y de pilas"}]},{"@type":"WebSite","@id":"https:\/\/www.kocher-beck.com\/es\/#website","url":"https:\/\/www.kocher-beck.com\/es\/","name":"Kocher+Beck","description":"","potentialAction":[{"@type":"SearchAction","target":{"@type":"EntryPoint","urlTemplate":"https:\/\/www.kocher-beck.com\/es\/?s={search_term_string}"},"query-input":{"@type":"PropertyValueSpecification","valueRequired":true,"valueName":"search_term_string"}}],"inLanguage":"es"}]}},"_links":{"self":[{"href":"https:\/\/www.kocher-beck.com\/es\/wp-json\/wp\/v2\/pages\/10991","targetHints":{"allow":["GET"]}}],"collection":[{"href":"https:\/\/www.kocher-beck.com\/es\/wp-json\/wp\/v2\/pages"}],"about":[{"href":"https:\/\/www.kocher-beck.com\/es\/wp-json\/wp\/v2\/types\/page"}],"author":[{"embeddable":true,"href":"https:\/\/www.kocher-beck.com\/es\/wp-json\/wp\/v2\/users\/1"}],"replies":[{"embeddable":true,"href":"https:\/\/www.kocher-beck.com\/es\/wp-json\/wp\/v2\/comments?post=10991"}],"version-history":[{"count":8,"href":"https:\/\/www.kocher-beck.com\/es\/wp-json\/wp\/v2\/pages\/10991\/revisions"}],"predecessor-version":[{"id":11768,"href":"https:\/\/www.kocher-beck.com\/es\/wp-json\/wp\/v2\/pages\/10991\/revisions\/11768"}],"wp:attachment":[{"href":"https:\/\/www.kocher-beck.com\/es\/wp-json\/wp\/v2\/media?parent=10991"}],"curies":[{"name":"wp","href":"https:\/\/api.w.org\/{rel}","templated":true}]}}