{"id":9881,"date":"2021-10-15T16:20:44","date_gmt":"2021-10-15T15:20:44","guid":{"rendered":"https:\/\/www.kocher-beck.com\/beschriftung\/"},"modified":"2023-01-05T16:59:31","modified_gmt":"2023-01-05T16:59:31","slug":"etiquetas","status":"publish","type":"page","link":"https:\/\/www.kocher-beck.com\/es\/etiquetas\/","title":{"rendered":"Etiquetas"},"content":{"rendered":"<p>[vc_row bg_position=&#8221;center center&#8221; enable_loading_bg=&#8221;yes&#8221; css=&#8221;.vc_custom_1644495367162{padding-top: 160px !important;padding-bottom: 160px !important;background-image: url(http:\/\/www.kocher-beck.com\/wp-content\/uploads\/2021\/10\/labelling-hero.jpg?id=660) !important;background-position: 0 0 !important;background-repeat: no-repeat !important;}&#8221; responsive_css=&#8221;padding_right_large:140px|padding_left_large:140px|padding_right_medium:100px|padding_left_medium:100px&#8221;][vc_column enable_content_animation=&#8221;yes&#8221; ca_init_scale_x=&#8221;1&#8243; ca_init_scale_y=&#8221;1&#8243; ca_init_opacity=&#8221;0&#8243; ca_an_scale_x=&#8221;1&#8243; ca_an_scale_y=&#8221;1&#8243; ca_an_opacity=&#8221;1&#8243; offset=&#8221;vc_col-lg-5 vc_col-md-6&#8243; ca_duration=&#8221;1800&#8243; ca_delay=&#8221;180&#8243; ca_init_translate_y=&#8221;45&#8243; ca_init_rotate_z=&#8221;0&#8243;]<style>.ld_fancy_heading_69de47605b75e h1{color:rgb(255, 255, 255);}.ld_fancy_heading_69de47605b75e h1 {font-size:36px; } @media (min-width: 768px) { .ld_fancy_heading_69de47605b75e h1 {font-size:48px; }  } @media (min-width: 992px) { .ld_fancy_heading_69de47605b75e h1 {font-size:60px; }  } .ld_fancy_heading_69de47605b75e .lqd-highlight-inner{height:0.275em!important;bottom:0px!important;}.ld_fancy_heading_69de47605b75e h1 {font-size:36px; } @media (min-width: 768px) { .ld_fancy_heading_69de47605b75e h1 {font-size:48px; }  } @media (min-width: 992px) { .ld_fancy_heading_69de47605b75e h1 {font-size:60px; }  } <\/style><div class=\"ld-fancy-heading text-uppercase standard-hero-heading ld_fancy_heading_69de47605b75e\">\n\t<h1 class=\"ld-fh-element lqd-highlight-underline lqd-highlight-grow-left text-decoration-default lqd-split-lines\"   data-split-text=\"true\" data-split-options='{\"type\":\"lines\"}'>  Etiquetas<\/h1><\/div>[\/vc_column][\/vc_row][vc_row css=&#8221;.vc_custom_1633438304312{padding-top: 60px !important;padding-bottom: 60px !important;background-color: #f1f3f5 !important;}&#8221;][vc_column column_top_ontablet=&#8221;yes&#8221; column_top_onmobile=&#8221;yes&#8221; offset=&#8221;vc_col-md-offset-0 vc_col-md-8&#8243; responsive_css=&#8221;margin_bottom_medium:0px&#8221; css=&#8221;.vc_custom_1634634346793{margin-bottom: 35px !important;}&#8221;]<style>.ld_fancy_heading_69de47605b9ac h2{color:rgb(33, 30, 22);}.ld_fancy_heading_69de47605b9ac h2 {font-size:24px; } @media (min-width: 768px) { .ld_fancy_heading_69de47605b9ac h2 {font-size:36px; }  } .ld_fancy_heading_69de47605b9ac h2 {margin-bottom:40px !important;  } .ld_fancy_heading_69de47605b9ac .lqd-highlight-inner{height:0.275em!important;bottom:0px!important;}.ld_fancy_heading_69de47605b9ac h2 {font-size:24px; } @media (min-width: 768px) { .ld_fancy_heading_69de47605b9ac h2 {font-size:36px; }  } .ld_fancy_heading_69de47605b9ac h2 {margin-bottom:40px !important;  } <\/style><div class=\"ld-fancy-heading standard-page-heading ld_fancy_heading_69de47605b9ac\">\n\t<h2 class=\"ld-fh-element lqd-highlight-underline lqd-highlight-grow-left text-decoration-default\"   >  Le suministramos las herramientas para su producci\u00f3n de todo tipo de etiquetas.<\/h2><\/div><style>.ld_fancy_heading_69de47605bae5 p {margin-bottom:1.5em !important;  } .ld_fancy_heading_69de47605bae5 .lqd-highlight-inner{height:0.275em!important;bottom:0px!important;}.ld_fancy_heading_69de47605bae5 p {margin-bottom:1.5em !important;  } <\/style><div class=\"ld-fancy-heading ld_fancy_heading_69de47605bae5\">\n\t<p class=\"ld-fh-element lqd-highlight-underline lqd-highlight-grow-left text-decoration-default\"   >  Vivimos rodeados de etiquetas. Nos proporcionan informaci\u00f3n importante para todos los aspectos de nuestra vida.<\/p>\n<p>Ofrecemos a la industria de las etiquetas una amplia variedad de herramientas y equipos que cumplen todos los requisitos para la producci\u00f3n de etiquetas de calidad.<\/p>\n<p>Kocher+Beck se convirti\u00f3 en la primera empresa en desarrollar la tecnolog\u00eda de troquelado magn\u00e9tico en 1982. La divisi\u00f3n Rotary Tooling incluye planchas de troquelado, cilindros de troquelado grabados, cilindros magn\u00e9ticos, grupos de troquelado, Inline Offset Cutting (IOC), GapMaster y sistemas de gesti\u00f3n de impresi\u00f3n.<\/p><\/div>[vc_row_inner css=&#8221;.vc_custom_1644397806069{margin-top: 80px !important;}&#8221;][vc_column_inner]<style>.ld_custom_menu_69de47605bc35 > ul > li > a{font-size:16px;font-weight:500;letter-spacing:0.01em;text-transform:uppercase;color:rgb(255, 255, 255);background:rgb(58, 52, 41);}.ld_custom_menu_69de47605bc35{margin-inline-start:-3px;margin-inline-end:-3px;}.ld_custom_menu_69de47605bc35 li{margin-inline-start:3px;margin-inline-end:3px;}.lqd-stickybar > .lqd-head-col > .header-module > .ld_custom_menu_69de47605bc35 li{margin-top:3px;margin-bottom:3px;}.ld_custom_menu_69de47605bc35 > ul > li > a:hover, .ld_custom_menu_69de47605bc35 li.is-active > a{color:rgb(255, 255, 255);background:rgb(58, 52, 41);}.ld_custom_menu_69de47605bc35 > ul > li .link-icon{color:rgb(255, 255, 255);}.ld_custom_menu_69de47605bc35 > ul > li > a:hover .link-icon .link-icon, .ld_custom_menu_69de47605bc35 li.is-active .link-icon{color:rgb(212, 40, 47);}<\/style><div\n\tclass=\"lqd-fancy-menu lqd-custom-menu menu-items-has-fill lqd-menu-td-none labels-product-menu-buttons ld_custom_menu_69de47605bc35\"\n\t>\n\n<ul id=\"ld_custom_menu_69de47605bc35\" class=\"reset-ul inline-nav  \" ><li id=\"menu-item-10653\" class=\"menu-item menu-item-type-post_type menu-item-object-page menu-item-10653\"><a href=\"https:\/\/www.kocher-beck.com\/es\/grupos-de-troquelado\/\">Grupos de troquelado<\/a><\/li>\n<li id=\"menu-item-10654\" class=\"menu-item menu-item-type-post_type menu-item-object-page menu-item-10654\"><a href=\"https:\/\/www.kocher-beck.com\/es\/planchas-de-troquelado\/\">Planchas de troquelado<\/a><\/li>\n<li id=\"menu-item-10655\" class=\"menu-item menu-item-type-post_type menu-item-object-page menu-item-10655\"><a href=\"https:\/\/www.kocher-beck.com\/es\/gapmaster\/\">GapMaster + KMS<\/a><\/li>\n<li id=\"menu-item-10656\" class=\"menu-item menu-item-type-post_type menu-item-object-page menu-item-10656\"><a href=\"https:\/\/www.kocher-beck.com\/es\/herramientas-giratorias-cilindros-magneticos\/\">Herramientas giratorias + cilindros magn\u00e9ticos<\/a><\/li>\n<li id=\"menu-item-10657\" class=\"menu-item menu-item-type-post_type menu-item-object-page menu-item-10657\"><a href=\"https:\/\/www.kocher-beck.com\/es\/tecscreen\/\">TECSCREEN<\/a><\/li>\n<li id=\"menu-item-10658\" class=\"menu-item menu-item-type-post_type menu-item-object-page menu-item-10658\"><a href=\"https:\/\/www.kocher-beck.com\/es\/tecnologia-de-bobinado\/\">Tecnolog\u00eda de bobinado<\/a><\/li>\n<\/ul><\/div>[\/vc_column_inner][\/vc_row_inner][\/vc_column][vc_column offset=&#8221;vc_col-md-offset-1 vc_col-md-3&#8243;]<style>.ld_custom_menu_69de47605df6b > ul > li > a{font-size:16px;font-weight:500;letter-spacing:0.01em;text-transform:uppercase;color:rgb(255, 255, 255);background:rgb(58, 52, 41);}.ld_custom_menu_69de47605df6b > ul > li:not(:last-child){margin-bottom:3px;}.lqd-stickybar > .lqd-head-col > .header-module > .ld_custom_menu_69de47605df6b li{margin-inline-start:3px;}.ld_custom_menu_69de47605df6b > ul > li > a:hover, .ld_custom_menu_69de47605df6b li.is-active > a{color:rgb(255, 255, 255);background:rgb(212, 40, 47);}.ld_custom_menu_69de47605df6b > ul > li .link-icon{color:rgb(212, 40, 47);}.ld_custom_menu_69de47605df6b > ul > li > a:hover .link-icon .link-icon, .ld_custom_menu_69de47605df6b li.is-active .link-icon{color:rgb(255, 255, 255);}<\/style><div\n\tclass=\"lqd-fancy-menu lqd-custom-menu menu-items-has-fill lqd-menu-td-none applications-info-menu ld_custom_menu_69de47605df6b\"\n\t>\n\n<ul id=\"ld_custom_menu_69de47605df6b\" class=\"reset-ul   \" ><li id=\"menu-item-10784\" class=\"menu-item menu-item-type-custom menu-item-object-custom menu-item-10784\"><a href=\"\/es\/contacto-de-espana\/\">Contacta con nosotros<\/a><\/li>\n<\/ul><\/div>[\/vc_column][\/vc_row][vc_row css=&#8221;.vc_custom_1634286167305{background-color: #f1f3f5 !important;}&#8221;][vc_column offset=&#8221;vc_col-md-12&#8243;]<style>.ld_spacer_69de47605e85b{height:40px;}<\/style>\n<div class=\"ld-empty-space ld_spacer_69de47605e85b\"><\/div>[\/vc_column][\/vc_row]<\/p>\n","protected":false},"excerpt":{"rendered":"<p>[vc_row bg_position=&#8221;center center&#8221; enable_loading_bg=&#8221;yes&#8221; css=&#8221;.vc_custom_1644495367162{padding-top: 160px !important;padding-bottom: 160px !important;background-image: url(http:\/\/www.kocher-beck.com\/wp-content\/uploads\/2021\/10\/labelling-hero.jpg?id=660) !important;background-position: 0 0 !important;background-repeat: no-repeat !important;}&#8221; responsive_css=&#8221;padding_right_large:140px|padding_left_large:140px|padding_right_medium:100px|padding_left_medium:100px&#8221;][vc_column enable_content_animation=&#8221;yes&#8221; ca_init_scale_x=&#8221;1&#8243; ca_init_scale_y=&#8221;1&#8243; ca_init_opacity=&#8221;0&#8243; ca_an_scale_x=&#8221;1&#8243; ca_an_scale_y=&#8221;1&#8243; ca_an_opacity=&#8221;1&#8243; offset=&#8221;vc_col-lg-5 vc_col-md-6&#8243; ca_duration=&#8221;1800&#8243; ca_delay=&#8221;180&#8243; ca_init_translate_y=&#8221;45&#8243; ca_init_rotate_z=&#8221;0&#8243;][\/vc_column][\/vc_row][vc_row css=&#8221;.vc_custom_1633438304312{padding-top: 60px !important;padding-bottom: 60px !important;background-color: #f1f3f5 !important;}&#8221;][vc_column column_top_ontablet=&#8221;yes&#8221; column_top_onmobile=&#8221;yes&#8221; offset=&#8221;vc_col-md-offset-0 vc_col-md-8&#8243; responsive_css=&#8221;margin_bottom_medium:0px&#8221; css=&#8221;.vc_custom_1634634346793{margin-bottom: 35px !important;}&#8221;][vc_row_inner css=&#8221;.vc_custom_1644397806069{margin-top: 80px !important;}&#8221;][vc_column_inner][\/vc_column_inner][\/vc_row_inner][\/vc_column][vc_column offset=&#8221;vc_col-md-offset-1 vc_col-md-3&#8243;][\/vc_column][\/vc_row][vc_row css=&#8221;.vc_custom_1634286167305{background-color: #f1f3f5 !important;}&#8221;][vc_column offset=&#8221;vc_col-md-12&#8243;][\/vc_column][\/vc_row]<\/p>\n","protected":false},"author":1,"featured_media":0,"parent":0,"menu_order":0,"comment_status":"closed","ping_status":"closed","template":"","meta":{"_acf_changed":false,"footnotes":""},"class_list":["post-9881","page","type-page","status-publish","hentry"],"acf":[],"yoast_head":"<!-- This site is optimized with the Yoast SEO plugin v27.0 - https:\/\/yoast.com\/product\/yoast-seo-wordpress\/ -->\n<title>Etiquetas - Kocher+Beck<\/title>\n<meta name=\"robots\" content=\"index, follow, max-snippet:-1, max-image-preview:large, max-video-preview:-1\" \/>\n<link rel=\"canonical\" href=\"https:\/\/www.kocher-beck.com\/es\/etiquetas\/\" \/>\n<meta property=\"og:locale\" content=\"es_ES\" \/>\n<meta property=\"og:type\" content=\"article\" \/>\n<meta property=\"og:title\" content=\"Etiquetas - Kocher+Beck\" \/>\n<meta property=\"og:description\" content=\"[vc_row bg_position=&#8221;center center&#8221; enable_loading_bg=&#8221;yes&#8221; css=&#8221;.vc_custom_1644495367162{padding-top: 160px !important;padding-bottom: 160px !important;background-image: url(http:\/\/www.kocher-beck.com\/wp-content\/uploads\/2021\/10\/labelling-hero.jpg?id=660) !important;background-position: 0 0 !important;background-repeat: no-repeat !important;}&#8221; responsive_css=&#8221;padding_right_large:140px|padding_left_large:140px|padding_right_medium:100px|padding_left_medium:100px&#8221;][vc_column enable_content_animation=&#8221;yes&#8221; ca_init_scale_x=&#8221;1&#8243; ca_init_scale_y=&#8221;1&#8243; ca_init_opacity=&#8221;0&#8243; ca_an_scale_x=&#8221;1&#8243; ca_an_scale_y=&#8221;1&#8243; ca_an_opacity=&#8221;1&#8243; offset=&#8221;vc_col-lg-5 vc_col-md-6&#8243; ca_duration=&#8221;1800&#8243; ca_delay=&#8221;180&#8243; ca_init_translate_y=&#8221;45&#8243; ca_init_rotate_z=&#8221;0&#8243;][\/vc_column][\/vc_row][vc_row css=&#8221;.vc_custom_1633438304312{padding-top: 60px !important;padding-bottom: 60px !important;background-color: #f1f3f5 !important;}&#8221;][vc_column column_top_ontablet=&#8221;yes&#8221; column_top_onmobile=&#8221;yes&#8221; offset=&#8221;vc_col-md-offset-0 vc_col-md-8&#8243; responsive_css=&#8221;margin_bottom_medium:0px&#8221; css=&#8221;.vc_custom_1634634346793{margin-bottom: 35px !important;}&#8221;][vc_row_inner css=&#8221;.vc_custom_1644397806069{margin-top: 80px !important;}&#8221;][vc_column_inner][\/vc_column_inner][\/vc_row_inner][\/vc_column][vc_column offset=&#8221;vc_col-md-offset-1 vc_col-md-3&#8243;][\/vc_column][\/vc_row][vc_row css=&#8221;.vc_custom_1634286167305{background-color: #f1f3f5 !important;}&#8221;][vc_column offset=&#8221;vc_col-md-12&#8243;][\/vc_column][\/vc_row]\" \/>\n<meta property=\"og:url\" content=\"https:\/\/www.kocher-beck.com\/es\/etiquetas\/\" \/>\n<meta property=\"og:site_name\" content=\"Kocher+Beck\" \/>\n<meta property=\"article:modified_time\" content=\"2023-01-05T16:59:31+00:00\" \/>\n<meta name=\"twitter:card\" content=\"summary_large_image\" \/>\n<meta name=\"twitter:label1\" content=\"Tiempo de lectura\" \/>\n\t<meta name=\"twitter:data1\" content=\"2 minutos\" \/>\n<script type=\"application\/ld+json\" class=\"yoast-schema-graph\">{\"@context\":\"https:\/\/schema.org\",\"@graph\":[{\"@type\":\"WebPage\",\"@id\":\"https:\/\/www.kocher-beck.com\/es\/etiquetas\/\",\"url\":\"https:\/\/www.kocher-beck.com\/es\/etiquetas\/\",\"name\":\"Etiquetas - Kocher+Beck\",\"isPartOf\":{\"@id\":\"https:\/\/www.kocher-beck.com\/es\/#website\"},\"datePublished\":\"2021-10-15T15:20:44+00:00\",\"dateModified\":\"2023-01-05T16:59:31+00:00\",\"breadcrumb\":{\"@id\":\"https:\/\/www.kocher-beck.com\/es\/etiquetas\/#breadcrumb\"},\"inLanguage\":\"es\",\"potentialAction\":[{\"@type\":\"ReadAction\",\"target\":[\"https:\/\/www.kocher-beck.com\/es\/etiquetas\/\"]}]},{\"@type\":\"BreadcrumbList\",\"@id\":\"https:\/\/www.kocher-beck.com\/es\/etiquetas\/#breadcrumb\",\"itemListElement\":[{\"@type\":\"ListItem\",\"position\":1,\"name\":\"Home\",\"item\":\"https:\/\/www.kocher-beck.com\/es\/\"},{\"@type\":\"ListItem\",\"position\":2,\"name\":\"Etiquetas\"}]},{\"@type\":\"WebSite\",\"@id\":\"https:\/\/www.kocher-beck.com\/es\/#website\",\"url\":\"https:\/\/www.kocher-beck.com\/es\/\",\"name\":\"Kocher+Beck\",\"description\":\"\",\"potentialAction\":[{\"@type\":\"SearchAction\",\"target\":{\"@type\":\"EntryPoint\",\"urlTemplate\":\"https:\/\/www.kocher-beck.com\/es\/?s={search_term_string}\"},\"query-input\":{\"@type\":\"PropertyValueSpecification\",\"valueRequired\":true,\"valueName\":\"search_term_string\"}}],\"inLanguage\":\"es\"}]}<\/script>\n<!-- \/ Yoast SEO plugin. -->","yoast_head_json":{"title":"Etiquetas - Kocher+Beck","robots":{"index":"index","follow":"follow","max-snippet":"max-snippet:-1","max-image-preview":"max-image-preview:large","max-video-preview":"max-video-preview:-1"},"canonical":"https:\/\/www.kocher-beck.com\/es\/etiquetas\/","og_locale":"es_ES","og_type":"article","og_title":"Etiquetas - Kocher+Beck","og_description":"[vc_row bg_position=&#8221;center center&#8221; enable_loading_bg=&#8221;yes&#8221; css=&#8221;.vc_custom_1644495367162{padding-top: 160px !important;padding-bottom: 160px !important;background-image: url(http:\/\/www.kocher-beck.com\/wp-content\/uploads\/2021\/10\/labelling-hero.jpg?id=660) !important;background-position: 0 0 !important;background-repeat: no-repeat !important;}&#8221; responsive_css=&#8221;padding_right_large:140px|padding_left_large:140px|padding_right_medium:100px|padding_left_medium:100px&#8221;][vc_column enable_content_animation=&#8221;yes&#8221; ca_init_scale_x=&#8221;1&#8243; ca_init_scale_y=&#8221;1&#8243; ca_init_opacity=&#8221;0&#8243; ca_an_scale_x=&#8221;1&#8243; ca_an_scale_y=&#8221;1&#8243; ca_an_opacity=&#8221;1&#8243; offset=&#8221;vc_col-lg-5 vc_col-md-6&#8243; ca_duration=&#8221;1800&#8243; ca_delay=&#8221;180&#8243; ca_init_translate_y=&#8221;45&#8243; ca_init_rotate_z=&#8221;0&#8243;][\/vc_column][\/vc_row][vc_row css=&#8221;.vc_custom_1633438304312{padding-top: 60px !important;padding-bottom: 60px !important;background-color: #f1f3f5 !important;}&#8221;][vc_column column_top_ontablet=&#8221;yes&#8221; column_top_onmobile=&#8221;yes&#8221; offset=&#8221;vc_col-md-offset-0 vc_col-md-8&#8243; responsive_css=&#8221;margin_bottom_medium:0px&#8221; css=&#8221;.vc_custom_1634634346793{margin-bottom: 35px !important;}&#8221;][vc_row_inner css=&#8221;.vc_custom_1644397806069{margin-top: 80px !important;}&#8221;][vc_column_inner][\/vc_column_inner][\/vc_row_inner][\/vc_column][vc_column offset=&#8221;vc_col-md-offset-1 vc_col-md-3&#8243;][\/vc_column][\/vc_row][vc_row css=&#8221;.vc_custom_1634286167305{background-color: #f1f3f5 !important;}&#8221;][vc_column offset=&#8221;vc_col-md-12&#8243;][\/vc_column][\/vc_row]","og_url":"https:\/\/www.kocher-beck.com\/es\/etiquetas\/","og_site_name":"Kocher+Beck","article_modified_time":"2023-01-05T16:59:31+00:00","twitter_card":"summary_large_image","twitter_misc":{"Tiempo de lectura":"2 minutos"},"schema":{"@context":"https:\/\/schema.org","@graph":[{"@type":"WebPage","@id":"https:\/\/www.kocher-beck.com\/es\/etiquetas\/","url":"https:\/\/www.kocher-beck.com\/es\/etiquetas\/","name":"Etiquetas - Kocher+Beck","isPartOf":{"@id":"https:\/\/www.kocher-beck.com\/es\/#website"},"datePublished":"2021-10-15T15:20:44+00:00","dateModified":"2023-01-05T16:59:31+00:00","breadcrumb":{"@id":"https:\/\/www.kocher-beck.com\/es\/etiquetas\/#breadcrumb"},"inLanguage":"es","potentialAction":[{"@type":"ReadAction","target":["https:\/\/www.kocher-beck.com\/es\/etiquetas\/"]}]},{"@type":"BreadcrumbList","@id":"https:\/\/www.kocher-beck.com\/es\/etiquetas\/#breadcrumb","itemListElement":[{"@type":"ListItem","position":1,"name":"Home","item":"https:\/\/www.kocher-beck.com\/es\/"},{"@type":"ListItem","position":2,"name":"Etiquetas"}]},{"@type":"WebSite","@id":"https:\/\/www.kocher-beck.com\/es\/#website","url":"https:\/\/www.kocher-beck.com\/es\/","name":"Kocher+Beck","description":"","potentialAction":[{"@type":"SearchAction","target":{"@type":"EntryPoint","urlTemplate":"https:\/\/www.kocher-beck.com\/es\/?s={search_term_string}"},"query-input":{"@type":"PropertyValueSpecification","valueRequired":true,"valueName":"search_term_string"}}],"inLanguage":"es"}]}},"_links":{"self":[{"href":"https:\/\/www.kocher-beck.com\/es\/wp-json\/wp\/v2\/pages\/9881","targetHints":{"allow":["GET"]}}],"collection":[{"href":"https:\/\/www.kocher-beck.com\/es\/wp-json\/wp\/v2\/pages"}],"about":[{"href":"https:\/\/www.kocher-beck.com\/es\/wp-json\/wp\/v2\/types\/page"}],"author":[{"embeddable":true,"href":"https:\/\/www.kocher-beck.com\/es\/wp-json\/wp\/v2\/users\/1"}],"replies":[{"embeddable":true,"href":"https:\/\/www.kocher-beck.com\/es\/wp-json\/wp\/v2\/comments?post=9881"}],"version-history":[{"count":2,"href":"https:\/\/www.kocher-beck.com\/es\/wp-json\/wp\/v2\/pages\/9881\/revisions"}],"predecessor-version":[{"id":10228,"href":"https:\/\/www.kocher-beck.com\/es\/wp-json\/wp\/v2\/pages\/9881\/revisions\/10228"}],"wp:attachment":[{"href":"https:\/\/www.kocher-beck.com\/es\/wp-json\/wp\/v2\/media?parent=9881"}],"curies":[{"name":"wp","href":"https:\/\/api.w.org\/{rel}","templated":true}]}}