{"id":9896,"date":"2021-10-19T10:15:04","date_gmt":"2021-10-19T09:15:04","guid":{"rendered":"https:\/\/www.kocher-beck.com\/bogeneinzug\/"},"modified":"2023-01-05T17:11:17","modified_gmt":"2023-01-05T17:11:17","slug":"troquelado-ioc-offline","status":"publish","type":"page","link":"https:\/\/www.kocher-beck.com\/es\/troquelado-ioc-offline\/","title":{"rendered":"Troquelado IOC\/offline"},"content":{"rendered":"<p>[vc_row bg_position=&#8221;center center&#8221; enable_loading_bg=&#8221;yes&#8221; css=&#8221;.vc_custom_1660210666620{padding-top: 160px !important;padding-bottom: 160px !important;background-image: url(http:\/\/www.kocher-beck.com\/wp-content\/uploads\/2021\/10\/sheet-fed-hero.jpg?id=662) !important;background-position: 0 0 !important;background-repeat: no-repeat !important;}&#8221; responsive_css=&#8221;padding_right_large:140px|padding_left_large:140px|padding_right_medium:100px|padding_left_medium:100px&#8221;][vc_column enable_content_animation=&#8221;yes&#8221; ca_init_scale_x=&#8221;1&#8243; ca_init_scale_y=&#8221;1&#8243; ca_init_opacity=&#8221;0&#8243; ca_an_scale_x=&#8221;1&#8243; ca_an_scale_y=&#8221;1&#8243; ca_an_opacity=&#8221;1&#8243; offset=&#8221;vc_col-lg-5 vc_col-md-6&#8243; ca_duration=&#8221;1800&#8243; ca_delay=&#8221;180&#8243; ca_init_translate_y=&#8221;45&#8243; ca_init_rotate_z=&#8221;0&#8243;]<style>.ld_fancy_heading_69d06f3baa218 h1{color:rgb(255, 255, 255);}.ld_fancy_heading_69d06f3baa218 h1 {font-size:36px; } @media (min-width: 768px) { .ld_fancy_heading_69d06f3baa218 h1 {font-size:48px; }  } @media (min-width: 992px) { .ld_fancy_heading_69d06f3baa218 h1 {font-size:60px; }  } .ld_fancy_heading_69d06f3baa218 .lqd-highlight-inner{height:0.275em!important;bottom:0px!important;}.ld_fancy_heading_69d06f3baa218 h1 {font-size:36px; } @media (min-width: 768px) { .ld_fancy_heading_69d06f3baa218 h1 {font-size:48px; }  } @media (min-width: 992px) { .ld_fancy_heading_69d06f3baa218 h1 {font-size:60px; }  } <\/style><div class=\"ld-fancy-heading text-uppercase standard-hero-heading ld_fancy_heading_69d06f3baa218\">\n\t<h1 class=\"ld-fh-element lqd-highlight-underline lqd-highlight-grow-left text-decoration-default lqd-split-lines\"   data-split-text=\"true\" data-split-options='{\"type\":\"lines\"}'>  Troquelado IOC\/offline<\/h1><\/div>[\/vc_column][\/vc_row][vc_row css=&#8221;.vc_custom_1633438304312{padding-top: 60px !important;padding-bottom: 60px !important;background-color: #f1f3f5 !important;}&#8221;][vc_column column_top_ontablet=&#8221;yes&#8221; column_top_onmobile=&#8221;yes&#8221; offset=&#8221;vc_col-md-offset-0 vc_col-md-8&#8243; responsive_css=&#8221;margin_bottom_medium:0px&#8221; css=&#8221;.vc_custom_1634634346793{margin-bottom: 35px !important;}&#8221;]<style>.ld_fancy_heading_69d06f3baa3f6 h2{color:rgb(33, 30, 22);}.ld_fancy_heading_69d06f3baa3f6 h2 {font-size:24px; } @media (min-width: 768px) { .ld_fancy_heading_69d06f3baa3f6 h2 {font-size:36px; }  } .ld_fancy_heading_69d06f3baa3f6 h2 {margin-bottom:40px !important;  } .ld_fancy_heading_69d06f3baa3f6 .lqd-highlight-inner{height:0.275em!important;bottom:0px!important;}.ld_fancy_heading_69d06f3baa3f6 h2 {font-size:24px; } @media (min-width: 768px) { .ld_fancy_heading_69d06f3baa3f6 h2 {font-size:36px; }  } .ld_fancy_heading_69d06f3baa3f6 h2 {margin-bottom:40px !important;  } <\/style><div class=\"ld-fancy-heading standard-page-heading ld_fancy_heading_69d06f3baa3f6\">\n\t<h2 class=\"ld-fh-element lqd-highlight-underline lqd-highlight-grow-left text-decoration-default\"   >  Modificaci\u00f3n de unidades de impresi\u00f3n offset en estaciones de troquelado.<\/h2><\/div><style>.ld_fancy_heading_69d06f3baa536 p {margin-bottom:1.5em !important;  } .ld_fancy_heading_69d06f3baa536 .lqd-highlight-inner{height:0.275em!important;bottom:0px!important;}.ld_fancy_heading_69d06f3baa536 p {margin-bottom:1.5em !important;  } <\/style><div class=\"ld-fancy-heading ld_fancy_heading_69d06f3baa536\">\n\t<p class=\"ld-fh-element lqd-highlight-underline lqd-highlight-grow-left text-decoration-default\"   >  La impresi\u00f3n de pliegos constituye un proceso de impresi\u00f3n de calidad que alimenta hojas individuales a una imprenta o utiliza un rollo de papel de alimentaci\u00f3n continua y puede cortarse durante el proceso de impresi\u00f3n.<\/p>\n<p>Se trata de un sistema ideal para materiales especiales, como productos m\u00e1s pesados o productos que requieren una superficie especial, como tarjetas de visita, folletos, volantes y billetes.<\/p>\n<p>Kocher+Beck ha desarrollado su propio sistema para convertir r\u00e1pidamente la mayor\u00eda de las imprentas offset en una estaci\u00f3n de troquelado. Esta estaci\u00f3n puede volver a convertirse en una estaci\u00f3n de impresi\u00f3n en poco tiempo. Esto resulta ventajoso porque el proceso Inline no requiere ning\u00fan acabado de impresi\u00f3n adicional tras el proceso.<\/p><\/div>[vc_row_inner css=&#8221;.vc_custom_1644404539776{margin-top: 80px !important;}&#8221;][vc_column_inner]<style>.ld_custom_menu_69d06f3baa66a > ul > li > a{font-size:16px;font-weight:500;letter-spacing:0.01em;text-transform:uppercase;color:rgb(255, 255, 255);background:rgb(58, 52, 41);}.ld_custom_menu_69d06f3baa66a{margin-inline-start:-3px;margin-inline-end:-3px;}.ld_custom_menu_69d06f3baa66a li{margin-inline-start:3px;margin-inline-end:3px;}.lqd-stickybar > .lqd-head-col > .header-module > .ld_custom_menu_69d06f3baa66a li{margin-top:3px;margin-bottom:3px;}.ld_custom_menu_69d06f3baa66a > ul > li > a:hover, .ld_custom_menu_69d06f3baa66a li.is-active > a{color:rgb(255, 255, 255);background:rgb(58, 52, 41);}.ld_custom_menu_69d06f3baa66a > ul > li .link-icon{color:rgb(255, 255, 255);}.ld_custom_menu_69d06f3baa66a > ul > li > a:hover .link-icon .link-icon, .ld_custom_menu_69d06f3baa66a li.is-active .link-icon{color:rgb(212, 40, 47);}<\/style><div\n\tclass=\"lqd-fancy-menu lqd-custom-menu menu-items-has-fill lqd-menu-td-none sheet-fed-product-menu-buttons ld_custom_menu_69d06f3baa66a\"\n\t>\n\n<ul id=\"ld_custom_menu_69d06f3baa66a\" class=\"reset-ul inline-nav  \" ><li id=\"menu-item-10661\" class=\"menu-item menu-item-type-custom menu-item-object-custom menu-item-10661\"><a href=\"\/es\/planchas-de-troquelado\/#planchas-de-troquelado\">Planchas de troquelado<\/a><\/li>\n<\/ul><\/div>[\/vc_column_inner][\/vc_row_inner][\/vc_column][vc_column offset=&#8221;vc_col-md-offset-1 vc_col-md-3&#8243;]<style>.ld_custom_menu_69d06f3bab403 > ul > li > a{font-size:16px;font-weight:500;letter-spacing:0.01em;text-transform:uppercase;color:rgb(255, 255, 255);background:rgb(58, 52, 41);}.ld_custom_menu_69d06f3bab403 > ul > li:not(:last-child){margin-bottom:3px;}.lqd-stickybar > .lqd-head-col > .header-module > .ld_custom_menu_69d06f3bab403 li{margin-inline-start:3px;}.ld_custom_menu_69d06f3bab403 > ul > li > a:hover, .ld_custom_menu_69d06f3bab403 li.is-active > a{color:rgb(255, 255, 255);background:rgb(212, 40, 47);}.ld_custom_menu_69d06f3bab403 > ul > li .link-icon{color:rgb(212, 40, 47);}.ld_custom_menu_69d06f3bab403 > ul > li > a:hover .link-icon .link-icon, .ld_custom_menu_69d06f3bab403 li.is-active .link-icon{color:rgb(255, 255, 255);}<\/style><div\n\tclass=\"lqd-fancy-menu lqd-custom-menu menu-items-has-fill lqd-menu-td-none application-product-menu ld_custom_menu_69d06f3bab403\"\n\t>\n\n<ul id=\"ld_custom_menu_69d06f3bab403\" class=\"reset-ul   \" ><li id=\"menu-item-10784\" class=\"menu-item menu-item-type-custom menu-item-object-custom menu-item-10784\"><a href=\"\/es\/contacto-de-espana\/\">Contacta con nosotros<\/a><\/li>\n<\/ul><\/div>[\/vc_column][\/vc_row][vc_row css=&#8221;.vc_custom_1634286167305{background-color: #f1f3f5 !important;}&#8221;][vc_column offset=&#8221;vc_col-md-12&#8243;]<style>.ld_spacer_69d06f3babc30{height:40px;}<\/style>\n<div class=\"ld-empty-space ld_spacer_69d06f3babc30\"><\/div>[\/vc_column][\/vc_row]<\/p>\n","protected":false},"excerpt":{"rendered":"<p>[vc_row bg_position=&#8221;center center&#8221; enable_loading_bg=&#8221;yes&#8221; css=&#8221;.vc_custom_1660210666620{padding-top: 160px !important;padding-bottom: 160px !important;background-image: url(http:\/\/www.kocher-beck.com\/wp-content\/uploads\/2021\/10\/sheet-fed-hero.jpg?id=662) !important;background-position: 0 0 !important;background-repeat: no-repeat !important;}&#8221; responsive_css=&#8221;padding_right_large:140px|padding_left_large:140px|padding_right_medium:100px|padding_left_medium:100px&#8221;][vc_column enable_content_animation=&#8221;yes&#8221; ca_init_scale_x=&#8221;1&#8243; ca_init_scale_y=&#8221;1&#8243; ca_init_opacity=&#8221;0&#8243; ca_an_scale_x=&#8221;1&#8243; ca_an_scale_y=&#8221;1&#8243; ca_an_opacity=&#8221;1&#8243; offset=&#8221;vc_col-lg-5 vc_col-md-6&#8243; ca_duration=&#8221;1800&#8243; ca_delay=&#8221;180&#8243; ca_init_translate_y=&#8221;45&#8243; ca_init_rotate_z=&#8221;0&#8243;][\/vc_column][\/vc_row][vc_row css=&#8221;.vc_custom_1633438304312{padding-top: 60px !important;padding-bottom: 60px !important;background-color: #f1f3f5 !important;}&#8221;][vc_column column_top_ontablet=&#8221;yes&#8221; column_top_onmobile=&#8221;yes&#8221; offset=&#8221;vc_col-md-offset-0 vc_col-md-8&#8243; responsive_css=&#8221;margin_bottom_medium:0px&#8221; css=&#8221;.vc_custom_1634634346793{margin-bottom: 35px !important;}&#8221;][vc_row_inner css=&#8221;.vc_custom_1644404539776{margin-top: 80px !important;}&#8221;][vc_column_inner][\/vc_column_inner][\/vc_row_inner][\/vc_column][vc_column offset=&#8221;vc_col-md-offset-1 vc_col-md-3&#8243;][\/vc_column][\/vc_row][vc_row css=&#8221;.vc_custom_1634286167305{background-color: #f1f3f5 !important;}&#8221;][vc_column offset=&#8221;vc_col-md-12&#8243;][\/vc_column][\/vc_row]<\/p>\n","protected":false},"author":1,"featured_media":0,"parent":0,"menu_order":0,"comment_status":"closed","ping_status":"closed","template":"","meta":{"_acf_changed":false,"footnotes":""},"class_list":["post-9896","page","type-page","status-publish","hentry"],"acf":[],"yoast_head":"<!-- This site is optimized with the Yoast SEO plugin v27.0 - https:\/\/yoast.com\/product\/yoast-seo-wordpress\/ -->\n<title>Troquelado IOC\/offline - Kocher+Beck<\/title>\n<meta name=\"robots\" content=\"index, follow, max-snippet:-1, max-image-preview:large, max-video-preview:-1\" \/>\n<link rel=\"canonical\" href=\"https:\/\/www.kocher-beck.com\/es\/troquelado-ioc-offline\/\" \/>\n<meta property=\"og:locale\" content=\"es_ES\" \/>\n<meta property=\"og:type\" content=\"article\" \/>\n<meta property=\"og:title\" content=\"Troquelado IOC\/offline - Kocher+Beck\" \/>\n<meta property=\"og:description\" content=\"[vc_row bg_position=&#8221;center center&#8221; enable_loading_bg=&#8221;yes&#8221; css=&#8221;.vc_custom_1660210666620{padding-top: 160px !important;padding-bottom: 160px !important;background-image: url(http:\/\/www.kocher-beck.com\/wp-content\/uploads\/2021\/10\/sheet-fed-hero.jpg?id=662) !important;background-position: 0 0 !important;background-repeat: no-repeat !important;}&#8221; responsive_css=&#8221;padding_right_large:140px|padding_left_large:140px|padding_right_medium:100px|padding_left_medium:100px&#8221;][vc_column enable_content_animation=&#8221;yes&#8221; ca_init_scale_x=&#8221;1&#8243; ca_init_scale_y=&#8221;1&#8243; ca_init_opacity=&#8221;0&#8243; ca_an_scale_x=&#8221;1&#8243; ca_an_scale_y=&#8221;1&#8243; ca_an_opacity=&#8221;1&#8243; offset=&#8221;vc_col-lg-5 vc_col-md-6&#8243; ca_duration=&#8221;1800&#8243; ca_delay=&#8221;180&#8243; ca_init_translate_y=&#8221;45&#8243; ca_init_rotate_z=&#8221;0&#8243;][\/vc_column][\/vc_row][vc_row css=&#8221;.vc_custom_1633438304312{padding-top: 60px !important;padding-bottom: 60px !important;background-color: #f1f3f5 !important;}&#8221;][vc_column column_top_ontablet=&#8221;yes&#8221; column_top_onmobile=&#8221;yes&#8221; offset=&#8221;vc_col-md-offset-0 vc_col-md-8&#8243; responsive_css=&#8221;margin_bottom_medium:0px&#8221; css=&#8221;.vc_custom_1634634346793{margin-bottom: 35px !important;}&#8221;][vc_row_inner css=&#8221;.vc_custom_1644404539776{margin-top: 80px !important;}&#8221;][vc_column_inner][\/vc_column_inner][\/vc_row_inner][\/vc_column][vc_column offset=&#8221;vc_col-md-offset-1 vc_col-md-3&#8243;][\/vc_column][\/vc_row][vc_row css=&#8221;.vc_custom_1634286167305{background-color: #f1f3f5 !important;}&#8221;][vc_column offset=&#8221;vc_col-md-12&#8243;][\/vc_column][\/vc_row]\" \/>\n<meta property=\"og:url\" content=\"https:\/\/www.kocher-beck.com\/es\/troquelado-ioc-offline\/\" \/>\n<meta property=\"og:site_name\" content=\"Kocher+Beck\" \/>\n<meta property=\"article:modified_time\" content=\"2023-01-05T17:11:17+00:00\" \/>\n<meta name=\"twitter:card\" content=\"summary_large_image\" \/>\n<meta name=\"twitter:label1\" content=\"Tiempo de lectura\" \/>\n\t<meta name=\"twitter:data1\" content=\"2 minutos\" \/>\n<script type=\"application\/ld+json\" class=\"yoast-schema-graph\">{\"@context\":\"https:\/\/schema.org\",\"@graph\":[{\"@type\":\"WebPage\",\"@id\":\"https:\/\/www.kocher-beck.com\/es\/troquelado-ioc-offline\/\",\"url\":\"https:\/\/www.kocher-beck.com\/es\/troquelado-ioc-offline\/\",\"name\":\"Troquelado IOC\/offline - Kocher+Beck\",\"isPartOf\":{\"@id\":\"https:\/\/www.kocher-beck.com\/es\/#website\"},\"datePublished\":\"2021-10-19T09:15:04+00:00\",\"dateModified\":\"2023-01-05T17:11:17+00:00\",\"breadcrumb\":{\"@id\":\"https:\/\/www.kocher-beck.com\/es\/troquelado-ioc-offline\/#breadcrumb\"},\"inLanguage\":\"es\",\"potentialAction\":[{\"@type\":\"ReadAction\",\"target\":[\"https:\/\/www.kocher-beck.com\/es\/troquelado-ioc-offline\/\"]}]},{\"@type\":\"BreadcrumbList\",\"@id\":\"https:\/\/www.kocher-beck.com\/es\/troquelado-ioc-offline\/#breadcrumb\",\"itemListElement\":[{\"@type\":\"ListItem\",\"position\":1,\"name\":\"Home\",\"item\":\"https:\/\/www.kocher-beck.com\/es\/\"},{\"@type\":\"ListItem\",\"position\":2,\"name\":\"Troquelado IOC\/offline\"}]},{\"@type\":\"WebSite\",\"@id\":\"https:\/\/www.kocher-beck.com\/es\/#website\",\"url\":\"https:\/\/www.kocher-beck.com\/es\/\",\"name\":\"Kocher+Beck\",\"description\":\"\",\"potentialAction\":[{\"@type\":\"SearchAction\",\"target\":{\"@type\":\"EntryPoint\",\"urlTemplate\":\"https:\/\/www.kocher-beck.com\/es\/?s={search_term_string}\"},\"query-input\":{\"@type\":\"PropertyValueSpecification\",\"valueRequired\":true,\"valueName\":\"search_term_string\"}}],\"inLanguage\":\"es\"}]}<\/script>\n<!-- \/ Yoast SEO plugin. -->","yoast_head_json":{"title":"Troquelado IOC\/offline - Kocher+Beck","robots":{"index":"index","follow":"follow","max-snippet":"max-snippet:-1","max-image-preview":"max-image-preview:large","max-video-preview":"max-video-preview:-1"},"canonical":"https:\/\/www.kocher-beck.com\/es\/troquelado-ioc-offline\/","og_locale":"es_ES","og_type":"article","og_title":"Troquelado IOC\/offline - Kocher+Beck","og_description":"[vc_row bg_position=&#8221;center center&#8221; enable_loading_bg=&#8221;yes&#8221; css=&#8221;.vc_custom_1660210666620{padding-top: 160px !important;padding-bottom: 160px !important;background-image: url(http:\/\/www.kocher-beck.com\/wp-content\/uploads\/2021\/10\/sheet-fed-hero.jpg?id=662) !important;background-position: 0 0 !important;background-repeat: no-repeat !important;}&#8221; responsive_css=&#8221;padding_right_large:140px|padding_left_large:140px|padding_right_medium:100px|padding_left_medium:100px&#8221;][vc_column enable_content_animation=&#8221;yes&#8221; ca_init_scale_x=&#8221;1&#8243; ca_init_scale_y=&#8221;1&#8243; ca_init_opacity=&#8221;0&#8243; ca_an_scale_x=&#8221;1&#8243; ca_an_scale_y=&#8221;1&#8243; ca_an_opacity=&#8221;1&#8243; offset=&#8221;vc_col-lg-5 vc_col-md-6&#8243; ca_duration=&#8221;1800&#8243; ca_delay=&#8221;180&#8243; ca_init_translate_y=&#8221;45&#8243; ca_init_rotate_z=&#8221;0&#8243;][\/vc_column][\/vc_row][vc_row css=&#8221;.vc_custom_1633438304312{padding-top: 60px !important;padding-bottom: 60px !important;background-color: #f1f3f5 !important;}&#8221;][vc_column column_top_ontablet=&#8221;yes&#8221; column_top_onmobile=&#8221;yes&#8221; offset=&#8221;vc_col-md-offset-0 vc_col-md-8&#8243; responsive_css=&#8221;margin_bottom_medium:0px&#8221; css=&#8221;.vc_custom_1634634346793{margin-bottom: 35px !important;}&#8221;][vc_row_inner css=&#8221;.vc_custom_1644404539776{margin-top: 80px !important;}&#8221;][vc_column_inner][\/vc_column_inner][\/vc_row_inner][\/vc_column][vc_column offset=&#8221;vc_col-md-offset-1 vc_col-md-3&#8243;][\/vc_column][\/vc_row][vc_row css=&#8221;.vc_custom_1634286167305{background-color: #f1f3f5 !important;}&#8221;][vc_column offset=&#8221;vc_col-md-12&#8243;][\/vc_column][\/vc_row]","og_url":"https:\/\/www.kocher-beck.com\/es\/troquelado-ioc-offline\/","og_site_name":"Kocher+Beck","article_modified_time":"2023-01-05T17:11:17+00:00","twitter_card":"summary_large_image","twitter_misc":{"Tiempo de lectura":"2 minutos"},"schema":{"@context":"https:\/\/schema.org","@graph":[{"@type":"WebPage","@id":"https:\/\/www.kocher-beck.com\/es\/troquelado-ioc-offline\/","url":"https:\/\/www.kocher-beck.com\/es\/troquelado-ioc-offline\/","name":"Troquelado IOC\/offline - Kocher+Beck","isPartOf":{"@id":"https:\/\/www.kocher-beck.com\/es\/#website"},"datePublished":"2021-10-19T09:15:04+00:00","dateModified":"2023-01-05T17:11:17+00:00","breadcrumb":{"@id":"https:\/\/www.kocher-beck.com\/es\/troquelado-ioc-offline\/#breadcrumb"},"inLanguage":"es","potentialAction":[{"@type":"ReadAction","target":["https:\/\/www.kocher-beck.com\/es\/troquelado-ioc-offline\/"]}]},{"@type":"BreadcrumbList","@id":"https:\/\/www.kocher-beck.com\/es\/troquelado-ioc-offline\/#breadcrumb","itemListElement":[{"@type":"ListItem","position":1,"name":"Home","item":"https:\/\/www.kocher-beck.com\/es\/"},{"@type":"ListItem","position":2,"name":"Troquelado IOC\/offline"}]},{"@type":"WebSite","@id":"https:\/\/www.kocher-beck.com\/es\/#website","url":"https:\/\/www.kocher-beck.com\/es\/","name":"Kocher+Beck","description":"","potentialAction":[{"@type":"SearchAction","target":{"@type":"EntryPoint","urlTemplate":"https:\/\/www.kocher-beck.com\/es\/?s={search_term_string}"},"query-input":{"@type":"PropertyValueSpecification","valueRequired":true,"valueName":"search_term_string"}}],"inLanguage":"es"}]}},"_links":{"self":[{"href":"https:\/\/www.kocher-beck.com\/es\/wp-json\/wp\/v2\/pages\/9896","targetHints":{"allow":["GET"]}}],"collection":[{"href":"https:\/\/www.kocher-beck.com\/es\/wp-json\/wp\/v2\/pages"}],"about":[{"href":"https:\/\/www.kocher-beck.com\/es\/wp-json\/wp\/v2\/types\/page"}],"author":[{"embeddable":true,"href":"https:\/\/www.kocher-beck.com\/es\/wp-json\/wp\/v2\/users\/1"}],"replies":[{"embeddable":true,"href":"https:\/\/www.kocher-beck.com\/es\/wp-json\/wp\/v2\/comments?post=9896"}],"version-history":[{"count":2,"href":"https:\/\/www.kocher-beck.com\/es\/wp-json\/wp\/v2\/pages\/9896\/revisions"}],"predecessor-version":[{"id":10179,"href":"https:\/\/www.kocher-beck.com\/es\/wp-json\/wp\/v2\/pages\/9896\/revisions\/10179"}],"wp:attachment":[{"href":"https:\/\/www.kocher-beck.com\/es\/wp-json\/wp\/v2\/media?parent=9896"}],"curies":[{"name":"wp","href":"https:\/\/api.w.org\/{rel}","templated":true}]}}