{"id":9920,"date":"2021-10-25T14:54:39","date_gmt":"2021-10-25T13:54:39","guid":{"rendered":"https:\/\/www.kocher-beck.com\/rat\/"},"modified":"2023-01-05T16:43:33","modified_gmt":"2023-01-05T16:43:33","slug":"asesoramiento","status":"publish","type":"page","link":"https:\/\/www.kocher-beck.com\/es\/asesoramiento\/","title":{"rendered":"Asesoramiento"},"content":{"rendered":"<p>[vc_row bg_position=&#8221;center center&#8221; enable_loading_bg=&#8221;yes&#8221; css=&#8221;.vc_custom_1644492668265{padding-top: 160px !important;padding-bottom: 160px !important;background-image: url(http:\/\/www.kocher-beck.com\/wp-content\/uploads\/2021\/10\/services-hero.jpg?id=747) !important;background-position: 0 0 !important;background-repeat: no-repeat !important;}&#8221; responsive_css=&#8221;padding_right_large:140px|padding_left_large:140px|padding_right_medium:100px|padding_left_medium:100px&#8221;][vc_column enable_content_animation=&#8221;yes&#8221; ca_init_scale_x=&#8221;1&#8243; ca_init_scale_y=&#8221;1&#8243; ca_init_opacity=&#8221;0&#8243; ca_an_scale_x=&#8221;1&#8243; ca_an_scale_y=&#8221;1&#8243; ca_an_opacity=&#8221;1&#8243; offset=&#8221;vc_col-lg-5 vc_col-md-6&#8243; ca_duration=&#8221;1800&#8243; ca_delay=&#8221;180&#8243; ca_init_translate_y=&#8221;45&#8243; ca_init_rotate_z=&#8221;0&#8243;]<style>.ld_fancy_heading_69de1db346583 h1{color:rgb(255, 255, 255);}.ld_fancy_heading_69de1db346583 h1 {font-size:36px; } @media (min-width: 768px) { .ld_fancy_heading_69de1db346583 h1 {font-size:48px; }  } @media (min-width: 992px) { .ld_fancy_heading_69de1db346583 h1 {font-size:60px; }  } .ld_fancy_heading_69de1db346583 .lqd-highlight-inner{height:0.275em!important;bottom:0px!important;}.ld_fancy_heading_69de1db346583 h1 {font-size:36px; } @media (min-width: 768px) { .ld_fancy_heading_69de1db346583 h1 {font-size:48px; }  } @media (min-width: 992px) { .ld_fancy_heading_69de1db346583 h1 {font-size:60px; }  } <\/style><div class=\"ld-fancy-heading text-uppercase standard-hero-heading ld_fancy_heading_69de1db346583\">\n\t<h1 class=\"ld-fh-element lqd-highlight-underline lqd-highlight-grow-left text-decoration-default lqd-split-lines\"   data-split-text=\"true\" data-split-options='{\"type\":\"lines\"}'>  Asesoramiento<\/h1><\/div>[\/vc_column][\/vc_row][vc_row css=&#8221;.vc_custom_1635172626403{padding-top: 60px !important;padding-bottom: 60px !important;background-color: #f1f3f5 !important;}&#8221;][vc_column column_top_ontablet=&#8221;yes&#8221; column_top_onmobile=&#8221;yes&#8221; offset=&#8221;vc_col-md-offset-0 vc_col-md-8&#8243; responsive_css=&#8221;margin_bottom_medium:0px&#8221; css=&#8221;.vc_custom_1634634346793{margin-bottom: 35px !important;}&#8221;][vc_row_inner content_placement=&#8221;top&#8221; css=&#8221;.vc_custom_1635172794692{margin-bottom: 40px !important;}&#8221;][vc_column_inner width=&#8221;1\/4&#8243;][vc_single_image image=&#8221;1059&#8243;][\/vc_column_inner][vc_column_inner width=&#8221;3\/4&#8243;]<style>.ld_fancy_heading_69de1db3467c4 h2{color:rgb(33, 30, 22);}.ld_fancy_heading_69de1db3467c4 h2 {font-size:24px; } @media (min-width: 768px) { .ld_fancy_heading_69de1db3467c4 h2 {font-size:36px; }  } .ld_fancy_heading_69de1db3467c4 h2 {margin-bottom:40px !important;  } .ld_fancy_heading_69de1db3467c4 .lqd-highlight-inner{height:0.275em!important;bottom:0px!important;}.ld_fancy_heading_69de1db3467c4 h2 {font-size:24px; } @media (min-width: 768px) { .ld_fancy_heading_69de1db3467c4 h2 {font-size:36px; }  } .ld_fancy_heading_69de1db3467c4 h2 {margin-bottom:40px !important;  } <\/style><div class=\"ld-fancy-heading standard-page-heading ld_fancy_heading_69de1db3467c4\">\n\t<h2 class=\"ld-fh-element lqd-highlight-underline lqd-highlight-grow-left text-decoration-default\"   >  Respondemos a sus preguntas<\/h2><\/div>[vc_single_image image=&#8221;6659&#8243;]<style>.ld_fancy_heading_69de1db34691e p {margin-bottom:1.5em !important;  } .ld_fancy_heading_69de1db34691e .lqd-highlight-inner{height:0.275em!important;bottom:0px!important;}.ld_fancy_heading_69de1db34691e p {margin-bottom:1.5em !important;  } <\/style><div class=\"ld-fancy-heading ld_fancy_heading_69de1db34691e\">\n\t<p class=\"ld-fh-element lqd-highlight-underline lqd-highlight-grow-left text-decoration-default\"   >  Kocher+Beck no solo se considera un fabricante de productos, sino tambi\u00e9n un proveedor de soluciones y solucionador de problemas. Gracias a nuestra dilatada experiencia, sabemos que una plancha de troquelado es tan buena como la base sobre la que se asienta. Con el creciente uso de revestimientos m\u00e1s finos, la necesidad de mantener tolerancias ajustadas resulta cada vez m\u00e1s prioritaria.<\/p>\n<p>Si no encuentra respuesta a sus preguntas, no dude en ponerse en contacto con nosotros en cualquier momento.<\/p><\/div><div class=\"header-module module-button\">\n\t<style>.ld_button_69de1db346d93.btn-icon-solid .btn-icon{background:rgb(33, 30, 22);}.ld_button_69de1db346d93.btn-icon-circle.btn-icon-ripple .btn-icon:before{border-color:rgb(33, 30, 22);}.ld_button_69de1db346d93.btn-icon-solid:hover .btn-icon{background:rgb(212, 40, 47);}.ld_button_69de1db346d93{background-color:rgb(33, 30, 22);border-color:rgb(33, 30, 22);}.ld_button_69de1db346d93:hover{background-color:rgb(212, 40, 47);border-color:rgb(212, 40, 47);}.ld_button_69de1db346d93 .btn-gradient-bg-hover{background:-webkit-linear-gradient(to right, rgb(212, 40, 47) 0%, rgb(212, 40, 47) 100%);background:linear-gradient(to right, rgb(212, 40, 47) 0%, rgb(212, 40, 47) 100%);}.ld_button_69de1db346d93 .btn-gradient-border defs stop:first-child{stop-color:rgb(33, 30, 22);}.ld_button_69de1db346d93 .btn-gradient-border defs stop:last-child{stop-color:rgb(33, 30, 22);}.ld_button_69de1db346d93:hover .btn-gradient-border defs stop:first-child{stop-color:rgb(212, 40, 47);}.ld_button_69de1db346d93:hover .btn-gradient-border defs stop:last-child{stop-color:rgb(212, 40, 47);}.ld_button_69de1db346d93 {font-size:12px; } .ld_button_69de1db346d93 {font-weight:700; } .ld_button_69de1db346d93 {letter-spacing:0.2em; } .ld_button_69de1db346d93 {font-size:12px; } .ld_button_69de1db346d93 {font-weight:700; } .ld_button_69de1db346d93 {letter-spacing:0.2em; } .ld_button_69de1db346d93 {font-size:12px; } .ld_button_69de1db346d93 {font-weight:700; } .ld_button_69de1db346d93 {letter-spacing:0.2em; } <\/style><a href=\"#\" class=\"btn btn-solid text-uppercase border-none btn-has-label home-application-btn ld_header_button_69de1db346a78 ld_button_69de1db346d93\" >\n\t<span>\n\t\n\t\t\t\t\t<span class=\"btn-txt\" data-text=\"P\u00f3ngase en contacto con uno de nuestros equipos de asistencia hoy mismo.\" >P\u00f3ngase en contacto con uno de nuestros equipos de asistencia hoy mismo.<\/span>\n\t\t\n\t<span class=\"btn-icon\"><i class=\"lqd-icn-ess icon-ion-ios-arrow-forward\"><\/i><\/span>\t\t\t\t<\/span>\n<\/a>\n<\/div>[\/vc_column_inner][\/vc_row_inner][\/vc_column][vc_column enable_pin=&#8221;enable_pin&#8221; offset=&#8221;vc_col-md-offset-1 vc_col-md-3&#8243;]<style>.ld_custom_menu_69de1db3474c0 > ul > li > a{font-size:16px;font-weight:500;letter-spacing:0.01em;text-transform:uppercase;color:rgb(255, 255, 255);background:rgb(212, 40, 47);}.ld_custom_menu_69de1db3474c0 > ul > li:not(:last-child){margin-bottom:3px;}.lqd-stickybar > .lqd-head-col > .header-module > .ld_custom_menu_69de1db3474c0 li{margin-inline-start:3px;}.ld_custom_menu_69de1db3474c0 > ul > li > a:hover, .ld_custom_menu_69de1db3474c0 li.is-active > a{color:rgb(255, 255, 255);background:rgb(33, 30, 22);}.ld_custom_menu_69de1db3474c0 > ul > li .link-icon{color:rgb(255, 255, 255);}.ld_custom_menu_69de1db3474c0 > ul > li > a:hover .link-icon .link-icon, .ld_custom_menu_69de1db3474c0 li.is-active .link-icon{color:rgb(255, 255, 255);}<\/style><div\n\tclass=\"lqd-fancy-menu lqd-custom-menu menu-items-has-fill lqd-menu-td-none ld_custom_menu_69de1db3474c0\"\n\t>\n\n\t<ul class=\"reset-ul\" id=\"ld_custom_menu_69de1db3474c0\" >\n\t<li><a href=\"\/contact\/\" target=\"_self\"><span class=\"link-icon left-icon icon-next-to-label\"><i class=\"fas fa-phone\"><\/i><\/span> Contact us<\/a><\/li><li><a href=\"#\" target=\"_self\"><span class=\"link-icon left-icon icon-next-to-label\"><i class=\"fas fa-file-download\"><\/i><\/span> Downloads<\/a><\/li>\t<\/ul>\n<\/div>[\/vc_column][\/vc_row][vc_row css=&#8221;.vc_custom_1635172995042{padding-bottom: 60px !important;background-color: #f1f3f5 !important;}&#8221;][vc_column column_top_ontablet=&#8221;yes&#8221; column_top_onmobile=&#8221;yes&#8221; offset=&#8221;vc_col-md-offset-2 vc_col-md-6&#8243; responsive_css=&#8221;margin_bottom_medium:0px&#8221; css=&#8221;.vc_custom_1635171580063{margin-bottom: 35px !important;}&#8221;]<style>.vc_accordion_69de1db3479cb .accordion-title{font-size:20px;line-height:1.5em;letter-spacing:0px;}.vc_accordion_69de1db3479cb .accordion-title a{color:rgb(20, 20, 20);}.vc_accordion_69de1db3479cb .accordion-item.active .accordion-title a{color:rgb(0, 0, 0);}.vc_accordion_69de1db3479cb .accordion-title a, .vc_accordion_69de1db3479cb .accordion-item{border-color:rgb(0, 0, 0);}.vc_accordion_69de1db3479cb .accordion-item.active .accordion-title a, .vc_accordion_69de1db3479cb .accordion-item.active{border-color:rgb(0, 0, 0);}.vc_accordion_69de1db3479cb .accordion-item:not(:last-child){margin-bottom:0px;}.vc_accordion_69de1db3479cb .accordion-expander{color:rgb(212, 40, 47);}.vc_accordion_69de1db3479cb .accordion-item.active .accordion-expander{color:rgb(212, 40, 47);}<\/style><div class=\"accordion accordion-lg accordion-title-underlined accordion-expander-lg vc_accordion_69de1db3479cb\" id=\"vc_accordion_69de1db3479cb\"\n     role=\"tablist\" aria-multiselectable=\"true\">\n\n\t            <div class=\"accordion-item panel  \">\n\n                <div class=\"accordion-heading\" role=\"tab\" id=\"heading_lqd-1635172753534-8384a049-ac75\" data-id=\"lqd-1635172753534-8384a049-ac75\">\n                    <h4 class=\"accordion-title\" data-controls=\"lqd-1635172753534-8384a049-ac75\" tabindex=\"-1\">\n                        <a tabindex=\"0\" class=\"collapsed\" data-toggle=\"collapse\"  data-bs-toggle=\"collapse\"\n                           data-parent=\"#vc_accordion_69de1db3479cb\" data-bs-parent=\"#vc_accordion_69de1db3479cb\" href=\"#lqd-1635172753534-8384a049-ac75\" data-bs-target=\"#lqd-1635172753534-8384a049-ac75\"\n                           aria-expanded=\"false\" aria-controls=\"lqd-1635172753534-8384a049-ac75\">\n\n\t\t\t\t\t\t\t\n\t\t\t\t\t\t\tHow much does a Flexible Die cost?\n\t\t\t\t\t\t\t                                <span class=\"accordion-expander\">\n\t\t\t\t\t\t\t\t\t\t\t\t\t\t\t\t\t\t\t<i class=\"lqd-icn-ess icon-ion-ios-add\"><\/i>\n\t\t\t\t\t\t\t\t\t\n\t\t\t\t\t\t\t\t\t\t\t\t\t\t\t\t\t\t\t<i class=\"lqd-icn-ess icon-ion-ios-remove\"><\/i>\n\t\t\t\t\t\t\t\t\t\t\t\t\t\t\t\t\t<\/span>\n\t\t\t\t\t\t\t\n                        <\/a>\n\n                    <\/h4>\n                <\/div>\n\n                <div id=\"lqd-1635172753534-8384a049-ac75\" class=\"accordion-collapse collapse\"\n                    data-bs-parent=\"#vc_accordion_69de1db3479cb\" role=\"tabpanel\" aria-labelledby=\"heading_lqd-1635172753534-8384a049-ac75\">\n                    <div class=\"accordion-content\">\n\t\t\t\t\t\t<style>.ld_fancy_heading_69de1db347712 .lqd-highlight-inner{height:0.275em!important;bottom:0px!important;}<\/style><div class=\"ld-fancy-heading ld_fancy_heading_69de1db347712\">\n\t<p class=\"ld-fh-element lqd-highlight-underline lqd-highlight-grow-left text-decoration-default\"   >  Se deben tener en cuenta varios factores a la hora de analizar el coste de una plancha de troquelado: el primero es el coste de la materia prima. Las planchas de troquelado de Kocher+Beck se fabrican con acero al carbono de calidad y este material siempre est\u00e1 sometido a las fluctuaciones de precios de las plantas de fabricaci\u00f3n, sobre las que no tenemos ning\u00fan control.<\/p>\n<p>El dise\u00f1o de la plancha de troquelado influye en el precio. Si la construcci\u00f3n es compleja, puede que tenga que consultar con nuestro departamento de CAD sobre su dibujo y mecanizado. Esto a\u00f1ade otra etapa al tiempo de producci\u00f3n y tambi\u00e9n aumenta el coste general de la plancha de troquelado.<\/p>\n<p>En el caso de las construcciones con esquinas cuadradas, radios de uni\u00f3n, dobles alturas, perforaciones y zonas dif\u00edciles de mecanizar, aumenta el tiempo de fabricaci\u00f3n de la plancha de troquelado, lo que tambi\u00e9n debe tenerse en cuenta en el c\u00e1lculo.<\/p>\n<p>Los asesores de Kocher+Beck pueden darle numerosas sugerencias para reducir el coste de una plancha de troquelado. A\u00f1adir un ligero radio en una esquina cuadrada y dividir un cubo de doble altura en 2&nbsp;cubos puede ayudar a reducir el precio.<br \/>\nCuanto m\u00e1s sencillo sea el dise\u00f1o, menor ser\u00e1 la longitud de la l\u00ednea y la capacidad de fabricar en poco tiempo ayuda a reducir el coste total de las herramientas. Cuesta m\u00e1s producir las herramientas que deben fabricarse con tolerancias muy ajustadas, como las herramientas IML.<\/p>\n<p>Lo mismo sucede con la aplicaci\u00f3n para la que se utiliza la plancha de troquelado. \u00bfSe necesita un revestimiento, un endurecimiento o un recocido especial? \u00bfQu\u00e9 material se corta? \u00bfLa plancha de troquelado debe estar especialmente afilada o tener una altura de corte superior a la altura de corte est\u00e1ndar? Todo esto a\u00f1ade tiempo al proceso de fabricaci\u00f3n y, por tanto, un coste adicional a la plancha de troquelado.<\/p>\n<p>Por t\u00e9rmino medio, una plancha de troquelado de Kocher+Beck puede costar entre algo menos de 60&nbsp;\u00a3 y varios miles de libras. En Kocher+Beck, siempre nos esforzamos por proporcionar a nuestros clientes un producto de calidad adecuado para su aplicaci\u00f3n con una excelente relaci\u00f3n calidad-precio.<\/p><\/div>                    <\/div>\n                <\/div>\n            <\/div>\n\t\t\t<\/div>[\/vc_column][\/vc_row][vc_row css=&#8221;.vc_custom_1634659626657{background-color: #f1f3f5 !important;}&#8221;][vc_column]<style>.ld_spacer_69de1db347aa9{height:40px;}<\/style>\n<div class=\"ld-empty-space ld_spacer_69de1db347aa9\"><\/div>[\/vc_column][\/vc_row]<\/p>\n","protected":false},"excerpt":{"rendered":"<p>[vc_row bg_position=&#8221;center center&#8221; enable_loading_bg=&#8221;yes&#8221; css=&#8221;.vc_custom_1644492668265{padding-top: 160px !important;padding-bottom: 160px !important;background-image: url(http:\/\/www.kocher-beck.com\/wp-content\/uploads\/2021\/10\/services-hero.jpg?id=747) !important;background-position: 0 0 !important;background-repeat: no-repeat !important;}&#8221; responsive_css=&#8221;padding_right_large:140px|padding_left_large:140px|padding_right_medium:100px|padding_left_medium:100px&#8221;][vc_column enable_content_animation=&#8221;yes&#8221; ca_init_scale_x=&#8221;1&#8243; ca_init_scale_y=&#8221;1&#8243; ca_init_opacity=&#8221;0&#8243; ca_an_scale_x=&#8221;1&#8243; ca_an_scale_y=&#8221;1&#8243; ca_an_opacity=&#8221;1&#8243; offset=&#8221;vc_col-lg-5 vc_col-md-6&#8243; ca_duration=&#8221;1800&#8243; ca_delay=&#8221;180&#8243; ca_init_translate_y=&#8221;45&#8243; ca_init_rotate_z=&#8221;0&#8243;][\/vc_column][\/vc_row][vc_row css=&#8221;.vc_custom_1635172626403{padding-top: 60px !important;padding-bottom: 60px !important;background-color: #f1f3f5 !important;}&#8221;][vc_column column_top_ontablet=&#8221;yes&#8221; column_top_onmobile=&#8221;yes&#8221; offset=&#8221;vc_col-md-offset-0 vc_col-md-8&#8243; responsive_css=&#8221;margin_bottom_medium:0px&#8221; css=&#8221;.vc_custom_1634634346793{margin-bottom: 35px !important;}&#8221;][vc_row_inner content_placement=&#8221;top&#8221; css=&#8221;.vc_custom_1635172794692{margin-bottom: 40px !important;}&#8221;][vc_column_inner width=&#8221;1\/4&#8243;][vc_single_image image=&#8221;1059&#8243;][\/vc_column_inner][vc_column_inner width=&#8221;3\/4&#8243;][vc_single_image image=&#8221;6659&#8243;][\/vc_column_inner][\/vc_row_inner][\/vc_column][vc_column enable_pin=&#8221;enable_pin&#8221; offset=&#8221;vc_col-md-offset-1 [&hellip;]<\/p>\n","protected":false},"author":1,"featured_media":0,"parent":0,"menu_order":0,"comment_status":"closed","ping_status":"closed","template":"","meta":{"_acf_changed":false,"footnotes":""},"class_list":["post-9920","page","type-page","status-publish","hentry"],"acf":[],"yoast_head":"<!-- This site is optimized with the Yoast SEO plugin v27.0 - https:\/\/yoast.com\/product\/yoast-seo-wordpress\/ -->\n<title>Asesoramiento - Kocher+Beck<\/title>\n<meta name=\"robots\" content=\"index, follow, max-snippet:-1, max-image-preview:large, max-video-preview:-1\" \/>\n<link rel=\"canonical\" href=\"https:\/\/www.kocher-beck.com\/es\/asesoramiento\/\" \/>\n<meta property=\"og:locale\" content=\"es_ES\" \/>\n<meta property=\"og:type\" content=\"article\" \/>\n<meta property=\"og:title\" content=\"Asesoramiento - Kocher+Beck\" \/>\n<meta property=\"og:description\" content=\"[vc_row bg_position=&#8221;center center&#8221; enable_loading_bg=&#8221;yes&#8221; css=&#8221;.vc_custom_1644492668265{padding-top: 160px !important;padding-bottom: 160px !important;background-image: url(http:\/\/www.kocher-beck.com\/wp-content\/uploads\/2021\/10\/services-hero.jpg?id=747) !important;background-position: 0 0 !important;background-repeat: no-repeat !important;}&#8221; responsive_css=&#8221;padding_right_large:140px|padding_left_large:140px|padding_right_medium:100px|padding_left_medium:100px&#8221;][vc_column enable_content_animation=&#8221;yes&#8221; ca_init_scale_x=&#8221;1&#8243; ca_init_scale_y=&#8221;1&#8243; ca_init_opacity=&#8221;0&#8243; ca_an_scale_x=&#8221;1&#8243; ca_an_scale_y=&#8221;1&#8243; ca_an_opacity=&#8221;1&#8243; offset=&#8221;vc_col-lg-5 vc_col-md-6&#8243; ca_duration=&#8221;1800&#8243; ca_delay=&#8221;180&#8243; ca_init_translate_y=&#8221;45&#8243; ca_init_rotate_z=&#8221;0&#8243;][\/vc_column][\/vc_row][vc_row css=&#8221;.vc_custom_1635172626403{padding-top: 60px !important;padding-bottom: 60px !important;background-color: #f1f3f5 !important;}&#8221;][vc_column column_top_ontablet=&#8221;yes&#8221; column_top_onmobile=&#8221;yes&#8221; offset=&#8221;vc_col-md-offset-0 vc_col-md-8&#8243; responsive_css=&#8221;margin_bottom_medium:0px&#8221; css=&#8221;.vc_custom_1634634346793{margin-bottom: 35px !important;}&#8221;][vc_row_inner content_placement=&#8221;top&#8221; css=&#8221;.vc_custom_1635172794692{margin-bottom: 40px !important;}&#8221;][vc_column_inner width=&#8221;1\/4&#8243;][vc_single_image image=&#8221;1059&#8243;][\/vc_column_inner][vc_column_inner width=&#8221;3\/4&#8243;][vc_single_image image=&#8221;6659&#8243;][\/vc_column_inner][\/vc_row_inner][\/vc_column][vc_column enable_pin=&#8221;enable_pin&#8221; offset=&#8221;vc_col-md-offset-1 [&hellip;]\" \/>\n<meta property=\"og:url\" content=\"https:\/\/www.kocher-beck.com\/es\/asesoramiento\/\" \/>\n<meta property=\"og:site_name\" content=\"Kocher+Beck\" \/>\n<meta property=\"article:modified_time\" content=\"2023-01-05T16:43:33+00:00\" \/>\n<meta name=\"twitter:card\" content=\"summary_large_image\" \/>\n<meta name=\"twitter:label1\" content=\"Tiempo de lectura\" \/>\n\t<meta name=\"twitter:data1\" content=\"3 minutos\" \/>\n<script type=\"application\/ld+json\" class=\"yoast-schema-graph\">{\"@context\":\"https:\/\/schema.org\",\"@graph\":[{\"@type\":\"WebPage\",\"@id\":\"https:\/\/www.kocher-beck.com\/es\/asesoramiento\/\",\"url\":\"https:\/\/www.kocher-beck.com\/es\/asesoramiento\/\",\"name\":\"Asesoramiento - Kocher+Beck\",\"isPartOf\":{\"@id\":\"https:\/\/www.kocher-beck.com\/es\/#website\"},\"datePublished\":\"2021-10-25T13:54:39+00:00\",\"dateModified\":\"2023-01-05T16:43:33+00:00\",\"breadcrumb\":{\"@id\":\"https:\/\/www.kocher-beck.com\/es\/asesoramiento\/#breadcrumb\"},\"inLanguage\":\"es\",\"potentialAction\":[{\"@type\":\"ReadAction\",\"target\":[\"https:\/\/www.kocher-beck.com\/es\/asesoramiento\/\"]}]},{\"@type\":\"BreadcrumbList\",\"@id\":\"https:\/\/www.kocher-beck.com\/es\/asesoramiento\/#breadcrumb\",\"itemListElement\":[{\"@type\":\"ListItem\",\"position\":1,\"name\":\"Home\",\"item\":\"https:\/\/www.kocher-beck.com\/es\/\"},{\"@type\":\"ListItem\",\"position\":2,\"name\":\"Asesoramiento\"}]},{\"@type\":\"WebSite\",\"@id\":\"https:\/\/www.kocher-beck.com\/es\/#website\",\"url\":\"https:\/\/www.kocher-beck.com\/es\/\",\"name\":\"Kocher+Beck\",\"description\":\"\",\"potentialAction\":[{\"@type\":\"SearchAction\",\"target\":{\"@type\":\"EntryPoint\",\"urlTemplate\":\"https:\/\/www.kocher-beck.com\/es\/?s={search_term_string}\"},\"query-input\":{\"@type\":\"PropertyValueSpecification\",\"valueRequired\":true,\"valueName\":\"search_term_string\"}}],\"inLanguage\":\"es\"}]}<\/script>\n<!-- \/ Yoast SEO plugin. -->","yoast_head_json":{"title":"Asesoramiento - Kocher+Beck","robots":{"index":"index","follow":"follow","max-snippet":"max-snippet:-1","max-image-preview":"max-image-preview:large","max-video-preview":"max-video-preview:-1"},"canonical":"https:\/\/www.kocher-beck.com\/es\/asesoramiento\/","og_locale":"es_ES","og_type":"article","og_title":"Asesoramiento - Kocher+Beck","og_description":"[vc_row bg_position=&#8221;center center&#8221; enable_loading_bg=&#8221;yes&#8221; css=&#8221;.vc_custom_1644492668265{padding-top: 160px !important;padding-bottom: 160px !important;background-image: url(http:\/\/www.kocher-beck.com\/wp-content\/uploads\/2021\/10\/services-hero.jpg?id=747) !important;background-position: 0 0 !important;background-repeat: no-repeat !important;}&#8221; responsive_css=&#8221;padding_right_large:140px|padding_left_large:140px|padding_right_medium:100px|padding_left_medium:100px&#8221;][vc_column enable_content_animation=&#8221;yes&#8221; ca_init_scale_x=&#8221;1&#8243; ca_init_scale_y=&#8221;1&#8243; ca_init_opacity=&#8221;0&#8243; ca_an_scale_x=&#8221;1&#8243; ca_an_scale_y=&#8221;1&#8243; ca_an_opacity=&#8221;1&#8243; offset=&#8221;vc_col-lg-5 vc_col-md-6&#8243; ca_duration=&#8221;1800&#8243; ca_delay=&#8221;180&#8243; ca_init_translate_y=&#8221;45&#8243; ca_init_rotate_z=&#8221;0&#8243;][\/vc_column][\/vc_row][vc_row css=&#8221;.vc_custom_1635172626403{padding-top: 60px !important;padding-bottom: 60px !important;background-color: #f1f3f5 !important;}&#8221;][vc_column column_top_ontablet=&#8221;yes&#8221; column_top_onmobile=&#8221;yes&#8221; offset=&#8221;vc_col-md-offset-0 vc_col-md-8&#8243; responsive_css=&#8221;margin_bottom_medium:0px&#8221; css=&#8221;.vc_custom_1634634346793{margin-bottom: 35px !important;}&#8221;][vc_row_inner content_placement=&#8221;top&#8221; css=&#8221;.vc_custom_1635172794692{margin-bottom: 40px !important;}&#8221;][vc_column_inner width=&#8221;1\/4&#8243;][vc_single_image image=&#8221;1059&#8243;][\/vc_column_inner][vc_column_inner width=&#8221;3\/4&#8243;][vc_single_image image=&#8221;6659&#8243;][\/vc_column_inner][\/vc_row_inner][\/vc_column][vc_column enable_pin=&#8221;enable_pin&#8221; offset=&#8221;vc_col-md-offset-1 [&hellip;]","og_url":"https:\/\/www.kocher-beck.com\/es\/asesoramiento\/","og_site_name":"Kocher+Beck","article_modified_time":"2023-01-05T16:43:33+00:00","twitter_card":"summary_large_image","twitter_misc":{"Tiempo de lectura":"3 minutos"},"schema":{"@context":"https:\/\/schema.org","@graph":[{"@type":"WebPage","@id":"https:\/\/www.kocher-beck.com\/es\/asesoramiento\/","url":"https:\/\/www.kocher-beck.com\/es\/asesoramiento\/","name":"Asesoramiento - Kocher+Beck","isPartOf":{"@id":"https:\/\/www.kocher-beck.com\/es\/#website"},"datePublished":"2021-10-25T13:54:39+00:00","dateModified":"2023-01-05T16:43:33+00:00","breadcrumb":{"@id":"https:\/\/www.kocher-beck.com\/es\/asesoramiento\/#breadcrumb"},"inLanguage":"es","potentialAction":[{"@type":"ReadAction","target":["https:\/\/www.kocher-beck.com\/es\/asesoramiento\/"]}]},{"@type":"BreadcrumbList","@id":"https:\/\/www.kocher-beck.com\/es\/asesoramiento\/#breadcrumb","itemListElement":[{"@type":"ListItem","position":1,"name":"Home","item":"https:\/\/www.kocher-beck.com\/es\/"},{"@type":"ListItem","position":2,"name":"Asesoramiento"}]},{"@type":"WebSite","@id":"https:\/\/www.kocher-beck.com\/es\/#website","url":"https:\/\/www.kocher-beck.com\/es\/","name":"Kocher+Beck","description":"","potentialAction":[{"@type":"SearchAction","target":{"@type":"EntryPoint","urlTemplate":"https:\/\/www.kocher-beck.com\/es\/?s={search_term_string}"},"query-input":{"@type":"PropertyValueSpecification","valueRequired":true,"valueName":"search_term_string"}}],"inLanguage":"es"}]}},"_links":{"self":[{"href":"https:\/\/www.kocher-beck.com\/es\/wp-json\/wp\/v2\/pages\/9920","targetHints":{"allow":["GET"]}}],"collection":[{"href":"https:\/\/www.kocher-beck.com\/es\/wp-json\/wp\/v2\/pages"}],"about":[{"href":"https:\/\/www.kocher-beck.com\/es\/wp-json\/wp\/v2\/types\/page"}],"author":[{"embeddable":true,"href":"https:\/\/www.kocher-beck.com\/es\/wp-json\/wp\/v2\/users\/1"}],"replies":[{"embeddable":true,"href":"https:\/\/www.kocher-beck.com\/es\/wp-json\/wp\/v2\/comments?post=9920"}],"version-history":[{"count":2,"href":"https:\/\/www.kocher-beck.com\/es\/wp-json\/wp\/v2\/pages\/9920\/revisions"}],"predecessor-version":[{"id":10142,"href":"https:\/\/www.kocher-beck.com\/es\/wp-json\/wp\/v2\/pages\/9920\/revisions\/10142"}],"wp:attachment":[{"href":"https:\/\/www.kocher-beck.com\/es\/wp-json\/wp\/v2\/media?parent=9920"}],"curies":[{"name":"wp","href":"https:\/\/api.w.org\/{rel}","templated":true}]}}