{"id":9932,"date":"2021-10-15T14:54:55","date_gmt":"2021-10-15T13:54:55","guid":{"rendered":"https:\/\/www.kocher-beck.com\/stanzstationen\/"},"modified":"2023-01-05T17:03:22","modified_gmt":"2023-01-05T17:03:22","slug":"grupos-de-troquelado","status":"publish","type":"page","link":"https:\/\/www.kocher-beck.com\/es\/grupos-de-troquelado\/","title":{"rendered":"Grupos de troquelado"},"content":{"rendered":"<p>[vc_row video_bg=&#8221;yes&#8221; video_local_mp4_url=&#8221;\/wp-content\/uploads\/2022\/06\/die-cutting-stations-2.mp4&#8243; bg_position=&#8221;left center&#8221; enable_overlay=&#8221;yes&#8221; enable_loading_bg=&#8221;yes&#8221; css=&#8221;.vc_custom_1656417102371{padding-top: 160px !important;padding-bottom: 160px !important;background-image: url(http:\/\/www.kocher-beck.com\/wp-content\/uploads\/2021\/10\/die-cutting-station-unit-hero.jpg?id=559) !important;background-position: 0 0 !important;background-repeat: no-repeat !important;}&#8221; responsive_css=&#8221;padding_right_large:140px|padding_left_large:140px|padding_right_medium:100px|padding_left_medium:100px&#8221; overlay_bg=&#8221;rgba(58, 52, 41, 0.5)&#8221;][vc_column enable_content_animation=&#8221;yes&#8221; ca_init_scale_x=&#8221;1&#8243; ca_init_scale_y=&#8221;1&#8243; ca_init_opacity=&#8221;0&#8243; ca_an_scale_x=&#8221;1&#8243; ca_an_scale_y=&#8221;1&#8243; ca_an_opacity=&#8221;1&#8243; offset=&#8221;vc_col-lg-5 vc_col-md-6&#8243; ca_duration=&#8221;1800&#8243; ca_delay=&#8221;180&#8243; ca_init_translate_y=&#8221;45&#8243; ca_init_rotate_z=&#8221;0&#8243;]<style>.ld_fancy_heading_69de4631594f3 h1{color:rgb(255, 255, 255);}.ld_fancy_heading_69de4631594f3 h1 {font-size:36px; } @media (min-width: 768px) { .ld_fancy_heading_69de4631594f3 h1 {font-size:48px; }  } @media (min-width: 992px) { .ld_fancy_heading_69de4631594f3 h1 {font-size:60px; }  } .ld_fancy_heading_69de4631594f3 .lqd-highlight-inner{height:0.275em!important;bottom:0px!important;}.ld_fancy_heading_69de4631594f3 h1 {font-size:36px; } @media (min-width: 768px) { .ld_fancy_heading_69de4631594f3 h1 {font-size:48px; }  } @media (min-width: 992px) { .ld_fancy_heading_69de4631594f3 h1 {font-size:60px; }  } <\/style><div class=\"ld-fancy-heading text-uppercase standard-hero-heading ld_fancy_heading_69de4631594f3\">\n\t<h1 class=\"ld-fh-element lqd-highlight-underline lqd-highlight-grow-left text-decoration-default lqd-split-lines\"   data-split-text=\"true\" data-split-options='{\"type\":\"lines\"}'>  Grupos de troquelado<\/h1><\/div>[\/vc_column][\/vc_row][vc_row css=&#8221;.vc_custom_1633438304312{padding-top: 60px !important;padding-bottom: 60px !important;background-color: #f1f3f5 !important;}&#8221;][vc_column column_top_ontablet=&#8221;yes&#8221; column_top_onmobile=&#8221;yes&#8221; offset=&#8221;vc_col-md-offset-0 vc_col-md-8&#8243; responsive_css=&#8221;margin_bottom_medium:0px&#8221; css=&#8221;.vc_custom_1644417765074{margin-bottom: 35px !important;}&#8221;]<style>.ld_fancy_heading_69de4631596e1 h2{color:rgb(33, 30, 22);}.ld_fancy_heading_69de4631596e1 h2 {font-size:24px; } @media (min-width: 768px) { .ld_fancy_heading_69de4631596e1 h2 {font-size:36px; }  } .ld_fancy_heading_69de4631596e1 h2 {margin-bottom:40px !important;  } .ld_fancy_heading_69de4631596e1 .lqd-highlight-inner{height:0.275em!important;bottom:0px!important;}.ld_fancy_heading_69de4631596e1 h2 {font-size:24px; } @media (min-width: 768px) { .ld_fancy_heading_69de4631596e1 h2 {font-size:36px; }  } .ld_fancy_heading_69de4631596e1 h2 {margin-bottom:40px !important;  } <\/style><div class=\"ld-fancy-heading standard-page-heading ld_fancy_heading_69de4631596e1\">\n\t<h2 class=\"ld-fh-element lqd-highlight-underline lqd-highlight-grow-left text-decoration-default\"   >  Los grupos de troquelado y los grupos especiales ofrecen posibilidades de fabricaci\u00f3n adicionales para instalaciones existentes o nuevas y pueden adaptarse o dise\u00f1arse para aumentar la productividad.<\/h2><\/div><style>.ld_fancy_heading_69de463159829 p {margin-bottom:1.5em !important;  } .ld_fancy_heading_69de463159829 .lqd-highlight-inner{height:0.275em!important;bottom:0px!important;}.ld_fancy_heading_69de463159829 p {margin-bottom:1.5em !important;  } <\/style><div class=\"ld-fancy-heading ld_fancy_heading_69de463159829\">\n\t<p class=\"ld-fh-element lqd-highlight-underline lqd-highlight-grow-left text-decoration-default\"   >  Gracias a nuestros amplios conocimientos industriales en el campo de las planchas de troquelado y los cilindros magn\u00e9ticos, Kocher+Beck es l\u00edder en la construcci\u00f3n y la fabricaci\u00f3n de grupos de troquelado y grupos especiales para sus aplicaciones.<\/p>\n<p>Consulte el folleto en \u00abM\u00e1s informaci\u00f3n\u00bb para obtener informaci\u00f3n detallada.<\/p><\/div>[\/vc_column][vc_column enable_pin=&#8221;enable_pin&#8221; offset=&#8221;vc_col-md-offset-1 vc_col-md-3&#8243;]<style>.ld_custom_menu_69de463159970 > ul > li > a{font-size:16px;font-weight:500;letter-spacing:0.01em;text-transform:uppercase;color:rgb(255, 255, 255);background:rgb(58, 52, 41);}.ld_custom_menu_69de463159970 > ul > li:not(:last-child){margin-bottom:3px;}.lqd-stickybar > .lqd-head-col > .header-module > .ld_custom_menu_69de463159970 li{margin-inline-start:3px;}.ld_custom_menu_69de463159970 > ul > li > a:hover, .ld_custom_menu_69de463159970 li.is-active > a{color:rgb(255, 255, 255);background:rgb(212, 40, 47);}.ld_custom_menu_69de463159970 > ul > li .link-icon{color:rgb(255, 255, 255);}.ld_custom_menu_69de463159970 > ul > li > a:hover .link-icon .link-icon, .ld_custom_menu_69de463159970 li.is-active .link-icon{color:rgb(255, 255, 255);}<\/style><div\n\tclass=\"lqd-fancy-menu lqd-custom-menu menu-items-has-fill lqd-menu-td-none product-info-menu ld_custom_menu_69de463159970\"\n\t>\n\n<ul id=\"ld_custom_menu_69de463159970\" class=\"reset-ul   \" ><li id=\"menu-item-10809\" class=\"menu-item menu-item-type-custom menu-item-object-custom menu-item-10809\"><a href=\"\/es\/contacto-de-espana\/\">Contacta con nosotros<\/a><\/li>\n<li id=\"menu-item-10812\" class=\"menu-item menu-item-type-custom menu-item-object-custom menu-item-10812\"><a href=\"\/wp-content\/uploads\/2022\/07\/Die-Cutting-Station-UK-TM-Final.pdf\">M\u00e1s informaci\u00f3n<\/a><\/li>\n<li id=\"menu-item-10813\" class=\"menu-item menu-item-type-custom menu-item-object-custom menu-item-10813\"><a href=\"\/es\/servicios\/?=#design-support\">Planificaci\u00f3n de proyectos\/soluciones especiales<\/a><\/li>\n<\/ul><\/div>[\/vc_column][\/vc_row][vc_row css=&#8221;.vc_custom_1653648025115{padding-bottom: 80px !important;background-color: #f1f3f5 !important;}&#8221;][vc_column offset=&#8221;vc_col-md-12&#8243; css=&#8221;.vc_custom_1633444921484{background-color: #ffffff !important;}&#8221;][vc_row_inner css=&#8221;.vc_custom_1633700947263{border-bottom-width: 1px !important;border-bottom-color: #f1f3f5 !important;border-bottom-style: solid !important;}&#8221;][vc_column_inner offset=&#8221;vc_col-md-9&#8243;]<style>.ld_spacer_69de46315a8c8{height:32px;}<\/style>\n<div class=\"ld-empty-space ld_spacer_69de46315a8c8\"><\/div><style>.ld_fancy_heading_69de46315a9c0 h3{color:rgb(33, 30, 22);}.ld_fancy_heading_69de46315a9c0 h3 {font-size:32px; } .ld_fancy_heading_69de46315a9c0 h3 {padding-right:40px !important;  } .ld_fancy_heading_69de46315a9c0 h3 {margin-bottom:0px !important;  } .ld_fancy_heading_69de46315a9c0 .lqd-highlight-inner{height:0.275em!important;bottom:0px!important;}.ld_fancy_heading_69de46315a9c0 h3 {font-size:32px; } .ld_fancy_heading_69de46315a9c0 h3 {padding-right:40px !important;  } .ld_fancy_heading_69de46315a9c0 h3 {margin-bottom:0px !important;  } <\/style><div class=\"ld-fancy-heading text-uppercase product-heading ld_fancy_heading_69de46315a9c0\">\n\t<h3 class=\"ld-fh-element lqd-highlight-underline lqd-highlight-grow-left text-decoration-default\"   >  GRUPOS DE TROQUELADO\/INSTALACIONES DE TROQUELADO<\/h3><\/div><style>.ld_fancy_heading_69de46315aafd p {padding-right:40px !important;  } .ld_fancy_heading_69de46315aafd .lqd-highlight-inner{height:0.275em!important;bottom:0px!important;}.ld_fancy_heading_69de46315aafd p {padding-right:40px !important;  } <\/style><div class=\"ld-fancy-heading product-heading-intro-text ld_fancy_heading_69de46315aafd\">\n\t<p class=\"ld-fh-element lqd-highlight-underline lqd-highlight-grow-left text-decoration-default\"   >  Valor a\u00f1adido para su imprenta.<\/p><\/div><style>.ld_spacer_69de46315abbc{height:32px;}<\/style>\n<div class=\"ld-empty-space ld_spacer_69de46315abbc\"><\/div>[\/vc_column_inner][vc_column_inner offset=&#8221;vc_col-md-3&#8243;][\/vc_column_inner][\/vc_row_inner][vc_row_inner equal_height=&#8221;yes&#8221;][vc_column_inner offset=&#8221;vc_col-md-3&#8243;][vc_single_image image=&#8221;7412&#8243;][\/vc_column_inner][vc_column_inner offset=&#8221;vc_col-md-6&#8243; responsive_css=&#8221;padding_left_medium:0px&#8221; css=&#8221;.vc_custom_1633700620582{border-right-width: 1px !important;padding-right: 20px !important;padding-bottom: 20px !important;padding-left: 20px !important;border-right-color: #f1f3f5 !important;border-right-style: solid !important;}&#8221;]<style>.ld_fancy_heading_69de46315ac9a h4 {font-size:18px; } .ld_fancy_heading_69de46315ac9a h4 {margin-top:20px !important; margin-bottom:20px !important;  } .ld_fancy_heading_69de46315ac9a .lqd-highlight-inner{height:0.275em!important;bottom:0px!important;}.ld_fancy_heading_69de46315ac9a h4 {font-size:18px; } .ld_fancy_heading_69de46315ac9a h4 {margin-top:20px !important; margin-bottom:20px !important;  } <\/style><div class=\"ld-fancy-heading ld_fancy_heading_69de46315ac9a\">\n\t<h4 class=\"ld-fh-element lqd-highlight-underline lqd-highlight-grow-left text-decoration-default\"   >  Vista general:<\/h4><\/div><style>.ld_fancy_heading_69de46315adc4 p {font-size:15px; } .ld_fancy_heading_69de46315adc4 .lqd-highlight-inner{height:0.275em!important;bottom:0px!important;}.ld_fancy_heading_69de46315adc4 p {font-size:15px; } <\/style><div class=\"ld-fancy-heading ld_fancy_heading_69de46315adc4\">\n\t<p class=\"ld-fh-element lqd-highlight-underline lqd-highlight-grow-left text-decoration-default\"   >  Los grupos de troquelado de Kocher+Beck representan la elecci\u00f3n perfecta para una amplia gama de proyectos individuales de mecanizado o aplicaciones de troquelado especiales, como folletos, cart\u00f3n y materiales pesados de fibra. La unidad puede integrarse en una m\u00e1quina existente o en una construcci\u00f3n especial y puede accionarse mediante el eje de apoyo o el cilindro de contrapresi\u00f3n.<\/p>\n<p>Los conceptos modulares personalizados de nuestro departamento de construcci\u00f3n se fabrican espec\u00edficamente seg\u00fan sus deseos: ya se trate del usuario final o de una aplicaci\u00f3n OEM.<\/p><\/div>[\/vc_column_inner][vc_column_inner responsive_css=&#8221;padding_left_medium:0px&#8221; css=&#8221;.vc_custom_1633700699950{padding-right: 20px !important;padding-bottom: 20px !important;padding-left: 20px !important;}&#8221; offset=&#8221;vc_col-md-3&#8243;]<style>.ld_fancy_heading_69de46315aeef h4 {font-size:18px; } .ld_fancy_heading_69de46315aeef h4 {margin-top:20px !important; margin-bottom:20px !important;  } .ld_fancy_heading_69de46315aeef .lqd-highlight-inner{height:0.275em!important;bottom:0px!important;}.ld_fancy_heading_69de46315aeef h4 {font-size:18px; } .ld_fancy_heading_69de46315aeef h4 {margin-top:20px !important; margin-bottom:20px !important;  } <\/style><div class=\"ld-fancy-heading ld_fancy_heading_69de46315aeef\">\n\t<h4 class=\"ld-fh-element lqd-highlight-underline lqd-highlight-grow-left text-decoration-default\"   >  Caracter\u00edsticas:<\/h4><\/div><style>.ld_fancy_heading_69de46315affb h5 {font-size:15px; } .ld_fancy_heading_69de46315affb h5 {line-height:1.5em; } .ld_fancy_heading_69de46315affb h5 {--element-line-height:1.5em; } .ld_fancy_heading_69de46315affb h5 {font-weight:400; } .ld_fancy_heading_69de46315affb h5 {margin-bottom:20px !important;  } .ld_fancy_heading_69de46315affb .lqd-highlight-inner{height:0.275em!important;bottom:0px!important;}.ld_fancy_heading_69de46315affb h5 {font-size:15px; } .ld_fancy_heading_69de46315affb h5 {line-height:1.5em; } .ld_fancy_heading_69de46315affb h5 {--element-line-height:1.5em; } .ld_fancy_heading_69de46315affb h5 {font-weight:400; } .ld_fancy_heading_69de46315affb h5 {margin-bottom:20px !important;  } <\/style><div class=\"ld-fancy-heading product-benefits ld_fancy_heading_69de46315affb\">\n\t<h5 class=\"ld-fh-element lqd-highlight-underline lqd-highlight-grow-left text-decoration-default\"   >  <\/p>\n<ul>\n<li>Cojinetes sin mantenimiento<\/li>\n<li>Elevada velocidad de la banda<\/li>\n<li>Elevaci\u00f3n neum\u00e1tica o manual de cilindros<\/li>\n<li>Sistema de medici\u00f3n de fuerza KMS<\/li>\n<li>Su construcci\u00f3n r\u00edgida proporciona una base s\u00f3lida para el troquelado<\/li>\n<li>Ancho de banda de hasta 1000&nbsp;mm (otras especificaciones por encargo)<\/li>\n<\/ul>\n<p><\/h5><\/div>[\/vc_column_inner][\/vc_row_inner][\/vc_column][\/vc_row][vc_row css=&#8221;.vc_custom_1653648035675{padding-bottom: 80px !important;background-color: #f1f3f5 !important;}&#8221;][vc_column offset=&#8221;vc_col-md-12&#8243;]<style>.ld_custom_menu_69de46315b14c > ul > li > a{font-size:16px;font-weight:500;letter-spacing:0.01em;text-transform:uppercase;color:rgb(255, 255, 255);background:rgb(58, 52, 41);}.ld_custom_menu_69de46315b14c{margin-inline-start:-3px;margin-inline-end:-3px;}.ld_custom_menu_69de46315b14c li{margin-inline-start:3px;margin-inline-end:3px;}.lqd-stickybar > .lqd-head-col > .header-module > .ld_custom_menu_69de46315b14c li{margin-top:3px;margin-bottom:3px;}.ld_custom_menu_69de46315b14c > ul > li > a:hover, .ld_custom_menu_69de46315b14c li.is-active > a{color:rgb(255, 255, 255);background:rgb(58, 52, 41);}.ld_custom_menu_69de46315b14c > ul > li .link-icon{color:rgb(255, 255, 255);}.ld_custom_menu_69de46315b14c > ul > li > a:hover .link-icon .link-icon, .ld_custom_menu_69de46315b14c li.is-active .link-icon{color:rgb(212, 40, 47);}<\/style><div\n\tclass=\"lqd-fancy-menu lqd-custom-menu menu-items-has-fill lqd-menu-td-none die-cutting-stations-product-menu-buttons ld_custom_menu_69de46315b14c\"\n\t>\n\n<ul id=\"ld_custom_menu_69de46315b14c\" class=\"reset-ul inline-nav  \" ><li id=\"menu-item-10876\" class=\"menu-item menu-item-type-post_type menu-item-object-page menu-item-10876\"><a href=\"https:\/\/www.kocher-beck.com\/es\/planchas-de-troquelado\/\">Planchas de troquelado<\/a><\/li>\n<li id=\"menu-item-10877\" class=\"menu-item menu-item-type-post_type menu-item-object-page menu-item-10877\"><a href=\"https:\/\/www.kocher-beck.com\/es\/herramientas-giratorias-cilindros-magneticos\/\">Herramientas giratorias + cilindros magn\u00e9ticos<\/a><\/li>\n<li id=\"menu-item-10878\" class=\"menu-item menu-item-type-post_type menu-item-object-page menu-item-10878\"><a href=\"https:\/\/www.kocher-beck.com\/es\/gapmaster\/\">GapMaster + KMS<\/a><\/li>\n<li id=\"menu-item-10879\" class=\"menu-item menu-item-type-post_type menu-item-object-page menu-item-10879\"><a href=\"https:\/\/www.kocher-beck.com\/es\/tecscreen\/\">TECSCREEN<\/a><\/li>\n<li id=\"menu-item-10881\" class=\"menu-item menu-item-type-post_type menu-item-object-page menu-item-10881\"><a href=\"https:\/\/www.kocher-beck.com\/es\/tecnologia-de-bobinado\/\">Tecnolog\u00eda de bobinado<\/a><\/li>\n<\/ul><\/div>[\/vc_column][\/vc_row]<\/p>\n","protected":false},"excerpt":{"rendered":"<p>[vc_row video_bg=&#8221;yes&#8221; video_local_mp4_url=&#8221;\/wp-content\/uploads\/2022\/06\/die-cutting-stations-2.mp4&#8243; bg_position=&#8221;left center&#8221; enable_overlay=&#8221;yes&#8221; enable_loading_bg=&#8221;yes&#8221; css=&#8221;.vc_custom_1656417102371{padding-top: 160px !important;padding-bottom: 160px !important;background-image: url(http:\/\/www.kocher-beck.com\/wp-content\/uploads\/2021\/10\/die-cutting-station-unit-hero.jpg?id=559) !important;background-position: 0 0 !important;background-repeat: no-repeat !important;}&#8221; responsive_css=&#8221;padding_right_large:140px|padding_left_large:140px|padding_right_medium:100px|padding_left_medium:100px&#8221; overlay_bg=&#8221;rgba(58, 52, 41, 0.5)&#8221;][vc_column enable_content_animation=&#8221;yes&#8221; ca_init_scale_x=&#8221;1&#8243; ca_init_scale_y=&#8221;1&#8243; ca_init_opacity=&#8221;0&#8243; ca_an_scale_x=&#8221;1&#8243; ca_an_scale_y=&#8221;1&#8243; ca_an_opacity=&#8221;1&#8243; offset=&#8221;vc_col-lg-5 vc_col-md-6&#8243; ca_duration=&#8221;1800&#8243; ca_delay=&#8221;180&#8243; ca_init_translate_y=&#8221;45&#8243; ca_init_rotate_z=&#8221;0&#8243;][\/vc_column][\/vc_row][vc_row css=&#8221;.vc_custom_1633438304312{padding-top: 60px !important;padding-bottom: 60px !important;background-color: #f1f3f5 !important;}&#8221;][vc_column column_top_ontablet=&#8221;yes&#8221; column_top_onmobile=&#8221;yes&#8221; offset=&#8221;vc_col-md-offset-0 vc_col-md-8&#8243; responsive_css=&#8221;margin_bottom_medium:0px&#8221; css=&#8221;.vc_custom_1644417765074{margin-bottom: 35px !important;}&#8221;][\/vc_column][vc_column enable_pin=&#8221;enable_pin&#8221; offset=&#8221;vc_col-md-offset-1 vc_col-md-3&#8243;][\/vc_column][\/vc_row][vc_row [&hellip;]<\/p>\n","protected":false},"author":1,"featured_media":0,"parent":0,"menu_order":0,"comment_status":"closed","ping_status":"closed","template":"","meta":{"_acf_changed":false,"footnotes":""},"class_list":["post-9932","page","type-page","status-publish","hentry"],"acf":[],"yoast_head":"<!-- This site is optimized with the Yoast SEO plugin v27.0 - https:\/\/yoast.com\/product\/yoast-seo-wordpress\/ -->\n<title>Grupos de troquelado - Kocher+Beck<\/title>\n<meta name=\"robots\" content=\"index, follow, max-snippet:-1, max-image-preview:large, max-video-preview:-1\" \/>\n<link rel=\"canonical\" href=\"https:\/\/www.kocher-beck.com\/es\/grupos-de-troquelado\/\" \/>\n<meta property=\"og:locale\" content=\"es_ES\" \/>\n<meta property=\"og:type\" content=\"article\" \/>\n<meta property=\"og:title\" content=\"Grupos de troquelado - Kocher+Beck\" \/>\n<meta property=\"og:description\" content=\"[vc_row video_bg=&#8221;yes&#8221; video_local_mp4_url=&#8221;\/wp-content\/uploads\/2022\/06\/die-cutting-stations-2.mp4&#8243; bg_position=&#8221;left center&#8221; enable_overlay=&#8221;yes&#8221; enable_loading_bg=&#8221;yes&#8221; css=&#8221;.vc_custom_1656417102371{padding-top: 160px !important;padding-bottom: 160px !important;background-image: url(http:\/\/www.kocher-beck.com\/wp-content\/uploads\/2021\/10\/die-cutting-station-unit-hero.jpg?id=559) !important;background-position: 0 0 !important;background-repeat: no-repeat !important;}&#8221; responsive_css=&#8221;padding_right_large:140px|padding_left_large:140px|padding_right_medium:100px|padding_left_medium:100px&#8221; overlay_bg=&#8221;rgba(58, 52, 41, 0.5)&#8221;][vc_column enable_content_animation=&#8221;yes&#8221; ca_init_scale_x=&#8221;1&#8243; ca_init_scale_y=&#8221;1&#8243; ca_init_opacity=&#8221;0&#8243; ca_an_scale_x=&#8221;1&#8243; ca_an_scale_y=&#8221;1&#8243; ca_an_opacity=&#8221;1&#8243; offset=&#8221;vc_col-lg-5 vc_col-md-6&#8243; ca_duration=&#8221;1800&#8243; ca_delay=&#8221;180&#8243; ca_init_translate_y=&#8221;45&#8243; ca_init_rotate_z=&#8221;0&#8243;][\/vc_column][\/vc_row][vc_row css=&#8221;.vc_custom_1633438304312{padding-top: 60px !important;padding-bottom: 60px !important;background-color: #f1f3f5 !important;}&#8221;][vc_column column_top_ontablet=&#8221;yes&#8221; column_top_onmobile=&#8221;yes&#8221; offset=&#8221;vc_col-md-offset-0 vc_col-md-8&#8243; responsive_css=&#8221;margin_bottom_medium:0px&#8221; css=&#8221;.vc_custom_1644417765074{margin-bottom: 35px !important;}&#8221;][\/vc_column][vc_column enable_pin=&#8221;enable_pin&#8221; offset=&#8221;vc_col-md-offset-1 vc_col-md-3&#8243;][\/vc_column][\/vc_row][vc_row [&hellip;]\" \/>\n<meta property=\"og:url\" content=\"https:\/\/www.kocher-beck.com\/es\/grupos-de-troquelado\/\" \/>\n<meta property=\"og:site_name\" content=\"Kocher+Beck\" \/>\n<meta property=\"article:modified_time\" content=\"2023-01-05T17:03:22+00:00\" \/>\n<meta name=\"twitter:card\" content=\"summary_large_image\" \/>\n<meta name=\"twitter:label1\" content=\"Tiempo de lectura\" \/>\n\t<meta name=\"twitter:data1\" content=\"2 minutos\" \/>\n<script type=\"application\/ld+json\" class=\"yoast-schema-graph\">{\"@context\":\"https:\/\/schema.org\",\"@graph\":[{\"@type\":\"WebPage\",\"@id\":\"https:\/\/www.kocher-beck.com\/es\/grupos-de-troquelado\/\",\"url\":\"https:\/\/www.kocher-beck.com\/es\/grupos-de-troquelado\/\",\"name\":\"Grupos de troquelado - Kocher+Beck\",\"isPartOf\":{\"@id\":\"https:\/\/www.kocher-beck.com\/es\/#website\"},\"datePublished\":\"2021-10-15T13:54:55+00:00\",\"dateModified\":\"2023-01-05T17:03:22+00:00\",\"breadcrumb\":{\"@id\":\"https:\/\/www.kocher-beck.com\/es\/grupos-de-troquelado\/#breadcrumb\"},\"inLanguage\":\"es\",\"potentialAction\":[{\"@type\":\"ReadAction\",\"target\":[\"https:\/\/www.kocher-beck.com\/es\/grupos-de-troquelado\/\"]}]},{\"@type\":\"BreadcrumbList\",\"@id\":\"https:\/\/www.kocher-beck.com\/es\/grupos-de-troquelado\/#breadcrumb\",\"itemListElement\":[{\"@type\":\"ListItem\",\"position\":1,\"name\":\"Home\",\"item\":\"https:\/\/www.kocher-beck.com\/es\/\"},{\"@type\":\"ListItem\",\"position\":2,\"name\":\"Grupos de troquelado\"}]},{\"@type\":\"WebSite\",\"@id\":\"https:\/\/www.kocher-beck.com\/es\/#website\",\"url\":\"https:\/\/www.kocher-beck.com\/es\/\",\"name\":\"Kocher+Beck\",\"description\":\"\",\"potentialAction\":[{\"@type\":\"SearchAction\",\"target\":{\"@type\":\"EntryPoint\",\"urlTemplate\":\"https:\/\/www.kocher-beck.com\/es\/?s={search_term_string}\"},\"query-input\":{\"@type\":\"PropertyValueSpecification\",\"valueRequired\":true,\"valueName\":\"search_term_string\"}}],\"inLanguage\":\"es\"}]}<\/script>\n<!-- \/ Yoast SEO plugin. -->","yoast_head_json":{"title":"Grupos de troquelado - Kocher+Beck","robots":{"index":"index","follow":"follow","max-snippet":"max-snippet:-1","max-image-preview":"max-image-preview:large","max-video-preview":"max-video-preview:-1"},"canonical":"https:\/\/www.kocher-beck.com\/es\/grupos-de-troquelado\/","og_locale":"es_ES","og_type":"article","og_title":"Grupos de troquelado - Kocher+Beck","og_description":"[vc_row video_bg=&#8221;yes&#8221; video_local_mp4_url=&#8221;\/wp-content\/uploads\/2022\/06\/die-cutting-stations-2.mp4&#8243; bg_position=&#8221;left center&#8221; enable_overlay=&#8221;yes&#8221; enable_loading_bg=&#8221;yes&#8221; css=&#8221;.vc_custom_1656417102371{padding-top: 160px !important;padding-bottom: 160px !important;background-image: url(http:\/\/www.kocher-beck.com\/wp-content\/uploads\/2021\/10\/die-cutting-station-unit-hero.jpg?id=559) !important;background-position: 0 0 !important;background-repeat: no-repeat !important;}&#8221; responsive_css=&#8221;padding_right_large:140px|padding_left_large:140px|padding_right_medium:100px|padding_left_medium:100px&#8221; overlay_bg=&#8221;rgba(58, 52, 41, 0.5)&#8221;][vc_column enable_content_animation=&#8221;yes&#8221; ca_init_scale_x=&#8221;1&#8243; ca_init_scale_y=&#8221;1&#8243; ca_init_opacity=&#8221;0&#8243; ca_an_scale_x=&#8221;1&#8243; ca_an_scale_y=&#8221;1&#8243; ca_an_opacity=&#8221;1&#8243; offset=&#8221;vc_col-lg-5 vc_col-md-6&#8243; ca_duration=&#8221;1800&#8243; ca_delay=&#8221;180&#8243; ca_init_translate_y=&#8221;45&#8243; ca_init_rotate_z=&#8221;0&#8243;][\/vc_column][\/vc_row][vc_row css=&#8221;.vc_custom_1633438304312{padding-top: 60px !important;padding-bottom: 60px !important;background-color: #f1f3f5 !important;}&#8221;][vc_column column_top_ontablet=&#8221;yes&#8221; column_top_onmobile=&#8221;yes&#8221; offset=&#8221;vc_col-md-offset-0 vc_col-md-8&#8243; responsive_css=&#8221;margin_bottom_medium:0px&#8221; css=&#8221;.vc_custom_1644417765074{margin-bottom: 35px !important;}&#8221;][\/vc_column][vc_column enable_pin=&#8221;enable_pin&#8221; offset=&#8221;vc_col-md-offset-1 vc_col-md-3&#8243;][\/vc_column][\/vc_row][vc_row [&hellip;]","og_url":"https:\/\/www.kocher-beck.com\/es\/grupos-de-troquelado\/","og_site_name":"Kocher+Beck","article_modified_time":"2023-01-05T17:03:22+00:00","twitter_card":"summary_large_image","twitter_misc":{"Tiempo de lectura":"2 minutos"},"schema":{"@context":"https:\/\/schema.org","@graph":[{"@type":"WebPage","@id":"https:\/\/www.kocher-beck.com\/es\/grupos-de-troquelado\/","url":"https:\/\/www.kocher-beck.com\/es\/grupos-de-troquelado\/","name":"Grupos de troquelado - Kocher+Beck","isPartOf":{"@id":"https:\/\/www.kocher-beck.com\/es\/#website"},"datePublished":"2021-10-15T13:54:55+00:00","dateModified":"2023-01-05T17:03:22+00:00","breadcrumb":{"@id":"https:\/\/www.kocher-beck.com\/es\/grupos-de-troquelado\/#breadcrumb"},"inLanguage":"es","potentialAction":[{"@type":"ReadAction","target":["https:\/\/www.kocher-beck.com\/es\/grupos-de-troquelado\/"]}]},{"@type":"BreadcrumbList","@id":"https:\/\/www.kocher-beck.com\/es\/grupos-de-troquelado\/#breadcrumb","itemListElement":[{"@type":"ListItem","position":1,"name":"Home","item":"https:\/\/www.kocher-beck.com\/es\/"},{"@type":"ListItem","position":2,"name":"Grupos de troquelado"}]},{"@type":"WebSite","@id":"https:\/\/www.kocher-beck.com\/es\/#website","url":"https:\/\/www.kocher-beck.com\/es\/","name":"Kocher+Beck","description":"","potentialAction":[{"@type":"SearchAction","target":{"@type":"EntryPoint","urlTemplate":"https:\/\/www.kocher-beck.com\/es\/?s={search_term_string}"},"query-input":{"@type":"PropertyValueSpecification","valueRequired":true,"valueName":"search_term_string"}}],"inLanguage":"es"}]}},"_links":{"self":[{"href":"https:\/\/www.kocher-beck.com\/es\/wp-json\/wp\/v2\/pages\/9932","targetHints":{"allow":["GET"]}}],"collection":[{"href":"https:\/\/www.kocher-beck.com\/es\/wp-json\/wp\/v2\/pages"}],"about":[{"href":"https:\/\/www.kocher-beck.com\/es\/wp-json\/wp\/v2\/types\/page"}],"author":[{"embeddable":true,"href":"https:\/\/www.kocher-beck.com\/es\/wp-json\/wp\/v2\/users\/1"}],"replies":[{"embeddable":true,"href":"https:\/\/www.kocher-beck.com\/es\/wp-json\/wp\/v2\/comments?post=9932"}],"version-history":[{"count":11,"href":"https:\/\/www.kocher-beck.com\/es\/wp-json\/wp\/v2\/pages\/9932\/revisions"}],"predecessor-version":[{"id":10183,"href":"https:\/\/www.kocher-beck.com\/es\/wp-json\/wp\/v2\/pages\/9932\/revisions\/10183"}],"wp:attachment":[{"href":"https:\/\/www.kocher-beck.com\/es\/wp-json\/wp\/v2\/media?parent=9932"}],"curies":[{"name":"wp","href":"https:\/\/api.w.org\/{rel}","templated":true}]}}