{"id":10989,"date":"2023-01-18T11:16:06","date_gmt":"2023-01-18T11:16:06","guid":{"rendered":"https:\/\/www.kocher-beck.com\/?page_id=10989"},"modified":"2023-05-26T09:54:55","modified_gmt":"2023-05-26T08:54:55","slug":"technologie-de-lhydrogene-solaire-et-batteries","status":"publish","type":"page","link":"https:\/\/www.kocher-beck.com\/fr\/technologie-de-lhydrogene-solaire-et-batteries\/","title":{"rendered":"Technologie de l&#8217;hydrog\u00e8ne \/ solaire et batteries"},"content":{"rendered":"<p>[vc_row bg_position=&#8221;center center&#8221; enable_overlay=&#8221;yes&#8221; enable_loading_bg=&#8221;yes&#8221; css=&#8221;.vc_custom_1685091291752{padding-top: 160px !important;padding-bottom: 160px !important;background-image: url(https:\/\/www.kocher-beck.com\/wp-content\/uploads\/2023\/02\/fuel-cell-business-header.jpg?id=11146) !important;background-position: 0 0 !important;background-repeat: no-repeat !important;}&#8221; responsive_css=&#8221;padding_right_large:140px|padding_left_large:140px|padding_right_medium:100px|padding_left_medium:100px&#8221; overlay_bg=&#8221;linear-gradient(90deg, rgb(0, 0, 0) 0.9554140127388535%, rgba(172, 29, 225, 0) 100%)&#8221;][vc_column enable_content_animation=&#8221;yes&#8221; ca_init_scale_x=&#8221;1&#8243; ca_init_scale_y=&#8221;1&#8243; ca_init_opacity=&#8221;0&#8243; ca_an_scale_x=&#8221;1&#8243; ca_an_scale_y=&#8221;1&#8243; ca_an_opacity=&#8221;1&#8243; offset=&#8221;vc_col-lg-5 vc_col-md-6&#8243; ca_duration=&#8221;1800&#8243; ca_delay=&#8221;180&#8243; ca_init_translate_y=&#8221;45&#8243; ca_init_rotate_z=&#8221;0&#8243;]<style>.ld_fancy_heading_69de18d483ec5 h1{color:rgb(255, 255, 255);}.ld_fancy_heading_69de18d483ec5 h1 {font-size:36px; } @media (min-width: 768px) { .ld_fancy_heading_69de18d483ec5 h1 {font-size:48px; }  } @media (min-width: 992px) { .ld_fancy_heading_69de18d483ec5 h1 {font-size:60px; }  } .ld_fancy_heading_69de18d483ec5 .lqd-highlight-inner{height:0.275em!important;bottom:0px!important;}.ld_fancy_heading_69de18d483ec5 h1 {font-size:36px; } @media (min-width: 768px) { .ld_fancy_heading_69de18d483ec5 h1 {font-size:48px; }  } @media (min-width: 992px) { .ld_fancy_heading_69de18d483ec5 h1 {font-size:60px; }  } <\/style><div class=\"ld-fancy-heading text-uppercase standard-hero-heading ld_fancy_heading_69de18d483ec5\">\n\t<h1 class=\"ld-fh-element lqd-highlight-underline lqd-highlight-grow-left text-decoration-default lqd-split-lines\"   data-split-text=\"true\" data-split-options='{\"type\":\"lines\"}'>  Technologie de l&#8217;hydrog\u00e8ne \/ solaire et batteries<\/h1><\/div>[\/vc_column][\/vc_row][vc_row css=&#8221;.vc_custom_1633438304312{padding-top: 60px !important;padding-bottom: 60px !important;background-color: #f1f3f5 !important;}&#8221;][vc_column column_top_ontablet=&#8221;yes&#8221; column_top_onmobile=&#8221;yes&#8221; offset=&#8221;vc_col-md-offset-0 vc_col-md-8&#8243; responsive_css=&#8221;margin_bottom_medium:0px&#8221; css=&#8221;.vc_custom_1634634346793{margin-bottom: 35px !important;}&#8221;]<style>.ld_fancy_heading_69de18d4840de h2{color:rgb(33, 30, 22);}.ld_fancy_heading_69de18d4840de h2 {font-size:24px; } @media (min-width: 768px) { .ld_fancy_heading_69de18d4840de h2 {font-size:36px; }  } .ld_fancy_heading_69de18d4840de h2 {margin-bottom:40px !important;  } .ld_fancy_heading_69de18d4840de .lqd-highlight-inner{height:0.275em!important;bottom:0px!important;}.ld_fancy_heading_69de18d4840de h2 {font-size:24px; } @media (min-width: 768px) { .ld_fancy_heading_69de18d4840de h2 {font-size:36px; }  } .ld_fancy_heading_69de18d4840de h2 {margin-bottom:40px !important;  } <\/style><div class=\"ld-fancy-heading standard-page-heading ld_fancy_heading_69de18d4840de\">\n\t<h2 class=\"ld-fh-element lqd-highlight-underline lqd-highlight-grow-left text-decoration-default\"   >  Kocher+Beck propose des solutions sp\u00e9ciales cr\u00e9atives et innovantes. Celles-ci sont sp\u00e9cialement adapt\u00e9es dans le d\u00e9tail \u00e0 chaque produit et \u00e0 ses exigences. Pensez hors de la bo\u00eete, pensez rotary !<\/h2><\/div><style>.ld_fancy_heading_69de18d484230 p {margin-bottom:1.5em !important;  } .ld_fancy_heading_69de18d484230 .lqd-highlight-inner{height:0.275em!important;bottom:0px!important;}.ld_fancy_heading_69de18d484230 p {margin-bottom:1.5em !important;  } <\/style><div class=\"ld-fancy-heading ld_fancy_heading_69de18d484230\">\n\t<p class=\"ld-fh-element lqd-highlight-underline lqd-highlight-grow-left text-decoration-default\"   >  Des solutions personnalis\u00e9es de Kocher+Beck sont utilis\u00e9es dans le monde entier pour des mat\u00e9riaux exigeants.<br \/>\nAm\u00e9liorez la performance de vos machines et augmentez votre rendement avec des agr\u00e9gats qui ont \u00e9t\u00e9 d\u00e9velopp\u00e9s exactement pour votre application.<\/p>\n<p>Les agr\u00e9gats Cut&amp;Place vous permettent de s\u00e9parer, de mettre en forme et de placer votre mat\u00e9riau en rouleau dans un processus continu.<br \/>\nGr\u00e2ce \u00e0 un processus continu, sans arr\u00eat, vous obtenez un rendement maximal.<\/p>\n<p>Dans le domaine de la technologie des piles \u00e0 combustible PEM (polym\u00e8re-\u00e9lectrolyte-membrane), les composants du noyau de l&#8217;AME (unit\u00e9 membrane-\u00e9lectrode) peuvent \u00eatre s\u00e9par\u00e9s et d\u00e9pos\u00e9s avec une grande pr\u00e9cision.<br \/>\nIl est \u00e9galement possible de d\u00e9couper diff\u00e9rents mat\u00e9riaux en rouleaux, tels que des membranes (CCM), des couches de diffusion gazeuse (GDL) ou des films sub-gazette. Les d\u00e9coupes pour les surfaces fonctionnelles ou les canaux de refroidissement ne posent aucun probl\u00e8me. Il n&#8217;y a pratiquement aucune limite \u00e0 la forme.<br \/>\nVous souhaitez laminer des films Sub-Gasket ? Kocher+Beck a certainement la solution qu&#8217;il vous faut !<\/p>\n<p>Bien entendu, il est \u00e9galement possible de d\u00e9couper les mat\u00e9riaux n\u00e9cessaires aux projets industriels de batteries et de stockage d&#8217;\u00e9nergie.<br \/>\nLes isolateurs \u00e9lectriques, les films s\u00e9parateurs ou les \u00e9l\u00e9ments de compensation sont des composants fonctionnels essentiels dans cet environnement.<br \/>\nM\u00eame dans la technologie des cellules solaires flexibles, il est possible de traiter des composants tels que les films de s\u00e9paration ou les isolants, etc.<\/p>\n<p>Pour la s\u00e9rigraphie rotative de composants \u00e9lectroniques, de cellules solaires et de membranes de piles \u00e0 combustible, Kocher+Beck propose un large choix de grilles de s\u00e9rigraphie en acier inoxydable nickel\u00e9.<\/p>\n<p>Vous trouverez de plus amples informations dans l&#8217;espace TecSreeen.<\/p>\n<p>Impliquez-nous tr\u00e8s t\u00f4t dans votre projet, nous vous apporterons un soutien complet dans le domaine des solutions rotatives.<\/p><\/div>[vc_row_inner css=&#8221;.vc_custom_1644409289606{margin-top: 80px !important;}&#8221;][vc_column_inner]<style>.ld_custom_menu_69de18d4843b1 > ul > li > a{font-size:16px;font-weight:500;letter-spacing:0.01em;text-transform:uppercase;color:rgb(255, 255, 255);background:rgb(58, 52, 41);}.ld_custom_menu_69de18d4843b1{margin-inline-start:-3px;margin-inline-end:-3px;}.ld_custom_menu_69de18d4843b1 li{margin-inline-start:3px;margin-inline-end:3px;}.lqd-stickybar > .lqd-head-col > .header-module > .ld_custom_menu_69de18d4843b1 li{margin-top:3px;margin-bottom:3px;}.ld_custom_menu_69de18d4843b1 > ul > li > a:hover, .ld_custom_menu_69de18d4843b1 li.is-active > a{color:rgb(255, 255, 255);background:rgb(58, 52, 41);}.ld_custom_menu_69de18d4843b1 > ul > li .link-icon{color:rgb(255, 255, 255);}.ld_custom_menu_69de18d4843b1 > ul > li > a:hover .link-icon .link-icon, .ld_custom_menu_69de18d4843b1 li.is-active .link-icon{color:rgb(212, 40, 47);}<\/style><div\n\tclass=\"lqd-fancy-menu lqd-custom-menu menu-items-has-fill lqd-menu-td-none hsb-tech-product-menu-buttons ld_custom_menu_69de18d4843b1\"\n\t>\n\n<ul id=\"ld_custom_menu_69de18d4843b1\" class=\"reset-ul inline-nav  \" ><li id=\"menu-item-11038\" class=\"menu-item menu-item-type-post_type menu-item-object-page menu-item-11038\"><a href=\"https:\/\/www.kocher-beck.com\/fr\/groupes-de-decoupe\/\"><span class=\"link-icon d-inline-flex hide-if-empty left-icon\"><i class=\"lqd-icn-ess icon-ion-ios-add\"><\/i><\/span>Groupes de d\u00e9coupe<\/a><\/li>\n<li id=\"menu-item-11039\" class=\"menu-item menu-item-type-post_type menu-item-object-page menu-item-11039\"><a href=\"https:\/\/www.kocher-beck.com\/fr\/plaques-de-decoupe\/\"><span class=\"link-icon d-inline-flex hide-if-empty left-icon\"><i class=\"lqd-icn-ess icon-ion-ios-add\"><\/i><\/span>Plaques de d\u00e9coupe<\/a><\/li>\n<li id=\"menu-item-11040\" class=\"menu-item menu-item-type-post_type menu-item-object-page menu-item-11040\"><a href=\"https:\/\/www.kocher-beck.com\/fr\/gapmaster\/\"><span class=\"link-icon d-inline-flex hide-if-empty left-icon\"><i class=\"lqd-icn-ess icon-ion-ios-add\"><\/i><\/span>GapMaster + KMS<\/a><\/li>\n<li id=\"menu-item-11041\" class=\"menu-item menu-item-type-post_type menu-item-object-page menu-item-11041\"><a href=\"https:\/\/www.kocher-beck.com\/fr\/outils-rotatifs-cylindres-magnetiques\/\"><span class=\"link-icon d-inline-flex hide-if-empty left-icon\"><i class=\"lqd-icn-ess icon-ion-ios-add\"><\/i><\/span>Outils rotatifs + cylindres magn\u00e9tiques<\/a><\/li>\n<li id=\"menu-item-11751\" class=\"menu-item menu-item-type-post_type menu-item-object-page menu-item-11751\"><a href=\"https:\/\/www.kocher-beck.com\/fr\/tecscreen\/\"><span class=\"link-icon d-inline-flex hide-if-empty left-icon\"><i class=\"lqd-icn-ess icon-ion-ios-add\"><\/i><\/span>TECSCREEN<\/a><\/li>\n<li id=\"menu-item-11214\" class=\"menu-item menu-item-type-post_type menu-item-object-page menu-item-11214\"><a href=\"https:\/\/www.kocher-beck.com\/fr\/agregats-de-decoupe-cutplace\/\"><span class=\"link-icon d-inline-flex hide-if-empty left-icon\"><i class=\"lqd-icn-ess icon-ion-ios-add\"><\/i><\/span>Agr\u00e9gats de d\u00e9coupe Cut&#038;Place<\/a><\/li>\n<\/ul><\/div>[\/vc_column_inner][\/vc_row_inner][\/vc_column][vc_column offset=&#8221;vc_col-md-offset-1 vc_col-md-3&#8243;]<style>.ld_custom_menu_69de18d486322 > ul > li > a{font-size:16px;font-weight:500;letter-spacing:0.01em;text-transform:uppercase;color:rgb(255, 255, 255);background:rgb(58, 52, 41);}.ld_custom_menu_69de18d486322 > ul > li:not(:last-child){margin-bottom:3px;}.lqd-stickybar > .lqd-head-col > .header-module > .ld_custom_menu_69de18d486322 li{margin-inline-start:3px;}.ld_custom_menu_69de18d486322 > ul > li > a:hover, .ld_custom_menu_69de18d486322 li.is-active > a{color:rgb(255, 255, 255);background:rgb(212, 40, 47);}.ld_custom_menu_69de18d486322 > ul > li .link-icon{color:rgb(212, 40, 47);}.ld_custom_menu_69de18d486322 > ul > li > a:hover .link-icon .link-icon, .ld_custom_menu_69de18d486322 li.is-active .link-icon{color:rgb(255, 255, 255);}<\/style><div\n\tclass=\"lqd-fancy-menu lqd-custom-menu menu-items-has-fill lqd-menu-td-none application-product-menu ld_custom_menu_69de18d486322\"\n\t>\n\n<ul id=\"ld_custom_menu_69de18d486322\" class=\"reset-ul   \" ><li id=\"menu-item-11361\" class=\"menu-item menu-item-type-custom menu-item-object-custom menu-item-11361\"><a href=\"\/fr\/contact-france\/\"><span class=\"link-icon d-inline-flex hide-if-empty left-icon\"><i class=\"lqd-icn-ess icon-ion-ios-add\"><\/i><\/span>Nous contacter<\/a><\/li>\n<li id=\"menu-item-11362\" class=\"menu-item menu-item-type-custom menu-item-object-custom menu-item-11362\"><a href=\"\/fr\/prestations\/?=#design-support\"><span class=\"link-icon d-inline-flex hide-if-empty left-icon\"><i class=\"lqd-icn-ess icon-ion-ios-add\"><\/i><\/span>Conception\/Solutions sp\u00e9ciales<\/a><\/li>\n<\/ul><\/div>[\/vc_column][\/vc_row][vc_row css=&#8221;.vc_custom_1634286167305{background-color: #f1f3f5 !important;}&#8221;][vc_column offset=&#8221;vc_col-md-12&#8243;]<style>.ld_spacer_69de18d487045{height:40px;}<\/style>\n<div class=\"ld-empty-space ld_spacer_69de18d487045\"><\/div>[\/vc_column][\/vc_row]<\/p>\n","protected":false},"excerpt":{"rendered":"<p>[vc_row bg_position=&#8221;center center&#8221; enable_overlay=&#8221;yes&#8221; enable_loading_bg=&#8221;yes&#8221; css=&#8221;.vc_custom_1685091291752{padding-top: 160px !important;padding-bottom: 160px !important;background-image: url(https:\/\/www.kocher-beck.com\/wp-content\/uploads\/2023\/02\/fuel-cell-business-header.jpg?id=11146) !important;background-position: 0 0 !important;background-repeat: no-repeat !important;}&#8221; responsive_css=&#8221;padding_right_large:140px|padding_left_large:140px|padding_right_medium:100px|padding_left_medium:100px&#8221; overlay_bg=&#8221;linear-gradient(90deg, rgb(0, 0, 0) 0.9554140127388535%, rgba(172, 29, 225, 0) 100%)&#8221;][vc_column enable_content_animation=&#8221;yes&#8221; ca_init_scale_x=&#8221;1&#8243; ca_init_scale_y=&#8221;1&#8243; ca_init_opacity=&#8221;0&#8243; ca_an_scale_x=&#8221;1&#8243; ca_an_scale_y=&#8221;1&#8243; ca_an_opacity=&#8221;1&#8243; offset=&#8221;vc_col-lg-5 vc_col-md-6&#8243; ca_duration=&#8221;1800&#8243; ca_delay=&#8221;180&#8243; ca_init_translate_y=&#8221;45&#8243; ca_init_rotate_z=&#8221;0&#8243;][\/vc_column][\/vc_row][vc_row css=&#8221;.vc_custom_1633438304312{padding-top: 60px !important;padding-bottom: 60px !important;background-color: #f1f3f5 !important;}&#8221;][vc_column column_top_ontablet=&#8221;yes&#8221; column_top_onmobile=&#8221;yes&#8221; offset=&#8221;vc_col-md-offset-0 vc_col-md-8&#8243; responsive_css=&#8221;margin_bottom_medium:0px&#8221; css=&#8221;.vc_custom_1634634346793{margin-bottom: 35px [&hellip;]<\/p>\n","protected":false},"author":1,"featured_media":0,"parent":0,"menu_order":0,"comment_status":"closed","ping_status":"closed","template":"","meta":{"_acf_changed":false,"footnotes":""},"class_list":["post-10989","page","type-page","status-publish","hentry"],"acf":[],"yoast_head":"<!-- This site is optimized with the Yoast SEO plugin v27.0 - https:\/\/yoast.com\/product\/yoast-seo-wordpress\/ -->\n<title>Technologie de l&#039;hydrog\u00e8ne \/ solaire et batteries - Kocher+Beck<\/title>\n<meta name=\"robots\" content=\"index, follow, max-snippet:-1, max-image-preview:large, max-video-preview:-1\" \/>\n<link rel=\"canonical\" href=\"https:\/\/www.kocher-beck.com\/fr\/technologie-de-lhydrogene-solaire-et-batteries\/\" \/>\n<meta property=\"og:locale\" content=\"fr_FR\" \/>\n<meta property=\"og:type\" content=\"article\" \/>\n<meta property=\"og:title\" content=\"Technologie de l&#039;hydrog\u00e8ne \/ solaire et batteries - Kocher+Beck\" \/>\n<meta property=\"og:description\" content=\"[vc_row bg_position=&#8221;center center&#8221; enable_overlay=&#8221;yes&#8221; enable_loading_bg=&#8221;yes&#8221; css=&#8221;.vc_custom_1685091291752{padding-top: 160px !important;padding-bottom: 160px !important;background-image: url(https:\/\/www.kocher-beck.com\/wp-content\/uploads\/2023\/02\/fuel-cell-business-header.jpg?id=11146) !important;background-position: 0 0 !important;background-repeat: no-repeat !important;}&#8221; responsive_css=&#8221;padding_right_large:140px|padding_left_large:140px|padding_right_medium:100px|padding_left_medium:100px&#8221; overlay_bg=&#8221;linear-gradient(90deg, rgb(0, 0, 0) 0.9554140127388535%, rgba(172, 29, 225, 0) 100%)&#8221;][vc_column enable_content_animation=&#8221;yes&#8221; ca_init_scale_x=&#8221;1&#8243; ca_init_scale_y=&#8221;1&#8243; ca_init_opacity=&#8221;0&#8243; ca_an_scale_x=&#8221;1&#8243; ca_an_scale_y=&#8221;1&#8243; ca_an_opacity=&#8221;1&#8243; offset=&#8221;vc_col-lg-5 vc_col-md-6&#8243; ca_duration=&#8221;1800&#8243; ca_delay=&#8221;180&#8243; ca_init_translate_y=&#8221;45&#8243; ca_init_rotate_z=&#8221;0&#8243;][\/vc_column][\/vc_row][vc_row css=&#8221;.vc_custom_1633438304312{padding-top: 60px !important;padding-bottom: 60px !important;background-color: #f1f3f5 !important;}&#8221;][vc_column column_top_ontablet=&#8221;yes&#8221; column_top_onmobile=&#8221;yes&#8221; offset=&#8221;vc_col-md-offset-0 vc_col-md-8&#8243; responsive_css=&#8221;margin_bottom_medium:0px&#8221; css=&#8221;.vc_custom_1634634346793{margin-bottom: 35px [&hellip;]\" \/>\n<meta property=\"og:url\" content=\"https:\/\/www.kocher-beck.com\/fr\/technologie-de-lhydrogene-solaire-et-batteries\/\" \/>\n<meta property=\"og:site_name\" content=\"Kocher+Beck\" \/>\n<meta property=\"article:modified_time\" content=\"2023-05-26T08:54:55+00:00\" \/>\n<meta name=\"twitter:card\" content=\"summary_large_image\" \/>\n<meta name=\"twitter:label1\" content=\"Dur\u00e9e de lecture estim\u00e9e\" \/>\n\t<meta name=\"twitter:data1\" content=\"3 minutes\" \/>\n<script type=\"application\/ld+json\" class=\"yoast-schema-graph\">{\"@context\":\"https:\/\/schema.org\",\"@graph\":[{\"@type\":\"WebPage\",\"@id\":\"https:\/\/www.kocher-beck.com\/fr\/technologie-de-lhydrogene-solaire-et-batteries\/\",\"url\":\"https:\/\/www.kocher-beck.com\/fr\/technologie-de-lhydrogene-solaire-et-batteries\/\",\"name\":\"Technologie de l'hydrog\u00e8ne \/ solaire et batteries - Kocher+Beck\",\"isPartOf\":{\"@id\":\"https:\/\/www.kocher-beck.com\/fr\/#website\"},\"datePublished\":\"2023-01-18T11:16:06+00:00\",\"dateModified\":\"2023-05-26T08:54:55+00:00\",\"breadcrumb\":{\"@id\":\"https:\/\/www.kocher-beck.com\/fr\/technologie-de-lhydrogene-solaire-et-batteries\/#breadcrumb\"},\"inLanguage\":\"fr-FR\",\"potentialAction\":[{\"@type\":\"ReadAction\",\"target\":[\"https:\/\/www.kocher-beck.com\/fr\/technologie-de-lhydrogene-solaire-et-batteries\/\"]}]},{\"@type\":\"BreadcrumbList\",\"@id\":\"https:\/\/www.kocher-beck.com\/fr\/technologie-de-lhydrogene-solaire-et-batteries\/#breadcrumb\",\"itemListElement\":[{\"@type\":\"ListItem\",\"position\":1,\"name\":\"Home\",\"item\":\"https:\/\/www.kocher-beck.com\/fr\/\"},{\"@type\":\"ListItem\",\"position\":2,\"name\":\"Technologie de l&#8217;hydrog\u00e8ne \/ solaire et batteries\"}]},{\"@type\":\"WebSite\",\"@id\":\"https:\/\/www.kocher-beck.com\/fr\/#website\",\"url\":\"https:\/\/www.kocher-beck.com\/fr\/\",\"name\":\"Kocher+Beck\",\"description\":\"\",\"potentialAction\":[{\"@type\":\"SearchAction\",\"target\":{\"@type\":\"EntryPoint\",\"urlTemplate\":\"https:\/\/www.kocher-beck.com\/fr\/?s={search_term_string}\"},\"query-input\":{\"@type\":\"PropertyValueSpecification\",\"valueRequired\":true,\"valueName\":\"search_term_string\"}}],\"inLanguage\":\"fr-FR\"}]}<\/script>\n<!-- \/ Yoast SEO plugin. -->","yoast_head_json":{"title":"Technologie de l'hydrog\u00e8ne \/ solaire et batteries - Kocher+Beck","robots":{"index":"index","follow":"follow","max-snippet":"max-snippet:-1","max-image-preview":"max-image-preview:large","max-video-preview":"max-video-preview:-1"},"canonical":"https:\/\/www.kocher-beck.com\/fr\/technologie-de-lhydrogene-solaire-et-batteries\/","og_locale":"fr_FR","og_type":"article","og_title":"Technologie de l'hydrog\u00e8ne \/ solaire et batteries - Kocher+Beck","og_description":"[vc_row bg_position=&#8221;center center&#8221; enable_overlay=&#8221;yes&#8221; enable_loading_bg=&#8221;yes&#8221; css=&#8221;.vc_custom_1685091291752{padding-top: 160px !important;padding-bottom: 160px !important;background-image: url(https:\/\/www.kocher-beck.com\/wp-content\/uploads\/2023\/02\/fuel-cell-business-header.jpg?id=11146) !important;background-position: 0 0 !important;background-repeat: no-repeat !important;}&#8221; responsive_css=&#8221;padding_right_large:140px|padding_left_large:140px|padding_right_medium:100px|padding_left_medium:100px&#8221; overlay_bg=&#8221;linear-gradient(90deg, rgb(0, 0, 0) 0.9554140127388535%, rgba(172, 29, 225, 0) 100%)&#8221;][vc_column enable_content_animation=&#8221;yes&#8221; ca_init_scale_x=&#8221;1&#8243; ca_init_scale_y=&#8221;1&#8243; ca_init_opacity=&#8221;0&#8243; ca_an_scale_x=&#8221;1&#8243; ca_an_scale_y=&#8221;1&#8243; ca_an_opacity=&#8221;1&#8243; offset=&#8221;vc_col-lg-5 vc_col-md-6&#8243; ca_duration=&#8221;1800&#8243; ca_delay=&#8221;180&#8243; ca_init_translate_y=&#8221;45&#8243; ca_init_rotate_z=&#8221;0&#8243;][\/vc_column][\/vc_row][vc_row css=&#8221;.vc_custom_1633438304312{padding-top: 60px !important;padding-bottom: 60px !important;background-color: #f1f3f5 !important;}&#8221;][vc_column column_top_ontablet=&#8221;yes&#8221; column_top_onmobile=&#8221;yes&#8221; offset=&#8221;vc_col-md-offset-0 vc_col-md-8&#8243; responsive_css=&#8221;margin_bottom_medium:0px&#8221; css=&#8221;.vc_custom_1634634346793{margin-bottom: 35px [&hellip;]","og_url":"https:\/\/www.kocher-beck.com\/fr\/technologie-de-lhydrogene-solaire-et-batteries\/","og_site_name":"Kocher+Beck","article_modified_time":"2023-05-26T08:54:55+00:00","twitter_card":"summary_large_image","twitter_misc":{"Dur\u00e9e de lecture estim\u00e9e":"3 minutes"},"schema":{"@context":"https:\/\/schema.org","@graph":[{"@type":"WebPage","@id":"https:\/\/www.kocher-beck.com\/fr\/technologie-de-lhydrogene-solaire-et-batteries\/","url":"https:\/\/www.kocher-beck.com\/fr\/technologie-de-lhydrogene-solaire-et-batteries\/","name":"Technologie de l'hydrog\u00e8ne \/ solaire et batteries - Kocher+Beck","isPartOf":{"@id":"https:\/\/www.kocher-beck.com\/fr\/#website"},"datePublished":"2023-01-18T11:16:06+00:00","dateModified":"2023-05-26T08:54:55+00:00","breadcrumb":{"@id":"https:\/\/www.kocher-beck.com\/fr\/technologie-de-lhydrogene-solaire-et-batteries\/#breadcrumb"},"inLanguage":"fr-FR","potentialAction":[{"@type":"ReadAction","target":["https:\/\/www.kocher-beck.com\/fr\/technologie-de-lhydrogene-solaire-et-batteries\/"]}]},{"@type":"BreadcrumbList","@id":"https:\/\/www.kocher-beck.com\/fr\/technologie-de-lhydrogene-solaire-et-batteries\/#breadcrumb","itemListElement":[{"@type":"ListItem","position":1,"name":"Home","item":"https:\/\/www.kocher-beck.com\/fr\/"},{"@type":"ListItem","position":2,"name":"Technologie de l&#8217;hydrog\u00e8ne \/ solaire et batteries"}]},{"@type":"WebSite","@id":"https:\/\/www.kocher-beck.com\/fr\/#website","url":"https:\/\/www.kocher-beck.com\/fr\/","name":"Kocher+Beck","description":"","potentialAction":[{"@type":"SearchAction","target":{"@type":"EntryPoint","urlTemplate":"https:\/\/www.kocher-beck.com\/fr\/?s={search_term_string}"},"query-input":{"@type":"PropertyValueSpecification","valueRequired":true,"valueName":"search_term_string"}}],"inLanguage":"fr-FR"}]}},"_links":{"self":[{"href":"https:\/\/www.kocher-beck.com\/fr\/wp-json\/wp\/v2\/pages\/10989","targetHints":{"allow":["GET"]}}],"collection":[{"href":"https:\/\/www.kocher-beck.com\/fr\/wp-json\/wp\/v2\/pages"}],"about":[{"href":"https:\/\/www.kocher-beck.com\/fr\/wp-json\/wp\/v2\/types\/page"}],"author":[{"embeddable":true,"href":"https:\/\/www.kocher-beck.com\/fr\/wp-json\/wp\/v2\/users\/1"}],"replies":[{"embeddable":true,"href":"https:\/\/www.kocher-beck.com\/fr\/wp-json\/wp\/v2\/comments?post=10989"}],"version-history":[{"count":6,"href":"https:\/\/www.kocher-beck.com\/fr\/wp-json\/wp\/v2\/pages\/10989\/revisions"}],"predecessor-version":[{"id":11765,"href":"https:\/\/www.kocher-beck.com\/fr\/wp-json\/wp\/v2\/pages\/10989\/revisions\/11765"}],"wp:attachment":[{"href":"https:\/\/www.kocher-beck.com\/fr\/wp-json\/wp\/v2\/media?parent=10989"}],"curies":[{"name":"wp","href":"https:\/\/api.w.org\/{rel}","templated":true}]}}