{"id":9867,"date":"2021-10-20T16:41:53","date_gmt":"2021-10-20T15:41:53","guid":{"rendered":"https:\/\/www.kocher-beck.com\/akademie\/"},"modified":"2023-01-09T15:42:55","modified_gmt":"2023-01-09T15:42:55","slug":"akademie","status":"publish","type":"page","link":"https:\/\/www.kocher-beck.com\/fr\/akademie\/","title":{"rendered":"Acad\u00e9mie"},"content":{"rendered":"<p>[vc_row bg_position=&#8221;center center&#8221; enable_loading_bg=&#8221;yes&#8221; css=&#8221;.vc_custom_1644492564071{padding-top: 160px !important;padding-bottom: 160px !important;background-image: url(http:\/\/www.kocher-beck.com\/wp-content\/uploads\/2021\/10\/academy-hero.jpg?id=853) !important;background-position: 0 0 !important;background-repeat: no-repeat !important;}&#8221; responsive_css=&#8221;padding_right_large:140px|padding_left_large:140px|padding_right_medium:100px|padding_left_medium:100px&#8221;][vc_column enable_content_animation=&#8221;yes&#8221; ca_init_scale_x=&#8221;1&#8243; ca_init_scale_y=&#8221;1&#8243; ca_init_opacity=&#8221;0&#8243; ca_an_scale_x=&#8221;1&#8243; ca_an_scale_y=&#8221;1&#8243; ca_an_opacity=&#8221;1&#8243; offset=&#8221;vc_col-lg-5 vc_col-md-6&#8243; ca_duration=&#8221;1800&#8243; ca_delay=&#8221;180&#8243; ca_init_translate_y=&#8221;45&#8243; ca_init_rotate_z=&#8221;0&#8243;]<style>.ld_fancy_heading_69da5a75e1247 h1{color:rgb(255, 255, 255);}.ld_fancy_heading_69da5a75e1247 h1 {font-size:36px; } @media (min-width: 768px) { .ld_fancy_heading_69da5a75e1247 h1 {font-size:48px; }  } @media (min-width: 992px) { .ld_fancy_heading_69da5a75e1247 h1 {font-size:60px; }  } .ld_fancy_heading_69da5a75e1247 .lqd-highlight-inner{height:0.275em!important;bottom:0px!important;}.ld_fancy_heading_69da5a75e1247 h1 {font-size:36px; } @media (min-width: 768px) { .ld_fancy_heading_69da5a75e1247 h1 {font-size:48px; }  } @media (min-width: 992px) { .ld_fancy_heading_69da5a75e1247 h1 {font-size:60px; }  } <\/style><div class=\"ld-fancy-heading text-uppercase standard-hero-heading ld_fancy_heading_69da5a75e1247\">\n\t<h1 class=\"ld-fh-element lqd-highlight-underline lqd-highlight-grow-left text-decoration-default lqd-split-lines\"   data-split-text=\"true\" data-split-options='{\"type\":\"lines\"}'>  Acad\u00e9mie<\/h1><\/div>[\/vc_column][\/vc_row][vc_row css=&#8221;.vc_custom_1633438304312{padding-top: 60px !important;padding-bottom: 60px !important;background-color: #f1f3f5 !important;}&#8221;][vc_column column_top_ontablet=&#8221;yes&#8221; column_top_onmobile=&#8221;yes&#8221; offset=&#8221;vc_col-md-offset-0 vc_col-md-8&#8243; responsive_css=&#8221;margin_bottom_medium:0px&#8221; css=&#8221;.vc_custom_1634634346793{margin-bottom: 35px !important;}&#8221;][vc_row_inner content_placement=&#8221;top&#8221; el_id=&#8221;magnetic-cylinder-audits&#8221;][vc_column_inner width=&#8221;1\/4&#8243;][vc_single_image image=&#8221;839&#8243;][\/vc_column_inner][vc_column_inner width=&#8221;3\/4&#8243;]<style>.ld_fancy_heading_69da5a75e146c h2{color:rgb(33, 30, 22);}.ld_fancy_heading_69da5a75e146c h2 {font-size:24px; } @media (min-width: 768px) { .ld_fancy_heading_69da5a75e146c h2 {font-size:36px; }  } .ld_fancy_heading_69da5a75e146c h2 {margin-bottom:40px !important;  } .ld_fancy_heading_69da5a75e146c .lqd-highlight-inner{height:0.275em!important;bottom:0px!important;}.ld_fancy_heading_69da5a75e146c h2 {font-size:24px; } @media (min-width: 768px) { .ld_fancy_heading_69da5a75e146c h2 {font-size:36px; }  } .ld_fancy_heading_69da5a75e146c h2 {margin-bottom:40px !important;  } <\/style><div class=\"ld-fancy-heading standard-page-heading ld_fancy_heading_69da5a75e146c\">\n\t<h2 class=\"ld-fh-element lqd-highlight-underline lqd-highlight-grow-left text-decoration-default\"   >  Bienvenue \u00e0 l\u2019acad\u00e9mie en ligne Kocher+Beck.<\/h2><\/div>[vc_single_image image=&#8221;841&#8243;]<style>.ld_fancy_heading_69da5a75e15a6 p {margin-bottom:1.5em !important;  } .ld_fancy_heading_69da5a75e15a6 .lqd-highlight-inner{height:0.275em!important;bottom:0px!important;}.ld_fancy_heading_69da5a75e15a6 p {margin-bottom:1.5em !important;  } <\/style><div class=\"ld-fancy-heading ld_fancy_heading_69da5a75e15a6\">\n\t<p class=\"ld-fh-element lqd-highlight-underline lqd-highlight-grow-left text-decoration-default\"   >  C\u2019est notre mani\u00e8re de partager nos connaissances et notre expertise avec vous et votre \u00e9quipe.<\/p>\n<p>Vous aimeriez&#8230;<\/p><\/div><style>.ld_fancy_heading_69da5a75e16d3 p{background:rgba(99, 144, 198, 0.2);}.ld_fancy_heading_69da5a75e16d3 p {padding-top:15px !important; padding-right:30px !important; padding-bottom:15px !important; padding-left:30px !important;  } .ld_fancy_heading_69da5a75e16d3 .lqd-highlight-inner{height:0.275em!important;bottom:0px!important;}.ld_fancy_heading_69da5a75e16d3 p {padding-top:15px !important; padding-right:30px !important; padding-bottom:15px !important; padding-left:30px !important;  } <\/style><div class=\"ld-fancy-heading ld-fh-has-fill ld_fancy_heading_69da5a75e16d3\">\n\t<p class=\"ld-fh-element lqd-highlight-underline lqd-highlight-grow-left text-decoration-default\"   >  <strong>&#8230;en savoir plus sur les plaques de d\u00e9coupe et les produits mat\u00e9riels\u00a0?<\/strong><\/p><\/div><style>.ld_fancy_heading_69da5a75e1b28 p{background:rgba(99, 144, 198, 0.2);}.ld_fancy_heading_69da5a75e1b28 p {padding-top:15px !important; padding-right:30px !important; padding-bottom:15px !important; padding-left:30px !important;  } .ld_fancy_heading_69da5a75e1b28 .lqd-highlight-inner{height:0.275em!important;bottom:0px!important;}.ld_fancy_heading_69da5a75e1b28 p {padding-top:15px !important; padding-right:30px !important; padding-bottom:15px !important; padding-left:30px !important;  } <\/style><div class=\"ld-fancy-heading ld-fh-has-fill ld_fancy_heading_69da5a75e1b28\">\n\t<p class=\"ld-fh-element lqd-highlight-underline lqd-highlight-grow-left text-decoration-default\"   >  <strong>&#8230;\u00e9largir vos connaissances quant au fonctionnement des outils sur diff\u00e9rents mat\u00e9riaux et aux sp\u00e9cifications techniques concern\u00e9es\u00a0?<\/strong><\/p><\/div><style>.ld_fancy_heading_69da5a75e1cc2 p{background:rgba(99, 144, 198, 0.2);}.ld_fancy_heading_69da5a75e1cc2 p {padding-top:15px !important; padding-right:30px !important; padding-bottom:15px !important; padding-left:30px !important;  } .ld_fancy_heading_69da5a75e1cc2 .lqd-highlight-inner{height:0.275em!important;bottom:0px!important;}.ld_fancy_heading_69da5a75e1cc2 p {padding-top:15px !important; padding-right:30px !important; padding-bottom:15px !important; padding-left:30px !important;  } <\/style><div class=\"ld-fancy-heading ld-fh-has-fill ld_fancy_heading_69da5a75e1cc2\">\n\t<p class=\"ld-fh-element lqd-highlight-underline lqd-highlight-grow-left text-decoration-default\"   >  <strong>&#8230; apprendre \u00e0 r\u00e9soudre les probl\u00e8mes courants d\u2019une machine d\u2019impression\u00a0?<\/strong><\/p><\/div><style>.ld_fancy_heading_69da5a75e1ddf p {margin-top:1.5em !important; margin-bottom:1.5em !important;  } .ld_fancy_heading_69da5a75e1ddf .lqd-highlight-inner{height:0.275em!important;bottom:0px!important;}.ld_fancy_heading_69da5a75e1ddf p {margin-top:1.5em !important; margin-bottom:1.5em !important;  } <\/style><div class=\"ld-fancy-heading ld_fancy_heading_69da5a75e1ddf\">\n\t<p class=\"ld-fh-element lqd-highlight-underline lqd-highlight-grow-left text-decoration-default\"   >  Notre plateforme de formation <strong>Academy:Flex<\/strong> vous fournit toutes les informations dont vous avez besoin, ainsi que des conseils et astuces utiles de notre \u00e9quipe d\u2019experts.<\/p><\/div>[vc_raw_html css=&#8221;.vc_custom_1664535154286{margin-top: 1em !important;}&#8221;]JTNDaWZyYW1lJTIwdGl0bGUlM0QlMjJ2aW1lby1wbGF5ZXIlMjIlMjBzcmMlM0QlMjJodHRwcyUzQSUyRiUyRnBsYXllci52aW1lby5jb20lMkZ2aWRlbyUyRjc1NDY2MjU5MSUzRmglM0Q3NzcyZjhmMzUwJTIyJTIwd2lkdGglM0QlMjI2NDAlMjIlMjBoZWlnaHQlM0QlMjIzNjAlMjIlMjBmcmFtZWJvcmRlciUzRCUyMjAlMjIlMjBhbGxvd2Z1bGxzY3JlZW4lM0UlM0MlMkZpZnJhbWUlM0U=[\/vc_raw_html]<div class=\"header-module module-button\">\n\t<style>.ld_button_69da5a75e21ed.btn-icon-solid .btn-icon{background:rgb(99, 144, 198);}.ld_button_69da5a75e21ed.btn-icon-circle.btn-icon-ripple .btn-icon:before{border-color:rgb(99, 144, 198);}.ld_button_69da5a75e21ed.btn-icon-solid:hover .btn-icon{background:rgb(58, 52, 41);}.ld_button_69da5a75e21ed{background-color:rgb(99, 144, 198);border-color:rgb(99, 144, 198);}.ld_button_69da5a75e21ed:hover{background-color:rgb(58, 52, 41);border-color:rgb(58, 52, 41);}.ld_button_69da5a75e21ed .btn-gradient-bg-hover{background:-webkit-linear-gradient(to right, rgb(58, 52, 41) 0%, rgb(58, 52, 41) 100%);background:linear-gradient(to right, rgb(58, 52, 41) 0%, rgb(58, 52, 41) 100%);}.ld_button_69da5a75e21ed .btn-gradient-border defs stop:first-child{stop-color:rgb(99, 144, 198);}.ld_button_69da5a75e21ed .btn-gradient-border defs stop:last-child{stop-color:rgb(99, 144, 198);}.ld_button_69da5a75e21ed:hover .btn-gradient-border defs stop:first-child{stop-color:rgb(58, 52, 41);}.ld_button_69da5a75e21ed:hover .btn-gradient-border defs stop:last-child{stop-color:rgb(58, 52, 41);}.ld_button_69da5a75e21ed {font-size:12px; } .ld_button_69da5a75e21ed {font-weight:700; } .ld_button_69da5a75e21ed {letter-spacing:0.2em; } .ld_button_69da5a75e21ed {font-size:12px; } .ld_button_69da5a75e21ed {font-weight:700; } .ld_button_69da5a75e21ed {letter-spacing:0.2em; } .ld_button_69da5a75e21ed {font-size:12px; } .ld_button_69da5a75e21ed {font-weight:700; } .ld_button_69da5a75e21ed {letter-spacing:0.2em; } <\/style><a href=\"https:\/\/kocherbeck.simplero.com\/\" title=\"Acad\u00e9mie\" target=\"_blank\" class=\"btn btn-solid text-uppercase border-none btn-has-label home-application-btn ld_header_button_69da5a75e1f0d ld_button_69da5a75e21ed vc_custom_1665740554339\" >\n\t<span>\n\t\n\t\t\t\t\t<span class=\"btn-txt\" data-text=\"Acc\u00e9der \u00e0 l\u2019acad\u00e9mie en ligne\" >Acc\u00e9der \u00e0 l\u2019acad\u00e9mie en ligne<\/span>\n\t\t\n\t<span class=\"btn-icon\"><i class=\"lqd-icn-ess icon-ion-ios-arrow-forward\"><\/i><\/span>\t\t\t\t<\/span>\n<\/a>\n<\/div><style>.ld_fancy_heading_69da5a75e2769 p {margin-bottom:1.5em !important;  } .ld_fancy_heading_69da5a75e2769 .lqd-highlight-inner{height:0.275em!important;bottom:0px!important;}.ld_fancy_heading_69da5a75e2769 p {margin-bottom:1.5em !important;  } <\/style><div class=\"ld-fancy-heading ld_fancy_heading_69da5a75e2769\">\n\t<p class=\"ld-fh-element lqd-highlight-underline lqd-highlight-grow-left text-decoration-default\"   >  N\u2019oubliez pas que nous proposons \u00e9galement&#8230;<\/p><\/div><style>.ld_fancy_heading_69da5a75e2a3e p{background:rgba(99, 144, 198, 0.2);}.ld_fancy_heading_69da5a75e2a3e p {padding-top:15px !important; padding-right:30px !important; padding-bottom:15px !important; padding-left:30px !important;  } .ld_fancy_heading_69da5a75e2a3e .lqd-highlight-inner{height:0.275em!important;bottom:0px!important;}.ld_fancy_heading_69da5a75e2a3e p {padding-top:15px !important; padding-right:30px !important; padding-bottom:15px !important; padding-left:30px !important;  } <\/style><div class=\"ld-fancy-heading ld-fh-has-fill ld_fancy_heading_69da5a75e2a3e\">\n\t<p class=\"ld-fh-element lqd-highlight-underline lqd-highlight-grow-left text-decoration-default\"   >  <strong>&#8230;des formations sur site, par visioconf\u00e9rence\/webinaire ou enregistr\u00e9es, accessibles partout et \u00e0 tout moment.<\/strong><\/p><\/div><style>.ld_fancy_heading_69da5a75e2cf0 p{background:rgba(99, 144, 198, 0.2);}.ld_fancy_heading_69da5a75e2cf0 p {padding-top:15px !important; padding-right:30px !important; padding-bottom:15px !important; padding-left:30px !important;  } .ld_fancy_heading_69da5a75e2cf0 .lqd-highlight-inner{height:0.275em!important;bottom:0px!important;}.ld_fancy_heading_69da5a75e2cf0 p {padding-top:15px !important; padding-right:30px !important; padding-bottom:15px !important; padding-left:30px !important;  } <\/style><div class=\"ld-fancy-heading ld-fh-has-fill ld_fancy_heading_69da5a75e2cf0\">\n\t<p class=\"ld-fh-element lqd-highlight-underline lqd-highlight-grow-left text-decoration-default\"   >  <strong>&#8230;des formules sur mesure pour r\u00e9pondre aux besoins de formation de votre entreprise.<\/strong><\/p><\/div><style>.ld_fancy_heading_69da5a75e2f79 p {margin-top:1.5em !important; margin-bottom:1.5em !important;  } .ld_fancy_heading_69da5a75e2f79 .lqd-highlight-inner{height:0.275em!important;bottom:0px!important;}.ld_fancy_heading_69da5a75e2f79 p {margin-top:1.5em !important; margin-bottom:1.5em !important;  } <\/style><div class=\"ld-fancy-heading ld_fancy_heading_69da5a75e2f79\">\n\t<p class=\"ld-fh-element lqd-highlight-underline lqd-highlight-grow-left text-decoration-default\"   >  N\u2019h\u00e9sitez pas \u00e0 nous contacter pour plus d\u2019informations\u00a0: <a href=\"mailto:academy@kocher-beck.co.uk\">academy@kocher-beck.co.uk<\/a><\/p><\/div>[\/vc_column_inner][\/vc_row_inner][\/vc_column][vc_column offset=&#8221;vc_col-md-offset-1 vc_col-md-3&#8243;]<style>.ld_custom_menu_69da5a75e30f1 > ul > li > a{font-size:16px;font-weight:500;letter-spacing:0.01em;text-transform:uppercase;color:rgb(255, 255, 255);background:rgb(58, 52, 41);}.ld_custom_menu_69da5a75e30f1 > ul > li:not(:last-child){margin-bottom:3px;}.lqd-stickybar > .lqd-head-col > .header-module > .ld_custom_menu_69da5a75e30f1 li{margin-inline-start:3px;}.ld_custom_menu_69da5a75e30f1 > ul > li > a:hover, .ld_custom_menu_69da5a75e30f1 li.is-active > a{color:rgb(255, 255, 255);background:rgb(99, 144, 198);}.ld_custom_menu_69da5a75e30f1 > ul > li .link-icon{color:rgb(255, 255, 255);}.ld_custom_menu_69da5a75e30f1 > ul > li > a:hover .link-icon .link-icon, .ld_custom_menu_69da5a75e30f1 li.is-active .link-icon{color:rgb(255, 255, 255);}<\/style><div\n\tclass=\"lqd-fancy-menu lqd-custom-menu menu-items-has-fill lqd-menu-td-none academy-info-menu ld_custom_menu_69da5a75e30f1\"\n\t>\n\n<ul id=\"ld_custom_menu_69da5a75e30f1\" class=\"reset-ul   \" ><li id=\"menu-item-10779\" class=\"menu-item menu-item-type-custom menu-item-object-custom menu-item-10779\"><a target=\"_blank\" href=\"https:\/\/kocherbeck.simplero.com\/\">Acad\u00e9mie en ligne<\/a><\/li>\n<\/ul><\/div>[\/vc_column][\/vc_row][vc_row css=&#8221;.vc_custom_1634659626657{background-color: #f1f3f5 !important;}&#8221;][vc_column]<style>.ld_spacer_69da5a75e4071{height:40px;}<\/style>\n<div class=\"ld-empty-space ld_spacer_69da5a75e4071\"><\/div>[\/vc_column][\/vc_row]<\/p>\n","protected":false},"excerpt":{"rendered":"<p>[vc_row bg_position=&#8221;center center&#8221; enable_loading_bg=&#8221;yes&#8221; css=&#8221;.vc_custom_1644492564071{padding-top: 160px !important;padding-bottom: 160px !important;background-image: url(http:\/\/www.kocher-beck.com\/wp-content\/uploads\/2021\/10\/academy-hero.jpg?id=853) !important;background-position: 0 0 !important;background-repeat: no-repeat !important;}&#8221; responsive_css=&#8221;padding_right_large:140px|padding_left_large:140px|padding_right_medium:100px|padding_left_medium:100px&#8221;][vc_column enable_content_animation=&#8221;yes&#8221; ca_init_scale_x=&#8221;1&#8243; ca_init_scale_y=&#8221;1&#8243; ca_init_opacity=&#8221;0&#8243; ca_an_scale_x=&#8221;1&#8243; ca_an_scale_y=&#8221;1&#8243; ca_an_opacity=&#8221;1&#8243; offset=&#8221;vc_col-lg-5 vc_col-md-6&#8243; ca_duration=&#8221;1800&#8243; ca_delay=&#8221;180&#8243; ca_init_translate_y=&#8221;45&#8243; ca_init_rotate_z=&#8221;0&#8243;][\/vc_column][\/vc_row][vc_row css=&#8221;.vc_custom_1633438304312{padding-top: 60px !important;padding-bottom: 60px !important;background-color: #f1f3f5 !important;}&#8221;][vc_column column_top_ontablet=&#8221;yes&#8221; column_top_onmobile=&#8221;yes&#8221; offset=&#8221;vc_col-md-offset-0 vc_col-md-8&#8243; responsive_css=&#8221;margin_bottom_medium:0px&#8221; css=&#8221;.vc_custom_1634634346793{margin-bottom: 35px !important;}&#8221;][vc_row_inner content_placement=&#8221;top&#8221; el_id=&#8221;magnetic-cylinder-audits&#8221;][vc_column_inner width=&#8221;1\/4&#8243;][vc_single_image image=&#8221;839&#8243;][\/vc_column_inner][vc_column_inner width=&#8221;3\/4&#8243;][vc_single_image image=&#8221;841&#8243;][vc_raw_html css=&#8221;.vc_custom_1664535154286{margin-top: 1em !important;}&#8221;]JTNDaWZyYW1lJTIwdGl0bGUlM0QlMjJ2aW1lby1wbGF5ZXIlMjIlMjBzcmMlM0QlMjJodHRwcyUzQSUyRiUyRnBsYXllci52aW1lby5jb20lMkZ2aWRlbyUyRjc1NDY2MjU5MSUzRmglM0Q3NzcyZjhmMzUwJTIyJTIwd2lkdGglM0QlMjI2NDAlMjIlMjBoZWlnaHQlM0QlMjIzNjAlMjIlMjBmcmFtZWJvcmRlciUzRCUyMjAlMjIlMjBhbGxvd2Z1bGxzY3JlZW4lM0UlM0MlMkZpZnJhbWUlM0U=[\/vc_raw_html][\/vc_column_inner][\/vc_row_inner][\/vc_column][vc_column offset=&#8221;vc_col-md-offset-1 [&hellip;]<\/p>\n","protected":false},"author":1,"featured_media":0,"parent":0,"menu_order":0,"comment_status":"closed","ping_status":"closed","template":"","meta":{"_acf_changed":false,"footnotes":""},"class_list":["post-9867","page","type-page","status-publish","hentry"],"acf":[],"yoast_head":"<!-- This site is optimized with the Yoast SEO plugin v27.0 - https:\/\/yoast.com\/product\/yoast-seo-wordpress\/ -->\n<title>Acad\u00e9mie - Kocher+Beck<\/title>\n<meta name=\"robots\" content=\"index, follow, max-snippet:-1, max-image-preview:large, max-video-preview:-1\" \/>\n<link rel=\"canonical\" href=\"https:\/\/www.kocher-beck.com\/fr\/akademie\/\" \/>\n<meta property=\"og:locale\" content=\"fr_FR\" \/>\n<meta property=\"og:type\" content=\"article\" \/>\n<meta property=\"og:title\" content=\"Acad\u00e9mie - Kocher+Beck\" \/>\n<meta property=\"og:description\" content=\"[vc_row bg_position=&#8221;center center&#8221; enable_loading_bg=&#8221;yes&#8221; css=&#8221;.vc_custom_1644492564071{padding-top: 160px !important;padding-bottom: 160px !important;background-image: url(http:\/\/www.kocher-beck.com\/wp-content\/uploads\/2021\/10\/academy-hero.jpg?id=853) !important;background-position: 0 0 !important;background-repeat: no-repeat !important;}&#8221; responsive_css=&#8221;padding_right_large:140px|padding_left_large:140px|padding_right_medium:100px|padding_left_medium:100px&#8221;][vc_column enable_content_animation=&#8221;yes&#8221; ca_init_scale_x=&#8221;1&#8243; ca_init_scale_y=&#8221;1&#8243; ca_init_opacity=&#8221;0&#8243; ca_an_scale_x=&#8221;1&#8243; ca_an_scale_y=&#8221;1&#8243; ca_an_opacity=&#8221;1&#8243; offset=&#8221;vc_col-lg-5 vc_col-md-6&#8243; ca_duration=&#8221;1800&#8243; ca_delay=&#8221;180&#8243; ca_init_translate_y=&#8221;45&#8243; ca_init_rotate_z=&#8221;0&#8243;][\/vc_column][\/vc_row][vc_row css=&#8221;.vc_custom_1633438304312{padding-top: 60px !important;padding-bottom: 60px !important;background-color: #f1f3f5 !important;}&#8221;][vc_column column_top_ontablet=&#8221;yes&#8221; column_top_onmobile=&#8221;yes&#8221; offset=&#8221;vc_col-md-offset-0 vc_col-md-8&#8243; responsive_css=&#8221;margin_bottom_medium:0px&#8221; css=&#8221;.vc_custom_1634634346793{margin-bottom: 35px !important;}&#8221;][vc_row_inner content_placement=&#8221;top&#8221; el_id=&#8221;magnetic-cylinder-audits&#8221;][vc_column_inner width=&#8221;1\/4&#8243;][vc_single_image image=&#8221;839&#8243;][\/vc_column_inner][vc_column_inner width=&#8221;3\/4&#8243;][vc_single_image image=&#8221;841&#8243;][vc_raw_html css=&#8221;.vc_custom_1664535154286{margin-top: 1em !important;}&#8221;]JTNDaWZyYW1lJTIwdGl0bGUlM0QlMjJ2aW1lby1wbGF5ZXIlMjIlMjBzcmMlM0QlMjJodHRwcyUzQSUyRiUyRnBsYXllci52aW1lby5jb20lMkZ2aWRlbyUyRjc1NDY2MjU5MSUzRmglM0Q3NzcyZjhmMzUwJTIyJTIwd2lkdGglM0QlMjI2NDAlMjIlMjBoZWlnaHQlM0QlMjIzNjAlMjIlMjBmcmFtZWJvcmRlciUzRCUyMjAlMjIlMjBhbGxvd2Z1bGxzY3JlZW4lM0UlM0MlMkZpZnJhbWUlM0U=[\/vc_raw_html][\/vc_column_inner][\/vc_row_inner][\/vc_column][vc_column offset=&#8221;vc_col-md-offset-1 [&hellip;]\" \/>\n<meta property=\"og:url\" content=\"https:\/\/www.kocher-beck.com\/fr\/akademie\/\" \/>\n<meta property=\"og:site_name\" content=\"Kocher+Beck\" \/>\n<meta property=\"article:modified_time\" content=\"2023-01-09T15:42:55+00:00\" \/>\n<meta name=\"twitter:card\" content=\"summary_large_image\" \/>\n<meta name=\"twitter:label1\" content=\"Dur\u00e9e de lecture estim\u00e9e\" \/>\n\t<meta name=\"twitter:data1\" content=\"2 minutes\" \/>\n<script type=\"application\/ld+json\" class=\"yoast-schema-graph\">{\"@context\":\"https:\/\/schema.org\",\"@graph\":[{\"@type\":\"WebPage\",\"@id\":\"https:\/\/www.kocher-beck.com\/fr\/akademie\/\",\"url\":\"https:\/\/www.kocher-beck.com\/fr\/akademie\/\",\"name\":\"Acad\u00e9mie - Kocher+Beck\",\"isPartOf\":{\"@id\":\"https:\/\/www.kocher-beck.com\/fr\/#website\"},\"datePublished\":\"2021-10-20T15:41:53+00:00\",\"dateModified\":\"2023-01-09T15:42:55+00:00\",\"breadcrumb\":{\"@id\":\"https:\/\/www.kocher-beck.com\/fr\/akademie\/#breadcrumb\"},\"inLanguage\":\"fr-FR\",\"potentialAction\":[{\"@type\":\"ReadAction\",\"target\":[\"https:\/\/www.kocher-beck.com\/fr\/akademie\/\"]}]},{\"@type\":\"BreadcrumbList\",\"@id\":\"https:\/\/www.kocher-beck.com\/fr\/akademie\/#breadcrumb\",\"itemListElement\":[{\"@type\":\"ListItem\",\"position\":1,\"name\":\"Home\",\"item\":\"https:\/\/www.kocher-beck.com\/fr\/\"},{\"@type\":\"ListItem\",\"position\":2,\"name\":\"Acad\u00e9mie\"}]},{\"@type\":\"WebSite\",\"@id\":\"https:\/\/www.kocher-beck.com\/fr\/#website\",\"url\":\"https:\/\/www.kocher-beck.com\/fr\/\",\"name\":\"Kocher+Beck\",\"description\":\"\",\"potentialAction\":[{\"@type\":\"SearchAction\",\"target\":{\"@type\":\"EntryPoint\",\"urlTemplate\":\"https:\/\/www.kocher-beck.com\/fr\/?s={search_term_string}\"},\"query-input\":{\"@type\":\"PropertyValueSpecification\",\"valueRequired\":true,\"valueName\":\"search_term_string\"}}],\"inLanguage\":\"fr-FR\"}]}<\/script>\n<!-- \/ Yoast SEO plugin. -->","yoast_head_json":{"title":"Acad\u00e9mie - Kocher+Beck","robots":{"index":"index","follow":"follow","max-snippet":"max-snippet:-1","max-image-preview":"max-image-preview:large","max-video-preview":"max-video-preview:-1"},"canonical":"https:\/\/www.kocher-beck.com\/fr\/akademie\/","og_locale":"fr_FR","og_type":"article","og_title":"Acad\u00e9mie - Kocher+Beck","og_description":"[vc_row bg_position=&#8221;center center&#8221; enable_loading_bg=&#8221;yes&#8221; css=&#8221;.vc_custom_1644492564071{padding-top: 160px !important;padding-bottom: 160px !important;background-image: url(http:\/\/www.kocher-beck.com\/wp-content\/uploads\/2021\/10\/academy-hero.jpg?id=853) !important;background-position: 0 0 !important;background-repeat: no-repeat !important;}&#8221; responsive_css=&#8221;padding_right_large:140px|padding_left_large:140px|padding_right_medium:100px|padding_left_medium:100px&#8221;][vc_column enable_content_animation=&#8221;yes&#8221; ca_init_scale_x=&#8221;1&#8243; ca_init_scale_y=&#8221;1&#8243; ca_init_opacity=&#8221;0&#8243; ca_an_scale_x=&#8221;1&#8243; ca_an_scale_y=&#8221;1&#8243; ca_an_opacity=&#8221;1&#8243; offset=&#8221;vc_col-lg-5 vc_col-md-6&#8243; ca_duration=&#8221;1800&#8243; ca_delay=&#8221;180&#8243; ca_init_translate_y=&#8221;45&#8243; ca_init_rotate_z=&#8221;0&#8243;][\/vc_column][\/vc_row][vc_row css=&#8221;.vc_custom_1633438304312{padding-top: 60px !important;padding-bottom: 60px !important;background-color: #f1f3f5 !important;}&#8221;][vc_column column_top_ontablet=&#8221;yes&#8221; column_top_onmobile=&#8221;yes&#8221; offset=&#8221;vc_col-md-offset-0 vc_col-md-8&#8243; responsive_css=&#8221;margin_bottom_medium:0px&#8221; css=&#8221;.vc_custom_1634634346793{margin-bottom: 35px !important;}&#8221;][vc_row_inner content_placement=&#8221;top&#8221; el_id=&#8221;magnetic-cylinder-audits&#8221;][vc_column_inner width=&#8221;1\/4&#8243;][vc_single_image image=&#8221;839&#8243;][\/vc_column_inner][vc_column_inner width=&#8221;3\/4&#8243;][vc_single_image image=&#8221;841&#8243;][vc_raw_html css=&#8221;.vc_custom_1664535154286{margin-top: 1em !important;}&#8221;]JTNDaWZyYW1lJTIwdGl0bGUlM0QlMjJ2aW1lby1wbGF5ZXIlMjIlMjBzcmMlM0QlMjJodHRwcyUzQSUyRiUyRnBsYXllci52aW1lby5jb20lMkZ2aWRlbyUyRjc1NDY2MjU5MSUzRmglM0Q3NzcyZjhmMzUwJTIyJTIwd2lkdGglM0QlMjI2NDAlMjIlMjBoZWlnaHQlM0QlMjIzNjAlMjIlMjBmcmFtZWJvcmRlciUzRCUyMjAlMjIlMjBhbGxvd2Z1bGxzY3JlZW4lM0UlM0MlMkZpZnJhbWUlM0U=[\/vc_raw_html][\/vc_column_inner][\/vc_row_inner][\/vc_column][vc_column offset=&#8221;vc_col-md-offset-1 [&hellip;]","og_url":"https:\/\/www.kocher-beck.com\/fr\/akademie\/","og_site_name":"Kocher+Beck","article_modified_time":"2023-01-09T15:42:55+00:00","twitter_card":"summary_large_image","twitter_misc":{"Dur\u00e9e de lecture estim\u00e9e":"2 minutes"},"schema":{"@context":"https:\/\/schema.org","@graph":[{"@type":"WebPage","@id":"https:\/\/www.kocher-beck.com\/fr\/akademie\/","url":"https:\/\/www.kocher-beck.com\/fr\/akademie\/","name":"Acad\u00e9mie - Kocher+Beck","isPartOf":{"@id":"https:\/\/www.kocher-beck.com\/fr\/#website"},"datePublished":"2021-10-20T15:41:53+00:00","dateModified":"2023-01-09T15:42:55+00:00","breadcrumb":{"@id":"https:\/\/www.kocher-beck.com\/fr\/akademie\/#breadcrumb"},"inLanguage":"fr-FR","potentialAction":[{"@type":"ReadAction","target":["https:\/\/www.kocher-beck.com\/fr\/akademie\/"]}]},{"@type":"BreadcrumbList","@id":"https:\/\/www.kocher-beck.com\/fr\/akademie\/#breadcrumb","itemListElement":[{"@type":"ListItem","position":1,"name":"Home","item":"https:\/\/www.kocher-beck.com\/fr\/"},{"@type":"ListItem","position":2,"name":"Acad\u00e9mie"}]},{"@type":"WebSite","@id":"https:\/\/www.kocher-beck.com\/fr\/#website","url":"https:\/\/www.kocher-beck.com\/fr\/","name":"Kocher+Beck","description":"","potentialAction":[{"@type":"SearchAction","target":{"@type":"EntryPoint","urlTemplate":"https:\/\/www.kocher-beck.com\/fr\/?s={search_term_string}"},"query-input":{"@type":"PropertyValueSpecification","valueRequired":true,"valueName":"search_term_string"}}],"inLanguage":"fr-FR"}]}},"_links":{"self":[{"href":"https:\/\/www.kocher-beck.com\/fr\/wp-json\/wp\/v2\/pages\/9867","targetHints":{"allow":["GET"]}}],"collection":[{"href":"https:\/\/www.kocher-beck.com\/fr\/wp-json\/wp\/v2\/pages"}],"about":[{"href":"https:\/\/www.kocher-beck.com\/fr\/wp-json\/wp\/v2\/types\/page"}],"author":[{"embeddable":true,"href":"https:\/\/www.kocher-beck.com\/fr\/wp-json\/wp\/v2\/users\/1"}],"replies":[{"embeddable":true,"href":"https:\/\/www.kocher-beck.com\/fr\/wp-json\/wp\/v2\/comments?post=9867"}],"version-history":[{"count":3,"href":"https:\/\/www.kocher-beck.com\/fr\/wp-json\/wp\/v2\/pages\/9867\/revisions"}],"predecessor-version":[{"id":10946,"href":"https:\/\/www.kocher-beck.com\/fr\/wp-json\/wp\/v2\/pages\/9867\/revisions\/10946"}],"wp:attachment":[{"href":"https:\/\/www.kocher-beck.com\/fr\/wp-json\/wp\/v2\/media?parent=9867"}],"curies":[{"name":"wp","href":"https:\/\/api.w.org\/{rel}","templated":true}]}}