{"id":9891,"date":"2021-10-19T10:17:16","date_gmt":"2021-10-19T09:17:16","guid":{"rendered":"https:\/\/www.kocher-beck.com\/in-mould-iml\/"},"modified":"2023-01-05T16:57:08","modified_gmt":"2023-01-05T16:57:08","slug":"etiquetage-dans-le-moule-in-mould-labelling-iml","status":"publish","type":"page","link":"https:\/\/www.kocher-beck.com\/fr\/etiquetage-dans-le-moule-in-mould-labelling-iml\/","title":{"rendered":"\u00c9tiquetage dans le moule (In-Mould-Labelling, IML)"},"content":{"rendered":"<p>[vc_row bg_position=&#8221;center center&#8221; enable_loading_bg=&#8221;yes&#8221; css=&#8221;.vc_custom_1644495075475{padding-top: 160px !important;padding-bottom: 160px !important;background-image: url(http:\/\/www.kocher-beck.com\/wp-content\/uploads\/2021\/10\/in-mould-hero.jpg?id=656) !important;background-position: 0 0 !important;background-repeat: no-repeat !important;}&#8221; responsive_css=&#8221;padding_right_large:140px|padding_left_large:140px|padding_right_medium:100px|padding_left_medium:100px&#8221;][vc_column enable_content_animation=&#8221;yes&#8221; ca_init_scale_x=&#8221;1&#8243; ca_init_scale_y=&#8221;1&#8243; ca_init_opacity=&#8221;0&#8243; ca_an_scale_x=&#8221;1&#8243; ca_an_scale_y=&#8221;1&#8243; ca_an_opacity=&#8221;1&#8243; offset=&#8221;vc_col-lg-5 vc_col-md-6&#8243; ca_duration=&#8221;1800&#8243; ca_delay=&#8221;180&#8243; ca_init_translate_y=&#8221;45&#8243; ca_init_rotate_z=&#8221;0&#8243;]<style>.ld_fancy_heading_69dfdf5095ebd h1{color:rgb(255, 255, 255);}.ld_fancy_heading_69dfdf5095ebd h1 {font-size:36px; } @media (min-width: 768px) { .ld_fancy_heading_69dfdf5095ebd h1 {font-size:48px; }  } @media (min-width: 992px) { .ld_fancy_heading_69dfdf5095ebd h1 {font-size:60px; }  } .ld_fancy_heading_69dfdf5095ebd .lqd-highlight-inner{height:0.275em!important;bottom:0px!important;}.ld_fancy_heading_69dfdf5095ebd h1 {font-size:36px; } @media (min-width: 768px) { .ld_fancy_heading_69dfdf5095ebd h1 {font-size:48px; }  } @media (min-width: 992px) { .ld_fancy_heading_69dfdf5095ebd h1 {font-size:60px; }  } <\/style><div class=\"ld-fancy-heading text-uppercase standard-hero-heading ld_fancy_heading_69dfdf5095ebd\">\n\t<h1 class=\"ld-fh-element lqd-highlight-underline lqd-highlight-grow-left text-decoration-default lqd-split-lines\"   data-split-text=\"true\" data-split-options='{\"type\":\"lines\"}'>  \u00c9tiquetage dans le moule (In-Mould-Labelling, IML)<\/h1><\/div>[\/vc_column][\/vc_row][vc_row css=&#8221;.vc_custom_1633438304312{padding-top: 60px !important;padding-bottom: 60px !important;background-color: #f1f3f5 !important;}&#8221;][vc_column column_top_ontablet=&#8221;yes&#8221; column_top_onmobile=&#8221;yes&#8221; offset=&#8221;vc_col-md-offset-0 vc_col-md-8&#8243; responsive_css=&#8221;margin_bottom_medium:0px&#8221; css=&#8221;.vc_custom_1634634346793{margin-bottom: 35px !important;}&#8221;]<style>.ld_fancy_heading_69dfdf5096125 h2{color:rgb(33, 30, 22);}.ld_fancy_heading_69dfdf5096125 h2 {font-size:24px; } @media (min-width: 768px) { .ld_fancy_heading_69dfdf5096125 h2 {font-size:36px; }  } .ld_fancy_heading_69dfdf5096125 h2 {margin-bottom:40px !important;  } .ld_fancy_heading_69dfdf5096125 .lqd-highlight-inner{height:0.275em!important;bottom:0px!important;}.ld_fancy_heading_69dfdf5096125 h2 {font-size:24px; } @media (min-width: 768px) { .ld_fancy_heading_69dfdf5096125 h2 {font-size:36px; }  } .ld_fancy_heading_69dfdf5096125 h2 {margin-bottom:40px !important;  } <\/style><div class=\"ld-fancy-heading standard-page-heading ld_fancy_heading_69dfdf5096125\">\n\t<h2 class=\"ld-fh-element lqd-highlight-underline lqd-highlight-grow-left text-decoration-default\"   >  Plaques de d\u00e9coupe magn\u00e9tiques pour les applications dans le moule.<\/h2><\/div><style>.ld_fancy_heading_69dfdf509627e p {margin-bottom:1.5em !important;  } .ld_fancy_heading_69dfdf509627e .lqd-highlight-inner{height:0.275em!important;bottom:0px!important;}.ld_fancy_heading_69dfdf509627e p {margin-bottom:1.5em !important;  } <\/style><div class=\"ld-fancy-heading ld_fancy_heading_69dfdf509627e\">\n\t<p class=\"ld-fh-element lqd-highlight-underline lqd-highlight-grow-left text-decoration-default\"   >  Dans l\u2019univers actuel du design, en constante et rapide \u00e9volution, le proc\u00e9d\u00e9 d\u2019\u00e9tiquetage dans le moule (In-Mould-Labelling ou IML) s\u2019est impos\u00e9. Il offre la possibilit\u00e9 de passer rapidement d\u2019un design \u00e0 un autre, sans avoir \u00e0 subir de perte de production pendant le lancement du design.<\/p>\n<p>Le m\u00eame emballage peut \u00eatre dot\u00e9 d\u2019un autre design, ce qui repr\u00e9sente un avantage pour l\u2019environnement et des \u00e9conomies pour le consommateur final. Le proc\u00e9d\u00e9 d\u2019impression offset apporte une finition durable et de haute r\u00e9solution. Avec le proc\u00e9d\u00e9 dans le moule, il est possible d\u2019imprimer une seule \u00e9tiquette sur tous les c\u00f4t\u00e9s et m\u00eame sur le fond du contenant.<\/p>\n<p>Les plaques de d\u00e9coupe propos\u00e9es par Kocher+Beck sont sp\u00e9cialement con\u00e7ues pour le traitement de mat\u00e9riaux dans le moule.<\/p><\/div>[vc_row_inner css=&#8221;.vc_custom_1644405527439{margin-top: 80px !important;}&#8221;][vc_column_inner]<style>.ld_custom_menu_69dfdf50963c2 > ul > li > a{font-size:16px;font-weight:500;letter-spacing:0.01em;text-transform:uppercase;color:rgb(255, 255, 255);background:rgb(58, 52, 41);}.ld_custom_menu_69dfdf50963c2{margin-inline-start:-3px;margin-inline-end:-3px;}.ld_custom_menu_69dfdf50963c2 li{margin-inline-start:3px;margin-inline-end:3px;}.lqd-stickybar > .lqd-head-col > .header-module > .ld_custom_menu_69dfdf50963c2 li{margin-top:3px;margin-bottom:3px;}.ld_custom_menu_69dfdf50963c2 > ul > li > a:hover, .ld_custom_menu_69dfdf50963c2 li.is-active > a{color:rgb(255, 255, 255);background:rgb(58, 52, 41);}.ld_custom_menu_69dfdf50963c2 > ul > li .link-icon{color:rgb(255, 255, 255);}.ld_custom_menu_69dfdf50963c2 > ul > li > a:hover .link-icon .link-icon, .ld_custom_menu_69dfdf50963c2 li.is-active .link-icon{color:rgb(212, 40, 47);}<\/style><div\n\tclass=\"lqd-fancy-menu lqd-custom-menu menu-items-has-fill lqd-menu-td-none in-mould-iml-product-menu-buttons ld_custom_menu_69dfdf50963c2\"\n\t>\n\n<ul id=\"ld_custom_menu_69dfdf50963c2\" class=\"reset-ul inline-nav  \" ><li id=\"menu-item-10641\" class=\"menu-item menu-item-type-post_type menu-item-object-page menu-item-10641\"><a href=\"https:\/\/www.kocher-beck.com\/fr\/groupes-de-decoupe\/\">Groupes de d\u00e9coupe<\/a><\/li>\n<li id=\"menu-item-10642\" class=\"menu-item menu-item-type-post_type menu-item-object-page menu-item-10642\"><a href=\"https:\/\/www.kocher-beck.com\/fr\/plaques-de-decoupe\/\">Plaques de d\u00e9coupe<\/a><\/li>\n<li id=\"menu-item-10643\" class=\"menu-item menu-item-type-post_type menu-item-object-page menu-item-10643\"><a href=\"https:\/\/www.kocher-beck.com\/fr\/gapmaster\/\">GapMaster + KMS<\/a><\/li>\n<li id=\"menu-item-10644\" class=\"menu-item menu-item-type-post_type menu-item-object-page menu-item-10644\"><a href=\"https:\/\/www.kocher-beck.com\/fr\/outils-rotatifs-cylindres-magnetiques\/\">Outils rotatifs + cylindres magn\u00e9tiques<\/a><\/li>\n<li id=\"menu-item-10645\" class=\"menu-item menu-item-type-post_type menu-item-object-page menu-item-10645\"><a href=\"https:\/\/www.kocher-beck.com\/fr\/tecscreen\/\">TECSCREEN<\/a><\/li>\n<li id=\"menu-item-10646\" class=\"menu-item menu-item-type-post_type menu-item-object-page menu-item-10646\"><a href=\"https:\/\/www.kocher-beck.com\/fr\/technologie-de-bobinage\/\">Technologie de bobinage<\/a><\/li>\n<\/ul><\/div>[\/vc_column_inner][\/vc_row_inner][\/vc_column][vc_column offset=&#8221;vc_col-md-offset-1 vc_col-md-3&#8243;]<style>.ld_custom_menu_69dfdf509824f > ul > li > a{font-size:16px;font-weight:500;letter-spacing:0.01em;text-transform:uppercase;color:rgb(255, 255, 255);background:rgb(58, 52, 41);}.ld_custom_menu_69dfdf509824f > ul > li:not(:last-child){margin-bottom:3px;}.lqd-stickybar > .lqd-head-col > .header-module > .ld_custom_menu_69dfdf509824f li{margin-inline-start:3px;}.ld_custom_menu_69dfdf509824f > ul > li > a:hover, .ld_custom_menu_69dfdf509824f li.is-active > a{color:rgb(255, 255, 255);background:rgb(212, 40, 47);}.ld_custom_menu_69dfdf509824f > ul > li .link-icon{color:rgb(212, 40, 47);}.ld_custom_menu_69dfdf509824f > ul > li > a:hover .link-icon .link-icon, .ld_custom_menu_69dfdf509824f li.is-active .link-icon{color:rgb(255, 255, 255);}<\/style><div\n\tclass=\"lqd-fancy-menu lqd-custom-menu menu-items-has-fill lqd-menu-td-none application-product-menu ld_custom_menu_69dfdf509824f\"\n\t>\n\n<ul id=\"ld_custom_menu_69dfdf509824f\" class=\"reset-ul   \" ><li id=\"menu-item-10782\" class=\"menu-item menu-item-type-custom menu-item-object-custom menu-item-10782\"><a href=\"\/fr\/contact-france\/\">Nous contacter<\/a><\/li>\n<\/ul><\/div>[\/vc_column][\/vc_row][vc_row css=&#8221;.vc_custom_1634286167305{background-color: #f1f3f5 !important;}&#8221;][vc_column offset=&#8221;vc_col-md-12&#8243;]<style>.ld_spacer_69dfdf509940f{height:40px;}<\/style>\n<div class=\"ld-empty-space ld_spacer_69dfdf509940f\"><\/div>[\/vc_column][\/vc_row]<\/p>\n","protected":false},"excerpt":{"rendered":"<p>[vc_row bg_position=&#8221;center center&#8221; enable_loading_bg=&#8221;yes&#8221; css=&#8221;.vc_custom_1644495075475{padding-top: 160px !important;padding-bottom: 160px !important;background-image: url(http:\/\/www.kocher-beck.com\/wp-content\/uploads\/2021\/10\/in-mould-hero.jpg?id=656) !important;background-position: 0 0 !important;background-repeat: no-repeat !important;}&#8221; responsive_css=&#8221;padding_right_large:140px|padding_left_large:140px|padding_right_medium:100px|padding_left_medium:100px&#8221;][vc_column enable_content_animation=&#8221;yes&#8221; ca_init_scale_x=&#8221;1&#8243; ca_init_scale_y=&#8221;1&#8243; ca_init_opacity=&#8221;0&#8243; ca_an_scale_x=&#8221;1&#8243; ca_an_scale_y=&#8221;1&#8243; ca_an_opacity=&#8221;1&#8243; offset=&#8221;vc_col-lg-5 vc_col-md-6&#8243; ca_duration=&#8221;1800&#8243; ca_delay=&#8221;180&#8243; ca_init_translate_y=&#8221;45&#8243; ca_init_rotate_z=&#8221;0&#8243;][\/vc_column][\/vc_row][vc_row css=&#8221;.vc_custom_1633438304312{padding-top: 60px !important;padding-bottom: 60px !important;background-color: #f1f3f5 !important;}&#8221;][vc_column column_top_ontablet=&#8221;yes&#8221; column_top_onmobile=&#8221;yes&#8221; offset=&#8221;vc_col-md-offset-0 vc_col-md-8&#8243; responsive_css=&#8221;margin_bottom_medium:0px&#8221; css=&#8221;.vc_custom_1634634346793{margin-bottom: 35px !important;}&#8221;][vc_row_inner css=&#8221;.vc_custom_1644405527439{margin-top: 80px !important;}&#8221;][vc_column_inner][\/vc_column_inner][\/vc_row_inner][\/vc_column][vc_column offset=&#8221;vc_col-md-offset-1 vc_col-md-3&#8243;][\/vc_column][\/vc_row][vc_row css=&#8221;.vc_custom_1634286167305{background-color: #f1f3f5 !important;}&#8221;][vc_column offset=&#8221;vc_col-md-12&#8243;][\/vc_column][\/vc_row]<\/p>\n","protected":false},"author":1,"featured_media":0,"parent":0,"menu_order":0,"comment_status":"closed","ping_status":"closed","template":"","meta":{"_acf_changed":false,"footnotes":""},"class_list":["post-9891","page","type-page","status-publish","hentry"],"acf":[],"yoast_head":"<!-- This site is optimized with the Yoast SEO plugin v27.0 - https:\/\/yoast.com\/product\/yoast-seo-wordpress\/ -->\n<title>\u00c9tiquetage dans le moule (In-Mould-Labelling, IML) - Kocher+Beck<\/title>\n<meta name=\"robots\" content=\"index, follow, max-snippet:-1, max-image-preview:large, max-video-preview:-1\" \/>\n<link rel=\"canonical\" href=\"https:\/\/www.kocher-beck.com\/fr\/etiquetage-dans-le-moule-in-mould-labelling-iml\/\" \/>\n<meta property=\"og:locale\" content=\"fr_FR\" \/>\n<meta property=\"og:type\" content=\"article\" \/>\n<meta property=\"og:title\" content=\"\u00c9tiquetage dans le moule (In-Mould-Labelling, IML) - Kocher+Beck\" \/>\n<meta property=\"og:description\" content=\"[vc_row bg_position=&#8221;center center&#8221; enable_loading_bg=&#8221;yes&#8221; css=&#8221;.vc_custom_1644495075475{padding-top: 160px !important;padding-bottom: 160px !important;background-image: url(http:\/\/www.kocher-beck.com\/wp-content\/uploads\/2021\/10\/in-mould-hero.jpg?id=656) !important;background-position: 0 0 !important;background-repeat: no-repeat !important;}&#8221; responsive_css=&#8221;padding_right_large:140px|padding_left_large:140px|padding_right_medium:100px|padding_left_medium:100px&#8221;][vc_column enable_content_animation=&#8221;yes&#8221; ca_init_scale_x=&#8221;1&#8243; ca_init_scale_y=&#8221;1&#8243; ca_init_opacity=&#8221;0&#8243; ca_an_scale_x=&#8221;1&#8243; ca_an_scale_y=&#8221;1&#8243; ca_an_opacity=&#8221;1&#8243; offset=&#8221;vc_col-lg-5 vc_col-md-6&#8243; ca_duration=&#8221;1800&#8243; ca_delay=&#8221;180&#8243; ca_init_translate_y=&#8221;45&#8243; ca_init_rotate_z=&#8221;0&#8243;][\/vc_column][\/vc_row][vc_row css=&#8221;.vc_custom_1633438304312{padding-top: 60px !important;padding-bottom: 60px !important;background-color: #f1f3f5 !important;}&#8221;][vc_column column_top_ontablet=&#8221;yes&#8221; column_top_onmobile=&#8221;yes&#8221; offset=&#8221;vc_col-md-offset-0 vc_col-md-8&#8243; responsive_css=&#8221;margin_bottom_medium:0px&#8221; css=&#8221;.vc_custom_1634634346793{margin-bottom: 35px !important;}&#8221;][vc_row_inner css=&#8221;.vc_custom_1644405527439{margin-top: 80px !important;}&#8221;][vc_column_inner][\/vc_column_inner][\/vc_row_inner][\/vc_column][vc_column offset=&#8221;vc_col-md-offset-1 vc_col-md-3&#8243;][\/vc_column][\/vc_row][vc_row css=&#8221;.vc_custom_1634286167305{background-color: #f1f3f5 !important;}&#8221;][vc_column offset=&#8221;vc_col-md-12&#8243;][\/vc_column][\/vc_row]\" \/>\n<meta property=\"og:url\" content=\"https:\/\/www.kocher-beck.com\/fr\/etiquetage-dans-le-moule-in-mould-labelling-iml\/\" \/>\n<meta property=\"og:site_name\" content=\"Kocher+Beck\" \/>\n<meta property=\"article:modified_time\" content=\"2023-01-05T16:57:08+00:00\" \/>\n<meta name=\"twitter:card\" content=\"summary_large_image\" \/>\n<meta name=\"twitter:label1\" content=\"Dur\u00e9e de lecture estim\u00e9e\" \/>\n\t<meta name=\"twitter:data1\" content=\"2 minutes\" \/>\n<script type=\"application\/ld+json\" class=\"yoast-schema-graph\">{\"@context\":\"https:\/\/schema.org\",\"@graph\":[{\"@type\":\"WebPage\",\"@id\":\"https:\/\/www.kocher-beck.com\/fr\/etiquetage-dans-le-moule-in-mould-labelling-iml\/\",\"url\":\"https:\/\/www.kocher-beck.com\/fr\/etiquetage-dans-le-moule-in-mould-labelling-iml\/\",\"name\":\"\u00c9tiquetage dans le moule (In-Mould-Labelling, IML) - Kocher+Beck\",\"isPartOf\":{\"@id\":\"https:\/\/www.kocher-beck.com\/fr\/#website\"},\"datePublished\":\"2021-10-19T09:17:16+00:00\",\"dateModified\":\"2023-01-05T16:57:08+00:00\",\"breadcrumb\":{\"@id\":\"https:\/\/www.kocher-beck.com\/fr\/etiquetage-dans-le-moule-in-mould-labelling-iml\/#breadcrumb\"},\"inLanguage\":\"fr-FR\",\"potentialAction\":[{\"@type\":\"ReadAction\",\"target\":[\"https:\/\/www.kocher-beck.com\/fr\/etiquetage-dans-le-moule-in-mould-labelling-iml\/\"]}]},{\"@type\":\"BreadcrumbList\",\"@id\":\"https:\/\/www.kocher-beck.com\/fr\/etiquetage-dans-le-moule-in-mould-labelling-iml\/#breadcrumb\",\"itemListElement\":[{\"@type\":\"ListItem\",\"position\":1,\"name\":\"Home\",\"item\":\"https:\/\/www.kocher-beck.com\/fr\/\"},{\"@type\":\"ListItem\",\"position\":2,\"name\":\"\u00c9tiquetage dans le moule (In-Mould-Labelling, IML)\"}]},{\"@type\":\"WebSite\",\"@id\":\"https:\/\/www.kocher-beck.com\/fr\/#website\",\"url\":\"https:\/\/www.kocher-beck.com\/fr\/\",\"name\":\"Kocher+Beck\",\"description\":\"\",\"potentialAction\":[{\"@type\":\"SearchAction\",\"target\":{\"@type\":\"EntryPoint\",\"urlTemplate\":\"https:\/\/www.kocher-beck.com\/fr\/?s={search_term_string}\"},\"query-input\":{\"@type\":\"PropertyValueSpecification\",\"valueRequired\":true,\"valueName\":\"search_term_string\"}}],\"inLanguage\":\"fr-FR\"}]}<\/script>\n<!-- \/ Yoast SEO plugin. -->","yoast_head_json":{"title":"\u00c9tiquetage dans le moule (In-Mould-Labelling, IML) - Kocher+Beck","robots":{"index":"index","follow":"follow","max-snippet":"max-snippet:-1","max-image-preview":"max-image-preview:large","max-video-preview":"max-video-preview:-1"},"canonical":"https:\/\/www.kocher-beck.com\/fr\/etiquetage-dans-le-moule-in-mould-labelling-iml\/","og_locale":"fr_FR","og_type":"article","og_title":"\u00c9tiquetage dans le moule (In-Mould-Labelling, IML) - Kocher+Beck","og_description":"[vc_row bg_position=&#8221;center center&#8221; enable_loading_bg=&#8221;yes&#8221; css=&#8221;.vc_custom_1644495075475{padding-top: 160px !important;padding-bottom: 160px !important;background-image: url(http:\/\/www.kocher-beck.com\/wp-content\/uploads\/2021\/10\/in-mould-hero.jpg?id=656) !important;background-position: 0 0 !important;background-repeat: no-repeat !important;}&#8221; responsive_css=&#8221;padding_right_large:140px|padding_left_large:140px|padding_right_medium:100px|padding_left_medium:100px&#8221;][vc_column enable_content_animation=&#8221;yes&#8221; ca_init_scale_x=&#8221;1&#8243; ca_init_scale_y=&#8221;1&#8243; ca_init_opacity=&#8221;0&#8243; ca_an_scale_x=&#8221;1&#8243; ca_an_scale_y=&#8221;1&#8243; ca_an_opacity=&#8221;1&#8243; offset=&#8221;vc_col-lg-5 vc_col-md-6&#8243; ca_duration=&#8221;1800&#8243; ca_delay=&#8221;180&#8243; ca_init_translate_y=&#8221;45&#8243; ca_init_rotate_z=&#8221;0&#8243;][\/vc_column][\/vc_row][vc_row css=&#8221;.vc_custom_1633438304312{padding-top: 60px !important;padding-bottom: 60px !important;background-color: #f1f3f5 !important;}&#8221;][vc_column column_top_ontablet=&#8221;yes&#8221; column_top_onmobile=&#8221;yes&#8221; offset=&#8221;vc_col-md-offset-0 vc_col-md-8&#8243; responsive_css=&#8221;margin_bottom_medium:0px&#8221; css=&#8221;.vc_custom_1634634346793{margin-bottom: 35px !important;}&#8221;][vc_row_inner css=&#8221;.vc_custom_1644405527439{margin-top: 80px !important;}&#8221;][vc_column_inner][\/vc_column_inner][\/vc_row_inner][\/vc_column][vc_column offset=&#8221;vc_col-md-offset-1 vc_col-md-3&#8243;][\/vc_column][\/vc_row][vc_row css=&#8221;.vc_custom_1634286167305{background-color: #f1f3f5 !important;}&#8221;][vc_column offset=&#8221;vc_col-md-12&#8243;][\/vc_column][\/vc_row]","og_url":"https:\/\/www.kocher-beck.com\/fr\/etiquetage-dans-le-moule-in-mould-labelling-iml\/","og_site_name":"Kocher+Beck","article_modified_time":"2023-01-05T16:57:08+00:00","twitter_card":"summary_large_image","twitter_misc":{"Dur\u00e9e de lecture estim\u00e9e":"2 minutes"},"schema":{"@context":"https:\/\/schema.org","@graph":[{"@type":"WebPage","@id":"https:\/\/www.kocher-beck.com\/fr\/etiquetage-dans-le-moule-in-mould-labelling-iml\/","url":"https:\/\/www.kocher-beck.com\/fr\/etiquetage-dans-le-moule-in-mould-labelling-iml\/","name":"\u00c9tiquetage dans le moule (In-Mould-Labelling, IML) - Kocher+Beck","isPartOf":{"@id":"https:\/\/www.kocher-beck.com\/fr\/#website"},"datePublished":"2021-10-19T09:17:16+00:00","dateModified":"2023-01-05T16:57:08+00:00","breadcrumb":{"@id":"https:\/\/www.kocher-beck.com\/fr\/etiquetage-dans-le-moule-in-mould-labelling-iml\/#breadcrumb"},"inLanguage":"fr-FR","potentialAction":[{"@type":"ReadAction","target":["https:\/\/www.kocher-beck.com\/fr\/etiquetage-dans-le-moule-in-mould-labelling-iml\/"]}]},{"@type":"BreadcrumbList","@id":"https:\/\/www.kocher-beck.com\/fr\/etiquetage-dans-le-moule-in-mould-labelling-iml\/#breadcrumb","itemListElement":[{"@type":"ListItem","position":1,"name":"Home","item":"https:\/\/www.kocher-beck.com\/fr\/"},{"@type":"ListItem","position":2,"name":"\u00c9tiquetage dans le moule (In-Mould-Labelling, IML)"}]},{"@type":"WebSite","@id":"https:\/\/www.kocher-beck.com\/fr\/#website","url":"https:\/\/www.kocher-beck.com\/fr\/","name":"Kocher+Beck","description":"","potentialAction":[{"@type":"SearchAction","target":{"@type":"EntryPoint","urlTemplate":"https:\/\/www.kocher-beck.com\/fr\/?s={search_term_string}"},"query-input":{"@type":"PropertyValueSpecification","valueRequired":true,"valueName":"search_term_string"}}],"inLanguage":"fr-FR"}]}},"_links":{"self":[{"href":"https:\/\/www.kocher-beck.com\/fr\/wp-json\/wp\/v2\/pages\/9891","targetHints":{"allow":["GET"]}}],"collection":[{"href":"https:\/\/www.kocher-beck.com\/fr\/wp-json\/wp\/v2\/pages"}],"about":[{"href":"https:\/\/www.kocher-beck.com\/fr\/wp-json\/wp\/v2\/types\/page"}],"author":[{"embeddable":true,"href":"https:\/\/www.kocher-beck.com\/fr\/wp-json\/wp\/v2\/users\/1"}],"replies":[{"embeddable":true,"href":"https:\/\/www.kocher-beck.com\/fr\/wp-json\/wp\/v2\/comments?post=9891"}],"version-history":[{"count":11,"href":"https:\/\/www.kocher-beck.com\/fr\/wp-json\/wp\/v2\/pages\/9891\/revisions"}],"predecessor-version":[{"id":10040,"href":"https:\/\/www.kocher-beck.com\/fr\/wp-json\/wp\/v2\/pages\/9891\/revisions\/10040"}],"wp:attachment":[{"href":"https:\/\/www.kocher-beck.com\/fr\/wp-json\/wp\/v2\/media?parent=9891"}],"curies":[{"name":"wp","href":"https:\/\/api.w.org\/{rel}","templated":true}]}}