{"id":9915,"date":"2021-10-19T10:28:19","date_gmt":"2021-10-19T09:28:19","guid":{"rendered":"https:\/\/www.kocher-beck.com\/oem\/"},"modified":"2023-01-05T17:15:04","modified_gmt":"2023-01-05T17:15:04","slug":"oem","status":"publish","type":"page","link":"https:\/\/www.kocher-beck.com\/fr\/oem\/","title":{"rendered":"OEM"},"content":{"rendered":"<p>[vc_row bg_position=&#8221;center center&#8221; enable_loading_bg=&#8221;yes&#8221; css=&#8221;.vc_custom_1644495455801{padding-top: 160px !important;padding-bottom: 160px !important;background-image: url(http:\/\/www.kocher-beck.com\/wp-content\/uploads\/2021\/10\/oem-hero.jpg?id=645) !important;background-position: 0 0 !important;background-repeat: no-repeat !important;}&#8221; responsive_css=&#8221;padding_right_large:140px|padding_left_large:140px|padding_right_medium:100px|padding_left_medium:100px&#8221;][vc_column enable_content_animation=&#8221;yes&#8221; ca_init_scale_x=&#8221;1&#8243; ca_init_scale_y=&#8221;1&#8243; ca_init_opacity=&#8221;0&#8243; ca_an_scale_x=&#8221;1&#8243; ca_an_scale_y=&#8221;1&#8243; ca_an_opacity=&#8221;1&#8243; offset=&#8221;vc_col-lg-5 vc_col-md-6&#8243; ca_duration=&#8221;1800&#8243; ca_delay=&#8221;180&#8243; ca_init_translate_y=&#8221;45&#8243; ca_init_rotate_z=&#8221;0&#8243;]<style>.ld_fancy_heading_69d0bc01f09db h1{color:rgb(255, 255, 255);}.ld_fancy_heading_69d0bc01f09db h1 {font-size:36px; } @media (min-width: 768px) { .ld_fancy_heading_69d0bc01f09db h1 {font-size:48px; }  } @media (min-width: 992px) { .ld_fancy_heading_69d0bc01f09db h1 {font-size:60px; }  } .ld_fancy_heading_69d0bc01f09db .lqd-highlight-inner{height:0.275em!important;bottom:0px!important;}.ld_fancy_heading_69d0bc01f09db h1 {font-size:36px; } @media (min-width: 768px) { .ld_fancy_heading_69d0bc01f09db h1 {font-size:48px; }  } @media (min-width: 992px) { .ld_fancy_heading_69d0bc01f09db h1 {font-size:60px; }  } <\/style><div class=\"ld-fancy-heading text-uppercase standard-hero-heading ld_fancy_heading_69d0bc01f09db\">\n\t<h1 class=\"ld-fh-element lqd-highlight-underline lqd-highlight-grow-left text-decoration-default lqd-split-lines\"   data-split-text=\"true\" data-split-options='{\"type\":\"lines\"}'>  OEM<\/h1><\/div>[\/vc_column][\/vc_row][vc_row css=&#8221;.vc_custom_1633438304312{padding-top: 60px !important;padding-bottom: 60px !important;background-color: #f1f3f5 !important;}&#8221;][vc_column column_top_ontablet=&#8221;yes&#8221; column_top_onmobile=&#8221;yes&#8221; offset=&#8221;vc_col-md-offset-0 vc_col-md-8&#8243; responsive_css=&#8221;margin_bottom_medium:0px&#8221; css=&#8221;.vc_custom_1634634346793{margin-bottom: 35px !important;}&#8221;]<style>.ld_fancy_heading_69d0bc01f0c1b h2{color:rgb(33, 30, 22);}.ld_fancy_heading_69d0bc01f0c1b h2 {font-size:24px; } @media (min-width: 768px) { .ld_fancy_heading_69d0bc01f0c1b h2 {font-size:36px; }  } .ld_fancy_heading_69d0bc01f0c1b h2 {margin-bottom:40px !important;  } .ld_fancy_heading_69d0bc01f0c1b .lqd-highlight-inner{height:0.275em!important;bottom:0px!important;}.ld_fancy_heading_69d0bc01f0c1b h2 {font-size:24px; } @media (min-width: 768px) { .ld_fancy_heading_69d0bc01f0c1b h2 {font-size:36px; }  } .ld_fancy_heading_69d0bc01f0c1b h2 {margin-bottom:40px !important;  } <\/style><div class=\"ld-fancy-heading standard-page-heading ld_fancy_heading_69d0bc01f0c1b\">\n\t<h2 class=\"ld-fh-element lqd-highlight-underline lqd-highlight-grow-left text-decoration-default\"   >  Kocher+Beck propose \u00e0 ses partenaires \u00e9quipementiers (OEM) un service d\u00e9di\u00e9, de la conception \u00e0 l\u2019int\u00e9gration de groupes de d\u00e9coupe et d\u2019\u00e9quipements sp\u00e9ciaux.<\/h2><\/div><style>.ld_fancy_heading_69d0bc01f0d4e p {margin-bottom:1.5em !important;  } .ld_fancy_heading_69d0bc01f0d4e .lqd-highlight-inner{height:0.275em!important;bottom:0px!important;}.ld_fancy_heading_69d0bc01f0d4e p {margin-bottom:1.5em !important;  } <\/style><div class=\"ld-fancy-heading ld_fancy_heading_69d0bc01f0d4e\">\n\t<p class=\"ld-fh-element lqd-highlight-underline lqd-highlight-grow-left text-decoration-default\"   >  Dans le monde entier, des solutions sur mesure de Kocher+Beck sont utilis\u00e9es pour des mat\u00e9riaux exigeants. Avec notre \u00e9quipe interne de conception et de d\u00e9veloppement, nous r\u00e9alisons des solutions sp\u00e9ciales pour votre produit, adapt\u00e9es dans les moindres d\u00e9tails \u00e0 l\u2019application souhait\u00e9e. En collaboration avec ABG et par le biais de notre coentreprise Enprom, nous sommes \u00e9galement en mesure de proposer une s\u00e9rie d\u2019\u00e9quipements automatiques de bobinage et de collage.<\/p>\n<p>Des packs d\u2019outils complets sont \u00e9galement possibles, afin que vous puissiez proposer une solution cl\u00e9 en main \u00e0 vos clients.<\/p><\/div>[vc_row_inner css=&#8221;.vc_custom_1644409289606{margin-top: 80px !important;}&#8221;][vc_column_inner]<style>.ld_custom_menu_69d0bc01f0e88 > ul > li > a{font-size:16px;font-weight:500;letter-spacing:0.01em;text-transform:uppercase;color:rgb(255, 255, 255);background:rgb(58, 52, 41);}.ld_custom_menu_69d0bc01f0e88{margin-inline-start:-3px;margin-inline-end:-3px;}.ld_custom_menu_69d0bc01f0e88 li{margin-inline-start:3px;margin-inline-end:3px;}.lqd-stickybar > .lqd-head-col > .header-module > .ld_custom_menu_69d0bc01f0e88 li{margin-top:3px;margin-bottom:3px;}.ld_custom_menu_69d0bc01f0e88 > ul > li > a:hover, .ld_custom_menu_69d0bc01f0e88 li.is-active > a{color:rgb(255, 255, 255);background:rgb(58, 52, 41);}.ld_custom_menu_69d0bc01f0e88 > ul > li .link-icon{color:rgb(255, 255, 255);}.ld_custom_menu_69d0bc01f0e88 > ul > li > a:hover .link-icon .link-icon, .ld_custom_menu_69d0bc01f0e88 li.is-active .link-icon{color:rgb(212, 40, 47);}<\/style><div\n\tclass=\"lqd-fancy-menu lqd-custom-menu menu-items-has-fill lqd-menu-td-none oem-product-menu-buttons ld_custom_menu_69d0bc01f0e88\"\n\t>\n\n<ul id=\"ld_custom_menu_69d0bc01f0e88\" class=\"reset-ul inline-nav  \" ><li id=\"menu-item-10695\" class=\"menu-item menu-item-type-post_type menu-item-object-page menu-item-10695\"><a href=\"https:\/\/www.kocher-beck.com\/fr\/groupes-de-decoupe\/\">Groupes de d\u00e9coupe<\/a><\/li>\n<li id=\"menu-item-10696\" class=\"menu-item menu-item-type-post_type menu-item-object-page menu-item-10696\"><a href=\"https:\/\/www.kocher-beck.com\/fr\/plaques-de-decoupe\/\">Plaques de d\u00e9coupe<\/a><\/li>\n<li id=\"menu-item-10697\" class=\"menu-item menu-item-type-post_type menu-item-object-page menu-item-10697\"><a href=\"https:\/\/www.kocher-beck.com\/fr\/gapmaster\/\">GapMaster + KMS<\/a><\/li>\n<li id=\"menu-item-10698\" class=\"menu-item menu-item-type-post_type menu-item-object-page menu-item-10698\"><a href=\"https:\/\/www.kocher-beck.com\/fr\/outils-rotatifs-cylindres-magnetiques\/\">Outils rotatifs + cylindres magn\u00e9tiques<\/a><\/li>\n<li id=\"menu-item-10699\" class=\"menu-item menu-item-type-post_type menu-item-object-page menu-item-10699\"><a href=\"https:\/\/www.kocher-beck.com\/fr\/technologie-de-bobinage\/\">Technologie de bobinage<\/a><\/li>\n<\/ul><\/div>[\/vc_column_inner][\/vc_row_inner][\/vc_column][vc_column offset=&#8221;vc_col-md-offset-1 vc_col-md-3&#8243;]<style>.ld_custom_menu_69d0bc01f2cac > ul > li > a{font-size:16px;font-weight:500;letter-spacing:0.01em;text-transform:uppercase;color:rgb(255, 255, 255);background:rgb(58, 52, 41);}.ld_custom_menu_69d0bc01f2cac > ul > li:not(:last-child){margin-bottom:3px;}.lqd-stickybar > .lqd-head-col > .header-module > .ld_custom_menu_69d0bc01f2cac li{margin-inline-start:3px;}.ld_custom_menu_69d0bc01f2cac > ul > li > a:hover, .ld_custom_menu_69d0bc01f2cac li.is-active > a{color:rgb(255, 255, 255);background:rgb(212, 40, 47);}.ld_custom_menu_69d0bc01f2cac > ul > li .link-icon{color:rgb(212, 40, 47);}.ld_custom_menu_69d0bc01f2cac > ul > li > a:hover .link-icon .link-icon, .ld_custom_menu_69d0bc01f2cac li.is-active .link-icon{color:rgb(255, 255, 255);}<\/style><div\n\tclass=\"lqd-fancy-menu lqd-custom-menu menu-items-has-fill lqd-menu-td-none application-product-menu ld_custom_menu_69d0bc01f2cac\"\n\t>\n\n<ul id=\"ld_custom_menu_69d0bc01f2cac\" class=\"reset-ul   \" ><li id=\"menu-item-10816\" class=\"menu-item menu-item-type-custom menu-item-object-custom menu-item-10816\"><a href=\"\/fr\/contact-france\/\">Contact<\/a><\/li>\n<li id=\"menu-item-10817\" class=\"menu-item menu-item-type-custom menu-item-object-custom menu-item-10817\"><a href=\"\/fr\/prestations\/?=#design-support\">Conception\/Solutions sp\u00e9ciales<\/a><\/li>\n<\/ul><\/div>[\/vc_column][\/vc_row][vc_row css=&#8221;.vc_custom_1634286167305{background-color: #f1f3f5 !important;}&#8221;][vc_column offset=&#8221;vc_col-md-12&#8243;]<style>.ld_spacer_69d0bc01f365d{height:40px;}<\/style>\n<div class=\"ld-empty-space ld_spacer_69d0bc01f365d\"><\/div>[\/vc_column][\/vc_row]<\/p>\n","protected":false},"excerpt":{"rendered":"<p>[vc_row bg_position=&#8221;center center&#8221; enable_loading_bg=&#8221;yes&#8221; css=&#8221;.vc_custom_1644495455801{padding-top: 160px !important;padding-bottom: 160px !important;background-image: url(http:\/\/www.kocher-beck.com\/wp-content\/uploads\/2021\/10\/oem-hero.jpg?id=645) !important;background-position: 0 0 !important;background-repeat: no-repeat !important;}&#8221; responsive_css=&#8221;padding_right_large:140px|padding_left_large:140px|padding_right_medium:100px|padding_left_medium:100px&#8221;][vc_column enable_content_animation=&#8221;yes&#8221; ca_init_scale_x=&#8221;1&#8243; ca_init_scale_y=&#8221;1&#8243; ca_init_opacity=&#8221;0&#8243; ca_an_scale_x=&#8221;1&#8243; ca_an_scale_y=&#8221;1&#8243; ca_an_opacity=&#8221;1&#8243; offset=&#8221;vc_col-lg-5 vc_col-md-6&#8243; ca_duration=&#8221;1800&#8243; ca_delay=&#8221;180&#8243; ca_init_translate_y=&#8221;45&#8243; ca_init_rotate_z=&#8221;0&#8243;][\/vc_column][\/vc_row][vc_row css=&#8221;.vc_custom_1633438304312{padding-top: 60px !important;padding-bottom: 60px !important;background-color: #f1f3f5 !important;}&#8221;][vc_column column_top_ontablet=&#8221;yes&#8221; column_top_onmobile=&#8221;yes&#8221; offset=&#8221;vc_col-md-offset-0 vc_col-md-8&#8243; responsive_css=&#8221;margin_bottom_medium:0px&#8221; css=&#8221;.vc_custom_1634634346793{margin-bottom: 35px !important;}&#8221;][vc_row_inner css=&#8221;.vc_custom_1644409289606{margin-top: 80px !important;}&#8221;][vc_column_inner][\/vc_column_inner][\/vc_row_inner][\/vc_column][vc_column offset=&#8221;vc_col-md-offset-1 vc_col-md-3&#8243;][\/vc_column][\/vc_row][vc_row css=&#8221;.vc_custom_1634286167305{background-color: #f1f3f5 !important;}&#8221;][vc_column offset=&#8221;vc_col-md-12&#8243;][\/vc_column][\/vc_row]<\/p>\n","protected":false},"author":1,"featured_media":0,"parent":0,"menu_order":0,"comment_status":"closed","ping_status":"closed","template":"","meta":{"_acf_changed":false,"footnotes":""},"class_list":["post-9915","page","type-page","status-publish","hentry"],"acf":[],"yoast_head":"<!-- This site is optimized with the Yoast SEO plugin v27.0 - https:\/\/yoast.com\/product\/yoast-seo-wordpress\/ -->\n<title>OEM - Kocher+Beck<\/title>\n<meta name=\"robots\" content=\"index, follow, max-snippet:-1, max-image-preview:large, max-video-preview:-1\" \/>\n<link rel=\"canonical\" href=\"https:\/\/www.kocher-beck.com\/fr\/oem\/\" \/>\n<meta property=\"og:locale\" content=\"fr_FR\" \/>\n<meta property=\"og:type\" content=\"article\" \/>\n<meta property=\"og:title\" content=\"OEM - Kocher+Beck\" \/>\n<meta property=\"og:description\" content=\"[vc_row bg_position=&#8221;center center&#8221; enable_loading_bg=&#8221;yes&#8221; css=&#8221;.vc_custom_1644495455801{padding-top: 160px !important;padding-bottom: 160px !important;background-image: url(http:\/\/www.kocher-beck.com\/wp-content\/uploads\/2021\/10\/oem-hero.jpg?id=645) !important;background-position: 0 0 !important;background-repeat: no-repeat !important;}&#8221; responsive_css=&#8221;padding_right_large:140px|padding_left_large:140px|padding_right_medium:100px|padding_left_medium:100px&#8221;][vc_column enable_content_animation=&#8221;yes&#8221; ca_init_scale_x=&#8221;1&#8243; ca_init_scale_y=&#8221;1&#8243; ca_init_opacity=&#8221;0&#8243; ca_an_scale_x=&#8221;1&#8243; ca_an_scale_y=&#8221;1&#8243; ca_an_opacity=&#8221;1&#8243; offset=&#8221;vc_col-lg-5 vc_col-md-6&#8243; ca_duration=&#8221;1800&#8243; ca_delay=&#8221;180&#8243; ca_init_translate_y=&#8221;45&#8243; ca_init_rotate_z=&#8221;0&#8243;][\/vc_column][\/vc_row][vc_row css=&#8221;.vc_custom_1633438304312{padding-top: 60px !important;padding-bottom: 60px !important;background-color: #f1f3f5 !important;}&#8221;][vc_column column_top_ontablet=&#8221;yes&#8221; column_top_onmobile=&#8221;yes&#8221; offset=&#8221;vc_col-md-offset-0 vc_col-md-8&#8243; responsive_css=&#8221;margin_bottom_medium:0px&#8221; css=&#8221;.vc_custom_1634634346793{margin-bottom: 35px !important;}&#8221;][vc_row_inner css=&#8221;.vc_custom_1644409289606{margin-top: 80px !important;}&#8221;][vc_column_inner][\/vc_column_inner][\/vc_row_inner][\/vc_column][vc_column offset=&#8221;vc_col-md-offset-1 vc_col-md-3&#8243;][\/vc_column][\/vc_row][vc_row css=&#8221;.vc_custom_1634286167305{background-color: #f1f3f5 !important;}&#8221;][vc_column offset=&#8221;vc_col-md-12&#8243;][\/vc_column][\/vc_row]\" \/>\n<meta property=\"og:url\" content=\"https:\/\/www.kocher-beck.com\/fr\/oem\/\" \/>\n<meta property=\"og:site_name\" content=\"Kocher+Beck\" \/>\n<meta property=\"article:modified_time\" content=\"2023-01-05T17:15:04+00:00\" \/>\n<meta name=\"twitter:card\" content=\"summary_large_image\" \/>\n<meta name=\"twitter:label1\" content=\"Dur\u00e9e de lecture estim\u00e9e\" \/>\n\t<meta name=\"twitter:data1\" content=\"2 minutes\" \/>\n<script type=\"application\/ld+json\" class=\"yoast-schema-graph\">{\"@context\":\"https:\/\/schema.org\",\"@graph\":[{\"@type\":\"WebPage\",\"@id\":\"https:\/\/www.kocher-beck.com\/fr\/oem\/\",\"url\":\"https:\/\/www.kocher-beck.com\/fr\/oem\/\",\"name\":\"OEM - Kocher+Beck\",\"isPartOf\":{\"@id\":\"https:\/\/www.kocher-beck.com\/fr\/#website\"},\"datePublished\":\"2021-10-19T09:28:19+00:00\",\"dateModified\":\"2023-01-05T17:15:04+00:00\",\"breadcrumb\":{\"@id\":\"https:\/\/www.kocher-beck.com\/fr\/oem\/#breadcrumb\"},\"inLanguage\":\"fr-FR\",\"potentialAction\":[{\"@type\":\"ReadAction\",\"target\":[\"https:\/\/www.kocher-beck.com\/fr\/oem\/\"]}]},{\"@type\":\"BreadcrumbList\",\"@id\":\"https:\/\/www.kocher-beck.com\/fr\/oem\/#breadcrumb\",\"itemListElement\":[{\"@type\":\"ListItem\",\"position\":1,\"name\":\"Home\",\"item\":\"https:\/\/www.kocher-beck.com\/fr\/\"},{\"@type\":\"ListItem\",\"position\":2,\"name\":\"OEM\"}]},{\"@type\":\"WebSite\",\"@id\":\"https:\/\/www.kocher-beck.com\/fr\/#website\",\"url\":\"https:\/\/www.kocher-beck.com\/fr\/\",\"name\":\"Kocher+Beck\",\"description\":\"\",\"potentialAction\":[{\"@type\":\"SearchAction\",\"target\":{\"@type\":\"EntryPoint\",\"urlTemplate\":\"https:\/\/www.kocher-beck.com\/fr\/?s={search_term_string}\"},\"query-input\":{\"@type\":\"PropertyValueSpecification\",\"valueRequired\":true,\"valueName\":\"search_term_string\"}}],\"inLanguage\":\"fr-FR\"}]}<\/script>\n<!-- \/ Yoast SEO plugin. -->","yoast_head_json":{"title":"OEM - Kocher+Beck","robots":{"index":"index","follow":"follow","max-snippet":"max-snippet:-1","max-image-preview":"max-image-preview:large","max-video-preview":"max-video-preview:-1"},"canonical":"https:\/\/www.kocher-beck.com\/fr\/oem\/","og_locale":"fr_FR","og_type":"article","og_title":"OEM - Kocher+Beck","og_description":"[vc_row bg_position=&#8221;center center&#8221; enable_loading_bg=&#8221;yes&#8221; css=&#8221;.vc_custom_1644495455801{padding-top: 160px !important;padding-bottom: 160px !important;background-image: url(http:\/\/www.kocher-beck.com\/wp-content\/uploads\/2021\/10\/oem-hero.jpg?id=645) !important;background-position: 0 0 !important;background-repeat: no-repeat !important;}&#8221; responsive_css=&#8221;padding_right_large:140px|padding_left_large:140px|padding_right_medium:100px|padding_left_medium:100px&#8221;][vc_column enable_content_animation=&#8221;yes&#8221; ca_init_scale_x=&#8221;1&#8243; ca_init_scale_y=&#8221;1&#8243; ca_init_opacity=&#8221;0&#8243; ca_an_scale_x=&#8221;1&#8243; ca_an_scale_y=&#8221;1&#8243; ca_an_opacity=&#8221;1&#8243; offset=&#8221;vc_col-lg-5 vc_col-md-6&#8243; ca_duration=&#8221;1800&#8243; ca_delay=&#8221;180&#8243; ca_init_translate_y=&#8221;45&#8243; ca_init_rotate_z=&#8221;0&#8243;][\/vc_column][\/vc_row][vc_row css=&#8221;.vc_custom_1633438304312{padding-top: 60px !important;padding-bottom: 60px !important;background-color: #f1f3f5 !important;}&#8221;][vc_column column_top_ontablet=&#8221;yes&#8221; column_top_onmobile=&#8221;yes&#8221; offset=&#8221;vc_col-md-offset-0 vc_col-md-8&#8243; responsive_css=&#8221;margin_bottom_medium:0px&#8221; css=&#8221;.vc_custom_1634634346793{margin-bottom: 35px !important;}&#8221;][vc_row_inner css=&#8221;.vc_custom_1644409289606{margin-top: 80px !important;}&#8221;][vc_column_inner][\/vc_column_inner][\/vc_row_inner][\/vc_column][vc_column offset=&#8221;vc_col-md-offset-1 vc_col-md-3&#8243;][\/vc_column][\/vc_row][vc_row css=&#8221;.vc_custom_1634286167305{background-color: #f1f3f5 !important;}&#8221;][vc_column offset=&#8221;vc_col-md-12&#8243;][\/vc_column][\/vc_row]","og_url":"https:\/\/www.kocher-beck.com\/fr\/oem\/","og_site_name":"Kocher+Beck","article_modified_time":"2023-01-05T17:15:04+00:00","twitter_card":"summary_large_image","twitter_misc":{"Dur\u00e9e de lecture estim\u00e9e":"2 minutes"},"schema":{"@context":"https:\/\/schema.org","@graph":[{"@type":"WebPage","@id":"https:\/\/www.kocher-beck.com\/fr\/oem\/","url":"https:\/\/www.kocher-beck.com\/fr\/oem\/","name":"OEM - Kocher+Beck","isPartOf":{"@id":"https:\/\/www.kocher-beck.com\/fr\/#website"},"datePublished":"2021-10-19T09:28:19+00:00","dateModified":"2023-01-05T17:15:04+00:00","breadcrumb":{"@id":"https:\/\/www.kocher-beck.com\/fr\/oem\/#breadcrumb"},"inLanguage":"fr-FR","potentialAction":[{"@type":"ReadAction","target":["https:\/\/www.kocher-beck.com\/fr\/oem\/"]}]},{"@type":"BreadcrumbList","@id":"https:\/\/www.kocher-beck.com\/fr\/oem\/#breadcrumb","itemListElement":[{"@type":"ListItem","position":1,"name":"Home","item":"https:\/\/www.kocher-beck.com\/fr\/"},{"@type":"ListItem","position":2,"name":"OEM"}]},{"@type":"WebSite","@id":"https:\/\/www.kocher-beck.com\/fr\/#website","url":"https:\/\/www.kocher-beck.com\/fr\/","name":"Kocher+Beck","description":"","potentialAction":[{"@type":"SearchAction","target":{"@type":"EntryPoint","urlTemplate":"https:\/\/www.kocher-beck.com\/fr\/?s={search_term_string}"},"query-input":{"@type":"PropertyValueSpecification","valueRequired":true,"valueName":"search_term_string"}}],"inLanguage":"fr-FR"}]}},"_links":{"self":[{"href":"https:\/\/www.kocher-beck.com\/fr\/wp-json\/wp\/v2\/pages\/9915","targetHints":{"allow":["GET"]}}],"collection":[{"href":"https:\/\/www.kocher-beck.com\/fr\/wp-json\/wp\/v2\/pages"}],"about":[{"href":"https:\/\/www.kocher-beck.com\/fr\/wp-json\/wp\/v2\/types\/page"}],"author":[{"embeddable":true,"href":"https:\/\/www.kocher-beck.com\/fr\/wp-json\/wp\/v2\/users\/1"}],"replies":[{"embeddable":true,"href":"https:\/\/www.kocher-beck.com\/fr\/wp-json\/wp\/v2\/comments?post=9915"}],"version-history":[{"count":2,"href":"https:\/\/www.kocher-beck.com\/fr\/wp-json\/wp\/v2\/pages\/9915\/revisions"}],"predecessor-version":[{"id":10001,"href":"https:\/\/www.kocher-beck.com\/fr\/wp-json\/wp\/v2\/pages\/9915\/revisions\/10001"}],"wp:attachment":[{"href":"https:\/\/www.kocher-beck.com\/fr\/wp-json\/wp\/v2\/media?parent=9915"}],"curies":[{"name":"wp","href":"https:\/\/api.w.org\/{rel}","templated":true}]}}