{"id":9930,"date":"2021-10-15T14:54:55","date_gmt":"2021-10-15T13:54:55","guid":{"rendered":"https:\/\/www.kocher-beck.com\/stanzstationen\/"},"modified":"2023-01-05T17:02:35","modified_gmt":"2023-01-05T17:02:35","slug":"groupes-de-decoupe","status":"publish","type":"page","link":"https:\/\/www.kocher-beck.com\/fr\/groupes-de-decoupe\/","title":{"rendered":"Groupes de d\u00e9coupe"},"content":{"rendered":"<p>[vc_row video_bg=&#8221;yes&#8221; video_local_mp4_url=&#8221;\/wp-content\/uploads\/2022\/06\/die-cutting-stations-2.mp4&#8243; bg_position=&#8221;left center&#8221; enable_overlay=&#8221;yes&#8221; enable_loading_bg=&#8221;yes&#8221; css=&#8221;.vc_custom_1656417102371{padding-top: 160px !important;padding-bottom: 160px !important;background-image: url(http:\/\/www.kocher-beck.com\/wp-content\/uploads\/2021\/10\/die-cutting-station-unit-hero.jpg?id=559) !important;background-position: 0 0 !important;background-repeat: no-repeat !important;}&#8221; responsive_css=&#8221;padding_right_large:140px|padding_left_large:140px|padding_right_medium:100px|padding_left_medium:100px&#8221; overlay_bg=&#8221;rgba(58, 52, 41, 0.5)&#8221;][vc_column enable_content_animation=&#8221;yes&#8221; ca_init_scale_x=&#8221;1&#8243; ca_init_scale_y=&#8221;1&#8243; ca_init_opacity=&#8221;0&#8243; ca_an_scale_x=&#8221;1&#8243; ca_an_scale_y=&#8221;1&#8243; ca_an_opacity=&#8221;1&#8243; offset=&#8221;vc_col-lg-5 vc_col-md-6&#8243; ca_duration=&#8221;1800&#8243; ca_delay=&#8221;180&#8243; ca_init_translate_y=&#8221;45&#8243; ca_init_rotate_z=&#8221;0&#8243;]<style>.ld_fancy_heading_69dcc33927a2d h1{color:rgb(255, 255, 255);}.ld_fancy_heading_69dcc33927a2d h1 {font-size:36px; } @media (min-width: 768px) { .ld_fancy_heading_69dcc33927a2d h1 {font-size:48px; }  } @media (min-width: 992px) { .ld_fancy_heading_69dcc33927a2d h1 {font-size:60px; }  } .ld_fancy_heading_69dcc33927a2d .lqd-highlight-inner{height:0.275em!important;bottom:0px!important;}.ld_fancy_heading_69dcc33927a2d h1 {font-size:36px; } @media (min-width: 768px) { .ld_fancy_heading_69dcc33927a2d h1 {font-size:48px; }  } @media (min-width: 992px) { .ld_fancy_heading_69dcc33927a2d h1 {font-size:60px; }  } <\/style><div class=\"ld-fancy-heading text-uppercase standard-hero-heading ld_fancy_heading_69dcc33927a2d\">\n\t<h1 class=\"ld-fh-element lqd-highlight-underline lqd-highlight-grow-left text-decoration-default lqd-split-lines\"   data-split-text=\"true\" data-split-options='{\"type\":\"lines\"}'>  Groupes de d\u00e9coupe<\/h1><\/div>[\/vc_column][\/vc_row][vc_row css=&#8221;.vc_custom_1633438304312{padding-top: 60px !important;padding-bottom: 60px !important;background-color: #f1f3f5 !important;}&#8221;][vc_column column_top_ontablet=&#8221;yes&#8221; column_top_onmobile=&#8221;yes&#8221; offset=&#8221;vc_col-md-offset-0 vc_col-md-8&#8243; responsive_css=&#8221;margin_bottom_medium:0px&#8221; css=&#8221;.vc_custom_1644417765074{margin-bottom: 35px !important;}&#8221;]<style>.ld_fancy_heading_69dcc33927cb6 h2{color:rgb(33, 30, 22);}.ld_fancy_heading_69dcc33927cb6 h2 {font-size:24px; } @media (min-width: 768px) { .ld_fancy_heading_69dcc33927cb6 h2 {font-size:36px; }  } .ld_fancy_heading_69dcc33927cb6 h2 {margin-bottom:40px !important;  } .ld_fancy_heading_69dcc33927cb6 .lqd-highlight-inner{height:0.275em!important;bottom:0px!important;}.ld_fancy_heading_69dcc33927cb6 h2 {font-size:24px; } @media (min-width: 768px) { .ld_fancy_heading_69dcc33927cb6 h2 {font-size:36px; }  } .ld_fancy_heading_69dcc33927cb6 h2 {margin-bottom:40px !important;  } <\/style><div class=\"ld-fancy-heading standard-page-heading ld_fancy_heading_69dcc33927cb6\">\n\t<h2 class=\"ld-fh-element lqd-highlight-underline lqd-highlight-grow-left text-decoration-default\"   >  Nos groupes de d\u00e9coupe et groupes sp\u00e9ciaux offrent de nouvelles possibilit\u00e9s de fabrication pour des installations neuves ou existantes et peuvent \u00eatre adapt\u00e9s ou con\u00e7us pour maximiser la valeur ajout\u00e9e.<\/h2><\/div><style>.ld_fancy_heading_69dcc33927e10 p {margin-bottom:1.5em !important;  } .ld_fancy_heading_69dcc33927e10 .lqd-highlight-inner{height:0.275em!important;bottom:0px!important;}.ld_fancy_heading_69dcc33927e10 p {margin-bottom:1.5em !important;  } <\/style><div class=\"ld-fancy-heading ld_fancy_heading_69dcc33927e10\">\n\t<p class=\"ld-fh-element lqd-highlight-underline lqd-highlight-grow-left text-decoration-default\"   >  Gr\u00e2ce \u00e0 des connaissances approfondies dans le secteur des plaques de d\u00e9coupe et des cylindres magn\u00e9tiques, Kocher+Beck est leader dans la conception et la fabrication de groupes de d\u00e9coupe et groupes sp\u00e9ciaux complets pour vos applications.<\/p>\n<p>Pour plus d\u2019informations, cliquez sur \u00ab&nbsp;Plus d\u2019informations&nbsp;\u00bb.<\/p><\/div>[\/vc_column][vc_column enable_pin=&#8221;enable_pin&#8221; offset=&#8221;vc_col-md-offset-1 vc_col-md-3&#8243;]<style>.ld_custom_menu_69dcc33927f5c > ul > li > a{font-size:16px;font-weight:500;letter-spacing:0.01em;text-transform:uppercase;color:rgb(255, 255, 255);background:rgb(58, 52, 41);}.ld_custom_menu_69dcc33927f5c > ul > li:not(:last-child){margin-bottom:3px;}.lqd-stickybar > .lqd-head-col > .header-module > .ld_custom_menu_69dcc33927f5c li{margin-inline-start:3px;}.ld_custom_menu_69dcc33927f5c > ul > li > a:hover, .ld_custom_menu_69dcc33927f5c li.is-active > a{color:rgb(255, 255, 255);background:rgb(212, 40, 47);}.ld_custom_menu_69dcc33927f5c > ul > li .link-icon{color:rgb(255, 255, 255);}.ld_custom_menu_69dcc33927f5c > ul > li > a:hover .link-icon .link-icon, .ld_custom_menu_69dcc33927f5c li.is-active .link-icon{color:rgb(255, 255, 255);}<\/style><div\n\tclass=\"lqd-fancy-menu lqd-custom-menu menu-items-has-fill lqd-menu-td-none product-info-menu ld_custom_menu_69dcc33927f5c\"\n\t>\n\n<ul id=\"ld_custom_menu_69dcc33927f5c\" class=\"reset-ul   \" ><li id=\"menu-item-10806\" class=\"menu-item menu-item-type-custom menu-item-object-custom menu-item-10806\"><a href=\"\/fr\/contact-france\/\">Nous contacter<\/a><\/li>\n<li id=\"menu-item-10807\" class=\"menu-item menu-item-type-custom menu-item-object-custom menu-item-10807\"><a href=\"\/wp-content\/uploads\/2022\/07\/Die-Cutting-Station-UK-TM-Final.pdf\">Plus d\\&#8217;information<\/a><\/li>\n<li id=\"menu-item-10814\" class=\"menu-item menu-item-type-custom menu-item-object-custom menu-item-10814\"><a href=\"\/fr\/prestations\/?=#design-support\">Conception\/Solutions sp\u00e9ciales<\/a><\/li>\n<\/ul><\/div>[\/vc_column][\/vc_row][vc_row css=&#8221;.vc_custom_1653648025115{padding-bottom: 80px !important;background-color: #f1f3f5 !important;}&#8221;][vc_column offset=&#8221;vc_col-md-12&#8243; css=&#8221;.vc_custom_1633444921484{background-color: #ffffff !important;}&#8221;][vc_row_inner css=&#8221;.vc_custom_1633700947263{border-bottom-width: 1px !important;border-bottom-color: #f1f3f5 !important;border-bottom-style: solid !important;}&#8221;][vc_column_inner offset=&#8221;vc_col-md-9&#8243;]<style>.ld_spacer_69dcc33929620{height:32px;}<\/style>\n<div class=\"ld-empty-space ld_spacer_69dcc33929620\"><\/div><style>.ld_fancy_heading_69dcc3392980d h3{color:rgb(33, 30, 22);}.ld_fancy_heading_69dcc3392980d h3 {font-size:32px; } .ld_fancy_heading_69dcc3392980d h3 {padding-right:40px !important;  } .ld_fancy_heading_69dcc3392980d h3 {margin-bottom:0px !important;  } .ld_fancy_heading_69dcc3392980d .lqd-highlight-inner{height:0.275em!important;bottom:0px!important;}.ld_fancy_heading_69dcc3392980d h3 {font-size:32px; } .ld_fancy_heading_69dcc3392980d h3 {padding-right:40px !important;  } .ld_fancy_heading_69dcc3392980d h3 {margin-bottom:0px !important;  } <\/style><div class=\"ld-fancy-heading text-uppercase product-heading ld_fancy_heading_69dcc3392980d\">\n\t<h3 class=\"ld-fh-element lqd-highlight-underline lqd-highlight-grow-left text-decoration-default\"   >  GROUPES DE D\u00c9COUPE\/INSTALLATIONS DE D\u00c9COUPE<\/h3><\/div><style>.ld_fancy_heading_69dcc33929990 p {padding-right:40px !important;  } .ld_fancy_heading_69dcc33929990 .lqd-highlight-inner{height:0.275em!important;bottom:0px!important;}.ld_fancy_heading_69dcc33929990 p {padding-right:40px !important;  } <\/style><div class=\"ld-fancy-heading product-heading-intro-text ld_fancy_heading_69dcc33929990\">\n\t<p class=\"ld-fh-element lqd-highlight-underline lqd-highlight-grow-left text-decoration-default\"   >  De la valeur ajout\u00e9e pour votre machine d\u2019impression.<\/p><\/div><style>.ld_spacer_69dcc33929a4c{height:32px;}<\/style>\n<div class=\"ld-empty-space ld_spacer_69dcc33929a4c\"><\/div>[\/vc_column_inner][vc_column_inner offset=&#8221;vc_col-md-3&#8243;][\/vc_column_inner][\/vc_row_inner][vc_row_inner equal_height=&#8221;yes&#8221;][vc_column_inner offset=&#8221;vc_col-md-3&#8243;][vc_single_image image=&#8221;7412&#8243;][\/vc_column_inner][vc_column_inner offset=&#8221;vc_col-md-6&#8243; responsive_css=&#8221;padding_left_medium:0px&#8221; css=&#8221;.vc_custom_1633700620582{border-right-width: 1px !important;padding-right: 20px !important;padding-bottom: 20px !important;padding-left: 20px !important;border-right-color: #f1f3f5 !important;border-right-style: solid !important;}&#8221;]<style>.ld_fancy_heading_69dcc33929b24 h4 {font-size:18px; } .ld_fancy_heading_69dcc33929b24 h4 {margin-top:20px !important; margin-bottom:20px !important;  } .ld_fancy_heading_69dcc33929b24 .lqd-highlight-inner{height:0.275em!important;bottom:0px!important;}.ld_fancy_heading_69dcc33929b24 h4 {font-size:18px; } .ld_fancy_heading_69dcc33929b24 h4 {margin-top:20px !important; margin-bottom:20px !important;  } <\/style><div class=\"ld-fancy-heading ld_fancy_heading_69dcc33929b24\">\n\t<h4 class=\"ld-fh-element lqd-highlight-underline lqd-highlight-grow-left text-decoration-default\"   >  Pr\u00e9sentation&nbsp;:<\/h4><\/div><style>.ld_fancy_heading_69dcc33929de1 p {font-size:15px; } .ld_fancy_heading_69dcc33929de1 .lqd-highlight-inner{height:0.275em!important;bottom:0px!important;}.ld_fancy_heading_69dcc33929de1 p {font-size:15px; } <\/style><div class=\"ld-fancy-heading ld_fancy_heading_69dcc33929de1\">\n\t<p class=\"ld-fh-element lqd-highlight-underline lqd-highlight-grow-left text-decoration-default\"   >  Les groupes de d\u00e9coupe de Kocher+Beck se pr\u00eatent \u00e0 merveille \u00e0 une multitude de projets de fa\u00e7onnage individuels ou d\u2019applications de d\u00e9coupe sp\u00e9ciales comme les brochures, le carton et les mat\u00e9riaux fibreux lourds. L\u2019unit\u00e9 peut \u00eatre int\u00e9gr\u00e9e dans une machine existante ou dans une construction sp\u00e9ciale et peut \u00eatre entrain\u00e9e par l\u2019arbre de support ou le cylindre de contre-pression.<\/p>\n<p>Les concepts modulaires sur mesure de notre d\u00e9partement de conception sont con\u00e7us sp\u00e9cialement selon vos souhaits. Que ce soit pour un utilisateur final ou une application OEM.<\/p><\/div>[\/vc_column_inner][vc_column_inner responsive_css=&#8221;padding_left_medium:0px&#8221; css=&#8221;.vc_custom_1633700699950{padding-right: 20px !important;padding-bottom: 20px !important;padding-left: 20px !important;}&#8221; offset=&#8221;vc_col-md-3&#8243;]<style>.ld_fancy_heading_69dcc33929f46 h4 {font-size:18px; } .ld_fancy_heading_69dcc33929f46 h4 {margin-top:20px !important; margin-bottom:20px !important;  } .ld_fancy_heading_69dcc33929f46 .lqd-highlight-inner{height:0.275em!important;bottom:0px!important;}.ld_fancy_heading_69dcc33929f46 h4 {font-size:18px; } .ld_fancy_heading_69dcc33929f46 h4 {margin-top:20px !important; margin-bottom:20px !important;  } <\/style><div class=\"ld-fancy-heading ld_fancy_heading_69dcc33929f46\">\n\t<h4 class=\"ld-fh-element lqd-highlight-underline lqd-highlight-grow-left text-decoration-default\"   >  Caract\u00e9ristiques&nbsp;:<\/h4><\/div><style>.ld_fancy_heading_69dcc3392a064 h5 {font-size:15px; } .ld_fancy_heading_69dcc3392a064 h5 {line-height:1.5em; } .ld_fancy_heading_69dcc3392a064 h5 {--element-line-height:1.5em; } .ld_fancy_heading_69dcc3392a064 h5 {font-weight:400; } .ld_fancy_heading_69dcc3392a064 h5 {margin-bottom:20px !important;  } .ld_fancy_heading_69dcc3392a064 .lqd-highlight-inner{height:0.275em!important;bottom:0px!important;}.ld_fancy_heading_69dcc3392a064 h5 {font-size:15px; } .ld_fancy_heading_69dcc3392a064 h5 {line-height:1.5em; } .ld_fancy_heading_69dcc3392a064 h5 {--element-line-height:1.5em; } .ld_fancy_heading_69dcc3392a064 h5 {font-weight:400; } .ld_fancy_heading_69dcc3392a064 h5 {margin-bottom:20px !important;  } <\/style><div class=\"ld-fancy-heading product-benefits ld_fancy_heading_69dcc3392a064\">\n\t<h5 class=\"ld-fh-element lqd-highlight-underline lqd-highlight-grow-left text-decoration-default\"   >  <\/p>\n<ul>\n<li>Paliers sans entretien<\/li>\n<li>Vitesses de bande \u00e9lev\u00e9es<\/li>\n<li>Levage pneumatique ou manuel des cylindres<\/li>\n<li>Syst\u00e8me de mesure dynamom\u00e9trique KMS<\/li>\n<li>Conception tr\u00e8s rigide offrant une base de d\u00e9coupe solide<\/li>\n<li>Largeur de bande jusqu\u2019\u00e0 1&nbsp;000&nbsp;mm (autres sp\u00e9cifications sur demande)<\/li>\n<\/ul>\n<p><\/h5><\/div>[\/vc_column_inner][\/vc_row_inner][\/vc_column][\/vc_row][vc_row css=&#8221;.vc_custom_1653648035675{padding-bottom: 80px !important;background-color: #f1f3f5 !important;}&#8221;][vc_column offset=&#8221;vc_col-md-12&#8243;]<style>.ld_custom_menu_69dcc3392a1b7 > ul > li > a{font-size:16px;font-weight:500;letter-spacing:0.01em;text-transform:uppercase;color:rgb(255, 255, 255);background:rgb(58, 52, 41);}.ld_custom_menu_69dcc3392a1b7{margin-inline-start:-3px;margin-inline-end:-3px;}.ld_custom_menu_69dcc3392a1b7 li{margin-inline-start:3px;margin-inline-end:3px;}.lqd-stickybar > .lqd-head-col > .header-module > .ld_custom_menu_69dcc3392a1b7 li{margin-top:3px;margin-bottom:3px;}.ld_custom_menu_69dcc3392a1b7 > ul > li > a:hover, .ld_custom_menu_69dcc3392a1b7 li.is-active > a{color:rgb(255, 255, 255);background:rgb(58, 52, 41);}.ld_custom_menu_69dcc3392a1b7 > ul > li .link-icon{color:rgb(255, 255, 255);}.ld_custom_menu_69dcc3392a1b7 > ul > li > a:hover .link-icon .link-icon, .ld_custom_menu_69dcc3392a1b7 li.is-active .link-icon{color:rgb(212, 40, 47);}<\/style><div\n\tclass=\"lqd-fancy-menu lqd-custom-menu menu-items-has-fill lqd-menu-td-none die-cutting-stations-product-menu-buttons ld_custom_menu_69dcc3392a1b7\"\n\t>\n\n<ul id=\"ld_custom_menu_69dcc3392a1b7\" class=\"reset-ul inline-nav  \" ><li id=\"menu-item-10867\" class=\"menu-item menu-item-type-post_type menu-item-object-page menu-item-10867\"><a href=\"https:\/\/www.kocher-beck.com\/fr\/plaques-de-decoupe\/\">Plaques de d\u00e9coupe<\/a><\/li>\n<li id=\"menu-item-10868\" class=\"menu-item menu-item-type-post_type menu-item-object-page menu-item-10868\"><a href=\"https:\/\/www.kocher-beck.com\/fr\/outils-rotatifs-cylindres-magnetiques\/\">Outils rotatifs + cylindres magn\u00e9tiques<\/a><\/li>\n<li id=\"menu-item-10869\" class=\"menu-item menu-item-type-post_type menu-item-object-page menu-item-10869\"><a href=\"https:\/\/www.kocher-beck.com\/fr\/gapmaster\/\">GapMaster + KMS<\/a><\/li>\n<li id=\"menu-item-10870\" class=\"menu-item menu-item-type-post_type menu-item-object-page menu-item-10870\"><a href=\"https:\/\/www.kocher-beck.com\/fr\/tecscreen\/\">TECSCREEN<\/a><\/li>\n<li id=\"menu-item-10871\" class=\"menu-item menu-item-type-post_type menu-item-object-page menu-item-10871\"><a href=\"https:\/\/www.kocher-beck.com\/fr\/technologie-de-bobinage\/\">Technologie de bobinage<\/a><\/li>\n<\/ul><\/div>[\/vc_column][\/vc_row]<\/p>\n","protected":false},"excerpt":{"rendered":"<p>[vc_row video_bg=&#8221;yes&#8221; video_local_mp4_url=&#8221;\/wp-content\/uploads\/2022\/06\/die-cutting-stations-2.mp4&#8243; bg_position=&#8221;left center&#8221; enable_overlay=&#8221;yes&#8221; enable_loading_bg=&#8221;yes&#8221; css=&#8221;.vc_custom_1656417102371{padding-top: 160px !important;padding-bottom: 160px !important;background-image: url(http:\/\/www.kocher-beck.com\/wp-content\/uploads\/2021\/10\/die-cutting-station-unit-hero.jpg?id=559) !important;background-position: 0 0 !important;background-repeat: no-repeat !important;}&#8221; responsive_css=&#8221;padding_right_large:140px|padding_left_large:140px|padding_right_medium:100px|padding_left_medium:100px&#8221; overlay_bg=&#8221;rgba(58, 52, 41, 0.5)&#8221;][vc_column enable_content_animation=&#8221;yes&#8221; ca_init_scale_x=&#8221;1&#8243; ca_init_scale_y=&#8221;1&#8243; ca_init_opacity=&#8221;0&#8243; ca_an_scale_x=&#8221;1&#8243; ca_an_scale_y=&#8221;1&#8243; ca_an_opacity=&#8221;1&#8243; offset=&#8221;vc_col-lg-5 vc_col-md-6&#8243; ca_duration=&#8221;1800&#8243; ca_delay=&#8221;180&#8243; ca_init_translate_y=&#8221;45&#8243; ca_init_rotate_z=&#8221;0&#8243;][\/vc_column][\/vc_row][vc_row css=&#8221;.vc_custom_1633438304312{padding-top: 60px !important;padding-bottom: 60px !important;background-color: #f1f3f5 !important;}&#8221;][vc_column column_top_ontablet=&#8221;yes&#8221; column_top_onmobile=&#8221;yes&#8221; offset=&#8221;vc_col-md-offset-0 vc_col-md-8&#8243; responsive_css=&#8221;margin_bottom_medium:0px&#8221; css=&#8221;.vc_custom_1644417765074{margin-bottom: 35px !important;}&#8221;][\/vc_column][vc_column enable_pin=&#8221;enable_pin&#8221; offset=&#8221;vc_col-md-offset-1 vc_col-md-3&#8243;][\/vc_column][\/vc_row][vc_row [&hellip;]<\/p>\n","protected":false},"author":1,"featured_media":0,"parent":0,"menu_order":0,"comment_status":"closed","ping_status":"closed","template":"","meta":{"_acf_changed":false,"footnotes":""},"class_list":["post-9930","page","type-page","status-publish","hentry"],"acf":[],"yoast_head":"<!-- This site is optimized with the Yoast SEO plugin v27.0 - https:\/\/yoast.com\/product\/yoast-seo-wordpress\/ -->\n<title>Groupes de d\u00e9coupe - Kocher+Beck<\/title>\n<meta name=\"robots\" content=\"index, follow, max-snippet:-1, max-image-preview:large, max-video-preview:-1\" \/>\n<link rel=\"canonical\" href=\"https:\/\/www.kocher-beck.com\/fr\/groupes-de-decoupe\/\" \/>\n<meta property=\"og:locale\" content=\"fr_FR\" \/>\n<meta property=\"og:type\" content=\"article\" \/>\n<meta property=\"og:title\" content=\"Groupes de d\u00e9coupe - Kocher+Beck\" \/>\n<meta property=\"og:description\" content=\"[vc_row video_bg=&#8221;yes&#8221; video_local_mp4_url=&#8221;\/wp-content\/uploads\/2022\/06\/die-cutting-stations-2.mp4&#8243; bg_position=&#8221;left center&#8221; enable_overlay=&#8221;yes&#8221; enable_loading_bg=&#8221;yes&#8221; css=&#8221;.vc_custom_1656417102371{padding-top: 160px !important;padding-bottom: 160px !important;background-image: url(http:\/\/www.kocher-beck.com\/wp-content\/uploads\/2021\/10\/die-cutting-station-unit-hero.jpg?id=559) !important;background-position: 0 0 !important;background-repeat: no-repeat !important;}&#8221; responsive_css=&#8221;padding_right_large:140px|padding_left_large:140px|padding_right_medium:100px|padding_left_medium:100px&#8221; overlay_bg=&#8221;rgba(58, 52, 41, 0.5)&#8221;][vc_column enable_content_animation=&#8221;yes&#8221; ca_init_scale_x=&#8221;1&#8243; ca_init_scale_y=&#8221;1&#8243; ca_init_opacity=&#8221;0&#8243; ca_an_scale_x=&#8221;1&#8243; ca_an_scale_y=&#8221;1&#8243; ca_an_opacity=&#8221;1&#8243; offset=&#8221;vc_col-lg-5 vc_col-md-6&#8243; ca_duration=&#8221;1800&#8243; ca_delay=&#8221;180&#8243; ca_init_translate_y=&#8221;45&#8243; ca_init_rotate_z=&#8221;0&#8243;][\/vc_column][\/vc_row][vc_row css=&#8221;.vc_custom_1633438304312{padding-top: 60px !important;padding-bottom: 60px !important;background-color: #f1f3f5 !important;}&#8221;][vc_column column_top_ontablet=&#8221;yes&#8221; column_top_onmobile=&#8221;yes&#8221; offset=&#8221;vc_col-md-offset-0 vc_col-md-8&#8243; responsive_css=&#8221;margin_bottom_medium:0px&#8221; css=&#8221;.vc_custom_1644417765074{margin-bottom: 35px !important;}&#8221;][\/vc_column][vc_column enable_pin=&#8221;enable_pin&#8221; offset=&#8221;vc_col-md-offset-1 vc_col-md-3&#8243;][\/vc_column][\/vc_row][vc_row [&hellip;]\" \/>\n<meta property=\"og:url\" content=\"https:\/\/www.kocher-beck.com\/fr\/groupes-de-decoupe\/\" \/>\n<meta property=\"og:site_name\" content=\"Kocher+Beck\" \/>\n<meta property=\"article:modified_time\" content=\"2023-01-05T17:02:35+00:00\" \/>\n<meta name=\"twitter:card\" content=\"summary_large_image\" \/>\n<meta name=\"twitter:label1\" content=\"Dur\u00e9e de lecture estim\u00e9e\" \/>\n\t<meta name=\"twitter:data1\" content=\"2 minutes\" \/>\n<script type=\"application\/ld+json\" class=\"yoast-schema-graph\">{\"@context\":\"https:\/\/schema.org\",\"@graph\":[{\"@type\":\"WebPage\",\"@id\":\"https:\/\/www.kocher-beck.com\/fr\/groupes-de-decoupe\/\",\"url\":\"https:\/\/www.kocher-beck.com\/fr\/groupes-de-decoupe\/\",\"name\":\"Groupes de d\u00e9coupe - Kocher+Beck\",\"isPartOf\":{\"@id\":\"https:\/\/www.kocher-beck.com\/fr\/#website\"},\"datePublished\":\"2021-10-15T13:54:55+00:00\",\"dateModified\":\"2023-01-05T17:02:35+00:00\",\"breadcrumb\":{\"@id\":\"https:\/\/www.kocher-beck.com\/fr\/groupes-de-decoupe\/#breadcrumb\"},\"inLanguage\":\"fr-FR\",\"potentialAction\":[{\"@type\":\"ReadAction\",\"target\":[\"https:\/\/www.kocher-beck.com\/fr\/groupes-de-decoupe\/\"]}]},{\"@type\":\"BreadcrumbList\",\"@id\":\"https:\/\/www.kocher-beck.com\/fr\/groupes-de-decoupe\/#breadcrumb\",\"itemListElement\":[{\"@type\":\"ListItem\",\"position\":1,\"name\":\"Home\",\"item\":\"https:\/\/www.kocher-beck.com\/fr\/\"},{\"@type\":\"ListItem\",\"position\":2,\"name\":\"Groupes de d\u00e9coupe\"}]},{\"@type\":\"WebSite\",\"@id\":\"https:\/\/www.kocher-beck.com\/fr\/#website\",\"url\":\"https:\/\/www.kocher-beck.com\/fr\/\",\"name\":\"Kocher+Beck\",\"description\":\"\",\"potentialAction\":[{\"@type\":\"SearchAction\",\"target\":{\"@type\":\"EntryPoint\",\"urlTemplate\":\"https:\/\/www.kocher-beck.com\/fr\/?s={search_term_string}\"},\"query-input\":{\"@type\":\"PropertyValueSpecification\",\"valueRequired\":true,\"valueName\":\"search_term_string\"}}],\"inLanguage\":\"fr-FR\"}]}<\/script>\n<!-- \/ Yoast SEO plugin. -->","yoast_head_json":{"title":"Groupes de d\u00e9coupe - Kocher+Beck","robots":{"index":"index","follow":"follow","max-snippet":"max-snippet:-1","max-image-preview":"max-image-preview:large","max-video-preview":"max-video-preview:-1"},"canonical":"https:\/\/www.kocher-beck.com\/fr\/groupes-de-decoupe\/","og_locale":"fr_FR","og_type":"article","og_title":"Groupes de d\u00e9coupe - Kocher+Beck","og_description":"[vc_row video_bg=&#8221;yes&#8221; video_local_mp4_url=&#8221;\/wp-content\/uploads\/2022\/06\/die-cutting-stations-2.mp4&#8243; bg_position=&#8221;left center&#8221; enable_overlay=&#8221;yes&#8221; enable_loading_bg=&#8221;yes&#8221; css=&#8221;.vc_custom_1656417102371{padding-top: 160px !important;padding-bottom: 160px !important;background-image: url(http:\/\/www.kocher-beck.com\/wp-content\/uploads\/2021\/10\/die-cutting-station-unit-hero.jpg?id=559) !important;background-position: 0 0 !important;background-repeat: no-repeat !important;}&#8221; responsive_css=&#8221;padding_right_large:140px|padding_left_large:140px|padding_right_medium:100px|padding_left_medium:100px&#8221; overlay_bg=&#8221;rgba(58, 52, 41, 0.5)&#8221;][vc_column enable_content_animation=&#8221;yes&#8221; ca_init_scale_x=&#8221;1&#8243; ca_init_scale_y=&#8221;1&#8243; ca_init_opacity=&#8221;0&#8243; ca_an_scale_x=&#8221;1&#8243; ca_an_scale_y=&#8221;1&#8243; ca_an_opacity=&#8221;1&#8243; offset=&#8221;vc_col-lg-5 vc_col-md-6&#8243; ca_duration=&#8221;1800&#8243; ca_delay=&#8221;180&#8243; ca_init_translate_y=&#8221;45&#8243; ca_init_rotate_z=&#8221;0&#8243;][\/vc_column][\/vc_row][vc_row css=&#8221;.vc_custom_1633438304312{padding-top: 60px !important;padding-bottom: 60px !important;background-color: #f1f3f5 !important;}&#8221;][vc_column column_top_ontablet=&#8221;yes&#8221; column_top_onmobile=&#8221;yes&#8221; offset=&#8221;vc_col-md-offset-0 vc_col-md-8&#8243; responsive_css=&#8221;margin_bottom_medium:0px&#8221; css=&#8221;.vc_custom_1644417765074{margin-bottom: 35px !important;}&#8221;][\/vc_column][vc_column enable_pin=&#8221;enable_pin&#8221; offset=&#8221;vc_col-md-offset-1 vc_col-md-3&#8243;][\/vc_column][\/vc_row][vc_row [&hellip;]","og_url":"https:\/\/www.kocher-beck.com\/fr\/groupes-de-decoupe\/","og_site_name":"Kocher+Beck","article_modified_time":"2023-01-05T17:02:35+00:00","twitter_card":"summary_large_image","twitter_misc":{"Dur\u00e9e de lecture estim\u00e9e":"2 minutes"},"schema":{"@context":"https:\/\/schema.org","@graph":[{"@type":"WebPage","@id":"https:\/\/www.kocher-beck.com\/fr\/groupes-de-decoupe\/","url":"https:\/\/www.kocher-beck.com\/fr\/groupes-de-decoupe\/","name":"Groupes de d\u00e9coupe - Kocher+Beck","isPartOf":{"@id":"https:\/\/www.kocher-beck.com\/fr\/#website"},"datePublished":"2021-10-15T13:54:55+00:00","dateModified":"2023-01-05T17:02:35+00:00","breadcrumb":{"@id":"https:\/\/www.kocher-beck.com\/fr\/groupes-de-decoupe\/#breadcrumb"},"inLanguage":"fr-FR","potentialAction":[{"@type":"ReadAction","target":["https:\/\/www.kocher-beck.com\/fr\/groupes-de-decoupe\/"]}]},{"@type":"BreadcrumbList","@id":"https:\/\/www.kocher-beck.com\/fr\/groupes-de-decoupe\/#breadcrumb","itemListElement":[{"@type":"ListItem","position":1,"name":"Home","item":"https:\/\/www.kocher-beck.com\/fr\/"},{"@type":"ListItem","position":2,"name":"Groupes de d\u00e9coupe"}]},{"@type":"WebSite","@id":"https:\/\/www.kocher-beck.com\/fr\/#website","url":"https:\/\/www.kocher-beck.com\/fr\/","name":"Kocher+Beck","description":"","potentialAction":[{"@type":"SearchAction","target":{"@type":"EntryPoint","urlTemplate":"https:\/\/www.kocher-beck.com\/fr\/?s={search_term_string}"},"query-input":{"@type":"PropertyValueSpecification","valueRequired":true,"valueName":"search_term_string"}}],"inLanguage":"fr-FR"}]}},"_links":{"self":[{"href":"https:\/\/www.kocher-beck.com\/fr\/wp-json\/wp\/v2\/pages\/9930","targetHints":{"allow":["GET"]}}],"collection":[{"href":"https:\/\/www.kocher-beck.com\/fr\/wp-json\/wp\/v2\/pages"}],"about":[{"href":"https:\/\/www.kocher-beck.com\/fr\/wp-json\/wp\/v2\/types\/page"}],"author":[{"embeddable":true,"href":"https:\/\/www.kocher-beck.com\/fr\/wp-json\/wp\/v2\/users\/1"}],"replies":[{"embeddable":true,"href":"https:\/\/www.kocher-beck.com\/fr\/wp-json\/wp\/v2\/comments?post=9930"}],"version-history":[{"count":2,"href":"https:\/\/www.kocher-beck.com\/fr\/wp-json\/wp\/v2\/pages\/9930\/revisions"}],"predecessor-version":[{"id":10010,"href":"https:\/\/www.kocher-beck.com\/fr\/wp-json\/wp\/v2\/pages\/9930\/revisions\/10010"}],"wp:attachment":[{"href":"https:\/\/www.kocher-beck.com\/fr\/wp-json\/wp\/v2\/media?parent=9930"}],"curies":[{"name":"wp","href":"https:\/\/api.w.org\/{rel}","templated":true}]}}