{"id":9919,"date":"2021-10-25T14:54:39","date_gmt":"2021-10-25T13:54:39","guid":{"rendered":"https:\/\/www.kocher-beck.com\/rat\/"},"modified":"2023-01-05T16:43:04","modified_gmt":"2023-01-05T16:43:04","slug":"consulenza","status":"publish","type":"page","link":"https:\/\/www.kocher-beck.com\/it\/consulenza\/","title":{"rendered":"Consulenza"},"content":{"rendered":"<p>[vc_row bg_position=&#8221;center center&#8221; enable_loading_bg=&#8221;yes&#8221; css=&#8221;.vc_custom_1644492668265{padding-top: 160px !important;padding-bottom: 160px !important;background-image: url(http:\/\/www.kocher-beck.com\/wp-content\/uploads\/2021\/10\/services-hero.jpg?id=747) !important;background-position: 0 0 !important;background-repeat: no-repeat !important;}&#8221; responsive_css=&#8221;padding_right_large:140px|padding_left_large:140px|padding_right_medium:100px|padding_left_medium:100px&#8221;][vc_column enable_content_animation=&#8221;yes&#8221; ca_init_scale_x=&#8221;1&#8243; ca_init_scale_y=&#8221;1&#8243; ca_init_opacity=&#8221;0&#8243; ca_an_scale_x=&#8221;1&#8243; ca_an_scale_y=&#8221;1&#8243; ca_an_opacity=&#8221;1&#8243; offset=&#8221;vc_col-lg-5 vc_col-md-6&#8243; ca_duration=&#8221;1800&#8243; ca_delay=&#8221;180&#8243; ca_init_translate_y=&#8221;45&#8243; ca_init_rotate_z=&#8221;0&#8243;]<style>.ld_fancy_heading_69dded8b43bd0 h1{color:rgb(255, 255, 255);}.ld_fancy_heading_69dded8b43bd0 h1 {font-size:36px; } @media (min-width: 768px) { .ld_fancy_heading_69dded8b43bd0 h1 {font-size:48px; }  } @media (min-width: 992px) { .ld_fancy_heading_69dded8b43bd0 h1 {font-size:60px; }  } .ld_fancy_heading_69dded8b43bd0 .lqd-highlight-inner{height:0.275em!important;bottom:0px!important;}.ld_fancy_heading_69dded8b43bd0 h1 {font-size:36px; } @media (min-width: 768px) { .ld_fancy_heading_69dded8b43bd0 h1 {font-size:48px; }  } @media (min-width: 992px) { .ld_fancy_heading_69dded8b43bd0 h1 {font-size:60px; }  } <\/style><div class=\"ld-fancy-heading text-uppercase standard-hero-heading ld_fancy_heading_69dded8b43bd0\">\n\t<h1 class=\"ld-fh-element lqd-highlight-underline lqd-highlight-grow-left text-decoration-default lqd-split-lines\"   data-split-text=\"true\" data-split-options='{\"type\":\"lines\"}'>  Consulenza<\/h1><\/div>[\/vc_column][\/vc_row][vc_row css=&#8221;.vc_custom_1635172626403{padding-top: 60px !important;padding-bottom: 60px !important;background-color: #f1f3f5 !important;}&#8221;][vc_column column_top_ontablet=&#8221;yes&#8221; column_top_onmobile=&#8221;yes&#8221; offset=&#8221;vc_col-md-offset-0 vc_col-md-8&#8243; responsive_css=&#8221;margin_bottom_medium:0px&#8221; css=&#8221;.vc_custom_1634634346793{margin-bottom: 35px !important;}&#8221;][vc_row_inner content_placement=&#8221;top&#8221; css=&#8221;.vc_custom_1635172794692{margin-bottom: 40px !important;}&#8221;][vc_column_inner width=&#8221;1\/4&#8243;][vc_single_image image=&#8221;1059&#8243;][\/vc_column_inner][vc_column_inner width=&#8221;3\/4&#8243;]<style>.ld_fancy_heading_69dded8b43e04 h2{color:rgb(33, 30, 22);}.ld_fancy_heading_69dded8b43e04 h2 {font-size:24px; } @media (min-width: 768px) { .ld_fancy_heading_69dded8b43e04 h2 {font-size:36px; }  } .ld_fancy_heading_69dded8b43e04 h2 {margin-bottom:40px !important;  } .ld_fancy_heading_69dded8b43e04 .lqd-highlight-inner{height:0.275em!important;bottom:0px!important;}.ld_fancy_heading_69dded8b43e04 h2 {font-size:24px; } @media (min-width: 768px) { .ld_fancy_heading_69dded8b43e04 h2 {font-size:36px; }  } .ld_fancy_heading_69dded8b43e04 h2 {margin-bottom:40px !important;  } <\/style><div class=\"ld-fancy-heading standard-page-heading ld_fancy_heading_69dded8b43e04\">\n\t<h2 class=\"ld-fh-element lqd-highlight-underline lqd-highlight-grow-left text-decoration-default\"   >  Rispondiamo alle vostre domande<\/h2><\/div>[vc_single_image image=&#8221;6659&#8243;]<style>.ld_fancy_heading_69dded8b43f45 p {margin-bottom:1.5em !important;  } .ld_fancy_heading_69dded8b43f45 .lqd-highlight-inner{height:0.275em!important;bottom:0px!important;}.ld_fancy_heading_69dded8b43f45 p {margin-bottom:1.5em !important;  } <\/style><div class=\"ld-fancy-heading ld_fancy_heading_69dded8b43f45\">\n\t<p class=\"ld-fh-element lqd-highlight-underline lqd-highlight-grow-left text-decoration-default\"   >  Kocher+Beck non vuole realizzare solo prodotti, ma offrire anche soluzioni e risolvere problemi. Anni di esperienza ci confermano che un lamierino per fustellatura \u00e8 ottimo tanto quanto la base su cui si trova. Con l\u2019utilizzo crescente di rivestimenti pi\u00f9 sottili diventa una massima priorit\u00e0 rispettare tolleranze severe.<\/p>\n<p>Se non trovate una risposta alle vostre domande siamo a vostra disposizione in qualsiasi momento.<\/p><\/div><div class=\"header-module module-button\">\n\t<style>.ld_button_69dded8b4438e.btn-icon-solid .btn-icon{background:rgb(33, 30, 22);}.ld_button_69dded8b4438e.btn-icon-circle.btn-icon-ripple .btn-icon:before{border-color:rgb(33, 30, 22);}.ld_button_69dded8b4438e.btn-icon-solid:hover .btn-icon{background:rgb(212, 40, 47);}.ld_button_69dded8b4438e{background-color:rgb(33, 30, 22);border-color:rgb(33, 30, 22);}.ld_button_69dded8b4438e:hover{background-color:rgb(212, 40, 47);border-color:rgb(212, 40, 47);}.ld_button_69dded8b4438e .btn-gradient-bg-hover{background:-webkit-linear-gradient(to right, rgb(212, 40, 47) 0%, rgb(212, 40, 47) 100%);background:linear-gradient(to right, rgb(212, 40, 47) 0%, rgb(212, 40, 47) 100%);}.ld_button_69dded8b4438e .btn-gradient-border defs stop:first-child{stop-color:rgb(33, 30, 22);}.ld_button_69dded8b4438e .btn-gradient-border defs stop:last-child{stop-color:rgb(33, 30, 22);}.ld_button_69dded8b4438e:hover .btn-gradient-border defs stop:first-child{stop-color:rgb(212, 40, 47);}.ld_button_69dded8b4438e:hover .btn-gradient-border defs stop:last-child{stop-color:rgb(212, 40, 47);}.ld_button_69dded8b4438e {font-size:12px; } .ld_button_69dded8b4438e {font-weight:700; } .ld_button_69dded8b4438e {letter-spacing:0.2em; } .ld_button_69dded8b4438e {font-size:12px; } .ld_button_69dded8b4438e {font-weight:700; } .ld_button_69dded8b4438e {letter-spacing:0.2em; } .ld_button_69dded8b4438e {font-size:12px; } .ld_button_69dded8b4438e {font-weight:700; } .ld_button_69dded8b4438e {letter-spacing:0.2em; } <\/style><a href=\"#\" class=\"btn btn-solid text-uppercase border-none btn-has-label home-application-btn ld_header_button_69dded8b44093 ld_button_69dded8b4438e\" >\n\t<span>\n\t\n\t\t\t\t\t<span class=\"btn-txt\" data-text=\"Contattate anche oggi uno dei nostri team di supporto\" >Contattate anche oggi uno dei nostri team di supporto<\/span>\n\t\t\n\t<span class=\"btn-icon\"><i class=\"lqd-icn-ess icon-ion-ios-arrow-forward\"><\/i><\/span>\t\t\t\t<\/span>\n<\/a>\n<\/div>[\/vc_column_inner][\/vc_row_inner][\/vc_column][vc_column enable_pin=&#8221;enable_pin&#8221; offset=&#8221;vc_col-md-offset-1 vc_col-md-3&#8243;]<style>.ld_custom_menu_69dded8b44ce4 > ul > li > a{font-size:16px;font-weight:500;letter-spacing:0.01em;text-transform:uppercase;color:rgb(255, 255, 255);background:rgb(212, 40, 47);}.ld_custom_menu_69dded8b44ce4 > ul > li:not(:last-child){margin-bottom:3px;}.lqd-stickybar > .lqd-head-col > .header-module > .ld_custom_menu_69dded8b44ce4 li{margin-inline-start:3px;}.ld_custom_menu_69dded8b44ce4 > ul > li > a:hover, .ld_custom_menu_69dded8b44ce4 li.is-active > a{color:rgb(255, 255, 255);background:rgb(33, 30, 22);}.ld_custom_menu_69dded8b44ce4 > ul > li .link-icon{color:rgb(255, 255, 255);}.ld_custom_menu_69dded8b44ce4 > ul > li > a:hover .link-icon .link-icon, .ld_custom_menu_69dded8b44ce4 li.is-active .link-icon{color:rgb(255, 255, 255);}<\/style><div\n\tclass=\"lqd-fancy-menu lqd-custom-menu menu-items-has-fill lqd-menu-td-none ld_custom_menu_69dded8b44ce4\"\n\t>\n\n\t<ul class=\"reset-ul\" id=\"ld_custom_menu_69dded8b44ce4\" >\n\t<li><a href=\"\/contact\/\" target=\"_self\"><span class=\"link-icon left-icon icon-next-to-label\"><i class=\"fas fa-phone\"><\/i><\/span> Contact us<\/a><\/li><li><a href=\"#\" target=\"_self\"><span class=\"link-icon left-icon icon-next-to-label\"><i class=\"fas fa-file-download\"><\/i><\/span> Downloads<\/a><\/li>\t<\/ul>\n<\/div>[\/vc_column][\/vc_row][vc_row css=&#8221;.vc_custom_1635172995042{padding-bottom: 60px !important;background-color: #f1f3f5 !important;}&#8221;][vc_column column_top_ontablet=&#8221;yes&#8221; column_top_onmobile=&#8221;yes&#8221; offset=&#8221;vc_col-md-offset-2 vc_col-md-6&#8243; responsive_css=&#8221;margin_bottom_medium:0px&#8221; css=&#8221;.vc_custom_1635171580063{margin-bottom: 35px !important;}&#8221;]<style>.vc_accordion_69dded8b451ed .accordion-title{font-size:20px;line-height:1.5em;letter-spacing:0px;}.vc_accordion_69dded8b451ed .accordion-title a{color:rgb(20, 20, 20);}.vc_accordion_69dded8b451ed .accordion-item.active .accordion-title a{color:rgb(0, 0, 0);}.vc_accordion_69dded8b451ed .accordion-title a, .vc_accordion_69dded8b451ed .accordion-item{border-color:rgb(0, 0, 0);}.vc_accordion_69dded8b451ed .accordion-item.active .accordion-title a, .vc_accordion_69dded8b451ed .accordion-item.active{border-color:rgb(0, 0, 0);}.vc_accordion_69dded8b451ed .accordion-item:not(:last-child){margin-bottom:0px;}.vc_accordion_69dded8b451ed .accordion-expander{color:rgb(212, 40, 47);}.vc_accordion_69dded8b451ed .accordion-item.active .accordion-expander{color:rgb(212, 40, 47);}<\/style><div class=\"accordion accordion-lg accordion-title-underlined accordion-expander-lg vc_accordion_69dded8b451ed\" id=\"vc_accordion_69dded8b451ed\"\n     role=\"tablist\" aria-multiselectable=\"true\">\n\n\t            <div class=\"accordion-item panel  \">\n\n                <div class=\"accordion-heading\" role=\"tab\" id=\"heading_lqd-1635172753534-8384a049-ac75\" data-id=\"lqd-1635172753534-8384a049-ac75\">\n                    <h4 class=\"accordion-title\" data-controls=\"lqd-1635172753534-8384a049-ac75\" tabindex=\"-1\">\n                        <a tabindex=\"0\" class=\"collapsed\" data-toggle=\"collapse\"  data-bs-toggle=\"collapse\"\n                           data-parent=\"#vc_accordion_69dded8b451ed\" data-bs-parent=\"#vc_accordion_69dded8b451ed\" href=\"#lqd-1635172753534-8384a049-ac75\" data-bs-target=\"#lqd-1635172753534-8384a049-ac75\"\n                           aria-expanded=\"false\" aria-controls=\"lqd-1635172753534-8384a049-ac75\">\n\n\t\t\t\t\t\t\t\n\t\t\t\t\t\t\tHow much does a Flexible Die cost?\n\t\t\t\t\t\t\t                                <span class=\"accordion-expander\">\n\t\t\t\t\t\t\t\t\t\t\t\t\t\t\t\t\t\t\t<i class=\"lqd-icn-ess icon-ion-ios-add\"><\/i>\n\t\t\t\t\t\t\t\t\t\n\t\t\t\t\t\t\t\t\t\t\t\t\t\t\t\t\t\t\t<i class=\"lqd-icn-ess icon-ion-ios-remove\"><\/i>\n\t\t\t\t\t\t\t\t\t\t\t\t\t\t\t\t\t<\/span>\n\t\t\t\t\t\t\t\n                        <\/a>\n\n                    <\/h4>\n                <\/div>\n\n                <div id=\"lqd-1635172753534-8384a049-ac75\" class=\"accordion-collapse collapse\"\n                    data-bs-parent=\"#vc_accordion_69dded8b451ed\" role=\"tabpanel\" aria-labelledby=\"heading_lqd-1635172753534-8384a049-ac75\">\n                    <div class=\"accordion-content\">\n\t\t\t\t\t\t<style>.ld_fancy_heading_69dded8b44f32 .lqd-highlight-inner{height:0.275em!important;bottom:0px!important;}<\/style><div class=\"ld-fancy-heading ld_fancy_heading_69dded8b44f32\">\n\t<p class=\"ld-fh-element lqd-highlight-underline lqd-highlight-grow-left text-decoration-default\"   >  Quando si valutano i costi di un lamierino per fustellatura \u00e8 necessario tenere in considerazione diversi fattori, e il primo punto di partenza \u00e8 il costo della materia prima. I lamierini per fustellatura Kocher+Beck sono realizzati in acciaio al carbonio di alta qualit\u00e0; questo materiale \u00e8 soggetto a costanti oscillazioni di prezzo degli stabilimenti di produzione su cui non abbiamo alcuna influenza.<\/p>\n<p>Il design del lamierino per fustellatura influisce sul prezzo. Se la costruzione \u00e8 complessa, \u00e8 probabile che debba passare attraverso il nostro reparto CAD per il disegno e la modifica. Si aggiunge quindi un ulteriore passaggio al tempo di produzione e in ultima analisi i costi del lamierino aumentano.<\/p>\n<p>Per le costruzioni con angoli quadrati, raggi di fuga, altezze doppie, perforazioni e aree difficili da lavorare, il tempo di produzione del lamierino si allunga, e anche questo deve essere considerato nel calcolo.<\/p>\n<p>I consulenti Kocher+Beck possono offrirvi diversi suggerimenti per ridurre i costi di un lamierino per fustellatura. L&#8217;aggiunta di un raggio leggero a un angolo quadrato e la suddivisione di un cubo con altezza doppia in 2 cubi pu\u00f2 contribuire ad abbassare il prezzo.<br \/>\nPi\u00f9 semplice \u00e8 il design, minore \u00e8 la lunghezza della linea, e la capacit\u00e0 di produrre in tempi brevi contribuisce a diminuire i costi totali per gli utensili. Gli utensili che devono essere realizzati con tolleranze molto severe, ad es. gli utensili IML, hanno in ultima analisi un costo di produzione superiore.<\/p>\n<p>Lo stesso vale per l&#8217;applicazione per la quale verr\u00e0 utilizzato il lamierino. Sono necessari un rivestimento, una tempratura o una ricottura specifici? Qual \u00e8 il materiale tagliato? Il lamierino per fustellatura deve essere particolarmente affilato o avere un\u2019altezza di taglio superiore rispetto a quella standard? Tutto questo comporta per il lamierino un ulteriore processo produttivo con i relativi costi aggiuntivi.<\/p>\n<p>In media un lamierino per fustellatura di Kocher+Beck pu\u00f2 costare da meno di 60 \u00a3 fino a migliaia di sterline. Noi di Kocher+Beck ci impegniamo ad offrire sempre ai nostri clienti un prodotto di qualit\u00e0 corretto e adatto per la loro applicazione, con un ottimo rapporto qualit\u00e0\/prezzo.<\/p><\/div>                    <\/div>\n                <\/div>\n            <\/div>\n\t\t\t<\/div>[\/vc_column][\/vc_row][vc_row css=&#8221;.vc_custom_1634659626657{background-color: #f1f3f5 !important;}&#8221;][vc_column]<style>.ld_spacer_69dded8b452b5{height:40px;}<\/style>\n<div class=\"ld-empty-space ld_spacer_69dded8b452b5\"><\/div>[\/vc_column][\/vc_row]<\/p>\n","protected":false},"excerpt":{"rendered":"<p>[vc_row bg_position=&#8221;center center&#8221; enable_loading_bg=&#8221;yes&#8221; css=&#8221;.vc_custom_1644492668265{padding-top: 160px !important;padding-bottom: 160px !important;background-image: url(http:\/\/www.kocher-beck.com\/wp-content\/uploads\/2021\/10\/services-hero.jpg?id=747) !important;background-position: 0 0 !important;background-repeat: no-repeat !important;}&#8221; responsive_css=&#8221;padding_right_large:140px|padding_left_large:140px|padding_right_medium:100px|padding_left_medium:100px&#8221;][vc_column enable_content_animation=&#8221;yes&#8221; ca_init_scale_x=&#8221;1&#8243; ca_init_scale_y=&#8221;1&#8243; ca_init_opacity=&#8221;0&#8243; ca_an_scale_x=&#8221;1&#8243; ca_an_scale_y=&#8221;1&#8243; ca_an_opacity=&#8221;1&#8243; offset=&#8221;vc_col-lg-5 vc_col-md-6&#8243; ca_duration=&#8221;1800&#8243; ca_delay=&#8221;180&#8243; ca_init_translate_y=&#8221;45&#8243; ca_init_rotate_z=&#8221;0&#8243;][\/vc_column][\/vc_row][vc_row css=&#8221;.vc_custom_1635172626403{padding-top: 60px !important;padding-bottom: 60px !important;background-color: #f1f3f5 !important;}&#8221;][vc_column column_top_ontablet=&#8221;yes&#8221; column_top_onmobile=&#8221;yes&#8221; offset=&#8221;vc_col-md-offset-0 vc_col-md-8&#8243; responsive_css=&#8221;margin_bottom_medium:0px&#8221; css=&#8221;.vc_custom_1634634346793{margin-bottom: 35px !important;}&#8221;][vc_row_inner content_placement=&#8221;top&#8221; css=&#8221;.vc_custom_1635172794692{margin-bottom: 40px !important;}&#8221;][vc_column_inner width=&#8221;1\/4&#8243;][vc_single_image image=&#8221;1059&#8243;][\/vc_column_inner][vc_column_inner width=&#8221;3\/4&#8243;][vc_single_image image=&#8221;6659&#8243;][\/vc_column_inner][\/vc_row_inner][\/vc_column][vc_column enable_pin=&#8221;enable_pin&#8221; offset=&#8221;vc_col-md-offset-1 [&hellip;]<\/p>\n","protected":false},"author":1,"featured_media":0,"parent":0,"menu_order":0,"comment_status":"closed","ping_status":"closed","template":"","meta":{"_acf_changed":false,"footnotes":""},"class_list":["post-9919","page","type-page","status-publish","hentry"],"acf":[],"yoast_head":"<!-- This site is optimized with the Yoast SEO plugin v27.0 - https:\/\/yoast.com\/product\/yoast-seo-wordpress\/ -->\n<title>Consulenza - Kocher+Beck<\/title>\n<meta name=\"robots\" content=\"index, follow, max-snippet:-1, max-image-preview:large, max-video-preview:-1\" \/>\n<link rel=\"canonical\" href=\"https:\/\/www.kocher-beck.com\/it\/consulenza\/\" \/>\n<meta property=\"og:locale\" content=\"it_IT\" \/>\n<meta property=\"og:type\" content=\"article\" \/>\n<meta property=\"og:title\" content=\"Consulenza - Kocher+Beck\" \/>\n<meta property=\"og:description\" content=\"[vc_row bg_position=&#8221;center center&#8221; enable_loading_bg=&#8221;yes&#8221; css=&#8221;.vc_custom_1644492668265{padding-top: 160px !important;padding-bottom: 160px !important;background-image: url(http:\/\/www.kocher-beck.com\/wp-content\/uploads\/2021\/10\/services-hero.jpg?id=747) !important;background-position: 0 0 !important;background-repeat: no-repeat !important;}&#8221; responsive_css=&#8221;padding_right_large:140px|padding_left_large:140px|padding_right_medium:100px|padding_left_medium:100px&#8221;][vc_column enable_content_animation=&#8221;yes&#8221; ca_init_scale_x=&#8221;1&#8243; ca_init_scale_y=&#8221;1&#8243; ca_init_opacity=&#8221;0&#8243; ca_an_scale_x=&#8221;1&#8243; ca_an_scale_y=&#8221;1&#8243; ca_an_opacity=&#8221;1&#8243; offset=&#8221;vc_col-lg-5 vc_col-md-6&#8243; ca_duration=&#8221;1800&#8243; ca_delay=&#8221;180&#8243; ca_init_translate_y=&#8221;45&#8243; ca_init_rotate_z=&#8221;0&#8243;][\/vc_column][\/vc_row][vc_row css=&#8221;.vc_custom_1635172626403{padding-top: 60px !important;padding-bottom: 60px !important;background-color: #f1f3f5 !important;}&#8221;][vc_column column_top_ontablet=&#8221;yes&#8221; column_top_onmobile=&#8221;yes&#8221; offset=&#8221;vc_col-md-offset-0 vc_col-md-8&#8243; responsive_css=&#8221;margin_bottom_medium:0px&#8221; css=&#8221;.vc_custom_1634634346793{margin-bottom: 35px !important;}&#8221;][vc_row_inner content_placement=&#8221;top&#8221; css=&#8221;.vc_custom_1635172794692{margin-bottom: 40px !important;}&#8221;][vc_column_inner width=&#8221;1\/4&#8243;][vc_single_image image=&#8221;1059&#8243;][\/vc_column_inner][vc_column_inner width=&#8221;3\/4&#8243;][vc_single_image image=&#8221;6659&#8243;][\/vc_column_inner][\/vc_row_inner][\/vc_column][vc_column enable_pin=&#8221;enable_pin&#8221; offset=&#8221;vc_col-md-offset-1 [&hellip;]\" \/>\n<meta property=\"og:url\" content=\"https:\/\/www.kocher-beck.com\/it\/consulenza\/\" \/>\n<meta property=\"og:site_name\" content=\"Kocher+Beck\" \/>\n<meta property=\"article:modified_time\" content=\"2023-01-05T16:43:04+00:00\" \/>\n<meta name=\"twitter:card\" content=\"summary_large_image\" \/>\n<meta name=\"twitter:label1\" content=\"Tempo di lettura stimato\" \/>\n\t<meta name=\"twitter:data1\" content=\"3 minuti\" \/>\n<script type=\"application\/ld+json\" class=\"yoast-schema-graph\">{\"@context\":\"https:\/\/schema.org\",\"@graph\":[{\"@type\":\"WebPage\",\"@id\":\"https:\/\/www.kocher-beck.com\/it\/consulenza\/\",\"url\":\"https:\/\/www.kocher-beck.com\/it\/consulenza\/\",\"name\":\"Consulenza - Kocher+Beck\",\"isPartOf\":{\"@id\":\"https:\/\/www.kocher-beck.com\/it\/#website\"},\"datePublished\":\"2021-10-25T13:54:39+00:00\",\"dateModified\":\"2023-01-05T16:43:04+00:00\",\"breadcrumb\":{\"@id\":\"https:\/\/www.kocher-beck.com\/it\/consulenza\/#breadcrumb\"},\"inLanguage\":\"it-IT\",\"potentialAction\":[{\"@type\":\"ReadAction\",\"target\":[\"https:\/\/www.kocher-beck.com\/it\/consulenza\/\"]}]},{\"@type\":\"BreadcrumbList\",\"@id\":\"https:\/\/www.kocher-beck.com\/it\/consulenza\/#breadcrumb\",\"itemListElement\":[{\"@type\":\"ListItem\",\"position\":1,\"name\":\"Home\",\"item\":\"https:\/\/www.kocher-beck.com\/it\/\"},{\"@type\":\"ListItem\",\"position\":2,\"name\":\"Consulenza\"}]},{\"@type\":\"WebSite\",\"@id\":\"https:\/\/www.kocher-beck.com\/it\/#website\",\"url\":\"https:\/\/www.kocher-beck.com\/it\/\",\"name\":\"Kocher+Beck\",\"description\":\"\",\"potentialAction\":[{\"@type\":\"SearchAction\",\"target\":{\"@type\":\"EntryPoint\",\"urlTemplate\":\"https:\/\/www.kocher-beck.com\/it\/?s={search_term_string}\"},\"query-input\":{\"@type\":\"PropertyValueSpecification\",\"valueRequired\":true,\"valueName\":\"search_term_string\"}}],\"inLanguage\":\"it-IT\"}]}<\/script>\n<!-- \/ Yoast SEO plugin. -->","yoast_head_json":{"title":"Consulenza - Kocher+Beck","robots":{"index":"index","follow":"follow","max-snippet":"max-snippet:-1","max-image-preview":"max-image-preview:large","max-video-preview":"max-video-preview:-1"},"canonical":"https:\/\/www.kocher-beck.com\/it\/consulenza\/","og_locale":"it_IT","og_type":"article","og_title":"Consulenza - Kocher+Beck","og_description":"[vc_row bg_position=&#8221;center center&#8221; enable_loading_bg=&#8221;yes&#8221; css=&#8221;.vc_custom_1644492668265{padding-top: 160px !important;padding-bottom: 160px !important;background-image: url(http:\/\/www.kocher-beck.com\/wp-content\/uploads\/2021\/10\/services-hero.jpg?id=747) !important;background-position: 0 0 !important;background-repeat: no-repeat !important;}&#8221; responsive_css=&#8221;padding_right_large:140px|padding_left_large:140px|padding_right_medium:100px|padding_left_medium:100px&#8221;][vc_column enable_content_animation=&#8221;yes&#8221; ca_init_scale_x=&#8221;1&#8243; ca_init_scale_y=&#8221;1&#8243; ca_init_opacity=&#8221;0&#8243; ca_an_scale_x=&#8221;1&#8243; ca_an_scale_y=&#8221;1&#8243; ca_an_opacity=&#8221;1&#8243; offset=&#8221;vc_col-lg-5 vc_col-md-6&#8243; ca_duration=&#8221;1800&#8243; ca_delay=&#8221;180&#8243; ca_init_translate_y=&#8221;45&#8243; ca_init_rotate_z=&#8221;0&#8243;][\/vc_column][\/vc_row][vc_row css=&#8221;.vc_custom_1635172626403{padding-top: 60px !important;padding-bottom: 60px !important;background-color: #f1f3f5 !important;}&#8221;][vc_column column_top_ontablet=&#8221;yes&#8221; column_top_onmobile=&#8221;yes&#8221; offset=&#8221;vc_col-md-offset-0 vc_col-md-8&#8243; responsive_css=&#8221;margin_bottom_medium:0px&#8221; css=&#8221;.vc_custom_1634634346793{margin-bottom: 35px !important;}&#8221;][vc_row_inner content_placement=&#8221;top&#8221; css=&#8221;.vc_custom_1635172794692{margin-bottom: 40px !important;}&#8221;][vc_column_inner width=&#8221;1\/4&#8243;][vc_single_image image=&#8221;1059&#8243;][\/vc_column_inner][vc_column_inner width=&#8221;3\/4&#8243;][vc_single_image image=&#8221;6659&#8243;][\/vc_column_inner][\/vc_row_inner][\/vc_column][vc_column enable_pin=&#8221;enable_pin&#8221; offset=&#8221;vc_col-md-offset-1 [&hellip;]","og_url":"https:\/\/www.kocher-beck.com\/it\/consulenza\/","og_site_name":"Kocher+Beck","article_modified_time":"2023-01-05T16:43:04+00:00","twitter_card":"summary_large_image","twitter_misc":{"Tempo di lettura stimato":"3 minuti"},"schema":{"@context":"https:\/\/schema.org","@graph":[{"@type":"WebPage","@id":"https:\/\/www.kocher-beck.com\/it\/consulenza\/","url":"https:\/\/www.kocher-beck.com\/it\/consulenza\/","name":"Consulenza - Kocher+Beck","isPartOf":{"@id":"https:\/\/www.kocher-beck.com\/it\/#website"},"datePublished":"2021-10-25T13:54:39+00:00","dateModified":"2023-01-05T16:43:04+00:00","breadcrumb":{"@id":"https:\/\/www.kocher-beck.com\/it\/consulenza\/#breadcrumb"},"inLanguage":"it-IT","potentialAction":[{"@type":"ReadAction","target":["https:\/\/www.kocher-beck.com\/it\/consulenza\/"]}]},{"@type":"BreadcrumbList","@id":"https:\/\/www.kocher-beck.com\/it\/consulenza\/#breadcrumb","itemListElement":[{"@type":"ListItem","position":1,"name":"Home","item":"https:\/\/www.kocher-beck.com\/it\/"},{"@type":"ListItem","position":2,"name":"Consulenza"}]},{"@type":"WebSite","@id":"https:\/\/www.kocher-beck.com\/it\/#website","url":"https:\/\/www.kocher-beck.com\/it\/","name":"Kocher+Beck","description":"","potentialAction":[{"@type":"SearchAction","target":{"@type":"EntryPoint","urlTemplate":"https:\/\/www.kocher-beck.com\/it\/?s={search_term_string}"},"query-input":{"@type":"PropertyValueSpecification","valueRequired":true,"valueName":"search_term_string"}}],"inLanguage":"it-IT"}]}},"_links":{"self":[{"href":"https:\/\/www.kocher-beck.com\/it\/wp-json\/wp\/v2\/pages\/9919","targetHints":{"allow":["GET"]}}],"collection":[{"href":"https:\/\/www.kocher-beck.com\/it\/wp-json\/wp\/v2\/pages"}],"about":[{"href":"https:\/\/www.kocher-beck.com\/it\/wp-json\/wp\/v2\/types\/page"}],"author":[{"embeddable":true,"href":"https:\/\/www.kocher-beck.com\/it\/wp-json\/wp\/v2\/users\/1"}],"replies":[{"embeddable":true,"href":"https:\/\/www.kocher-beck.com\/it\/wp-json\/wp\/v2\/comments?post=9919"}],"version-history":[{"count":2,"href":"https:\/\/www.kocher-beck.com\/it\/wp-json\/wp\/v2\/pages\/9919\/revisions"}],"predecessor-version":[{"id":10125,"href":"https:\/\/www.kocher-beck.com\/it\/wp-json\/wp\/v2\/pages\/9919\/revisions\/10125"}],"wp:attachment":[{"href":"https:\/\/www.kocher-beck.com\/it\/wp-json\/wp\/v2\/media?parent=9919"}],"curies":[{"name":"wp","href":"https:\/\/api.w.org\/{rel}","templated":true}]}}