{"id":9931,"date":"2021-10-15T14:54:55","date_gmt":"2021-10-15T13:54:55","guid":{"rendered":"https:\/\/www.kocher-beck.com\/stanzstationen\/"},"modified":"2023-01-05T17:02:58","modified_gmt":"2023-01-05T17:02:58","slug":"gruppi-di-fustellatura","status":"publish","type":"page","link":"https:\/\/www.kocher-beck.com\/it\/gruppi-di-fustellatura\/","title":{"rendered":"Gruppi di fustellatura"},"content":{"rendered":"<p>[vc_row video_bg=&#8221;yes&#8221; video_local_mp4_url=&#8221;\/wp-content\/uploads\/2022\/06\/die-cutting-stations-2.mp4&#8243; bg_position=&#8221;left center&#8221; enable_overlay=&#8221;yes&#8221; enable_loading_bg=&#8221;yes&#8221; css=&#8221;.vc_custom_1656417102371{padding-top: 160px !important;padding-bottom: 160px !important;background-image: url(http:\/\/www.kocher-beck.com\/wp-content\/uploads\/2021\/10\/die-cutting-station-unit-hero.jpg?id=559) !important;background-position: 0 0 !important;background-repeat: no-repeat !important;}&#8221; responsive_css=&#8221;padding_right_large:140px|padding_left_large:140px|padding_right_medium:100px|padding_left_medium:100px&#8221; overlay_bg=&#8221;rgba(58, 52, 41, 0.5)&#8221;][vc_column enable_content_animation=&#8221;yes&#8221; ca_init_scale_x=&#8221;1&#8243; ca_init_scale_y=&#8221;1&#8243; ca_init_opacity=&#8221;0&#8243; ca_an_scale_x=&#8221;1&#8243; ca_an_scale_y=&#8221;1&#8243; ca_an_opacity=&#8221;1&#8243; offset=&#8221;vc_col-lg-5 vc_col-md-6&#8243; ca_duration=&#8221;1800&#8243; ca_delay=&#8221;180&#8243; ca_init_translate_y=&#8221;45&#8243; ca_init_rotate_z=&#8221;0&#8243;]<style>.ld_fancy_heading_69dc3e2f2a29f h1{color:rgb(255, 255, 255);}.ld_fancy_heading_69dc3e2f2a29f h1 {font-size:36px; } @media (min-width: 768px) { .ld_fancy_heading_69dc3e2f2a29f h1 {font-size:48px; }  } @media (min-width: 992px) { .ld_fancy_heading_69dc3e2f2a29f h1 {font-size:60px; }  } .ld_fancy_heading_69dc3e2f2a29f .lqd-highlight-inner{height:0.275em!important;bottom:0px!important;}.ld_fancy_heading_69dc3e2f2a29f h1 {font-size:36px; } @media (min-width: 768px) { .ld_fancy_heading_69dc3e2f2a29f h1 {font-size:48px; }  } @media (min-width: 992px) { .ld_fancy_heading_69dc3e2f2a29f h1 {font-size:60px; }  } <\/style><div class=\"ld-fancy-heading text-uppercase standard-hero-heading ld_fancy_heading_69dc3e2f2a29f\">\n\t<h1 class=\"ld-fh-element lqd-highlight-underline lqd-highlight-grow-left text-decoration-default lqd-split-lines\"   data-split-text=\"true\" data-split-options='{\"type\":\"lines\"}'>  Gruppi di fustellatura<\/h1><\/div>[\/vc_column][\/vc_row][vc_row css=&#8221;.vc_custom_1633438304312{padding-top: 60px !important;padding-bottom: 60px !important;background-color: #f1f3f5 !important;}&#8221;][vc_column column_top_ontablet=&#8221;yes&#8221; column_top_onmobile=&#8221;yes&#8221; offset=&#8221;vc_col-md-offset-0 vc_col-md-8&#8243; responsive_css=&#8221;margin_bottom_medium:0px&#8221; css=&#8221;.vc_custom_1644417765074{margin-bottom: 35px !important;}&#8221;]<style>.ld_fancy_heading_69dc3e2f2a4d3 h2{color:rgb(33, 30, 22);}.ld_fancy_heading_69dc3e2f2a4d3 h2 {font-size:24px; } @media (min-width: 768px) { .ld_fancy_heading_69dc3e2f2a4d3 h2 {font-size:36px; }  } .ld_fancy_heading_69dc3e2f2a4d3 h2 {margin-bottom:40px !important;  } .ld_fancy_heading_69dc3e2f2a4d3 .lqd-highlight-inner{height:0.275em!important;bottom:0px!important;}.ld_fancy_heading_69dc3e2f2a4d3 h2 {font-size:24px; } @media (min-width: 768px) { .ld_fancy_heading_69dc3e2f2a4d3 h2 {font-size:36px; }  } .ld_fancy_heading_69dc3e2f2a4d3 h2 {margin-bottom:40px !important;  } <\/style><div class=\"ld-fancy-heading standard-page-heading ld_fancy_heading_69dc3e2f2a4d3\">\n\t<h2 class=\"ld-fh-element lqd-highlight-underline lqd-highlight-grow-left text-decoration-default\"   >  I gruppi di fustellatura e i gruppi speciali apportano possibilit\u00e0 di produzione aggiuntive per impianti nuovi o esistenti e possono essere adattati o progettati per realizzare il massimo valore aggiunto.<\/h2><\/div><style>.ld_fancy_heading_69dc3e2f2a608 p {margin-bottom:1.5em !important;  } .ld_fancy_heading_69dc3e2f2a608 .lqd-highlight-inner{height:0.275em!important;bottom:0px!important;}.ld_fancy_heading_69dc3e2f2a608 p {margin-bottom:1.5em !important;  } <\/style><div class=\"ld-fancy-heading ld_fancy_heading_69dc3e2f2a608\">\n\t<p class=\"ld-fh-element lqd-highlight-underline lqd-highlight-grow-left text-decoration-default\"   >  Sfruttando le sue ampie conoscenze nel settore dei lamierini per fustellatura e dei cilindri magnetici, Kocher+Beck \u00e8 leader nella progettazione e nella produzione di gruppi di fustellatura e gruppi speciali completi per le vostre applicazioni.<\/p>\n<p>Per informazioni dettagliate fate clic sulla sezione \u201cPi\u00f9 informazioni\u201d.<\/p><\/div>[\/vc_column][vc_column enable_pin=&#8221;enable_pin&#8221; offset=&#8221;vc_col-md-offset-1 vc_col-md-3&#8243;]<style>.ld_custom_menu_69dc3e2f2a744 > ul > li > a{font-size:16px;font-weight:500;letter-spacing:0.01em;text-transform:uppercase;color:rgb(255, 255, 255);background:rgb(58, 52, 41);}.ld_custom_menu_69dc3e2f2a744 > ul > li:not(:last-child){margin-bottom:3px;}.lqd-stickybar > .lqd-head-col > .header-module > .ld_custom_menu_69dc3e2f2a744 li{margin-inline-start:3px;}.ld_custom_menu_69dc3e2f2a744 > ul > li > a:hover, .ld_custom_menu_69dc3e2f2a744 li.is-active > a{color:rgb(255, 255, 255);background:rgb(212, 40, 47);}.ld_custom_menu_69dc3e2f2a744 > ul > li .link-icon{color:rgb(255, 255, 255);}.ld_custom_menu_69dc3e2f2a744 > ul > li > a:hover .link-icon .link-icon, .ld_custom_menu_69dc3e2f2a744 li.is-active .link-icon{color:rgb(255, 255, 255);}<\/style><div\n\tclass=\"lqd-fancy-menu lqd-custom-menu menu-items-has-fill lqd-menu-td-none product-info-menu ld_custom_menu_69dc3e2f2a744\"\n\t>\n\n<ul id=\"ld_custom_menu_69dc3e2f2a744\" class=\"reset-ul   \" ><li id=\"menu-item-10808\" class=\"menu-item menu-item-type-custom menu-item-object-custom menu-item-10808\"><a href=\"\/it\/distributori-nel-mondo\/\">Contattaci<\/a><\/li>\n<li id=\"menu-item-10810\" class=\"menu-item menu-item-type-custom menu-item-object-custom menu-item-10810\"><a href=\"\/wp-content\/uploads\/2022\/07\/Die-Cutting-Station-UK-TM-Final.pdf\">Maggiori informazioni<\/a><\/li>\n<li id=\"menu-item-10811\" class=\"menu-item menu-item-type-custom menu-item-object-custom menu-item-10811\"><a href=\"\/it\/servizi\/?=#design-support\">Pianificazione progettuale \/ Soluzioni speciali<\/a><\/li>\n<\/ul><\/div>[\/vc_column][\/vc_row][vc_row css=&#8221;.vc_custom_1653648025115{padding-bottom: 80px !important;background-color: #f1f3f5 !important;}&#8221;][vc_column offset=&#8221;vc_col-md-12&#8243; css=&#8221;.vc_custom_1633444921484{background-color: #ffffff !important;}&#8221;][vc_row_inner css=&#8221;.vc_custom_1633700947263{border-bottom-width: 1px !important;border-bottom-color: #f1f3f5 !important;border-bottom-style: solid !important;}&#8221;][vc_column_inner offset=&#8221;vc_col-md-9&#8243;]<style>.ld_spacer_69dc3e2f2b3c9{height:32px;}<\/style>\n<div class=\"ld-empty-space ld_spacer_69dc3e2f2b3c9\"><\/div><style>.ld_fancy_heading_69dc3e2f2b4df h3{color:rgb(33, 30, 22);}.ld_fancy_heading_69dc3e2f2b4df h3 {font-size:32px; } .ld_fancy_heading_69dc3e2f2b4df h3 {padding-right:40px !important;  } .ld_fancy_heading_69dc3e2f2b4df h3 {margin-bottom:0px !important;  } .ld_fancy_heading_69dc3e2f2b4df .lqd-highlight-inner{height:0.275em!important;bottom:0px!important;}.ld_fancy_heading_69dc3e2f2b4df h3 {font-size:32px; } .ld_fancy_heading_69dc3e2f2b4df h3 {padding-right:40px !important;  } .ld_fancy_heading_69dc3e2f2b4df h3 {margin-bottom:0px !important;  } <\/style><div class=\"ld-fancy-heading text-uppercase product-heading ld_fancy_heading_69dc3e2f2b4df\">\n\t<h3 class=\"ld-fh-element lqd-highlight-underline lqd-highlight-grow-left text-decoration-default\"   >  GRUPPI DI FUSTELLATURA \/ IMPIANTI DI FUSTELLATURA<\/h3><\/div><style>.ld_fancy_heading_69dc3e2f2b62a p {padding-right:40px !important;  } .ld_fancy_heading_69dc3e2f2b62a .lqd-highlight-inner{height:0.275em!important;bottom:0px!important;}.ld_fancy_heading_69dc3e2f2b62a p {padding-right:40px !important;  } <\/style><div class=\"ld-fancy-heading product-heading-intro-text ld_fancy_heading_69dc3e2f2b62a\">\n\t<p class=\"ld-fh-element lqd-highlight-underline lqd-highlight-grow-left text-decoration-default\"   >  Valore aggiunto per la vostra macchina da stampa.<\/p><\/div><style>.ld_spacer_69dc3e2f2b6e9{height:32px;}<\/style>\n<div class=\"ld-empty-space ld_spacer_69dc3e2f2b6e9\"><\/div>[\/vc_column_inner][vc_column_inner offset=&#8221;vc_col-md-3&#8243;][\/vc_column_inner][\/vc_row_inner][vc_row_inner equal_height=&#8221;yes&#8221;][vc_column_inner offset=&#8221;vc_col-md-3&#8243;][vc_single_image image=&#8221;7412&#8243;][\/vc_column_inner][vc_column_inner offset=&#8221;vc_col-md-6&#8243; responsive_css=&#8221;padding_left_medium:0px&#8221; css=&#8221;.vc_custom_1633700620582{border-right-width: 1px !important;padding-right: 20px !important;padding-bottom: 20px !important;padding-left: 20px !important;border-right-color: #f1f3f5 !important;border-right-style: solid !important;}&#8221;]<style>.ld_fancy_heading_69dc3e2f2b7b4 h4 {font-size:18px; } .ld_fancy_heading_69dc3e2f2b7b4 h4 {margin-top:20px !important; margin-bottom:20px !important;  } .ld_fancy_heading_69dc3e2f2b7b4 .lqd-highlight-inner{height:0.275em!important;bottom:0px!important;}.ld_fancy_heading_69dc3e2f2b7b4 h4 {font-size:18px; } .ld_fancy_heading_69dc3e2f2b7b4 h4 {margin-top:20px !important; margin-bottom:20px !important;  } <\/style><div class=\"ld-fancy-heading ld_fancy_heading_69dc3e2f2b7b4\">\n\t<h4 class=\"ld-fh-element lqd-highlight-underline lqd-highlight-grow-left text-decoration-default\"   >  Panoramica:<\/h4><\/div><style>.ld_fancy_heading_69dc3e2f2b8c8 p {font-size:15px; } .ld_fancy_heading_69dc3e2f2b8c8 .lqd-highlight-inner{height:0.275em!important;bottom:0px!important;}.ld_fancy_heading_69dc3e2f2b8c8 p {font-size:15px; } <\/style><div class=\"ld-fancy-heading ld_fancy_heading_69dc3e2f2b8c8\">\n\t<p class=\"ld-fh-element lqd-highlight-underline lqd-highlight-grow-left text-decoration-default\"   >  I gruppi di fustellatura di Kocher+Beck sono la scelta perfetta per molteplici progetti di rilavorazione personalizzati o per applicazioni di fustellatura speciali come cataloghi, cartone e materiali fibrosi pesanti. L\u2019unit\u00e0 pu\u00f2 essere integrata in una macchina esistente o in una costruzione speciale, e pu\u00f2 essere azionata mediante l\u2019albero di sostegno o il cilindro di controfustellatura.<\/p>\n<p>Strutture modulari su misura studiate dal nostro reparto di progettazione vengono realizzate in modo specifico per le vostre esigenze. Sia per gli utilizzatori finali che per applicazioni OEM.<\/p><\/div>[\/vc_column_inner][vc_column_inner responsive_css=&#8221;padding_left_medium:0px&#8221; css=&#8221;.vc_custom_1633700699950{padding-right: 20px !important;padding-bottom: 20px !important;padding-left: 20px !important;}&#8221; offset=&#8221;vc_col-md-3&#8243;]<style>.ld_fancy_heading_69dc3e2f2b9f6 h4 {font-size:18px; } .ld_fancy_heading_69dc3e2f2b9f6 h4 {margin-top:20px !important; margin-bottom:20px !important;  } .ld_fancy_heading_69dc3e2f2b9f6 .lqd-highlight-inner{height:0.275em!important;bottom:0px!important;}.ld_fancy_heading_69dc3e2f2b9f6 h4 {font-size:18px; } .ld_fancy_heading_69dc3e2f2b9f6 h4 {margin-top:20px !important; margin-bottom:20px !important;  } <\/style><div class=\"ld-fancy-heading ld_fancy_heading_69dc3e2f2b9f6\">\n\t<h4 class=\"ld-fh-element lqd-highlight-underline lqd-highlight-grow-left text-decoration-default\"   >  Caratteristiche:<\/h4><\/div><style>.ld_fancy_heading_69dc3e2f2bb13 h5 {font-size:15px; } .ld_fancy_heading_69dc3e2f2bb13 h5 {line-height:1.5em; } .ld_fancy_heading_69dc3e2f2bb13 h5 {--element-line-height:1.5em; } .ld_fancy_heading_69dc3e2f2bb13 h5 {font-weight:400; } .ld_fancy_heading_69dc3e2f2bb13 h5 {margin-bottom:20px !important;  } .ld_fancy_heading_69dc3e2f2bb13 .lqd-highlight-inner{height:0.275em!important;bottom:0px!important;}.ld_fancy_heading_69dc3e2f2bb13 h5 {font-size:15px; } .ld_fancy_heading_69dc3e2f2bb13 h5 {line-height:1.5em; } .ld_fancy_heading_69dc3e2f2bb13 h5 {--element-line-height:1.5em; } .ld_fancy_heading_69dc3e2f2bb13 h5 {font-weight:400; } .ld_fancy_heading_69dc3e2f2bb13 h5 {margin-bottom:20px !important;  } <\/style><div class=\"ld-fancy-heading product-benefits ld_fancy_heading_69dc3e2f2bb13\">\n\t<h5 class=\"ld-fh-element lqd-highlight-underline lqd-highlight-grow-left text-decoration-default\"   >  <\/p>\n<ul>\n<li>Cuscinetti esenti da manutenzione<\/li>\n<li>Elevate velocit\u00e0 del nastro<\/li>\n<li>Sollevamento pneumatico o manuale del cilindro<\/li>\n<li>Sistema di misura della pressione KMS<\/li>\n<li>La struttura estremamente rigida offre una base robusta per la fustellatura<\/li>\n<li>Larghezza nastro fino a 1000 mm (altre specifiche su richiesta)<\/li>\n<\/ul>\n<p><\/h5><\/div>[\/vc_column_inner][\/vc_row_inner][\/vc_column][\/vc_row][vc_row css=&#8221;.vc_custom_1653648035675{padding-bottom: 80px !important;background-color: #f1f3f5 !important;}&#8221;][vc_column offset=&#8221;vc_col-md-12&#8243;]<style>.ld_custom_menu_69dc3e2f2bc3d > ul > li > a{font-size:16px;font-weight:500;letter-spacing:0.01em;text-transform:uppercase;color:rgb(255, 255, 255);background:rgb(58, 52, 41);}.ld_custom_menu_69dc3e2f2bc3d{margin-inline-start:-3px;margin-inline-end:-3px;}.ld_custom_menu_69dc3e2f2bc3d li{margin-inline-start:3px;margin-inline-end:3px;}.lqd-stickybar > .lqd-head-col > .header-module > .ld_custom_menu_69dc3e2f2bc3d li{margin-top:3px;margin-bottom:3px;}.ld_custom_menu_69dc3e2f2bc3d > ul > li > a:hover, .ld_custom_menu_69dc3e2f2bc3d li.is-active > a{color:rgb(255, 255, 255);background:rgb(58, 52, 41);}.ld_custom_menu_69dc3e2f2bc3d > ul > li .link-icon{color:rgb(255, 255, 255);}.ld_custom_menu_69dc3e2f2bc3d > ul > li > a:hover .link-icon .link-icon, .ld_custom_menu_69dc3e2f2bc3d li.is-active .link-icon{color:rgb(212, 40, 47);}<\/style><div\n\tclass=\"lqd-fancy-menu lqd-custom-menu menu-items-has-fill lqd-menu-td-none die-cutting-stations-product-menu-buttons ld_custom_menu_69dc3e2f2bc3d\"\n\t>\n\n<ul id=\"ld_custom_menu_69dc3e2f2bc3d\" class=\"reset-ul inline-nav  \" ><li id=\"menu-item-10872\" class=\"menu-item menu-item-type-post_type menu-item-object-page menu-item-10872\"><a href=\"https:\/\/www.kocher-beck.com\/it\/lamierini-per-fustellatura\/\">Lamierini per fustellatura<\/a><\/li>\n<li id=\"menu-item-10873\" class=\"menu-item menu-item-type-post_type menu-item-object-page menu-item-10873\"><a href=\"https:\/\/www.kocher-beck.com\/it\/utensili-rotativi-e-cilindri-magnetici\/\">Utensili rotativi e cilindri magnetici<\/a><\/li>\n<li id=\"menu-item-10874\" class=\"menu-item menu-item-type-post_type menu-item-object-page menu-item-10874\"><a href=\"https:\/\/www.kocher-beck.com\/it\/gapmaster\/\">GapMaster + KMS<\/a><\/li>\n<li id=\"menu-item-10875\" class=\"menu-item menu-item-type-post_type menu-item-object-page menu-item-10875\"><a href=\"https:\/\/www.kocher-beck.com\/it\/tecscreen\/\">TEC SCREEN<\/a><\/li>\n<li id=\"menu-item-10880\" class=\"menu-item menu-item-type-post_type menu-item-object-page menu-item-10880\"><a href=\"https:\/\/www.kocher-beck.com\/it\/tecnologia-di-avvolgimento\/\">Tecnologia di avvolgimento<\/a><\/li>\n<\/ul><\/div>[\/vc_column][\/vc_row]<\/p>\n","protected":false},"excerpt":{"rendered":"<p>[vc_row video_bg=&#8221;yes&#8221; video_local_mp4_url=&#8221;\/wp-content\/uploads\/2022\/06\/die-cutting-stations-2.mp4&#8243; bg_position=&#8221;left center&#8221; enable_overlay=&#8221;yes&#8221; enable_loading_bg=&#8221;yes&#8221; css=&#8221;.vc_custom_1656417102371{padding-top: 160px !important;padding-bottom: 160px !important;background-image: url(http:\/\/www.kocher-beck.com\/wp-content\/uploads\/2021\/10\/die-cutting-station-unit-hero.jpg?id=559) !important;background-position: 0 0 !important;background-repeat: no-repeat !important;}&#8221; responsive_css=&#8221;padding_right_large:140px|padding_left_large:140px|padding_right_medium:100px|padding_left_medium:100px&#8221; overlay_bg=&#8221;rgba(58, 52, 41, 0.5)&#8221;][vc_column enable_content_animation=&#8221;yes&#8221; ca_init_scale_x=&#8221;1&#8243; ca_init_scale_y=&#8221;1&#8243; ca_init_opacity=&#8221;0&#8243; ca_an_scale_x=&#8221;1&#8243; ca_an_scale_y=&#8221;1&#8243; ca_an_opacity=&#8221;1&#8243; offset=&#8221;vc_col-lg-5 vc_col-md-6&#8243; ca_duration=&#8221;1800&#8243; ca_delay=&#8221;180&#8243; ca_init_translate_y=&#8221;45&#8243; ca_init_rotate_z=&#8221;0&#8243;][\/vc_column][\/vc_row][vc_row css=&#8221;.vc_custom_1633438304312{padding-top: 60px !important;padding-bottom: 60px !important;background-color: #f1f3f5 !important;}&#8221;][vc_column column_top_ontablet=&#8221;yes&#8221; column_top_onmobile=&#8221;yes&#8221; offset=&#8221;vc_col-md-offset-0 vc_col-md-8&#8243; responsive_css=&#8221;margin_bottom_medium:0px&#8221; css=&#8221;.vc_custom_1644417765074{margin-bottom: 35px !important;}&#8221;][\/vc_column][vc_column enable_pin=&#8221;enable_pin&#8221; offset=&#8221;vc_col-md-offset-1 vc_col-md-3&#8243;][\/vc_column][\/vc_row][vc_row [&hellip;]<\/p>\n","protected":false},"author":1,"featured_media":0,"parent":0,"menu_order":0,"comment_status":"closed","ping_status":"closed","template":"","meta":{"_acf_changed":false,"footnotes":""},"class_list":["post-9931","page","type-page","status-publish","hentry"],"acf":[],"yoast_head":"<!-- This site is optimized with the Yoast SEO plugin v27.0 - https:\/\/yoast.com\/product\/yoast-seo-wordpress\/ -->\n<title>Gruppi di fustellatura - Kocher+Beck<\/title>\n<meta name=\"robots\" content=\"index, follow, max-snippet:-1, max-image-preview:large, max-video-preview:-1\" \/>\n<link rel=\"canonical\" href=\"https:\/\/www.kocher-beck.com\/it\/gruppi-di-fustellatura\/\" \/>\n<meta property=\"og:locale\" content=\"it_IT\" \/>\n<meta property=\"og:type\" content=\"article\" \/>\n<meta property=\"og:title\" content=\"Gruppi di fustellatura - Kocher+Beck\" \/>\n<meta property=\"og:description\" content=\"[vc_row video_bg=&#8221;yes&#8221; video_local_mp4_url=&#8221;\/wp-content\/uploads\/2022\/06\/die-cutting-stations-2.mp4&#8243; bg_position=&#8221;left center&#8221; enable_overlay=&#8221;yes&#8221; enable_loading_bg=&#8221;yes&#8221; css=&#8221;.vc_custom_1656417102371{padding-top: 160px !important;padding-bottom: 160px !important;background-image: url(http:\/\/www.kocher-beck.com\/wp-content\/uploads\/2021\/10\/die-cutting-station-unit-hero.jpg?id=559) !important;background-position: 0 0 !important;background-repeat: no-repeat !important;}&#8221; responsive_css=&#8221;padding_right_large:140px|padding_left_large:140px|padding_right_medium:100px|padding_left_medium:100px&#8221; overlay_bg=&#8221;rgba(58, 52, 41, 0.5)&#8221;][vc_column enable_content_animation=&#8221;yes&#8221; ca_init_scale_x=&#8221;1&#8243; ca_init_scale_y=&#8221;1&#8243; ca_init_opacity=&#8221;0&#8243; ca_an_scale_x=&#8221;1&#8243; ca_an_scale_y=&#8221;1&#8243; ca_an_opacity=&#8221;1&#8243; offset=&#8221;vc_col-lg-5 vc_col-md-6&#8243; ca_duration=&#8221;1800&#8243; ca_delay=&#8221;180&#8243; ca_init_translate_y=&#8221;45&#8243; ca_init_rotate_z=&#8221;0&#8243;][\/vc_column][\/vc_row][vc_row css=&#8221;.vc_custom_1633438304312{padding-top: 60px !important;padding-bottom: 60px !important;background-color: #f1f3f5 !important;}&#8221;][vc_column column_top_ontablet=&#8221;yes&#8221; column_top_onmobile=&#8221;yes&#8221; offset=&#8221;vc_col-md-offset-0 vc_col-md-8&#8243; responsive_css=&#8221;margin_bottom_medium:0px&#8221; css=&#8221;.vc_custom_1644417765074{margin-bottom: 35px !important;}&#8221;][\/vc_column][vc_column enable_pin=&#8221;enable_pin&#8221; offset=&#8221;vc_col-md-offset-1 vc_col-md-3&#8243;][\/vc_column][\/vc_row][vc_row [&hellip;]\" \/>\n<meta property=\"og:url\" content=\"https:\/\/www.kocher-beck.com\/it\/gruppi-di-fustellatura\/\" \/>\n<meta property=\"og:site_name\" content=\"Kocher+Beck\" \/>\n<meta property=\"article:modified_time\" content=\"2023-01-05T17:02:58+00:00\" \/>\n<meta name=\"twitter:card\" content=\"summary_large_image\" \/>\n<meta name=\"twitter:label1\" content=\"Tempo di lettura stimato\" \/>\n\t<meta name=\"twitter:data1\" content=\"2 minuti\" \/>\n<script type=\"application\/ld+json\" class=\"yoast-schema-graph\">{\"@context\":\"https:\/\/schema.org\",\"@graph\":[{\"@type\":\"WebPage\",\"@id\":\"https:\/\/www.kocher-beck.com\/it\/gruppi-di-fustellatura\/\",\"url\":\"https:\/\/www.kocher-beck.com\/it\/gruppi-di-fustellatura\/\",\"name\":\"Gruppi di fustellatura - Kocher+Beck\",\"isPartOf\":{\"@id\":\"https:\/\/www.kocher-beck.com\/it\/#website\"},\"datePublished\":\"2021-10-15T13:54:55+00:00\",\"dateModified\":\"2023-01-05T17:02:58+00:00\",\"breadcrumb\":{\"@id\":\"https:\/\/www.kocher-beck.com\/it\/gruppi-di-fustellatura\/#breadcrumb\"},\"inLanguage\":\"it-IT\",\"potentialAction\":[{\"@type\":\"ReadAction\",\"target\":[\"https:\/\/www.kocher-beck.com\/it\/gruppi-di-fustellatura\/\"]}]},{\"@type\":\"BreadcrumbList\",\"@id\":\"https:\/\/www.kocher-beck.com\/it\/gruppi-di-fustellatura\/#breadcrumb\",\"itemListElement\":[{\"@type\":\"ListItem\",\"position\":1,\"name\":\"Home\",\"item\":\"https:\/\/www.kocher-beck.com\/it\/\"},{\"@type\":\"ListItem\",\"position\":2,\"name\":\"Gruppi di fustellatura\"}]},{\"@type\":\"WebSite\",\"@id\":\"https:\/\/www.kocher-beck.com\/it\/#website\",\"url\":\"https:\/\/www.kocher-beck.com\/it\/\",\"name\":\"Kocher+Beck\",\"description\":\"\",\"potentialAction\":[{\"@type\":\"SearchAction\",\"target\":{\"@type\":\"EntryPoint\",\"urlTemplate\":\"https:\/\/www.kocher-beck.com\/it\/?s={search_term_string}\"},\"query-input\":{\"@type\":\"PropertyValueSpecification\",\"valueRequired\":true,\"valueName\":\"search_term_string\"}}],\"inLanguage\":\"it-IT\"}]}<\/script>\n<!-- \/ Yoast SEO plugin. -->","yoast_head_json":{"title":"Gruppi di fustellatura - Kocher+Beck","robots":{"index":"index","follow":"follow","max-snippet":"max-snippet:-1","max-image-preview":"max-image-preview:large","max-video-preview":"max-video-preview:-1"},"canonical":"https:\/\/www.kocher-beck.com\/it\/gruppi-di-fustellatura\/","og_locale":"it_IT","og_type":"article","og_title":"Gruppi di fustellatura - Kocher+Beck","og_description":"[vc_row video_bg=&#8221;yes&#8221; video_local_mp4_url=&#8221;\/wp-content\/uploads\/2022\/06\/die-cutting-stations-2.mp4&#8243; bg_position=&#8221;left center&#8221; enable_overlay=&#8221;yes&#8221; enable_loading_bg=&#8221;yes&#8221; css=&#8221;.vc_custom_1656417102371{padding-top: 160px !important;padding-bottom: 160px !important;background-image: url(http:\/\/www.kocher-beck.com\/wp-content\/uploads\/2021\/10\/die-cutting-station-unit-hero.jpg?id=559) !important;background-position: 0 0 !important;background-repeat: no-repeat !important;}&#8221; responsive_css=&#8221;padding_right_large:140px|padding_left_large:140px|padding_right_medium:100px|padding_left_medium:100px&#8221; overlay_bg=&#8221;rgba(58, 52, 41, 0.5)&#8221;][vc_column enable_content_animation=&#8221;yes&#8221; ca_init_scale_x=&#8221;1&#8243; ca_init_scale_y=&#8221;1&#8243; ca_init_opacity=&#8221;0&#8243; ca_an_scale_x=&#8221;1&#8243; ca_an_scale_y=&#8221;1&#8243; ca_an_opacity=&#8221;1&#8243; offset=&#8221;vc_col-lg-5 vc_col-md-6&#8243; ca_duration=&#8221;1800&#8243; ca_delay=&#8221;180&#8243; ca_init_translate_y=&#8221;45&#8243; ca_init_rotate_z=&#8221;0&#8243;][\/vc_column][\/vc_row][vc_row css=&#8221;.vc_custom_1633438304312{padding-top: 60px !important;padding-bottom: 60px !important;background-color: #f1f3f5 !important;}&#8221;][vc_column column_top_ontablet=&#8221;yes&#8221; column_top_onmobile=&#8221;yes&#8221; offset=&#8221;vc_col-md-offset-0 vc_col-md-8&#8243; responsive_css=&#8221;margin_bottom_medium:0px&#8221; css=&#8221;.vc_custom_1644417765074{margin-bottom: 35px !important;}&#8221;][\/vc_column][vc_column enable_pin=&#8221;enable_pin&#8221; offset=&#8221;vc_col-md-offset-1 vc_col-md-3&#8243;][\/vc_column][\/vc_row][vc_row [&hellip;]","og_url":"https:\/\/www.kocher-beck.com\/it\/gruppi-di-fustellatura\/","og_site_name":"Kocher+Beck","article_modified_time":"2023-01-05T17:02:58+00:00","twitter_card":"summary_large_image","twitter_misc":{"Tempo di lettura stimato":"2 minuti"},"schema":{"@context":"https:\/\/schema.org","@graph":[{"@type":"WebPage","@id":"https:\/\/www.kocher-beck.com\/it\/gruppi-di-fustellatura\/","url":"https:\/\/www.kocher-beck.com\/it\/gruppi-di-fustellatura\/","name":"Gruppi di fustellatura - Kocher+Beck","isPartOf":{"@id":"https:\/\/www.kocher-beck.com\/it\/#website"},"datePublished":"2021-10-15T13:54:55+00:00","dateModified":"2023-01-05T17:02:58+00:00","breadcrumb":{"@id":"https:\/\/www.kocher-beck.com\/it\/gruppi-di-fustellatura\/#breadcrumb"},"inLanguage":"it-IT","potentialAction":[{"@type":"ReadAction","target":["https:\/\/www.kocher-beck.com\/it\/gruppi-di-fustellatura\/"]}]},{"@type":"BreadcrumbList","@id":"https:\/\/www.kocher-beck.com\/it\/gruppi-di-fustellatura\/#breadcrumb","itemListElement":[{"@type":"ListItem","position":1,"name":"Home","item":"https:\/\/www.kocher-beck.com\/it\/"},{"@type":"ListItem","position":2,"name":"Gruppi di fustellatura"}]},{"@type":"WebSite","@id":"https:\/\/www.kocher-beck.com\/it\/#website","url":"https:\/\/www.kocher-beck.com\/it\/","name":"Kocher+Beck","description":"","potentialAction":[{"@type":"SearchAction","target":{"@type":"EntryPoint","urlTemplate":"https:\/\/www.kocher-beck.com\/it\/?s={search_term_string}"},"query-input":{"@type":"PropertyValueSpecification","valueRequired":true,"valueName":"search_term_string"}}],"inLanguage":"it-IT"}]}},"_links":{"self":[{"href":"https:\/\/www.kocher-beck.com\/it\/wp-json\/wp\/v2\/pages\/9931","targetHints":{"allow":["GET"]}}],"collection":[{"href":"https:\/\/www.kocher-beck.com\/it\/wp-json\/wp\/v2\/pages"}],"about":[{"href":"https:\/\/www.kocher-beck.com\/it\/wp-json\/wp\/v2\/types\/page"}],"author":[{"embeddable":true,"href":"https:\/\/www.kocher-beck.com\/it\/wp-json\/wp\/v2\/users\/1"}],"replies":[{"embeddable":true,"href":"https:\/\/www.kocher-beck.com\/it\/wp-json\/wp\/v2\/comments?post=9931"}],"version-history":[{"count":2,"href":"https:\/\/www.kocher-beck.com\/it\/wp-json\/wp\/v2\/pages\/9931\/revisions"}],"predecessor-version":[{"id":10172,"href":"https:\/\/www.kocher-beck.com\/it\/wp-json\/wp\/v2\/pages\/9931\/revisions\/10172"}],"wp:attachment":[{"href":"https:\/\/www.kocher-beck.com\/it\/wp-json\/wp\/v2\/media?parent=9931"}],"curies":[{"name":"wp","href":"https:\/\/api.w.org\/{rel}","templated":true}]}}