{"id":12491,"date":"2023-02-08T14:53:53","date_gmt":"2023-02-08T14:53:53","guid":{"rendered":"https:\/\/www.kocher-beck.com\/miejsce-ciecia\/"},"modified":"2025-02-27T12:11:31","modified_gmt":"2025-02-27T12:11:31","slug":"cut-place","status":"publish","type":"page","link":"https:\/\/www.kocher-beck.com\/pl\/cut-place\/","title":{"rendered":"Cut&#038;Place"},"content":{"rendered":"<p>[vc_row video_bg=&#8221;yes&#8221; video_local_mp4_url=&#8221;\/wp-content\/uploads\/2022\/06\/die-cutting-stations-2.mp4&#8243; bg_position=&#8221;left center&#8221; enable_overlay=&#8221;yes&#8221; enable_loading_bg=&#8221;yes&#8221; css=&#8221;.vc_custom_1656416893013{padding-top: 160px !important;padding-bottom: 160px !important;background-image: url(http:\/\/www.kocher-beck.com\/wp-content\/uploads\/2021\/10\/die-cutting-station-unit-hero.jpg?id=559) !important;background-position: 0 0 !important;background-repeat: no-repeat !important;}&#8221; responsive_css=&#8221;padding_right_large:140px|padding_left_large:140px|padding_right_medium:100px|padding_left_medium:100px&#8221; overlay_bg=&#8221;rgba(58, 52, 41, 0.5)&#8221;][vc_column enable_content_animation=&#8221;yes&#8221; ca_init_scale_x=&#8221;1&#8243; ca_init_scale_y=&#8221;1&#8243; ca_init_opacity=&#8221;0&#8243; ca_an_scale_x=&#8221;1&#8243; ca_an_scale_y=&#8221;1&#8243; ca_an_opacity=&#8221;1&#8243; offset=&#8221;vc_col-lg-5 vc_col-md-6&#8243; ca_duration=&#8221;1800&#8243; ca_delay=&#8221;180&#8243; ca_init_translate_y=&#8221;45&#8243; ca_init_rotate_z=&#8221;0&#8243;]<style>.ld_fancy_heading_69de26db8ed80 h1{color:rgb(255, 255, 255);}.ld_fancy_heading_69de26db8ed80 h1 {font-size:36px; } @media (min-width: 768px) { .ld_fancy_heading_69de26db8ed80 h1 {font-size:48px; }  } @media (min-width: 992px) { .ld_fancy_heading_69de26db8ed80 h1 {font-size:60px; }  } .ld_fancy_heading_69de26db8ed80 .lqd-highlight-inner{height:0.275em!important;bottom:0px!important;}.ld_fancy_heading_69de26db8ed80 h1 {font-size:36px; } @media (min-width: 768px) { .ld_fancy_heading_69de26db8ed80 h1 {font-size:48px; }  } @media (min-width: 992px) { .ld_fancy_heading_69de26db8ed80 h1 {font-size:60px; }  } <\/style><div class=\"ld-fancy-heading text-uppercase standard-hero-heading ld_fancy_heading_69de26db8ed80\">\n\t<h1 class=\"ld-fh-element lqd-highlight-underline lqd-highlight-grow-left text-decoration-default lqd-split-lines\"   data-split-text=\"true\" data-split-options='{\"type\":\"lines\"}'>  Sekcje sztancuj\u0105ce Cut&amp;Place<\/h1><\/div>[\/vc_column][\/vc_row][vc_row css=&#8221;.vc_custom_1633438304312{padding-top: 60px !important;padding-bottom: 60px !important;background-color: #f1f3f5 !important;}&#8221;][vc_column column_top_ontablet=&#8221;yes&#8221; column_top_onmobile=&#8221;yes&#8221; offset=&#8221;vc_col-md-offset-0 vc_col-md-8&#8243; responsive_css=&#8221;margin_bottom_medium:0px&#8221; css=&#8221;.vc_custom_1644417765074{margin-bottom: 35px !important;}&#8221;]<style>.ld_fancy_heading_69de26db8efc6 h2{color:rgb(33, 30, 22);}.ld_fancy_heading_69de26db8efc6 h2 {font-size:24px; } @media (min-width: 768px) { .ld_fancy_heading_69de26db8efc6 h2 {font-size:36px; }  } .ld_fancy_heading_69de26db8efc6 h2 {margin-bottom:40px !important;  } .ld_fancy_heading_69de26db8efc6 .lqd-highlight-inner{height:0.275em!important;bottom:0px!important;}.ld_fancy_heading_69de26db8efc6 h2 {font-size:24px; } @media (min-width: 768px) { .ld_fancy_heading_69de26db8efc6 h2 {font-size:36px; }  } .ld_fancy_heading_69de26db8efc6 h2 {margin-bottom:40px !important;  } <\/style><div class=\"ld-fancy-heading standard-page-heading ld_fancy_heading_69de26db8efc6\">\n\t<h2 class=\"ld-fh-element lqd-highlight-underline lqd-highlight-grow-left text-decoration-default\"   >  Kocher+Beck oferuje kreatywne i innowacyjne rozwi\u0105zania specjalne, systemy tworzone na zam\u00f3wienie, specjalnie dostosowane do danego produktu i wymaga\u0144. My\u015bl nieszablonowo, my\u015bl rotacyjnie!<\/h2><\/div><style>.ld_fancy_heading_69de26db8f111 p {margin-bottom:1.5em !important;  } .ld_fancy_heading_69de26db8f111 .lqd-highlight-inner{height:0.275em!important;bottom:0px!important;}.ld_fancy_heading_69de26db8f111 p {margin-bottom:1.5em !important;  } <\/style><div class=\"ld-fancy-heading ld_fancy_heading_69de26db8f111\">\n\t<p class=\"ld-fh-element lqd-highlight-underline lqd-highlight-grow-left text-decoration-default\"   >  Dzi\u0119ki ogromnemu do\u015bwiadczeniu w dziedzinie wykrojnik\u00f3w i cylindr\u00f3w magnetycznych, Kocher+Beck jest liderem w projektowaniu oraz produkcji kompletnych zespo\u0142\u00f3w sztancuj\u0105cych i rozwi\u0105za\u0144 do specjalnych zastosowa\u0144 klienta.<\/p><\/div>[\/vc_column][vc_column enable_pin=&#8221;enable_pin&#8221; offset=&#8221;vc_col-md-offset-1 vc_col-md-3&#8243;]<style>.ld_custom_menu_69de26db8f235 > ul > li > a{font-size:16px;font-weight:500;letter-spacing:0.01em;text-transform:uppercase;color:rgb(255, 255, 255);background:rgb(58, 52, 41);}.ld_custom_menu_69de26db8f235 > ul > li:not(:last-child){margin-bottom:3px;}.lqd-stickybar > .lqd-head-col > .header-module > .ld_custom_menu_69de26db8f235 li{margin-inline-start:3px;}.ld_custom_menu_69de26db8f235 > ul > li > a:hover, .ld_custom_menu_69de26db8f235 li.is-active > a{color:rgb(255, 255, 255);background:rgb(212, 40, 47);}.ld_custom_menu_69de26db8f235 > ul > li .link-icon{color:rgb(255, 255, 255);}.ld_custom_menu_69de26db8f235 > ul > li > a:hover .link-icon .link-icon, .ld_custom_menu_69de26db8f235 li.is-active .link-icon{color:rgb(255, 255, 255);}<\/style><div\n\tclass=\"lqd-fancy-menu lqd-custom-menu menu-items-has-fill lqd-menu-td-none cut-place-product-info-menu ld_custom_menu_69de26db8f235\"\n\t>\n\n<ul id=\"ld_custom_menu_69de26db8f235\" class=\"reset-ul   \" ><li id=\"menu-item-13465\" class=\"menu-item menu-item-type-custom menu-item-object-custom menu-item-13465\"><a href=\"\/contact-usa\/\">Contact Us<\/a><\/li>\n<li id=\"menu-item-13466\" class=\"menu-item menu-item-type-custom menu-item-object-custom menu-item-13466\"><a href=\"\/services\/#design-support\">Project planning \/ special solutions<\/a><\/li>\n<\/ul><\/div>[\/vc_column][\/vc_row][vc_row css=&#8221;.vc_custom_1633438304312{padding-top: 60px !important;padding-bottom: 60px !important;background-color: #f1f3f5 !important;}&#8221;][vc_column offset=&#8221;vc_col-lg-3 vc_col-md-offset-0 vc_col-md-6&#8243; responsive_css=&#8221;margin_bottom_medium:0px&#8221; css=&#8221;.vc_custom_1675858433835{margin-bottom: 35px !important;}&#8221;][vc_single_image image=&#8221;11152&#8243;][\/vc_column][vc_column offset=&#8221;vc_col-lg-3 vc_col-md-6&#8243;][vc_single_image image=&#8221;11159&#8243;][\/vc_column][vc_column offset=&#8221;vc_col-lg-3 vc_col-md-6&#8243;][vc_single_image image=&#8221;11166&#8243;][\/vc_column][vc_column offset=&#8221;vc_col-lg-3 vc_col-md-6&#8243;][vc_single_image image=&#8221;11173&#8243;][\/vc_column][\/vc_row][vc_row css=&#8221;.vc_custom_1653647857174{padding-bottom: 80px !important;background-color: #f1f3f5 !important;}&#8221;][vc_column offset=&#8221;vc_col-md-12&#8243; css=&#8221;.vc_custom_1633444921484{background-color: #ffffff !important;}&#8221;][vc_row_inner css=&#8221;.vc_custom_1633700947263{border-bottom-width: 1px !important;border-bottom-color: #f1f3f5 !important;border-bottom-style: solid !important;}&#8221;][vc_column_inner offset=&#8221;vc_col-md-9&#8243;]<style>.ld_spacer_69de26db9045c{height:32px;}<\/style>\n<div class=\"ld-empty-space ld_spacer_69de26db9045c\"><\/div><style>.ld_fancy_heading_69de26db90589 h3{color:rgb(33, 30, 22);}.ld_fancy_heading_69de26db90589 h3 {font-size:32px; } .ld_fancy_heading_69de26db90589 h3 {padding-right:40px !important;  } .ld_fancy_heading_69de26db90589 h3 {margin-bottom:0px !important;  } .ld_fancy_heading_69de26db90589 .lqd-highlight-inner{height:0.275em!important;bottom:0px!important;}.ld_fancy_heading_69de26db90589 h3 {font-size:32px; } .ld_fancy_heading_69de26db90589 h3 {padding-right:40px !important;  } .ld_fancy_heading_69de26db90589 h3 {margin-bottom:0px !important;  } <\/style><div class=\"ld-fancy-heading text-uppercase product-heading ld_fancy_heading_69de26db90589\">\n\t<h3 class=\"ld-fh-element lqd-highlight-underline lqd-highlight-grow-left text-decoration-default\"   >  Stacje wykrawaj\u0105ce Cut&amp;Place<\/h3><\/div><style>.ld_fancy_heading_69de26db906d9 p {padding-right:40px !important;  } .ld_fancy_heading_69de26db906d9 .lqd-highlight-inner{height:0.275em!important;bottom:0px!important;}.ld_fancy_heading_69de26db906d9 p {padding-right:40px !important;  } <\/style><div class=\"ld-fancy-heading product-heading-intro-text ld_fancy_heading_69de26db906d9\">\n\t<p class=\"ld-fh-element lqd-highlight-underline lqd-highlight-grow-left text-decoration-default\"   >  Zwi\u0119kszona szybko\u015b\u0107 Twoich procesu.<\/p><\/div><style>.ld_spacer_69de26db907ab{height:32px;}<\/style>\n<div class=\"ld-empty-space ld_spacer_69de26db907ab\"><\/div>[\/vc_column_inner][vc_column_inner offset=&#8221;vc_col-md-3&#8243;][\/vc_column_inner][\/vc_row_inner][vc_row_inner equal_height=&#8221;yes&#8221;][vc_column_inner offset=&#8221;vc_col-md-3&#8243;][vc_single_image image=&#8221;11604&#8243;][\/vc_column_inner][vc_column_inner offset=&#8221;vc_col-md-6&#8243; responsive_css=&#8221;padding_left_medium:0px&#8221; css=&#8221;.vc_custom_1633700620582{border-right-width: 1px !important;padding-right: 20px !important;padding-bottom: 20px !important;padding-left: 20px !important;border-right-color: #f1f3f5 !important;border-right-style: solid !important;}&#8221;]<style>.ld_fancy_heading_69de26db9087c h4 {font-size:18px; } .ld_fancy_heading_69de26db9087c h4 {margin-top:20px !important; margin-bottom:20px !important;  } .ld_fancy_heading_69de26db9087c .lqd-highlight-inner{height:0.275em!important;bottom:0px!important;}.ld_fancy_heading_69de26db9087c h4 {font-size:18px; } .ld_fancy_heading_69de26db9087c h4 {margin-top:20px !important; margin-bottom:20px !important;  } <\/style><div class=\"ld-fancy-heading ld_fancy_heading_69de26db9087c\">\n\t<h4 class=\"ld-fh-element lqd-highlight-underline lqd-highlight-grow-left text-decoration-default\"   >  Om\u00f3wienie:<\/h4><\/div><style>.ld_fancy_heading_69de26db90996 p {font-size:15px; } .ld_fancy_heading_69de26db90996 .lqd-highlight-inner{height:0.275em!important;bottom:0px!important;}.ld_fancy_heading_69de26db90996 p {font-size:15px; } <\/style><div class=\"ld-fancy-heading ld_fancy_heading_69de26db90996\">\n\t<p class=\"ld-fh-element lqd-highlight-underline lqd-highlight-grow-left text-decoration-default\"   >  Stacje wykrawaj\u0105ce Cut&amp;Place firmy Kocher+Beck to doskona\u0142y wyb\u00f3r do zr\u00f3\u017cnicowanych, indywidualnych projekt\u00f3w lub specjalnych zastosowa\u0144 obejmuj\u0105cych proces sztancowania.<\/p>\n<p>Urz\u0105dzenia Cut&amp;Place firmy Kocher+Beck s\u0105 ju\u017c wykorzystywane w szerokim zakresie zastosowa\u0144 przemys\u0142owych. Dzi\u0119ki jednostkom Cut&amp;Place wysztancowane elementy mog\u0105 by\u0107 przenoszone na pracuj\u0105ce w trybie ci\u0105g\u0142ym sto\u0142y transportuj\u0105ce lub wst\u0119gi surowca no\u015bnego.<\/p>\n<p>Spersonalizowane koncepcje opracowywane przez nasz dzia\u0142 projektowy s\u0105 wdra\u017cane specjalnie zgodnie z Twoimi wymaganiami.<\/p>\n<p>Zaanga\u017cuj nas w sw\u00f3j projekt na wczesnym etapie, a zapewnimy Ci pe\u0142ne wsparcie w zakresie rozwi\u0105za\u0144 rotacyjnych.<\/p><\/div>[\/vc_column_inner][vc_column_inner responsive_css=&#8221;padding_left_medium:0px&#8221; css=&#8221;.vc_custom_1633700699950{padding-right: 20px !important;padding-bottom: 20px !important;padding-left: 20px !important;}&#8221; offset=&#8221;vc_col-md-3&#8243;]<style>.ld_fancy_heading_69de26db90acd h4 {font-size:18px; } .ld_fancy_heading_69de26db90acd h4 {margin-top:20px !important; margin-bottom:20px !important;  } .ld_fancy_heading_69de26db90acd .lqd-highlight-inner{height:0.275em!important;bottom:0px!important;}.ld_fancy_heading_69de26db90acd h4 {font-size:18px; } .ld_fancy_heading_69de26db90acd h4 {margin-top:20px !important; margin-bottom:20px !important;  } <\/style><div class=\"ld-fancy-heading ld_fancy_heading_69de26db90acd\">\n\t<h4 class=\"ld-fh-element lqd-highlight-underline lqd-highlight-grow-left text-decoration-default\"   >  Korzy\u015bci:<\/h4><\/div><style>.ld_fancy_heading_69de26db90bf1 h5 {font-size:15px; } .ld_fancy_heading_69de26db90bf1 h5 {line-height:1.5em; } .ld_fancy_heading_69de26db90bf1 h5 {--element-line-height:1.5em; } .ld_fancy_heading_69de26db90bf1 h5 {font-weight:400; } .ld_fancy_heading_69de26db90bf1 h5 {margin-bottom:20px !important;  } .ld_fancy_heading_69de26db90bf1 .lqd-highlight-inner{height:0.275em!important;bottom:0px!important;}.ld_fancy_heading_69de26db90bf1 h5 {font-size:15px; } .ld_fancy_heading_69de26db90bf1 h5 {line-height:1.5em; } .ld_fancy_heading_69de26db90bf1 h5 {--element-line-height:1.5em; } .ld_fancy_heading_69de26db90bf1 h5 {font-weight:400; } .ld_fancy_heading_69de26db90bf1 h5 {margin-bottom:20px !important;  } <\/style><div class=\"ld-fancy-heading product-benefits ld_fancy_heading_69de26db90bf1\">\n\t<h5 class=\"ld-fh-element lqd-highlight-underline lqd-highlight-grow-left text-decoration-default\"   >  <\/p>\n<ul>\n<li>bezobs\u0142ugowe \u0142o\u017cyska<\/li>\n<li>pneumatyczne lub r\u0119czne podnoszenie cylindr\u00f3w<\/li>\n<li>mo\u017cliwe zastosowanie cylindra magnetycznego lub sztancuj\u0105cego<\/li>\n<li>solidna konstrukcja zapewniaj\u0105ca najwy\u017csz\u0105 precyzj\u0119<\/li>\n<li>mo\u017cliwa wersja ze stali nierdzewnej<\/li>\n<li>rozwi\u0105zanie niezale\u017cne od pr\u0119dko\u015bci<\/li>\n<\/ul>\n<p><\/h5><\/div>[\/vc_column_inner][\/vc_row_inner][\/vc_column][\/vc_row][vc_row css=&#8221;.vc_custom_1653647871173{padding-bottom: 80px !important;background-color: #f1f3f5 !important;}&#8221;][vc_column offset=&#8221;vc_col-md-12&#8243;]<style>.ld_custom_menu_69de26db90d4d > ul > li > a{font-size:16px;font-weight:500;letter-spacing:0.01em;text-transform:uppercase;color:rgb(255, 255, 255);background:rgb(58, 52, 41);}.ld_custom_menu_69de26db90d4d{margin-inline-start:-3px;margin-inline-end:-3px;}.ld_custom_menu_69de26db90d4d li{margin-inline-start:3px;margin-inline-end:3px;}.lqd-stickybar > .lqd-head-col > .header-module > .ld_custom_menu_69de26db90d4d li{margin-top:3px;margin-bottom:3px;}.ld_custom_menu_69de26db90d4d > ul > li > a:hover, .ld_custom_menu_69de26db90d4d li.is-active > a{color:rgb(255, 255, 255);background:rgb(58, 52, 41);}.ld_custom_menu_69de26db90d4d > ul > li .link-icon{color:rgb(255, 255, 255);}.ld_custom_menu_69de26db90d4d > ul > li > a:hover .link-icon .link-icon, .ld_custom_menu_69de26db90d4d li.is-active .link-icon{color:rgb(212, 40, 47);}<\/style><div\n\tclass=\"lqd-fancy-menu lqd-custom-menu menu-items-has-fill lqd-menu-td-none cut-place-product-menu-buttons ld_custom_menu_69de26db90d4d\"\n\t>\n\n<ul id=\"ld_custom_menu_69de26db90d4d\" class=\"reset-ul inline-nav  \" ><li id=\"menu-item-13467\" class=\"menu-item menu-item-type-post_type menu-item-object-page menu-item-13467\"><a href=\"https:\/\/www.kocher-beck.com\/pl\/elastyczne-dies\/\">Wykrojniki magnetyczne<\/a><\/li>\n<li id=\"menu-item-13468\" class=\"menu-item menu-item-type-post_type menu-item-object-page menu-item-13468\"><a href=\"https:\/\/www.kocher-beck.com\/pl\/narzedzia-obrotowe-cylindry-magnetyczne\/\">Wykrojniki rotacyjne + clindry magnetyczne<\/a><\/li>\n<li id=\"menu-item-13469\" class=\"menu-item menu-item-type-post_type menu-item-object-page menu-item-13469\"><a href=\"https:\/\/www.kocher-beck.com\/pl\/gapmaster-plus-kms\/\">GapMaster + KMS<\/a><\/li>\n<li id=\"menu-item-13470\" class=\"menu-item menu-item-type-post_type menu-item-object-page menu-item-13470\"><a href=\"https:\/\/www.kocher-beck.com\/pl\/stacje-sztancujace\/\">Stacje sztancuj\u0105ce<\/a><\/li>\n<li id=\"menu-item-13471\" class=\"menu-item menu-item-type-post_type menu-item-object-page menu-item-13471\"><a href=\"https:\/\/www.kocher-beck.com\/pl\/tecscreen\/\">TecScreen<\/a><\/li>\n<li id=\"menu-item-13472\" class=\"menu-item menu-item-type-post_type menu-item-object-page menu-item-13472\"><a href=\"https:\/\/www.kocher-beck.com\/pl\/technologia-uzwojenia\/\">Technologia nawijania<\/a><\/li>\n<\/ul><\/div>[\/vc_column][\/vc_row]<\/p>\n","protected":false},"excerpt":{"rendered":"<p>[vc_row video_bg=&#8221;yes&#8221; video_local_mp4_url=&#8221;\/wp-content\/uploads\/2022\/06\/die-cutting-stations-2.mp4&#8243; bg_position=&#8221;left center&#8221; enable_overlay=&#8221;yes&#8221; enable_loading_bg=&#8221;yes&#8221; css=&#8221;.vc_custom_1656416893013{padding-top: 160px !important;padding-bottom: 160px !important;background-image: url(http:\/\/www.kocher-beck.com\/wp-content\/uploads\/2021\/10\/die-cutting-station-unit-hero.jpg?id=559) !important;background-position: 0 0 !important;background-repeat: no-repeat !important;}&#8221; responsive_css=&#8221;padding_right_large:140px|padding_left_large:140px|padding_right_medium:100px|padding_left_medium:100px&#8221; overlay_bg=&#8221;rgba(58, 52, 41, 0.5)&#8221;][vc_column enable_content_animation=&#8221;yes&#8221; ca_init_scale_x=&#8221;1&#8243; ca_init_scale_y=&#8221;1&#8243; ca_init_opacity=&#8221;0&#8243; ca_an_scale_x=&#8221;1&#8243; ca_an_scale_y=&#8221;1&#8243; ca_an_opacity=&#8221;1&#8243; offset=&#8221;vc_col-lg-5 vc_col-md-6&#8243; ca_duration=&#8221;1800&#8243; ca_delay=&#8221;180&#8243; ca_init_translate_y=&#8221;45&#8243; ca_init_rotate_z=&#8221;0&#8243;][\/vc_column][\/vc_row][vc_row css=&#8221;.vc_custom_1633438304312{padding-top: 60px !important;padding-bottom: 60px !important;background-color: #f1f3f5 !important;}&#8221;][vc_column column_top_ontablet=&#8221;yes&#8221; column_top_onmobile=&#8221;yes&#8221; offset=&#8221;vc_col-md-offset-0 vc_col-md-8&#8243; responsive_css=&#8221;margin_bottom_medium:0px&#8221; css=&#8221;.vc_custom_1644417765074{margin-bottom: 35px !important;}&#8221;][\/vc_column][vc_column enable_pin=&#8221;enable_pin&#8221; offset=&#8221;vc_col-md-offset-1 vc_col-md-3&#8243;][\/vc_column][\/vc_row][vc_row [&hellip;]<\/p>\n","protected":false},"author":1,"featured_media":0,"parent":0,"menu_order":0,"comment_status":"closed","ping_status":"closed","template":"","meta":{"_acf_changed":false,"footnotes":""},"class_list":["post-12491","page","type-page","status-publish","hentry"],"acf":[],"yoast_head":"<!-- This site is optimized with the Yoast SEO plugin v27.0 - https:\/\/yoast.com\/product\/yoast-seo-wordpress\/ -->\n<title>Cut&amp;Place - Kocher+Beck<\/title>\n<meta name=\"robots\" content=\"index, follow, max-snippet:-1, max-image-preview:large, max-video-preview:-1\" \/>\n<link rel=\"canonical\" href=\"https:\/\/www.kocher-beck.com\/pl\/cut-place\/\" \/>\n<meta property=\"og:locale\" content=\"pl_PL\" \/>\n<meta property=\"og:type\" content=\"article\" \/>\n<meta property=\"og:title\" content=\"Cut&amp;Place - Kocher+Beck\" \/>\n<meta property=\"og:description\" content=\"[vc_row video_bg=&#8221;yes&#8221; video_local_mp4_url=&#8221;\/wp-content\/uploads\/2022\/06\/die-cutting-stations-2.mp4&#8243; bg_position=&#8221;left center&#8221; enable_overlay=&#8221;yes&#8221; enable_loading_bg=&#8221;yes&#8221; css=&#8221;.vc_custom_1656416893013{padding-top: 160px !important;padding-bottom: 160px !important;background-image: url(http:\/\/www.kocher-beck.com\/wp-content\/uploads\/2021\/10\/die-cutting-station-unit-hero.jpg?id=559) !important;background-position: 0 0 !important;background-repeat: no-repeat !important;}&#8221; responsive_css=&#8221;padding_right_large:140px|padding_left_large:140px|padding_right_medium:100px|padding_left_medium:100px&#8221; overlay_bg=&#8221;rgba(58, 52, 41, 0.5)&#8221;][vc_column enable_content_animation=&#8221;yes&#8221; ca_init_scale_x=&#8221;1&#8243; ca_init_scale_y=&#8221;1&#8243; ca_init_opacity=&#8221;0&#8243; ca_an_scale_x=&#8221;1&#8243; ca_an_scale_y=&#8221;1&#8243; ca_an_opacity=&#8221;1&#8243; offset=&#8221;vc_col-lg-5 vc_col-md-6&#8243; ca_duration=&#8221;1800&#8243; ca_delay=&#8221;180&#8243; ca_init_translate_y=&#8221;45&#8243; ca_init_rotate_z=&#8221;0&#8243;][\/vc_column][\/vc_row][vc_row css=&#8221;.vc_custom_1633438304312{padding-top: 60px !important;padding-bottom: 60px !important;background-color: #f1f3f5 !important;}&#8221;][vc_column column_top_ontablet=&#8221;yes&#8221; column_top_onmobile=&#8221;yes&#8221; offset=&#8221;vc_col-md-offset-0 vc_col-md-8&#8243; responsive_css=&#8221;margin_bottom_medium:0px&#8221; css=&#8221;.vc_custom_1644417765074{margin-bottom: 35px !important;}&#8221;][\/vc_column][vc_column enable_pin=&#8221;enable_pin&#8221; offset=&#8221;vc_col-md-offset-1 vc_col-md-3&#8243;][\/vc_column][\/vc_row][vc_row [&hellip;]\" \/>\n<meta property=\"og:url\" content=\"https:\/\/www.kocher-beck.com\/pl\/cut-place\/\" \/>\n<meta property=\"og:site_name\" content=\"Kocher+Beck\" \/>\n<meta property=\"article:modified_time\" content=\"2025-02-27T12:11:31+00:00\" \/>\n<meta name=\"twitter:card\" content=\"summary_large_image\" \/>\n<meta name=\"twitter:label1\" content=\"Szacowany czas czytania\" \/>\n\t<meta name=\"twitter:data1\" content=\"3 minuty\" \/>\n<script type=\"application\/ld+json\" class=\"yoast-schema-graph\">{\"@context\":\"https:\/\/schema.org\",\"@graph\":[{\"@type\":\"WebPage\",\"@id\":\"https:\/\/www.kocher-beck.com\/pl\/cut-place\/\",\"url\":\"https:\/\/www.kocher-beck.com\/pl\/cut-place\/\",\"name\":\"Cut&Place - Kocher+Beck\",\"isPartOf\":{\"@id\":\"https:\/\/www.kocher-beck.com\/pl\/#website\"},\"datePublished\":\"2023-02-08T14:53:53+00:00\",\"dateModified\":\"2025-02-27T12:11:31+00:00\",\"breadcrumb\":{\"@id\":\"https:\/\/www.kocher-beck.com\/pl\/cut-place\/#breadcrumb\"},\"inLanguage\":\"pl-PL\",\"potentialAction\":[{\"@type\":\"ReadAction\",\"target\":[\"https:\/\/www.kocher-beck.com\/pl\/cut-place\/\"]}]},{\"@type\":\"BreadcrumbList\",\"@id\":\"https:\/\/www.kocher-beck.com\/pl\/cut-place\/#breadcrumb\",\"itemListElement\":[{\"@type\":\"ListItem\",\"position\":1,\"name\":\"Home\",\"item\":\"https:\/\/www.kocher-beck.com\/pl\/\"},{\"@type\":\"ListItem\",\"position\":2,\"name\":\"Cut&#038;Place\"}]},{\"@type\":\"WebSite\",\"@id\":\"https:\/\/www.kocher-beck.com\/pl\/#website\",\"url\":\"https:\/\/www.kocher-beck.com\/pl\/\",\"name\":\"Kocher+Beck\",\"description\":\"\",\"potentialAction\":[{\"@type\":\"SearchAction\",\"target\":{\"@type\":\"EntryPoint\",\"urlTemplate\":\"https:\/\/www.kocher-beck.com\/pl\/?s={search_term_string}\"},\"query-input\":{\"@type\":\"PropertyValueSpecification\",\"valueRequired\":true,\"valueName\":\"search_term_string\"}}],\"inLanguage\":\"pl-PL\"}]}<\/script>\n<!-- \/ Yoast SEO plugin. -->","yoast_head_json":{"title":"Cut&Place - Kocher+Beck","robots":{"index":"index","follow":"follow","max-snippet":"max-snippet:-1","max-image-preview":"max-image-preview:large","max-video-preview":"max-video-preview:-1"},"canonical":"https:\/\/www.kocher-beck.com\/pl\/cut-place\/","og_locale":"pl_PL","og_type":"article","og_title":"Cut&Place - Kocher+Beck","og_description":"[vc_row video_bg=&#8221;yes&#8221; video_local_mp4_url=&#8221;\/wp-content\/uploads\/2022\/06\/die-cutting-stations-2.mp4&#8243; bg_position=&#8221;left center&#8221; enable_overlay=&#8221;yes&#8221; enable_loading_bg=&#8221;yes&#8221; css=&#8221;.vc_custom_1656416893013{padding-top: 160px !important;padding-bottom: 160px !important;background-image: url(http:\/\/www.kocher-beck.com\/wp-content\/uploads\/2021\/10\/die-cutting-station-unit-hero.jpg?id=559) !important;background-position: 0 0 !important;background-repeat: no-repeat !important;}&#8221; responsive_css=&#8221;padding_right_large:140px|padding_left_large:140px|padding_right_medium:100px|padding_left_medium:100px&#8221; overlay_bg=&#8221;rgba(58, 52, 41, 0.5)&#8221;][vc_column enable_content_animation=&#8221;yes&#8221; ca_init_scale_x=&#8221;1&#8243; ca_init_scale_y=&#8221;1&#8243; ca_init_opacity=&#8221;0&#8243; ca_an_scale_x=&#8221;1&#8243; ca_an_scale_y=&#8221;1&#8243; ca_an_opacity=&#8221;1&#8243; offset=&#8221;vc_col-lg-5 vc_col-md-6&#8243; ca_duration=&#8221;1800&#8243; ca_delay=&#8221;180&#8243; ca_init_translate_y=&#8221;45&#8243; ca_init_rotate_z=&#8221;0&#8243;][\/vc_column][\/vc_row][vc_row css=&#8221;.vc_custom_1633438304312{padding-top: 60px !important;padding-bottom: 60px !important;background-color: #f1f3f5 !important;}&#8221;][vc_column column_top_ontablet=&#8221;yes&#8221; column_top_onmobile=&#8221;yes&#8221; offset=&#8221;vc_col-md-offset-0 vc_col-md-8&#8243; responsive_css=&#8221;margin_bottom_medium:0px&#8221; css=&#8221;.vc_custom_1644417765074{margin-bottom: 35px !important;}&#8221;][\/vc_column][vc_column enable_pin=&#8221;enable_pin&#8221; offset=&#8221;vc_col-md-offset-1 vc_col-md-3&#8243;][\/vc_column][\/vc_row][vc_row [&hellip;]","og_url":"https:\/\/www.kocher-beck.com\/pl\/cut-place\/","og_site_name":"Kocher+Beck","article_modified_time":"2025-02-27T12:11:31+00:00","twitter_card":"summary_large_image","twitter_misc":{"Szacowany czas czytania":"3 minuty"},"schema":{"@context":"https:\/\/schema.org","@graph":[{"@type":"WebPage","@id":"https:\/\/www.kocher-beck.com\/pl\/cut-place\/","url":"https:\/\/www.kocher-beck.com\/pl\/cut-place\/","name":"Cut&Place - Kocher+Beck","isPartOf":{"@id":"https:\/\/www.kocher-beck.com\/pl\/#website"},"datePublished":"2023-02-08T14:53:53+00:00","dateModified":"2025-02-27T12:11:31+00:00","breadcrumb":{"@id":"https:\/\/www.kocher-beck.com\/pl\/cut-place\/#breadcrumb"},"inLanguage":"pl-PL","potentialAction":[{"@type":"ReadAction","target":["https:\/\/www.kocher-beck.com\/pl\/cut-place\/"]}]},{"@type":"BreadcrumbList","@id":"https:\/\/www.kocher-beck.com\/pl\/cut-place\/#breadcrumb","itemListElement":[{"@type":"ListItem","position":1,"name":"Home","item":"https:\/\/www.kocher-beck.com\/pl\/"},{"@type":"ListItem","position":2,"name":"Cut&#038;Place"}]},{"@type":"WebSite","@id":"https:\/\/www.kocher-beck.com\/pl\/#website","url":"https:\/\/www.kocher-beck.com\/pl\/","name":"Kocher+Beck","description":"","potentialAction":[{"@type":"SearchAction","target":{"@type":"EntryPoint","urlTemplate":"https:\/\/www.kocher-beck.com\/pl\/?s={search_term_string}"},"query-input":{"@type":"PropertyValueSpecification","valueRequired":true,"valueName":"search_term_string"}}],"inLanguage":"pl-PL"}]}},"_links":{"self":[{"href":"https:\/\/www.kocher-beck.com\/pl\/wp-json\/wp\/v2\/pages\/12491","targetHints":{"allow":["GET"]}}],"collection":[{"href":"https:\/\/www.kocher-beck.com\/pl\/wp-json\/wp\/v2\/pages"}],"about":[{"href":"https:\/\/www.kocher-beck.com\/pl\/wp-json\/wp\/v2\/types\/page"}],"author":[{"embeddable":true,"href":"https:\/\/www.kocher-beck.com\/pl\/wp-json\/wp\/v2\/users\/1"}],"replies":[{"embeddable":true,"href":"https:\/\/www.kocher-beck.com\/pl\/wp-json\/wp\/v2\/comments?post=12491"}],"version-history":[{"count":20,"href":"https:\/\/www.kocher-beck.com\/pl\/wp-json\/wp\/v2\/pages\/12491\/revisions"}],"predecessor-version":[{"id":13929,"href":"https:\/\/www.kocher-beck.com\/pl\/wp-json\/wp\/v2\/pages\/12491\/revisions\/13929"}],"wp:attachment":[{"href":"https:\/\/www.kocher-beck.com\/pl\/wp-json\/wp\/v2\/media?parent=12491"}],"curies":[{"name":"wp","href":"https:\/\/api.w.org\/{rel}","templated":true}]}}