{"id":12500,"date":"2023-01-18T11:16:06","date_gmt":"2023-01-18T11:16:06","guid":{"rendered":"https:\/\/www.kocher-beck.com\/technologia-wodorowa-sloneczna-i-akumulatorowa\/"},"modified":"2025-02-27T14:04:59","modified_gmt":"2025-02-27T14:04:59","slug":"technologia-wodorowa-sloneczna-i-akumulatorowa","status":"publish","type":"page","link":"https:\/\/www.kocher-beck.com\/pl\/technologia-wodorowa-sloneczna-i-akumulatorowa\/","title":{"rendered":"Technologia wodorowa \/ s\u0142oneczna i akumulatorowa"},"content":{"rendered":"<p>[vc_row bg_position=&#8221;center center&#8221; enable_overlay=&#8221;yes&#8221; enable_loading_bg=&#8221;yes&#8221; css=&#8221;.vc_custom_1675857335279{padding-top: 160px !important;padding-bottom: 160px !important;background-image: url(https:\/\/www.kocher-beck.com\/wp-content\/uploads\/2023\/02\/fuel-cell-business-header.jpg?id=11144) !important;background-position: 0 0 !important;background-repeat: no-repeat !important;}&#8221; responsive_css=&#8221;padding_right_large:140px|padding_left_large:140px|padding_right_medium:100px|padding_left_medium:100px&#8221; overlay_bg=&#8221;linear-gradient(90deg, rgb(0, 0, 0) 0%, rgba(172, 29, 225, 0) 100%)&#8221;][vc_column enable_content_animation=&#8221;yes&#8221; ca_init_scale_x=&#8221;1&#8243; ca_init_scale_y=&#8221;1&#8243; ca_init_opacity=&#8221;0&#8243; ca_an_scale_x=&#8221;1&#8243; ca_an_scale_y=&#8221;1&#8243; ca_an_opacity=&#8221;1&#8243; offset=&#8221;vc_col-lg-5 vc_col-md-6&#8243; ca_duration=&#8221;1800&#8243; ca_delay=&#8221;180&#8243; ca_init_translate_y=&#8221;45&#8243; ca_init_rotate_z=&#8221;0&#8243;]<style>.ld_fancy_heading_69de198866a57 h1{color:rgb(255, 255, 255);}.ld_fancy_heading_69de198866a57 h1 {font-size:36px; } @media (min-width: 768px) { .ld_fancy_heading_69de198866a57 h1 {font-size:48px; }  } @media (min-width: 992px) { .ld_fancy_heading_69de198866a57 h1 {font-size:60px; }  } .ld_fancy_heading_69de198866a57 .lqd-highlight-inner{height:0.275em!important;bottom:0px!important;}.ld_fancy_heading_69de198866a57 h1 {font-size:36px; } @media (min-width: 768px) { .ld_fancy_heading_69de198866a57 h1 {font-size:48px; }  } @media (min-width: 992px) { .ld_fancy_heading_69de198866a57 h1 {font-size:60px; }  } <\/style><div class=\"ld-fancy-heading text-uppercase standard-hero-heading ld_fancy_heading_69de198866a57\">\n\t<h1 class=\"ld-fh-element lqd-highlight-underline lqd-highlight-grow-left text-decoration-default lqd-split-lines\"   data-split-text=\"true\" data-split-options='{\"type\":\"lines\"}'>  Technologia wodorowa \/ s\u0142oneczna i akumulatorowa<\/h1><\/div>[\/vc_column][\/vc_row][vc_row css=&#8221;.vc_custom_1633438304312{padding-top: 60px !important;padding-bottom: 60px !important;background-color: #f1f3f5 !important;}&#8221;][vc_column column_top_ontablet=&#8221;yes&#8221; column_top_onmobile=&#8221;yes&#8221; offset=&#8221;vc_col-md-offset-0 vc_col-md-8&#8243; responsive_css=&#8221;margin_bottom_medium:0px&#8221; css=&#8221;.vc_custom_1634634346793{margin-bottom: 35px !important;}&#8221;]<style>.ld_fancy_heading_69de198866d1f h2{color:rgb(33, 30, 22);}.ld_fancy_heading_69de198866d1f h2 {font-size:24px; } @media (min-width: 768px) { .ld_fancy_heading_69de198866d1f h2 {font-size:36px; }  } .ld_fancy_heading_69de198866d1f h2 {margin-bottom:40px !important;  } .ld_fancy_heading_69de198866d1f .lqd-highlight-inner{height:0.275em!important;bottom:0px!important;}.ld_fancy_heading_69de198866d1f h2 {font-size:24px; } @media (min-width: 768px) { .ld_fancy_heading_69de198866d1f h2 {font-size:36px; }  } .ld_fancy_heading_69de198866d1f h2 {margin-bottom:40px !important;  } <\/style><div class=\"ld-fancy-heading standard-page-heading ld_fancy_heading_69de198866d1f\">\n\t<h2 class=\"ld-fh-element lqd-highlight-underline lqd-highlight-grow-left text-decoration-default\"   >  Kocher+Beck oferuje kreatywne i innowacyjne rozwi\u0105zania specjalne. Systemy tworzone na zam\u00f3wienie, specjalnie dostosowane do danego produktu i wymaga\u0144. My\u015bl nieszablonowo, my\u015bl rotacyjnie!<\/h2><\/div><style>.ld_fancy_heading_69de198866e5e p {margin-bottom:1.5em !important;  } .ld_fancy_heading_69de198866e5e .lqd-highlight-inner{height:0.275em!important;bottom:0px!important;}.ld_fancy_heading_69de198866e5e p {margin-bottom:1.5em !important;  } <\/style><div class=\"ld-fancy-heading ld_fancy_heading_69de198866e5e\">\n\t<p class=\"ld-fh-element lqd-highlight-underline lqd-highlight-grow-left text-decoration-default\"   >  Spersonalizowane rozwi\u0105zania Kocher+Beck s\u0105 u\u017cywane na ca\u0142ym \u015bwiecie w zastosowaniach obejmuj\u0105cych wymagaj\u0105ce materia\u0142y.<\/p>\n<p>Popraw wydajno\u015b\u0107 swoich maszyn i zwi\u0119ksz produkcj\u0119 dzi\u0119ki jednostkom opracowanym dok\u0142adnie dla danego zastosowania.<\/p>\n<p>Systemy Cut&amp;Place umo\u017cliwiaj\u0105 oddzielanie, kszta\u0142towanie i uk\u0142adanie surowca w ramach jednego, nieprzerwanego procesu.<\/p>\n<p>Eliminacja przestoj\u00f3w i ponownych uruchomie\u0144 pozwala uzyska\u0107 maksymaln\u0105 wydajno\u015b\u0107 w procesie ci\u0105g\u0142ym.<\/p>\n<p>W dziedzinie technologii ogniw paliwowych PEM (membrana z elektrolitem polimerowym) podstawowe komponenty MEA (zesp\u00f3\u0142 elektrody membranowej) mog\u0105 by\u0107 bardzo precyzyjnie rozdzielane i osadzane.<\/p>\n<p>Mo\u017cliwe jest r\u00f3wnie\u017c sztancowanie szerokiej gamy materia\u0142\u00f3w rolowych, takich jak membrany (CCM) lub folie uszczelkowe. Wycinanie funkcjonalnych powierzchni\u00a0 nie stanowi problemu, a mo\u017cliwo\u015bci w zakresie kszta\u0142t\u00f3w s\u0105 praktycznie nieograniczone.<\/p>\n<p>Czy chcesz laminowa\u0107 folie uszczelkowe? Kocher+Beck z pewno\u015bci\u0105 znajdzie dla Ciebie odpowiednie rozwi\u0105zanie!<\/p>\n<p>Materia\u0142y, kt\u00f3re s\u0105 wymagane do projekt\u00f3w przemys\u0142owych w sektorze akumulator\u00f3w i magazynowania energii, r\u00f3wnie\u017c mog\u0105 by\u0107 sztancowane.<\/p>\n<p>Izolatory elektryczne, folie separuj\u0105ce lub elementy r\u00f3wnowa\u017c\u0105ce s\u0105 niezb\u0119dnymi komponentami funkcjonalnymi w tym \u015brodowisku.<\/p>\n<p>Mo\u017cliwe jest nawet przetwarzanie komponent\u00f3w stosowanych w technologii elastycznych ogniw s\u0142onecznych, takich jak folie separacyjne, izolatory itp.<\/p>\n<p>Do sitodruku rotacyjnego komponent\u00f3w elektronicznych, ogniw s\u0142onecznych i membran w ogniwach paliwowych Kocher+Beck oferuje du\u017cy wyb\u00f3r siatek sitodrukowych wykonanych z niklowanej stali nierdzewnej.<\/p>\n<p>Wi\u0119cej informacji mo\u017cna znale\u017a\u0107 w sekcji po\u015bwi\u0119conej rozwi\u0105zaniom TecScreen.<\/p>\n<p>Zaanga\u017cuj nas w sw\u00f3j projekt na wczesnym etapie, a zapewnimy Ci pe\u0142ne wsparcie w zakresie rozwi\u0105za\u0144 rotacyjnych.<\/p><\/div>[vc_row_inner css=&#8221;.vc_custom_1644409289606{margin-top: 80px !important;}&#8221;][vc_column_inner]<style>.ld_custom_menu_69de198867013 > ul > li > a{font-size:16px;font-weight:500;letter-spacing:0.01em;text-transform:uppercase;color:rgb(255, 255, 255);background:rgb(58, 52, 41);}.ld_custom_menu_69de198867013{margin-inline-start:-3px;margin-inline-end:-3px;}.ld_custom_menu_69de198867013 li{margin-inline-start:3px;margin-inline-end:3px;}.lqd-stickybar > .lqd-head-col > .header-module > .ld_custom_menu_69de198867013 li{margin-top:3px;margin-bottom:3px;}.ld_custom_menu_69de198867013 > ul > li > a:hover, .ld_custom_menu_69de198867013 li.is-active > a{color:rgb(255, 255, 255);background:rgb(58, 52, 41);}.ld_custom_menu_69de198867013 > ul > li .link-icon{color:rgb(255, 255, 255);}.ld_custom_menu_69de198867013 > ul > li > a:hover .link-icon .link-icon, .ld_custom_menu_69de198867013 li.is-active .link-icon{color:rgb(212, 40, 47);}<\/style><div\n\tclass=\"lqd-fancy-menu lqd-custom-menu menu-items-has-fill lqd-menu-td-none hsb-tech-product-menu-buttons ld_custom_menu_69de198867013\"\n\t>\n\n<ul id=\"ld_custom_menu_69de198867013\" class=\"reset-ul inline-nav  \" ><li id=\"menu-item-13459\" class=\"menu-item menu-item-type-post_type menu-item-object-page menu-item-13459\"><a href=\"https:\/\/www.kocher-beck.com\/pl\/stacje-sztancujace\/\">Stacje sztancuj\u0105ce<\/a><\/li>\n<li id=\"menu-item-13460\" class=\"menu-item menu-item-type-post_type menu-item-object-page menu-item-13460\"><a href=\"https:\/\/www.kocher-beck.com\/pl\/elastyczne-dies\/\">Wykrojniki magnetyczne<\/a><\/li>\n<li id=\"menu-item-13461\" class=\"menu-item menu-item-type-post_type menu-item-object-page menu-item-13461\"><a href=\"https:\/\/www.kocher-beck.com\/pl\/gapmaster-plus-kms\/\">GapMaster + KMS<\/a><\/li>\n<li id=\"menu-item-13462\" class=\"menu-item menu-item-type-post_type menu-item-object-page menu-item-13462\"><a href=\"https:\/\/www.kocher-beck.com\/pl\/narzedzia-obrotowe-cylindry-magnetyczne\/\">Wykrojniki rotacyjne + clindry magnetyczne<\/a><\/li>\n<li id=\"menu-item-13463\" class=\"menu-item menu-item-type-post_type menu-item-object-page menu-item-13463\"><a href=\"https:\/\/www.kocher-beck.com\/pl\/tecscreen\/\">TecScreen<\/a><\/li>\n<li id=\"menu-item-13464\" class=\"menu-item menu-item-type-post_type menu-item-object-page menu-item-13464\"><a href=\"https:\/\/www.kocher-beck.com\/pl\/cut-place\/\">Cut&#038;Place<\/a><\/li>\n<\/ul><\/div>[\/vc_column_inner][\/vc_row_inner][\/vc_column][vc_column offset=&#8221;vc_col-md-offset-1 vc_col-md-3&#8243;]<style>.ld_custom_menu_69de1988696ca > ul > li > a{font-size:16px;font-weight:500;letter-spacing:0.01em;text-transform:uppercase;color:rgb(255, 255, 255);background:rgb(58, 52, 41);}.ld_custom_menu_69de1988696ca > ul > li:not(:last-child){margin-bottom:3px;}.lqd-stickybar > .lqd-head-col > .header-module > .ld_custom_menu_69de1988696ca li{margin-inline-start:3px;}.ld_custom_menu_69de1988696ca > ul > li > a:hover, .ld_custom_menu_69de1988696ca li.is-active > a{color:rgb(255, 255, 255);background:rgb(212, 40, 47);}.ld_custom_menu_69de1988696ca > ul > li .link-icon{color:rgb(212, 40, 47);}.ld_custom_menu_69de1988696ca > ul > li > a:hover .link-icon .link-icon, .ld_custom_menu_69de1988696ca li.is-active .link-icon{color:rgb(255, 255, 255);}<\/style><div\n\tclass=\"lqd-fancy-menu lqd-custom-menu menu-items-has-fill lqd-menu-td-none application-product-menu ld_custom_menu_69de1988696ca\"\n\t>\n\n<ul id=\"ld_custom_menu_69de1988696ca\" class=\"reset-ul   \" ><li id=\"menu-item-13473\" class=\"menu-item menu-item-type-custom menu-item-object-custom menu-item-13473\"><a href=\"\/contact-usa\/\">Kontakt<\/a><\/li>\n<li id=\"menu-item-13474\" class=\"menu-item menu-item-type-custom menu-item-object-custom menu-item-13474\"><a href=\"\/services\/#design-support\">Planowanie projekt\u00f3w \/ rozwi\u0105zania specjalne<\/a><\/li>\n<\/ul><\/div>[\/vc_column][\/vc_row][vc_row css=&#8221;.vc_custom_1634286167305{background-color: #f1f3f5 !important;}&#8221;][vc_column offset=&#8221;vc_col-md-12&#8243;]<style>.ld_spacer_69de19886a69f{height:40px;}<\/style>\n<div class=\"ld-empty-space ld_spacer_69de19886a69f\"><\/div>[\/vc_column][\/vc_row]<\/p>\n","protected":false},"excerpt":{"rendered":"<p>[vc_row bg_position=&#8221;center center&#8221; enable_overlay=&#8221;yes&#8221; enable_loading_bg=&#8221;yes&#8221; css=&#8221;.vc_custom_1675857335279{padding-top: 160px !important;padding-bottom: 160px !important;background-image: url(https:\/\/www.kocher-beck.com\/wp-content\/uploads\/2023\/02\/fuel-cell-business-header.jpg?id=11144) !important;background-position: 0 0 !important;background-repeat: no-repeat !important;}&#8221; responsive_css=&#8221;padding_right_large:140px|padding_left_large:140px|padding_right_medium:100px|padding_left_medium:100px&#8221; overlay_bg=&#8221;linear-gradient(90deg, rgb(0, 0, 0) 0%, rgba(172, 29, 225, 0) 100%)&#8221;][vc_column enable_content_animation=&#8221;yes&#8221; ca_init_scale_x=&#8221;1&#8243; ca_init_scale_y=&#8221;1&#8243; ca_init_opacity=&#8221;0&#8243; ca_an_scale_x=&#8221;1&#8243; ca_an_scale_y=&#8221;1&#8243; ca_an_opacity=&#8221;1&#8243; offset=&#8221;vc_col-lg-5 vc_col-md-6&#8243; ca_duration=&#8221;1800&#8243; ca_delay=&#8221;180&#8243; ca_init_translate_y=&#8221;45&#8243; ca_init_rotate_z=&#8221;0&#8243;][\/vc_column][\/vc_row][vc_row css=&#8221;.vc_custom_1633438304312{padding-top: 60px !important;padding-bottom: 60px !important;background-color: #f1f3f5 !important;}&#8221;][vc_column column_top_ontablet=&#8221;yes&#8221; column_top_onmobile=&#8221;yes&#8221; offset=&#8221;vc_col-md-offset-0 vc_col-md-8&#8243; responsive_css=&#8221;margin_bottom_medium:0px&#8221; css=&#8221;.vc_custom_1634634346793{margin-bottom: 35px [&hellip;]<\/p>\n","protected":false},"author":1,"featured_media":0,"parent":0,"menu_order":0,"comment_status":"closed","ping_status":"closed","template":"","meta":{"_acf_changed":false,"footnotes":""},"class_list":["post-12500","page","type-page","status-publish","hentry"],"acf":[],"yoast_head":"<!-- This site is optimized with the Yoast SEO plugin v27.0 - https:\/\/yoast.com\/product\/yoast-seo-wordpress\/ -->\n<title>Technologia wodorowa \/ s\u0142oneczna i akumulatorowa - Kocher+Beck<\/title>\n<meta name=\"robots\" content=\"index, follow, max-snippet:-1, max-image-preview:large, max-video-preview:-1\" \/>\n<link rel=\"canonical\" href=\"https:\/\/www.kocher-beck.com\/pl\/technologia-wodorowa-sloneczna-i-akumulatorowa\/\" \/>\n<meta property=\"og:locale\" content=\"pl_PL\" \/>\n<meta property=\"og:type\" content=\"article\" \/>\n<meta property=\"og:title\" content=\"Technologia wodorowa \/ s\u0142oneczna i akumulatorowa - Kocher+Beck\" \/>\n<meta property=\"og:description\" content=\"[vc_row bg_position=&#8221;center center&#8221; enable_overlay=&#8221;yes&#8221; enable_loading_bg=&#8221;yes&#8221; css=&#8221;.vc_custom_1675857335279{padding-top: 160px !important;padding-bottom: 160px !important;background-image: url(https:\/\/www.kocher-beck.com\/wp-content\/uploads\/2023\/02\/fuel-cell-business-header.jpg?id=11144) !important;background-position: 0 0 !important;background-repeat: no-repeat !important;}&#8221; responsive_css=&#8221;padding_right_large:140px|padding_left_large:140px|padding_right_medium:100px|padding_left_medium:100px&#8221; overlay_bg=&#8221;linear-gradient(90deg, rgb(0, 0, 0) 0%, rgba(172, 29, 225, 0) 100%)&#8221;][vc_column enable_content_animation=&#8221;yes&#8221; ca_init_scale_x=&#8221;1&#8243; ca_init_scale_y=&#8221;1&#8243; ca_init_opacity=&#8221;0&#8243; ca_an_scale_x=&#8221;1&#8243; ca_an_scale_y=&#8221;1&#8243; ca_an_opacity=&#8221;1&#8243; offset=&#8221;vc_col-lg-5 vc_col-md-6&#8243; ca_duration=&#8221;1800&#8243; ca_delay=&#8221;180&#8243; ca_init_translate_y=&#8221;45&#8243; ca_init_rotate_z=&#8221;0&#8243;][\/vc_column][\/vc_row][vc_row css=&#8221;.vc_custom_1633438304312{padding-top: 60px !important;padding-bottom: 60px !important;background-color: #f1f3f5 !important;}&#8221;][vc_column column_top_ontablet=&#8221;yes&#8221; column_top_onmobile=&#8221;yes&#8221; offset=&#8221;vc_col-md-offset-0 vc_col-md-8&#8243; responsive_css=&#8221;margin_bottom_medium:0px&#8221; css=&#8221;.vc_custom_1634634346793{margin-bottom: 35px [&hellip;]\" \/>\n<meta property=\"og:url\" content=\"https:\/\/www.kocher-beck.com\/pl\/technologia-wodorowa-sloneczna-i-akumulatorowa\/\" \/>\n<meta property=\"og:site_name\" content=\"Kocher+Beck\" \/>\n<meta property=\"article:modified_time\" content=\"2025-02-27T14:04:59+00:00\" \/>\n<meta name=\"twitter:card\" content=\"summary_large_image\" \/>\n<meta name=\"twitter:label1\" content=\"Szacowany czas czytania\" \/>\n\t<meta name=\"twitter:data1\" content=\"2 minuty\" \/>\n<script type=\"application\/ld+json\" class=\"yoast-schema-graph\">{\"@context\":\"https:\/\/schema.org\",\"@graph\":[{\"@type\":\"WebPage\",\"@id\":\"https:\/\/www.kocher-beck.com\/pl\/technologia-wodorowa-sloneczna-i-akumulatorowa\/\",\"url\":\"https:\/\/www.kocher-beck.com\/pl\/technologia-wodorowa-sloneczna-i-akumulatorowa\/\",\"name\":\"Technologia wodorowa \/ s\u0142oneczna i akumulatorowa - Kocher+Beck\",\"isPartOf\":{\"@id\":\"https:\/\/www.kocher-beck.com\/pl\/#website\"},\"datePublished\":\"2023-01-18T11:16:06+00:00\",\"dateModified\":\"2025-02-27T14:04:59+00:00\",\"breadcrumb\":{\"@id\":\"https:\/\/www.kocher-beck.com\/pl\/technologia-wodorowa-sloneczna-i-akumulatorowa\/#breadcrumb\"},\"inLanguage\":\"pl-PL\",\"potentialAction\":[{\"@type\":\"ReadAction\",\"target\":[\"https:\/\/www.kocher-beck.com\/pl\/technologia-wodorowa-sloneczna-i-akumulatorowa\/\"]}]},{\"@type\":\"BreadcrumbList\",\"@id\":\"https:\/\/www.kocher-beck.com\/pl\/technologia-wodorowa-sloneczna-i-akumulatorowa\/#breadcrumb\",\"itemListElement\":[{\"@type\":\"ListItem\",\"position\":1,\"name\":\"Home\",\"item\":\"https:\/\/www.kocher-beck.com\/pl\/\"},{\"@type\":\"ListItem\",\"position\":2,\"name\":\"Technologia wodorowa \/ s\u0142oneczna i akumulatorowa\"}]},{\"@type\":\"WebSite\",\"@id\":\"https:\/\/www.kocher-beck.com\/pl\/#website\",\"url\":\"https:\/\/www.kocher-beck.com\/pl\/\",\"name\":\"Kocher+Beck\",\"description\":\"\",\"potentialAction\":[{\"@type\":\"SearchAction\",\"target\":{\"@type\":\"EntryPoint\",\"urlTemplate\":\"https:\/\/www.kocher-beck.com\/pl\/?s={search_term_string}\"},\"query-input\":{\"@type\":\"PropertyValueSpecification\",\"valueRequired\":true,\"valueName\":\"search_term_string\"}}],\"inLanguage\":\"pl-PL\"}]}<\/script>\n<!-- \/ Yoast SEO plugin. -->","yoast_head_json":{"title":"Technologia wodorowa \/ s\u0142oneczna i akumulatorowa - Kocher+Beck","robots":{"index":"index","follow":"follow","max-snippet":"max-snippet:-1","max-image-preview":"max-image-preview:large","max-video-preview":"max-video-preview:-1"},"canonical":"https:\/\/www.kocher-beck.com\/pl\/technologia-wodorowa-sloneczna-i-akumulatorowa\/","og_locale":"pl_PL","og_type":"article","og_title":"Technologia wodorowa \/ s\u0142oneczna i akumulatorowa - Kocher+Beck","og_description":"[vc_row bg_position=&#8221;center center&#8221; enable_overlay=&#8221;yes&#8221; enable_loading_bg=&#8221;yes&#8221; css=&#8221;.vc_custom_1675857335279{padding-top: 160px !important;padding-bottom: 160px !important;background-image: url(https:\/\/www.kocher-beck.com\/wp-content\/uploads\/2023\/02\/fuel-cell-business-header.jpg?id=11144) !important;background-position: 0 0 !important;background-repeat: no-repeat !important;}&#8221; responsive_css=&#8221;padding_right_large:140px|padding_left_large:140px|padding_right_medium:100px|padding_left_medium:100px&#8221; overlay_bg=&#8221;linear-gradient(90deg, rgb(0, 0, 0) 0%, rgba(172, 29, 225, 0) 100%)&#8221;][vc_column enable_content_animation=&#8221;yes&#8221; ca_init_scale_x=&#8221;1&#8243; ca_init_scale_y=&#8221;1&#8243; ca_init_opacity=&#8221;0&#8243; ca_an_scale_x=&#8221;1&#8243; ca_an_scale_y=&#8221;1&#8243; ca_an_opacity=&#8221;1&#8243; offset=&#8221;vc_col-lg-5 vc_col-md-6&#8243; ca_duration=&#8221;1800&#8243; ca_delay=&#8221;180&#8243; ca_init_translate_y=&#8221;45&#8243; ca_init_rotate_z=&#8221;0&#8243;][\/vc_column][\/vc_row][vc_row css=&#8221;.vc_custom_1633438304312{padding-top: 60px !important;padding-bottom: 60px !important;background-color: #f1f3f5 !important;}&#8221;][vc_column column_top_ontablet=&#8221;yes&#8221; column_top_onmobile=&#8221;yes&#8221; offset=&#8221;vc_col-md-offset-0 vc_col-md-8&#8243; responsive_css=&#8221;margin_bottom_medium:0px&#8221; css=&#8221;.vc_custom_1634634346793{margin-bottom: 35px [&hellip;]","og_url":"https:\/\/www.kocher-beck.com\/pl\/technologia-wodorowa-sloneczna-i-akumulatorowa\/","og_site_name":"Kocher+Beck","article_modified_time":"2025-02-27T14:04:59+00:00","twitter_card":"summary_large_image","twitter_misc":{"Szacowany czas czytania":"2 minuty"},"schema":{"@context":"https:\/\/schema.org","@graph":[{"@type":"WebPage","@id":"https:\/\/www.kocher-beck.com\/pl\/technologia-wodorowa-sloneczna-i-akumulatorowa\/","url":"https:\/\/www.kocher-beck.com\/pl\/technologia-wodorowa-sloneczna-i-akumulatorowa\/","name":"Technologia wodorowa \/ s\u0142oneczna i akumulatorowa - Kocher+Beck","isPartOf":{"@id":"https:\/\/www.kocher-beck.com\/pl\/#website"},"datePublished":"2023-01-18T11:16:06+00:00","dateModified":"2025-02-27T14:04:59+00:00","breadcrumb":{"@id":"https:\/\/www.kocher-beck.com\/pl\/technologia-wodorowa-sloneczna-i-akumulatorowa\/#breadcrumb"},"inLanguage":"pl-PL","potentialAction":[{"@type":"ReadAction","target":["https:\/\/www.kocher-beck.com\/pl\/technologia-wodorowa-sloneczna-i-akumulatorowa\/"]}]},{"@type":"BreadcrumbList","@id":"https:\/\/www.kocher-beck.com\/pl\/technologia-wodorowa-sloneczna-i-akumulatorowa\/#breadcrumb","itemListElement":[{"@type":"ListItem","position":1,"name":"Home","item":"https:\/\/www.kocher-beck.com\/pl\/"},{"@type":"ListItem","position":2,"name":"Technologia wodorowa \/ s\u0142oneczna i akumulatorowa"}]},{"@type":"WebSite","@id":"https:\/\/www.kocher-beck.com\/pl\/#website","url":"https:\/\/www.kocher-beck.com\/pl\/","name":"Kocher+Beck","description":"","potentialAction":[{"@type":"SearchAction","target":{"@type":"EntryPoint","urlTemplate":"https:\/\/www.kocher-beck.com\/pl\/?s={search_term_string}"},"query-input":{"@type":"PropertyValueSpecification","valueRequired":true,"valueName":"search_term_string"}}],"inLanguage":"pl-PL"}]}},"_links":{"self":[{"href":"https:\/\/www.kocher-beck.com\/pl\/wp-json\/wp\/v2\/pages\/12500","targetHints":{"allow":["GET"]}}],"collection":[{"href":"https:\/\/www.kocher-beck.com\/pl\/wp-json\/wp\/v2\/pages"}],"about":[{"href":"https:\/\/www.kocher-beck.com\/pl\/wp-json\/wp\/v2\/types\/page"}],"author":[{"embeddable":true,"href":"https:\/\/www.kocher-beck.com\/pl\/wp-json\/wp\/v2\/users\/1"}],"replies":[{"embeddable":true,"href":"https:\/\/www.kocher-beck.com\/pl\/wp-json\/wp\/v2\/comments?post=12500"}],"version-history":[{"count":8,"href":"https:\/\/www.kocher-beck.com\/pl\/wp-json\/wp\/v2\/pages\/12500\/revisions"}],"predecessor-version":[{"id":13957,"href":"https:\/\/www.kocher-beck.com\/pl\/wp-json\/wp\/v2\/pages\/12500\/revisions\/13957"}],"wp:attachment":[{"href":"https:\/\/www.kocher-beck.com\/pl\/wp-json\/wp\/v2\/media?parent=12500"}],"curies":[{"name":"wp","href":"https:\/\/api.w.org\/{rel}","templated":true}]}}