{"id":12562,"date":"2021-10-20T16:41:53","date_gmt":"2021-10-20T15:41:53","guid":{"rendered":"https:\/\/www.kocher-beck.com\/akademia\/"},"modified":"2025-02-27T12:09:21","modified_gmt":"2025-02-27T12:09:21","slug":"akademia","status":"publish","type":"page","link":"https:\/\/www.kocher-beck.com\/pl\/akademia\/","title":{"rendered":"Akademia"},"content":{"rendered":"<p>[vc_row bg_position=&#8221;center center&#8221; enable_loading_bg=&#8221;yes&#8221; css=&#8221;.vc_custom_1644492564071{padding-top: 160px !important;padding-bottom: 160px !important;background-image: url(http:\/\/www.kocher-beck.com\/wp-content\/uploads\/2021\/10\/academy-hero.jpg?id=853) !important;background-position: 0 0 !important;background-repeat: no-repeat !important;}&#8221; responsive_css=&#8221;padding_right_large:140px|padding_left_large:140px|padding_right_medium:100px|padding_left_medium:100px&#8221;][vc_column enable_content_animation=&#8221;yes&#8221; ca_init_scale_x=&#8221;1&#8243; ca_init_scale_y=&#8221;1&#8243; ca_init_opacity=&#8221;0&#8243; ca_an_scale_x=&#8221;1&#8243; ca_an_scale_y=&#8221;1&#8243; ca_an_opacity=&#8221;1&#8243; offset=&#8221;vc_col-lg-5 vc_col-md-6&#8243; ca_duration=&#8221;1800&#8243; ca_delay=&#8221;180&#8243; ca_init_translate_y=&#8221;45&#8243; ca_init_rotate_z=&#8221;0&#8243;]<style>.ld_fancy_heading_69de2639bf25c h1{color:rgb(255, 255, 255);}.ld_fancy_heading_69de2639bf25c h1 {font-size:36px; } @media (min-width: 768px) { .ld_fancy_heading_69de2639bf25c h1 {font-size:48px; }  } @media (min-width: 992px) { .ld_fancy_heading_69de2639bf25c h1 {font-size:60px; }  } .ld_fancy_heading_69de2639bf25c .lqd-highlight-inner{height:0.275em!important;bottom:0px!important;}.ld_fancy_heading_69de2639bf25c h1 {font-size:36px; } @media (min-width: 768px) { .ld_fancy_heading_69de2639bf25c h1 {font-size:48px; }  } @media (min-width: 992px) { .ld_fancy_heading_69de2639bf25c h1 {font-size:60px; }  } <\/style><div class=\"ld-fancy-heading text-uppercase standard-hero-heading ld_fancy_heading_69de2639bf25c\">\n\t<h1 class=\"ld-fh-element lqd-highlight-underline lqd-highlight-grow-left text-decoration-default lqd-split-lines\"   data-split-text=\"true\" data-split-options='{\"type\":\"lines\"}'>  Akademia<\/h1><\/div>[\/vc_column][\/vc_row][vc_row css=&#8221;.vc_custom_1633438304312{padding-top: 60px !important;padding-bottom: 60px !important;background-color: #f1f3f5 !important;}&#8221;][vc_column column_top_ontablet=&#8221;yes&#8221; column_top_onmobile=&#8221;yes&#8221; offset=&#8221;vc_col-md-offset-0 vc_col-md-8&#8243; responsive_css=&#8221;margin_bottom_medium:0px&#8221; css=&#8221;.vc_custom_1634634346793{margin-bottom: 35px !important;}&#8221;][vc_row_inner content_placement=&#8221;top&#8221; el_id=&#8221;magnetic-cylinder-audits&#8221;][vc_column_inner width=&#8221;1\/4&#8243;][vc_single_image image=&#8221;839&#8243;][\/vc_column_inner][vc_column_inner width=&#8221;3\/4&#8243;]<style>.ld_fancy_heading_69de2639bf46b h2{color:rgb(33, 30, 22);}.ld_fancy_heading_69de2639bf46b h2 {font-size:24px; } @media (min-width: 768px) { .ld_fancy_heading_69de2639bf46b h2 {font-size:36px; }  } .ld_fancy_heading_69de2639bf46b h2 {margin-bottom:40px !important;  } .ld_fancy_heading_69de2639bf46b .lqd-highlight-inner{height:0.275em!important;bottom:0px!important;}.ld_fancy_heading_69de2639bf46b h2 {font-size:24px; } @media (min-width: 768px) { .ld_fancy_heading_69de2639bf46b h2 {font-size:36px; }  } .ld_fancy_heading_69de2639bf46b h2 {margin-bottom:40px !important;  } <\/style><div class=\"ld-fancy-heading standard-page-heading ld_fancy_heading_69de2639bf46b\">\n\t<h2 class=\"ld-fh-element lqd-highlight-underline lqd-highlight-grow-left text-decoration-default\"   >  Witamy w Akademii online Kocher+Beck.<\/h2><\/div>[vc_single_image image=&#8221;841&#8243;]<style>.ld_fancy_heading_69de2639bf633 p {margin-bottom:1.5em !important;  } .ld_fancy_heading_69de2639bf633 .lqd-highlight-inner{height:0.275em!important;bottom:0px!important;}.ld_fancy_heading_69de2639bf633 p {margin-bottom:1.5em !important;  } <\/style><div class=\"ld-fancy-heading ld_fancy_heading_69de2639bf633\">\n\t<p class=\"ld-fh-element lqd-highlight-underline lqd-highlight-grow-left text-decoration-default\"   >  W ten spos\u00f3b dzielimy si\u0119 nasz\u0105 wiedz\u0105 i do\u015bwiadczeniem z Tob\u0105 i Twoim zespo\u0142em.<\/p>\n<p>Czy chcesz&#8230;<\/p><\/div><style>.ld_fancy_heading_69de2639bf77e p{background:rgba(99, 144, 198, 0.2);}.ld_fancy_heading_69de2639bf77e p {padding-top:15px !important; padding-right:30px !important; padding-bottom:15px !important; padding-left:30px !important;  } .ld_fancy_heading_69de2639bf77e .lqd-highlight-inner{height:0.275em!important;bottom:0px!important;}.ld_fancy_heading_69de2639bf77e p {padding-top:15px !important; padding-right:30px !important; padding-bottom:15px !important; padding-left:30px !important;  } <\/style><div class=\"ld-fancy-heading ld-fh-has-fill ld_fancy_heading_69de2639bf77e\">\n\t<p class=\"ld-fh-element lqd-highlight-underline lqd-highlight-grow-left text-decoration-default\"   >  <strong>&#8230;dowiedzie\u0107 si\u0119 wi\u0119cej o wykrojnikach magnetycznych i produktach?<\/strong><\/p><\/div><style>.ld_fancy_heading_69de2639bf8ae p{background:rgba(99, 144, 198, 0.2);}.ld_fancy_heading_69de2639bf8ae p {padding-top:15px !important; padding-right:30px !important; padding-bottom:15px !important; padding-left:30px !important;  } .ld_fancy_heading_69de2639bf8ae .lqd-highlight-inner{height:0.275em!important;bottom:0px!important;}.ld_fancy_heading_69de2639bf8ae p {padding-top:15px !important; padding-right:30px !important; padding-bottom:15px !important; padding-left:30px !important;  } <\/style><div class=\"ld-fancy-heading ld-fh-has-fill ld_fancy_heading_69de2639bf8ae\">\n\t<p class=\"ld-fh-element lqd-highlight-underline lqd-highlight-grow-left text-decoration-default\"   >  <strong>&#8230;poszerzy\u0107 swoj\u0105 wiedz\u0119 na temat dzia\u0142ania wykrojnik\u00f3w na r\u00f3\u017cnych materia\u0142ach i zwi\u0105zanych z tym specyfikacjach technicznych?<\/strong><\/p><\/div><style>.ld_fancy_heading_69de2639bf9d0 p{background:rgba(99, 144, 198, 0.2);}.ld_fancy_heading_69de2639bf9d0 p {padding-top:15px !important; padding-right:30px !important; padding-bottom:15px !important; padding-left:30px !important;  } .ld_fancy_heading_69de2639bf9d0 .lqd-highlight-inner{height:0.275em!important;bottom:0px!important;}.ld_fancy_heading_69de2639bf9d0 p {padding-top:15px !important; padding-right:30px !important; padding-bottom:15px !important; padding-left:30px !important;  } <\/style><div class=\"ld-fancy-heading ld-fh-has-fill ld_fancy_heading_69de2639bf9d0\">\n\t<p class=\"ld-fh-element lqd-highlight-underline lqd-highlight-grow-left text-decoration-default\"   >  <strong>&#8230;dowiedzie\u0107 si\u0119, jak rozwi\u0105zywa\u0107 typowe problemy z maszyn\u0105?<\/strong><\/p><\/div><style>.ld_fancy_heading_69de2639bfb0b p {margin-top:1.5em !important; margin-bottom:1.5em !important;  } .ld_fancy_heading_69de2639bfb0b .lqd-highlight-inner{height:0.275em!important;bottom:0px!important;}.ld_fancy_heading_69de2639bfb0b p {margin-top:1.5em !important; margin-bottom:1.5em !important;  } <\/style><div class=\"ld-fancy-heading ld_fancy_heading_69de2639bfb0b\">\n\t<p class=\"ld-fh-element lqd-highlight-underline lqd-highlight-grow-left text-decoration-default\"   >  Nasze centrum edukacyjne <strong>Academy:Flex<\/strong> jest tutaj, aby zapewni\u0107 Ci wszystkie potrzebne informacje, wraz z radami i wskaz\u00f3wkami od naszego zespo\u0142u ekspert\u00f3w.<\/p><\/div>[vc_raw_html css=&#8221;.vc_custom_1664535056739{margin-top: 1em !important;}&#8221;]JTNDaWZyYW1lJTIwdGl0bGUlM0QlMjJ2aW1lby1wbGF5ZXIlMjIlMjBzcmMlM0QlMjJodHRwcyUzQSUyRiUyRnBsYXllci52aW1lby5jb20lMkZ2aWRlbyUyRjc1NDY2MjU5MSUzRmglM0Q3NzcyZjhmMzUwJTIyJTIwd2lkdGglM0QlMjI2NDAlMjIlMjBoZWlnaHQlM0QlMjIzNjAlMjIlMjBmcmFtZWJvcmRlciUzRCUyMjAlMjIlMjBhbGxvd2Z1bGxzY3JlZW4lM0UlM0MlMkZpZnJhbWUlM0U=[\/vc_raw_html]<div class=\"header-module module-button\">\n\t<style>.ld_button_69de2639bff45.btn-icon-solid .btn-icon{background:rgb(99, 144, 198);}.ld_button_69de2639bff45.btn-icon-circle.btn-icon-ripple .btn-icon:before{border-color:rgb(99, 144, 198);}.ld_button_69de2639bff45.btn-icon-solid:hover .btn-icon{background:rgb(58, 52, 41);}.ld_button_69de2639bff45{background-color:rgb(99, 144, 198);border-color:rgb(99, 144, 198);}.ld_button_69de2639bff45:hover{background-color:rgb(58, 52, 41);border-color:rgb(58, 52, 41);}.ld_button_69de2639bff45 .btn-gradient-bg-hover{background:-webkit-linear-gradient(to right, rgb(58, 52, 41) 0%, rgb(58, 52, 41) 100%);background:linear-gradient(to right, rgb(58, 52, 41) 0%, rgb(58, 52, 41) 100%);}.ld_button_69de2639bff45 .btn-gradient-border defs stop:first-child{stop-color:rgb(99, 144, 198);}.ld_button_69de2639bff45 .btn-gradient-border defs stop:last-child{stop-color:rgb(99, 144, 198);}.ld_button_69de2639bff45:hover .btn-gradient-border defs stop:first-child{stop-color:rgb(58, 52, 41);}.ld_button_69de2639bff45:hover .btn-gradient-border defs stop:last-child{stop-color:rgb(58, 52, 41);}.ld_button_69de2639bff45 {font-size:12px; } .ld_button_69de2639bff45 {font-weight:700; } .ld_button_69de2639bff45 {letter-spacing:0.2em; } .ld_button_69de2639bff45 {font-size:12px; } .ld_button_69de2639bff45 {font-weight:700; } .ld_button_69de2639bff45 {letter-spacing:0.2em; } .ld_button_69de2639bff45 {font-size:12px; } .ld_button_69de2639bff45 {font-weight:700; } .ld_button_69de2639bff45 {letter-spacing:0.2em; } <\/style><a href=\"https:\/\/kocherbeck.simplero.com\/\" title=\"Akademia\" target=\"_blank\" class=\"btn btn-solid text-uppercase border-none btn-has-label home-application-btn ld_header_button_69de2639bfc4e ld_button_69de2639bff45 vc_custom_1665740509922\" >\n\t<span>\n\t\n\t\t\t\t\t<span class=\"btn-txt\" data-text=\"Przejd\u017a do Akademii online\" >Przejd\u017a do Akademii online<\/span>\n\t\t\n\t<span class=\"btn-icon\"><i class=\"lqd-icn-ess icon-ion-ios-arrow-forward\"><\/i><\/span>\t\t\t\t<\/span>\n<\/a>\n<\/div><style>.ld_fancy_heading_69de2639c0b48 p {margin-bottom:1.5em !important;  } .ld_fancy_heading_69de2639c0b48 .lqd-highlight-inner{height:0.275em!important;bottom:0px!important;}.ld_fancy_heading_69de2639c0b48 p {margin-bottom:1.5em !important;  } <\/style><div class=\"ld-fancy-heading ld_fancy_heading_69de2639c0b48\">\n\t<p class=\"ld-fh-element lqd-highlight-underline lqd-highlight-grow-left text-decoration-default\"   >  Pami\u0119taj, \u017ce oferujemy r\u00f3wnie\u017c&#8230;<\/p><\/div><style>.ld_fancy_heading_69de2639c0f1a p{background:rgba(99, 144, 198, 0.2);}.ld_fancy_heading_69de2639c0f1a p {padding-top:15px !important; padding-right:30px !important; padding-bottom:15px !important; padding-left:30px !important;  } .ld_fancy_heading_69de2639c0f1a .lqd-highlight-inner{height:0.275em!important;bottom:0px!important;}.ld_fancy_heading_69de2639c0f1a p {padding-top:15px !important; padding-right:30px !important; padding-bottom:15px !important; padding-left:30px !important;  } <\/style><div class=\"ld-fancy-heading ld-fh-has-fill ld_fancy_heading_69de2639c0f1a\">\n\t<p class=\"ld-fh-element lqd-highlight-underline lqd-highlight-grow-left text-decoration-default\"   >  <strong>&#8230;szkolenia na miejscu lub w formacie video &#8211; rozmowy\/webinarium oraz nagrane wcze\u015bniej szkolenia, do kt\u00f3rych mo\u017cna uzyska\u0107 dost\u0119p w dowolnym miejscu i czasie.<\/strong><\/p><\/div><style>.ld_fancy_heading_69de2639c1345 p{background:rgba(99, 144, 198, 0.2);}.ld_fancy_heading_69de2639c1345 p {padding-top:15px !important; padding-right:30px !important; padding-bottom:15px !important; padding-left:30px !important;  } .ld_fancy_heading_69de2639c1345 .lqd-highlight-inner{height:0.275em!important;bottom:0px!important;}.ld_fancy_heading_69de2639c1345 p {padding-top:15px !important; padding-right:30px !important; padding-bottom:15px !important; padding-left:30px !important;  } <\/style><div class=\"ld-fancy-heading ld-fh-has-fill ld_fancy_heading_69de2639c1345\">\n\t<p class=\"ld-fh-element lqd-highlight-underline lqd-highlight-grow-left text-decoration-default\"   >  <strong>&#8230;pakiety dostosowane do potrzeb szkoleniowych Twojej organizacji.<\/strong><\/p><\/div><style>.ld_fancy_heading_69de2639c161e p {margin-top:1.5em !important; margin-bottom:1.5em !important;  } .ld_fancy_heading_69de2639c161e .lqd-highlight-inner{height:0.275em!important;bottom:0px!important;}.ld_fancy_heading_69de2639c161e p {margin-top:1.5em !important; margin-bottom:1.5em !important;  } <\/style><div class=\"ld-fancy-heading ld_fancy_heading_69de2639c161e\">\n\t<p class=\"ld-fh-element lqd-highlight-underline lqd-highlight-grow-left text-decoration-default\"   >  Skontaktuj si\u0119 z nami, aby uzyska\u0107 wi\u0119cej informacji: <a href=\"mailto:academy@kocher-beck.co.uk\">academy@kocher-beck.co.uk<\/a><\/p><\/div>[\/vc_column_inner][\/vc_row_inner][\/vc_column][vc_column offset=&#8221;vc_col-md-offset-1 vc_col-md-3&#8243;]<style>.ld_custom_menu_69de2639c1941 > ul > li > a{font-size:16px;font-weight:500;letter-spacing:0.01em;text-transform:uppercase;color:rgb(255, 255, 255);background:rgb(58, 52, 41);}.ld_custom_menu_69de2639c1941 > ul > li:not(:last-child){margin-bottom:3px;}.lqd-stickybar > .lqd-head-col > .header-module > .ld_custom_menu_69de2639c1941 li{margin-inline-start:3px;}.ld_custom_menu_69de2639c1941 > ul > li > a:hover, .ld_custom_menu_69de2639c1941 li.is-active > a{color:rgb(255, 255, 255);background:rgb(99, 144, 198);}.ld_custom_menu_69de2639c1941 > ul > li .link-icon{color:rgb(255, 255, 255);}.ld_custom_menu_69de2639c1941 > ul > li > a:hover .link-icon .link-icon, .ld_custom_menu_69de2639c1941 li.is-active .link-icon{color:rgb(255, 255, 255);}<\/style><div\n\tclass=\"lqd-fancy-menu lqd-custom-menu menu-items-has-fill lqd-menu-td-none academy-info-menu ld_custom_menu_69de2639c1941\"\n\t>\n\n<ul id=\"ld_custom_menu_69de2639c1941\" class=\"reset-ul   \" ><li id=\"menu-item-13402\" class=\"menu-item menu-item-type-custom menu-item-object-custom menu-item-13402\"><a target=\"_blank\" href=\"https:\/\/kocherbeck.simplero.com\/\">Online Academy<\/a><\/li>\n<\/ul><\/div>[\/vc_column][\/vc_row][vc_row css=&#8221;.vc_custom_1634659626657{background-color: #f1f3f5 !important;}&#8221;][vc_column]<style>.ld_spacer_69de2639c3125{height:40px;}<\/style>\n<div class=\"ld-empty-space ld_spacer_69de2639c3125\"><\/div>[\/vc_column][\/vc_row]<\/p>\n","protected":false},"excerpt":{"rendered":"<p>[vc_row bg_position=&#8221;center center&#8221; enable_loading_bg=&#8221;yes&#8221; css=&#8221;.vc_custom_1644492564071{padding-top: 160px !important;padding-bottom: 160px !important;background-image: url(http:\/\/www.kocher-beck.com\/wp-content\/uploads\/2021\/10\/academy-hero.jpg?id=853) !important;background-position: 0 0 !important;background-repeat: no-repeat !important;}&#8221; responsive_css=&#8221;padding_right_large:140px|padding_left_large:140px|padding_right_medium:100px|padding_left_medium:100px&#8221;][vc_column enable_content_animation=&#8221;yes&#8221; ca_init_scale_x=&#8221;1&#8243; ca_init_scale_y=&#8221;1&#8243; ca_init_opacity=&#8221;0&#8243; ca_an_scale_x=&#8221;1&#8243; ca_an_scale_y=&#8221;1&#8243; ca_an_opacity=&#8221;1&#8243; offset=&#8221;vc_col-lg-5 vc_col-md-6&#8243; ca_duration=&#8221;1800&#8243; ca_delay=&#8221;180&#8243; ca_init_translate_y=&#8221;45&#8243; ca_init_rotate_z=&#8221;0&#8243;][\/vc_column][\/vc_row][vc_row css=&#8221;.vc_custom_1633438304312{padding-top: 60px !important;padding-bottom: 60px !important;background-color: #f1f3f5 !important;}&#8221;][vc_column column_top_ontablet=&#8221;yes&#8221; column_top_onmobile=&#8221;yes&#8221; offset=&#8221;vc_col-md-offset-0 vc_col-md-8&#8243; responsive_css=&#8221;margin_bottom_medium:0px&#8221; css=&#8221;.vc_custom_1634634346793{margin-bottom: 35px !important;}&#8221;][vc_row_inner content_placement=&#8221;top&#8221; el_id=&#8221;magnetic-cylinder-audits&#8221;][vc_column_inner width=&#8221;1\/4&#8243;][vc_single_image image=&#8221;839&#8243;][\/vc_column_inner][vc_column_inner width=&#8221;3\/4&#8243;][vc_single_image image=&#8221;841&#8243;][vc_raw_html css=&#8221;.vc_custom_1664535056739{margin-top: 1em !important;}&#8221;]JTNDaWZyYW1lJTIwdGl0bGUlM0QlMjJ2aW1lby1wbGF5ZXIlMjIlMjBzcmMlM0QlMjJodHRwcyUzQSUyRiUyRnBsYXllci52aW1lby5jb20lMkZ2aWRlbyUyRjc1NDY2MjU5MSUzRmglM0Q3NzcyZjhmMzUwJTIyJTIwd2lkdGglM0QlMjI2NDAlMjIlMjBoZWlnaHQlM0QlMjIzNjAlMjIlMjBmcmFtZWJvcmRlciUzRCUyMjAlMjIlMjBhbGxvd2Z1bGxzY3JlZW4lM0UlM0MlMkZpZnJhbWUlM0U=[\/vc_raw_html][\/vc_column_inner][\/vc_row_inner][\/vc_column][vc_column offset=&#8221;vc_col-md-offset-1 [&hellip;]<\/p>\n","protected":false},"author":1,"featured_media":0,"parent":0,"menu_order":0,"comment_status":"closed","ping_status":"closed","template":"","meta":{"_acf_changed":false,"footnotes":""},"class_list":["post-12562","page","type-page","status-publish","hentry"],"acf":[],"yoast_head":"<!-- This site is optimized with the Yoast SEO plugin v27.0 - https:\/\/yoast.com\/product\/yoast-seo-wordpress\/ -->\n<title>Akademia - Kocher+Beck<\/title>\n<meta name=\"robots\" content=\"index, follow, max-snippet:-1, max-image-preview:large, max-video-preview:-1\" \/>\n<link rel=\"canonical\" href=\"https:\/\/www.kocher-beck.com\/pl\/akademia\/\" \/>\n<meta property=\"og:locale\" content=\"pl_PL\" \/>\n<meta property=\"og:type\" content=\"article\" \/>\n<meta property=\"og:title\" content=\"Akademia - Kocher+Beck\" \/>\n<meta property=\"og:description\" content=\"[vc_row bg_position=&#8221;center center&#8221; enable_loading_bg=&#8221;yes&#8221; css=&#8221;.vc_custom_1644492564071{padding-top: 160px !important;padding-bottom: 160px !important;background-image: url(http:\/\/www.kocher-beck.com\/wp-content\/uploads\/2021\/10\/academy-hero.jpg?id=853) !important;background-position: 0 0 !important;background-repeat: no-repeat !important;}&#8221; responsive_css=&#8221;padding_right_large:140px|padding_left_large:140px|padding_right_medium:100px|padding_left_medium:100px&#8221;][vc_column enable_content_animation=&#8221;yes&#8221; ca_init_scale_x=&#8221;1&#8243; ca_init_scale_y=&#8221;1&#8243; ca_init_opacity=&#8221;0&#8243; ca_an_scale_x=&#8221;1&#8243; ca_an_scale_y=&#8221;1&#8243; ca_an_opacity=&#8221;1&#8243; offset=&#8221;vc_col-lg-5 vc_col-md-6&#8243; ca_duration=&#8221;1800&#8243; ca_delay=&#8221;180&#8243; ca_init_translate_y=&#8221;45&#8243; ca_init_rotate_z=&#8221;0&#8243;][\/vc_column][\/vc_row][vc_row css=&#8221;.vc_custom_1633438304312{padding-top: 60px !important;padding-bottom: 60px !important;background-color: #f1f3f5 !important;}&#8221;][vc_column column_top_ontablet=&#8221;yes&#8221; column_top_onmobile=&#8221;yes&#8221; offset=&#8221;vc_col-md-offset-0 vc_col-md-8&#8243; responsive_css=&#8221;margin_bottom_medium:0px&#8221; css=&#8221;.vc_custom_1634634346793{margin-bottom: 35px !important;}&#8221;][vc_row_inner content_placement=&#8221;top&#8221; el_id=&#8221;magnetic-cylinder-audits&#8221;][vc_column_inner width=&#8221;1\/4&#8243;][vc_single_image image=&#8221;839&#8243;][\/vc_column_inner][vc_column_inner width=&#8221;3\/4&#8243;][vc_single_image image=&#8221;841&#8243;][vc_raw_html css=&#8221;.vc_custom_1664535056739{margin-top: 1em !important;}&#8221;]JTNDaWZyYW1lJTIwdGl0bGUlM0QlMjJ2aW1lby1wbGF5ZXIlMjIlMjBzcmMlM0QlMjJodHRwcyUzQSUyRiUyRnBsYXllci52aW1lby5jb20lMkZ2aWRlbyUyRjc1NDY2MjU5MSUzRmglM0Q3NzcyZjhmMzUwJTIyJTIwd2lkdGglM0QlMjI2NDAlMjIlMjBoZWlnaHQlM0QlMjIzNjAlMjIlMjBmcmFtZWJvcmRlciUzRCUyMjAlMjIlMjBhbGxvd2Z1bGxzY3JlZW4lM0UlM0MlMkZpZnJhbWUlM0U=[\/vc_raw_html][\/vc_column_inner][\/vc_row_inner][\/vc_column][vc_column offset=&#8221;vc_col-md-offset-1 [&hellip;]\" \/>\n<meta property=\"og:url\" content=\"https:\/\/www.kocher-beck.com\/pl\/akademia\/\" \/>\n<meta property=\"og:site_name\" content=\"Kocher+Beck\" \/>\n<meta property=\"article:modified_time\" content=\"2025-02-27T12:09:21+00:00\" \/>\n<meta name=\"twitter:card\" content=\"summary_large_image\" \/>\n<meta name=\"twitter:label1\" content=\"Szacowany czas czytania\" \/>\n\t<meta name=\"twitter:data1\" content=\"2 minuty\" \/>\n<script type=\"application\/ld+json\" class=\"yoast-schema-graph\">{\"@context\":\"https:\/\/schema.org\",\"@graph\":[{\"@type\":\"WebPage\",\"@id\":\"https:\/\/www.kocher-beck.com\/pl\/akademia\/\",\"url\":\"https:\/\/www.kocher-beck.com\/pl\/akademia\/\",\"name\":\"Akademia - Kocher+Beck\",\"isPartOf\":{\"@id\":\"https:\/\/www.kocher-beck.com\/pl\/#website\"},\"datePublished\":\"2021-10-20T15:41:53+00:00\",\"dateModified\":\"2025-02-27T12:09:21+00:00\",\"breadcrumb\":{\"@id\":\"https:\/\/www.kocher-beck.com\/pl\/akademia\/#breadcrumb\"},\"inLanguage\":\"pl-PL\",\"potentialAction\":[{\"@type\":\"ReadAction\",\"target\":[\"https:\/\/www.kocher-beck.com\/pl\/akademia\/\"]}]},{\"@type\":\"BreadcrumbList\",\"@id\":\"https:\/\/www.kocher-beck.com\/pl\/akademia\/#breadcrumb\",\"itemListElement\":[{\"@type\":\"ListItem\",\"position\":1,\"name\":\"Home\",\"item\":\"https:\/\/www.kocher-beck.com\/pl\/\"},{\"@type\":\"ListItem\",\"position\":2,\"name\":\"Akademia\"}]},{\"@type\":\"WebSite\",\"@id\":\"https:\/\/www.kocher-beck.com\/pl\/#website\",\"url\":\"https:\/\/www.kocher-beck.com\/pl\/\",\"name\":\"Kocher+Beck\",\"description\":\"\",\"potentialAction\":[{\"@type\":\"SearchAction\",\"target\":{\"@type\":\"EntryPoint\",\"urlTemplate\":\"https:\/\/www.kocher-beck.com\/pl\/?s={search_term_string}\"},\"query-input\":{\"@type\":\"PropertyValueSpecification\",\"valueRequired\":true,\"valueName\":\"search_term_string\"}}],\"inLanguage\":\"pl-PL\"}]}<\/script>\n<!-- \/ Yoast SEO plugin. -->","yoast_head_json":{"title":"Akademia - Kocher+Beck","robots":{"index":"index","follow":"follow","max-snippet":"max-snippet:-1","max-image-preview":"max-image-preview:large","max-video-preview":"max-video-preview:-1"},"canonical":"https:\/\/www.kocher-beck.com\/pl\/akademia\/","og_locale":"pl_PL","og_type":"article","og_title":"Akademia - Kocher+Beck","og_description":"[vc_row bg_position=&#8221;center center&#8221; enable_loading_bg=&#8221;yes&#8221; css=&#8221;.vc_custom_1644492564071{padding-top: 160px !important;padding-bottom: 160px !important;background-image: url(http:\/\/www.kocher-beck.com\/wp-content\/uploads\/2021\/10\/academy-hero.jpg?id=853) !important;background-position: 0 0 !important;background-repeat: no-repeat !important;}&#8221; responsive_css=&#8221;padding_right_large:140px|padding_left_large:140px|padding_right_medium:100px|padding_left_medium:100px&#8221;][vc_column enable_content_animation=&#8221;yes&#8221; ca_init_scale_x=&#8221;1&#8243; ca_init_scale_y=&#8221;1&#8243; ca_init_opacity=&#8221;0&#8243; ca_an_scale_x=&#8221;1&#8243; ca_an_scale_y=&#8221;1&#8243; ca_an_opacity=&#8221;1&#8243; offset=&#8221;vc_col-lg-5 vc_col-md-6&#8243; ca_duration=&#8221;1800&#8243; ca_delay=&#8221;180&#8243; ca_init_translate_y=&#8221;45&#8243; ca_init_rotate_z=&#8221;0&#8243;][\/vc_column][\/vc_row][vc_row css=&#8221;.vc_custom_1633438304312{padding-top: 60px !important;padding-bottom: 60px !important;background-color: #f1f3f5 !important;}&#8221;][vc_column column_top_ontablet=&#8221;yes&#8221; column_top_onmobile=&#8221;yes&#8221; offset=&#8221;vc_col-md-offset-0 vc_col-md-8&#8243; responsive_css=&#8221;margin_bottom_medium:0px&#8221; css=&#8221;.vc_custom_1634634346793{margin-bottom: 35px !important;}&#8221;][vc_row_inner content_placement=&#8221;top&#8221; el_id=&#8221;magnetic-cylinder-audits&#8221;][vc_column_inner width=&#8221;1\/4&#8243;][vc_single_image image=&#8221;839&#8243;][\/vc_column_inner][vc_column_inner width=&#8221;3\/4&#8243;][vc_single_image image=&#8221;841&#8243;][vc_raw_html css=&#8221;.vc_custom_1664535056739{margin-top: 1em !important;}&#8221;]JTNDaWZyYW1lJTIwdGl0bGUlM0QlMjJ2aW1lby1wbGF5ZXIlMjIlMjBzcmMlM0QlMjJodHRwcyUzQSUyRiUyRnBsYXllci52aW1lby5jb20lMkZ2aWRlbyUyRjc1NDY2MjU5MSUzRmglM0Q3NzcyZjhmMzUwJTIyJTIwd2lkdGglM0QlMjI2NDAlMjIlMjBoZWlnaHQlM0QlMjIzNjAlMjIlMjBmcmFtZWJvcmRlciUzRCUyMjAlMjIlMjBhbGxvd2Z1bGxzY3JlZW4lM0UlM0MlMkZpZnJhbWUlM0U=[\/vc_raw_html][\/vc_column_inner][\/vc_row_inner][\/vc_column][vc_column offset=&#8221;vc_col-md-offset-1 [&hellip;]","og_url":"https:\/\/www.kocher-beck.com\/pl\/akademia\/","og_site_name":"Kocher+Beck","article_modified_time":"2025-02-27T12:09:21+00:00","twitter_card":"summary_large_image","twitter_misc":{"Szacowany czas czytania":"2 minuty"},"schema":{"@context":"https:\/\/schema.org","@graph":[{"@type":"WebPage","@id":"https:\/\/www.kocher-beck.com\/pl\/akademia\/","url":"https:\/\/www.kocher-beck.com\/pl\/akademia\/","name":"Akademia - Kocher+Beck","isPartOf":{"@id":"https:\/\/www.kocher-beck.com\/pl\/#website"},"datePublished":"2021-10-20T15:41:53+00:00","dateModified":"2025-02-27T12:09:21+00:00","breadcrumb":{"@id":"https:\/\/www.kocher-beck.com\/pl\/akademia\/#breadcrumb"},"inLanguage":"pl-PL","potentialAction":[{"@type":"ReadAction","target":["https:\/\/www.kocher-beck.com\/pl\/akademia\/"]}]},{"@type":"BreadcrumbList","@id":"https:\/\/www.kocher-beck.com\/pl\/akademia\/#breadcrumb","itemListElement":[{"@type":"ListItem","position":1,"name":"Home","item":"https:\/\/www.kocher-beck.com\/pl\/"},{"@type":"ListItem","position":2,"name":"Akademia"}]},{"@type":"WebSite","@id":"https:\/\/www.kocher-beck.com\/pl\/#website","url":"https:\/\/www.kocher-beck.com\/pl\/","name":"Kocher+Beck","description":"","potentialAction":[{"@type":"SearchAction","target":{"@type":"EntryPoint","urlTemplate":"https:\/\/www.kocher-beck.com\/pl\/?s={search_term_string}"},"query-input":{"@type":"PropertyValueSpecification","valueRequired":true,"valueName":"search_term_string"}}],"inLanguage":"pl-PL"}]}},"_links":{"self":[{"href":"https:\/\/www.kocher-beck.com\/pl\/wp-json\/wp\/v2\/pages\/12562","targetHints":{"allow":["GET"]}}],"collection":[{"href":"https:\/\/www.kocher-beck.com\/pl\/wp-json\/wp\/v2\/pages"}],"about":[{"href":"https:\/\/www.kocher-beck.com\/pl\/wp-json\/wp\/v2\/types\/page"}],"author":[{"embeddable":true,"href":"https:\/\/www.kocher-beck.com\/pl\/wp-json\/wp\/v2\/users\/1"}],"replies":[{"embeddable":true,"href":"https:\/\/www.kocher-beck.com\/pl\/wp-json\/wp\/v2\/comments?post=12562"}],"version-history":[{"count":6,"href":"https:\/\/www.kocher-beck.com\/pl\/wp-json\/wp\/v2\/pages\/12562\/revisions"}],"predecessor-version":[{"id":13930,"href":"https:\/\/www.kocher-beck.com\/pl\/wp-json\/wp\/v2\/pages\/12562\/revisions\/13930"}],"wp:attachment":[{"href":"https:\/\/www.kocher-beck.com\/pl\/wp-json\/wp\/v2\/media?parent=12562"}],"curies":[{"name":"wp","href":"https:\/\/api.w.org\/{rel}","templated":true}]}}