{"id":12616,"date":"2021-10-19T10:22:02","date_gmt":"2021-10-19T09:22:02","guid":{"rendered":"https:\/\/www.kocher-beck.com\/specjalne-opakowania-konwertujace\/"},"modified":"2025-02-27T13:26:08","modified_gmt":"2025-02-27T13:26:08","slug":"specjalne-opakowania-konwertujace","status":"publish","type":"page","link":"https:\/\/www.kocher-beck.com\/pl\/specjalne-opakowania-konwertujace\/","title":{"rendered":"Przetwarzanie specjalne \/ pakowanie"},"content":{"rendered":"<p>[vc_row bg_position=&#8221;center center&#8221; enable_loading_bg=&#8221;yes&#8221; css=&#8221;.vc_custom_1644495679921{padding-top: 160px !important;padding-bottom: 160px !important;background-image: url(http:\/\/www.kocher-beck.com\/wp-content\/uploads\/2021\/10\/healthcare-hero.jpg?id=654) !important;background-position: 0 0 !important;background-repeat: no-repeat !important;}&#8221; responsive_css=&#8221;padding_right_large:140px|padding_left_large:140px|padding_right_medium:100px|padding_left_medium:100px&#8221;][vc_column enable_content_animation=&#8221;yes&#8221; ca_init_scale_x=&#8221;1&#8243; ca_init_scale_y=&#8221;1&#8243; ca_init_opacity=&#8221;0&#8243; ca_an_scale_x=&#8221;1&#8243; ca_an_scale_y=&#8221;1&#8243; ca_an_opacity=&#8221;1&#8243; offset=&#8221;vc_col-md-6&#8243; ca_duration=&#8221;1800&#8243; ca_delay=&#8221;180&#8243; ca_init_translate_y=&#8221;45&#8243; ca_init_rotate_z=&#8221;0&#8243;]<style>.ld_fancy_heading_69e1a56161f80 h1{color:rgb(255, 255, 255);}.ld_fancy_heading_69e1a56161f80 h1 {font-size:36px; } @media (min-width: 768px) { .ld_fancy_heading_69e1a56161f80 h1 {font-size:48px; }  } @media (min-width: 992px) { .ld_fancy_heading_69e1a56161f80 h1 {font-size:60px; }  } .ld_fancy_heading_69e1a56161f80 .lqd-highlight-inner{height:0.275em!important;bottom:0px!important;}.ld_fancy_heading_69e1a56161f80 h1 {font-size:36px; } @media (min-width: 768px) { .ld_fancy_heading_69e1a56161f80 h1 {font-size:48px; }  } @media (min-width: 992px) { .ld_fancy_heading_69e1a56161f80 h1 {font-size:60px; }  } <\/style><div class=\"ld-fancy-heading text-uppercase standard-hero-heading ld_fancy_heading_69e1a56161f80\">\n\t<h1 class=\"ld-fh-element lqd-highlight-underline lqd-highlight-grow-left text-decoration-default lqd-split-lines\"   data-split-text=\"true\" data-split-options='{\"type\":\"lines\"}'>  Przetwarzanie specjalne \/ pakowanie<\/h1><\/div>[\/vc_column][\/vc_row][vc_row css=&#8221;.vc_custom_1633438304312{padding-top: 60px !important;padding-bottom: 60px !important;background-color: #f1f3f5 !important;}&#8221;][vc_column column_top_ontablet=&#8221;yes&#8221; column_top_onmobile=&#8221;yes&#8221; offset=&#8221;vc_col-md-offset-0 vc_col-md-8&#8243; responsive_css=&#8221;margin_bottom_medium:0px&#8221; css=&#8221;.vc_custom_1634634346793{margin-bottom: 35px !important;}&#8221;]<style>.ld_fancy_heading_69e1a561622aa h2{color:rgb(33, 30, 22);}.ld_fancy_heading_69e1a561622aa h2 {font-size:24px; } @media (min-width: 768px) { .ld_fancy_heading_69e1a561622aa h2 {font-size:36px; }  } .ld_fancy_heading_69e1a561622aa h2 {margin-bottom:40px !important;  } .ld_fancy_heading_69e1a561622aa .lqd-highlight-inner{height:0.275em!important;bottom:0px!important;}.ld_fancy_heading_69e1a561622aa h2 {font-size:24px; } @media (min-width: 768px) { .ld_fancy_heading_69e1a561622aa h2 {font-size:36px; }  } .ld_fancy_heading_69e1a561622aa h2 {margin-bottom:40px !important;  } <\/style><div class=\"ld-fancy-heading standard-page-heading ld_fancy_heading_69e1a561622aa\">\n\t<h2 class=\"ld-fh-element lqd-highlight-underline lqd-highlight-grow-left text-decoration-default\"   >  Urz\u0105dzenia konwertuj\u0105ce do specjalistycznych zastosowa\u0144, takich jak bran\u017ca medyczna, produkty do higieny i przemys\u0142owe.<\/h2><\/div><style>.ld_fancy_heading_69e1a56162452 p {margin-bottom:1.5em !important;  } .ld_fancy_heading_69e1a56162452 .lqd-highlight-inner{height:0.275em!important;bottom:0px!important;}.ld_fancy_heading_69e1a56162452 p {margin-bottom:1.5em !important;  } <\/style><div class=\"ld-fancy-heading ld_fancy_heading_69e1a56162452\">\n\t<p class=\"ld-fh-element lqd-highlight-underline lqd-highlight-grow-left text-decoration-default\"   >  Sektor wype\u0142niony r\u00f3\u017cnorodnymi produktami, kt\u00f3re mog\u0105 by\u0107 wytwarzane przy wsparciu, do\u015bwiadczeniu i wiedzy Kocher+Beck.<\/p>\n<p>Od uszczelek i uszczelnie\u0144, fartuch\u00f3w i masek na twarz po opakowania do \u017cywno\u015bci, i produkty medyczne. Wraz z zabezpieczeniami drukowanymi, wyt\u0142aczanymi i produktami zawieraj\u0105cymi alfabet Braille&#8217;a.<\/p>\n<p>Narz\u0119dzia sztancuj\u0105ce \u00a0produkowane przez Kocher+Beck mog\u0105 by\u0107 wytwarzane specjalnie w celu dopasowania do materia\u0142u wymaganego do danego zastosowania. Od materia\u0142\u00f3w metalicznych, tkanin i tworzyw sztucznych, do wielu innych.<\/p>\n<p>Niezale\u017cnie od tego, czy wymagana jest wysoka precyzja bigowania, nacinania, sztancowania konturu, ci\u0119cia wzd\u0142u\u017cnego czy automatyzacji, Kocher+Beck b\u0119dzie wsp\u00f3\u0142pracowa\u0107 z Tob\u0105, aby znale\u017a\u0107 odpowiednie rozwi\u0105zanie.<\/p><\/div>[vc_row_inner css=&#8221;.vc_custom_1644408368452{margin-top: 80px !important;}&#8221;][vc_column_inner]<style>.ld_custom_menu_69e1a56162671 > ul > li > a{font-size:16px;font-weight:500;letter-spacing:0.01em;text-transform:uppercase;color:rgb(255, 255, 255);background:rgb(58, 52, 41);}.ld_custom_menu_69e1a56162671{margin-inline-start:-3px;margin-inline-end:-3px;}.ld_custom_menu_69e1a56162671 li{margin-inline-start:3px;margin-inline-end:3px;}.lqd-stickybar > .lqd-head-col > .header-module > .ld_custom_menu_69e1a56162671 li{margin-top:3px;margin-bottom:3px;}.ld_custom_menu_69e1a56162671 > ul > li > a:hover, .ld_custom_menu_69e1a56162671 li.is-active > a{color:rgb(255, 255, 255);background:rgb(58, 52, 41);}.ld_custom_menu_69e1a56162671 > ul > li .link-icon{color:rgb(255, 255, 255);}.ld_custom_menu_69e1a56162671 > ul > li > a:hover .link-icon .link-icon, .ld_custom_menu_69e1a56162671 li.is-active .link-icon{color:rgb(212, 40, 47);}<\/style><div\n\tclass=\"lqd-fancy-menu lqd-custom-menu menu-items-has-fill lqd-menu-td-none scp-product-menu-buttons ld_custom_menu_69e1a56162671\"\n\t>\n\n<ul id=\"ld_custom_menu_69e1a56162671\" class=\"reset-ul inline-nav  \" ><li id=\"menu-item-13450\" class=\"menu-item menu-item-type-post_type menu-item-object-page menu-item-13450\"><a href=\"https:\/\/www.kocher-beck.com\/pl\/stacje-sztancujace\/\">Stacje sztancuj\u0105ce<\/a><\/li>\n<li id=\"menu-item-13451\" class=\"menu-item menu-item-type-post_type menu-item-object-page menu-item-13451\"><a href=\"https:\/\/www.kocher-beck.com\/pl\/elastyczne-dies\/\">Wykrojniki magnetyczne<\/a><\/li>\n<li id=\"menu-item-13452\" class=\"menu-item menu-item-type-post_type menu-item-object-page menu-item-13452\"><a href=\"https:\/\/www.kocher-beck.com\/pl\/gapmaster-plus-kms\/\">GapMaster + KMS<\/a><\/li>\n<li id=\"menu-item-13453\" class=\"menu-item menu-item-type-post_type menu-item-object-page menu-item-13453\"><a href=\"https:\/\/www.kocher-beck.com\/pl\/narzedzia-obrotowe-cylindry-magnetyczne\/\">Wykrojniki rotacyjne + clindry magnetyczne<\/a><\/li>\n<li id=\"menu-item-13454\" class=\"menu-item menu-item-type-post_type menu-item-object-page menu-item-13454\"><a href=\"https:\/\/www.kocher-beck.com\/pl\/technologia-uzwojenia\/\">Technologia nawijania<\/a><\/li>\n<\/ul><\/div>[\/vc_column_inner][\/vc_row_inner][\/vc_column][vc_column offset=&#8221;vc_col-md-offset-1 vc_col-md-3&#8243;]<style>.ld_custom_menu_69e1a561648de > ul > li > a{font-size:16px;font-weight:500;letter-spacing:0.01em;text-transform:uppercase;color:rgb(255, 255, 255);background:rgb(58, 52, 41);}.ld_custom_menu_69e1a561648de > ul > li:not(:last-child){margin-bottom:3px;}.lqd-stickybar > .lqd-head-col > .header-module > .ld_custom_menu_69e1a561648de li{margin-inline-start:3px;}.ld_custom_menu_69e1a561648de > ul > li > a:hover, .ld_custom_menu_69e1a561648de li.is-active > a{color:rgb(255, 255, 255);background:rgb(212, 40, 47);}.ld_custom_menu_69e1a561648de > ul > li .link-icon{color:rgb(212, 40, 47);}.ld_custom_menu_69e1a561648de > ul > li > a:hover .link-icon .link-icon, .ld_custom_menu_69e1a561648de li.is-active .link-icon{color:rgb(255, 255, 255);}<\/style><div\n\tclass=\"lqd-fancy-menu lqd-custom-menu menu-items-has-fill lqd-menu-td-none application-product-menu ld_custom_menu_69e1a561648de\"\n\t>\n\n<ul id=\"ld_custom_menu_69e1a561648de\" class=\"reset-ul   \" ><li id=\"menu-item-13403\" class=\"menu-item menu-item-type-custom menu-item-object-custom menu-item-13403\"><a href=\"\/contact-usa\/\">Contact Us<\/a><\/li>\n<\/ul><\/div>[\/vc_column][\/vc_row][vc_row css=&#8221;.vc_custom_1634286167305{background-color: #f1f3f5 !important;}&#8221;][vc_column offset=&#8221;vc_col-md-12&#8243;]<style>.ld_spacer_69e1a56165209{height:40px;}<\/style>\n<div class=\"ld-empty-space ld_spacer_69e1a56165209\"><\/div>[\/vc_column][\/vc_row]<\/p>\n","protected":false},"excerpt":{"rendered":"<p>[vc_row bg_position=&#8221;center center&#8221; enable_loading_bg=&#8221;yes&#8221; css=&#8221;.vc_custom_1644495679921{padding-top: 160px !important;padding-bottom: 160px !important;background-image: url(http:\/\/www.kocher-beck.com\/wp-content\/uploads\/2021\/10\/healthcare-hero.jpg?id=654) !important;background-position: 0 0 !important;background-repeat: no-repeat !important;}&#8221; responsive_css=&#8221;padding_right_large:140px|padding_left_large:140px|padding_right_medium:100px|padding_left_medium:100px&#8221;][vc_column enable_content_animation=&#8221;yes&#8221; ca_init_scale_x=&#8221;1&#8243; ca_init_scale_y=&#8221;1&#8243; ca_init_opacity=&#8221;0&#8243; ca_an_scale_x=&#8221;1&#8243; ca_an_scale_y=&#8221;1&#8243; ca_an_opacity=&#8221;1&#8243; offset=&#8221;vc_col-md-6&#8243; ca_duration=&#8221;1800&#8243; ca_delay=&#8221;180&#8243; ca_init_translate_y=&#8221;45&#8243; ca_init_rotate_z=&#8221;0&#8243;][\/vc_column][\/vc_row][vc_row css=&#8221;.vc_custom_1633438304312{padding-top: 60px !important;padding-bottom: 60px !important;background-color: #f1f3f5 !important;}&#8221;][vc_column column_top_ontablet=&#8221;yes&#8221; column_top_onmobile=&#8221;yes&#8221; offset=&#8221;vc_col-md-offset-0 vc_col-md-8&#8243; responsive_css=&#8221;margin_bottom_medium:0px&#8221; css=&#8221;.vc_custom_1634634346793{margin-bottom: 35px !important;}&#8221;][vc_row_inner css=&#8221;.vc_custom_1644408368452{margin-top: 80px !important;}&#8221;][vc_column_inner][\/vc_column_inner][\/vc_row_inner][\/vc_column][vc_column offset=&#8221;vc_col-md-offset-1 vc_col-md-3&#8243;][\/vc_column][\/vc_row][vc_row css=&#8221;.vc_custom_1634286167305{background-color: #f1f3f5 !important;}&#8221;][vc_column offset=&#8221;vc_col-md-12&#8243;][\/vc_column][\/vc_row]<\/p>\n","protected":false},"author":1,"featured_media":0,"parent":0,"menu_order":0,"comment_status":"closed","ping_status":"closed","template":"","meta":{"_acf_changed":false,"footnotes":""},"class_list":["post-12616","page","type-page","status-publish","hentry"],"acf":[],"yoast_head":"<!-- This site is optimized with the Yoast SEO plugin v27.0 - https:\/\/yoast.com\/product\/yoast-seo-wordpress\/ -->\n<title>Przetwarzanie specjalne \/ pakowanie - Kocher+Beck<\/title>\n<meta name=\"robots\" content=\"index, follow, max-snippet:-1, max-image-preview:large, max-video-preview:-1\" \/>\n<link rel=\"canonical\" href=\"https:\/\/www.kocher-beck.com\/pl\/specjalne-opakowania-konwertujace\/\" \/>\n<meta property=\"og:locale\" content=\"pl_PL\" \/>\n<meta property=\"og:type\" content=\"article\" \/>\n<meta property=\"og:title\" content=\"Przetwarzanie specjalne \/ pakowanie - Kocher+Beck\" \/>\n<meta property=\"og:description\" content=\"[vc_row bg_position=&#8221;center center&#8221; enable_loading_bg=&#8221;yes&#8221; css=&#8221;.vc_custom_1644495679921{padding-top: 160px !important;padding-bottom: 160px !important;background-image: url(http:\/\/www.kocher-beck.com\/wp-content\/uploads\/2021\/10\/healthcare-hero.jpg?id=654) !important;background-position: 0 0 !important;background-repeat: no-repeat !important;}&#8221; responsive_css=&#8221;padding_right_large:140px|padding_left_large:140px|padding_right_medium:100px|padding_left_medium:100px&#8221;][vc_column enable_content_animation=&#8221;yes&#8221; ca_init_scale_x=&#8221;1&#8243; ca_init_scale_y=&#8221;1&#8243; ca_init_opacity=&#8221;0&#8243; ca_an_scale_x=&#8221;1&#8243; ca_an_scale_y=&#8221;1&#8243; ca_an_opacity=&#8221;1&#8243; offset=&#8221;vc_col-md-6&#8243; ca_duration=&#8221;1800&#8243; ca_delay=&#8221;180&#8243; ca_init_translate_y=&#8221;45&#8243; ca_init_rotate_z=&#8221;0&#8243;][\/vc_column][\/vc_row][vc_row css=&#8221;.vc_custom_1633438304312{padding-top: 60px !important;padding-bottom: 60px !important;background-color: #f1f3f5 !important;}&#8221;][vc_column column_top_ontablet=&#8221;yes&#8221; column_top_onmobile=&#8221;yes&#8221; offset=&#8221;vc_col-md-offset-0 vc_col-md-8&#8243; responsive_css=&#8221;margin_bottom_medium:0px&#8221; css=&#8221;.vc_custom_1634634346793{margin-bottom: 35px !important;}&#8221;][vc_row_inner css=&#8221;.vc_custom_1644408368452{margin-top: 80px !important;}&#8221;][vc_column_inner][\/vc_column_inner][\/vc_row_inner][\/vc_column][vc_column offset=&#8221;vc_col-md-offset-1 vc_col-md-3&#8243;][\/vc_column][\/vc_row][vc_row css=&#8221;.vc_custom_1634286167305{background-color: #f1f3f5 !important;}&#8221;][vc_column offset=&#8221;vc_col-md-12&#8243;][\/vc_column][\/vc_row]\" \/>\n<meta property=\"og:url\" content=\"https:\/\/www.kocher-beck.com\/pl\/specjalne-opakowania-konwertujace\/\" \/>\n<meta property=\"og:site_name\" content=\"Kocher+Beck\" \/>\n<meta property=\"article:modified_time\" content=\"2025-02-27T13:26:08+00:00\" \/>\n<meta name=\"twitter:card\" content=\"summary_large_image\" \/>\n<meta name=\"twitter:label1\" content=\"Szacowany czas czytania\" \/>\n\t<meta name=\"twitter:data1\" content=\"2 minuty\" \/>\n<script type=\"application\/ld+json\" class=\"yoast-schema-graph\">{\"@context\":\"https:\/\/schema.org\",\"@graph\":[{\"@type\":\"WebPage\",\"@id\":\"https:\/\/www.kocher-beck.com\/pl\/specjalne-opakowania-konwertujace\/\",\"url\":\"https:\/\/www.kocher-beck.com\/pl\/specjalne-opakowania-konwertujace\/\",\"name\":\"Przetwarzanie specjalne \/ pakowanie - Kocher+Beck\",\"isPartOf\":{\"@id\":\"https:\/\/www.kocher-beck.com\/pl\/#website\"},\"datePublished\":\"2021-10-19T09:22:02+00:00\",\"dateModified\":\"2025-02-27T13:26:08+00:00\",\"breadcrumb\":{\"@id\":\"https:\/\/www.kocher-beck.com\/pl\/specjalne-opakowania-konwertujace\/#breadcrumb\"},\"inLanguage\":\"pl-PL\",\"potentialAction\":[{\"@type\":\"ReadAction\",\"target\":[\"https:\/\/www.kocher-beck.com\/pl\/specjalne-opakowania-konwertujace\/\"]}]},{\"@type\":\"BreadcrumbList\",\"@id\":\"https:\/\/www.kocher-beck.com\/pl\/specjalne-opakowania-konwertujace\/#breadcrumb\",\"itemListElement\":[{\"@type\":\"ListItem\",\"position\":1,\"name\":\"Home\",\"item\":\"https:\/\/www.kocher-beck.com\/pl\/\"},{\"@type\":\"ListItem\",\"position\":2,\"name\":\"Przetwarzanie specjalne \/ pakowanie\"}]},{\"@type\":\"WebSite\",\"@id\":\"https:\/\/www.kocher-beck.com\/pl\/#website\",\"url\":\"https:\/\/www.kocher-beck.com\/pl\/\",\"name\":\"Kocher+Beck\",\"description\":\"\",\"potentialAction\":[{\"@type\":\"SearchAction\",\"target\":{\"@type\":\"EntryPoint\",\"urlTemplate\":\"https:\/\/www.kocher-beck.com\/pl\/?s={search_term_string}\"},\"query-input\":{\"@type\":\"PropertyValueSpecification\",\"valueRequired\":true,\"valueName\":\"search_term_string\"}}],\"inLanguage\":\"pl-PL\"}]}<\/script>\n<!-- \/ Yoast SEO plugin. -->","yoast_head_json":{"title":"Przetwarzanie specjalne \/ pakowanie - Kocher+Beck","robots":{"index":"index","follow":"follow","max-snippet":"max-snippet:-1","max-image-preview":"max-image-preview:large","max-video-preview":"max-video-preview:-1"},"canonical":"https:\/\/www.kocher-beck.com\/pl\/specjalne-opakowania-konwertujace\/","og_locale":"pl_PL","og_type":"article","og_title":"Przetwarzanie specjalne \/ pakowanie - Kocher+Beck","og_description":"[vc_row bg_position=&#8221;center center&#8221; enable_loading_bg=&#8221;yes&#8221; css=&#8221;.vc_custom_1644495679921{padding-top: 160px !important;padding-bottom: 160px !important;background-image: url(http:\/\/www.kocher-beck.com\/wp-content\/uploads\/2021\/10\/healthcare-hero.jpg?id=654) !important;background-position: 0 0 !important;background-repeat: no-repeat !important;}&#8221; responsive_css=&#8221;padding_right_large:140px|padding_left_large:140px|padding_right_medium:100px|padding_left_medium:100px&#8221;][vc_column enable_content_animation=&#8221;yes&#8221; ca_init_scale_x=&#8221;1&#8243; ca_init_scale_y=&#8221;1&#8243; ca_init_opacity=&#8221;0&#8243; ca_an_scale_x=&#8221;1&#8243; ca_an_scale_y=&#8221;1&#8243; ca_an_opacity=&#8221;1&#8243; offset=&#8221;vc_col-md-6&#8243; ca_duration=&#8221;1800&#8243; ca_delay=&#8221;180&#8243; ca_init_translate_y=&#8221;45&#8243; ca_init_rotate_z=&#8221;0&#8243;][\/vc_column][\/vc_row][vc_row css=&#8221;.vc_custom_1633438304312{padding-top: 60px !important;padding-bottom: 60px !important;background-color: #f1f3f5 !important;}&#8221;][vc_column column_top_ontablet=&#8221;yes&#8221; column_top_onmobile=&#8221;yes&#8221; offset=&#8221;vc_col-md-offset-0 vc_col-md-8&#8243; responsive_css=&#8221;margin_bottom_medium:0px&#8221; css=&#8221;.vc_custom_1634634346793{margin-bottom: 35px !important;}&#8221;][vc_row_inner css=&#8221;.vc_custom_1644408368452{margin-top: 80px !important;}&#8221;][vc_column_inner][\/vc_column_inner][\/vc_row_inner][\/vc_column][vc_column offset=&#8221;vc_col-md-offset-1 vc_col-md-3&#8243;][\/vc_column][\/vc_row][vc_row css=&#8221;.vc_custom_1634286167305{background-color: #f1f3f5 !important;}&#8221;][vc_column offset=&#8221;vc_col-md-12&#8243;][\/vc_column][\/vc_row]","og_url":"https:\/\/www.kocher-beck.com\/pl\/specjalne-opakowania-konwertujace\/","og_site_name":"Kocher+Beck","article_modified_time":"2025-02-27T13:26:08+00:00","twitter_card":"summary_large_image","twitter_misc":{"Szacowany czas czytania":"2 minuty"},"schema":{"@context":"https:\/\/schema.org","@graph":[{"@type":"WebPage","@id":"https:\/\/www.kocher-beck.com\/pl\/specjalne-opakowania-konwertujace\/","url":"https:\/\/www.kocher-beck.com\/pl\/specjalne-opakowania-konwertujace\/","name":"Przetwarzanie specjalne \/ pakowanie - Kocher+Beck","isPartOf":{"@id":"https:\/\/www.kocher-beck.com\/pl\/#website"},"datePublished":"2021-10-19T09:22:02+00:00","dateModified":"2025-02-27T13:26:08+00:00","breadcrumb":{"@id":"https:\/\/www.kocher-beck.com\/pl\/specjalne-opakowania-konwertujace\/#breadcrumb"},"inLanguage":"pl-PL","potentialAction":[{"@type":"ReadAction","target":["https:\/\/www.kocher-beck.com\/pl\/specjalne-opakowania-konwertujace\/"]}]},{"@type":"BreadcrumbList","@id":"https:\/\/www.kocher-beck.com\/pl\/specjalne-opakowania-konwertujace\/#breadcrumb","itemListElement":[{"@type":"ListItem","position":1,"name":"Home","item":"https:\/\/www.kocher-beck.com\/pl\/"},{"@type":"ListItem","position":2,"name":"Przetwarzanie specjalne \/ pakowanie"}]},{"@type":"WebSite","@id":"https:\/\/www.kocher-beck.com\/pl\/#website","url":"https:\/\/www.kocher-beck.com\/pl\/","name":"Kocher+Beck","description":"","potentialAction":[{"@type":"SearchAction","target":{"@type":"EntryPoint","urlTemplate":"https:\/\/www.kocher-beck.com\/pl\/?s={search_term_string}"},"query-input":{"@type":"PropertyValueSpecification","valueRequired":true,"valueName":"search_term_string"}}],"inLanguage":"pl-PL"}]}},"_links":{"self":[{"href":"https:\/\/www.kocher-beck.com\/pl\/wp-json\/wp\/v2\/pages\/12616","targetHints":{"allow":["GET"]}}],"collection":[{"href":"https:\/\/www.kocher-beck.com\/pl\/wp-json\/wp\/v2\/pages"}],"about":[{"href":"https:\/\/www.kocher-beck.com\/pl\/wp-json\/wp\/v2\/types\/page"}],"author":[{"embeddable":true,"href":"https:\/\/www.kocher-beck.com\/pl\/wp-json\/wp\/v2\/users\/1"}],"replies":[{"embeddable":true,"href":"https:\/\/www.kocher-beck.com\/pl\/wp-json\/wp\/v2\/comments?post=12616"}],"version-history":[{"count":5,"href":"https:\/\/www.kocher-beck.com\/pl\/wp-json\/wp\/v2\/pages\/12616\/revisions"}],"predecessor-version":[{"id":13948,"href":"https:\/\/www.kocher-beck.com\/pl\/wp-json\/wp\/v2\/pages\/12616\/revisions\/13948"}],"wp:attachment":[{"href":"https:\/\/www.kocher-beck.com\/pl\/wp-json\/wp\/v2\/media?parent=12616"}],"curies":[{"name":"wp","href":"https:\/\/api.w.org\/{rel}","templated":true}]}}